{"id":21939,"date":"2023-07-11T09:06:38","date_gmt":"2023-07-11T07:06:38","guid":{"rendered":"https:\/\/glitherm.com\/index-a-z\/"},"modified":"2025-11-27T09:04:39","modified_gmt":"2025-11-27T08:04:39","slug":"index-a-z","status":"publish","type":"page","link":"https:\/\/glitherm.com\/de\/index-a-z\/","title":{"rendered":"Index A-Z"},"content":{"rendered":"<h1 style=\"text-align: center;\">Index A-Z<\/h1>\n<style>\n\n<\/style><div id=\"a-z-listing-1\" class=\"az-listing\">\n\t<div class=\"az-letters-wrap\">\n\t\t<div class=\"az-letters\">\n\t\t\t<ul class=\"az-links\"><li class=\"first odd has-posts\"><a href=\"#a-z-listing-letter-A-1\"><span>A<\/span><\/a><\/li><li class=\"even has-posts\"><a href=\"#a-z-listing-letter-B-1\"><span>B<\/span><\/a><\/li><li class=\"odd no-posts\"><span>C<\/span><\/li><li class=\"even has-posts\"><a href=\"#a-z-listing-letter-D-1\"><span>D<\/span><\/a><\/li><li class=\"odd has-posts\"><a href=\"#a-z-listing-letter-E-1\"><span>E<\/span><\/a><\/li><li class=\"even no-posts\"><span>F<\/span><\/li><li class=\"odd has-posts\"><a href=\"#a-z-listing-letter-G-1\"><span>G<\/span><\/a><\/li><li class=\"even no-posts\"><span>H<\/span><\/li><li class=\"odd has-posts\"><a href=\"#a-z-listing-letter-I-1\"><span>I<\/span><\/a><\/li><li class=\"even no-posts\"><span>J<\/span><\/li><li class=\"odd has-posts\"><a href=\"#a-z-listing-letter-K-1\"><span>K<\/span><\/a><\/li><li class=\"even no-posts\"><span>L<\/span><\/li><li class=\"odd has-posts\"><a href=\"#a-z-listing-letter-M-1\"><span>M<\/span><\/a><\/li><li class=\"even has-posts\"><a href=\"#a-z-listing-letter-N-1\"><span>N<\/span><\/a><\/li><li class=\"odd no-posts\"><span>O<\/span><\/li><li class=\"even has-posts\"><a href=\"#a-z-listing-letter-P-1\"><span>P<\/span><\/a><\/li><li class=\"odd no-posts\"><span>Q<\/span><\/li><li class=\"even no-posts\"><span>R<\/span><\/li><li class=\"odd has-posts\"><a href=\"#a-z-listing-letter-S-1\"><span>S<\/span><\/a><\/li><li class=\"even no-posts\"><span>T<\/span><\/li><li class=\"odd no-posts\"><span>U<\/span><\/li><li class=\"even no-posts\"><span>V<\/span><\/li><li class=\"odd has-posts\"><a href=\"#a-z-listing-letter-W-1\"><span>W<\/span><\/a><\/li><li class=\"even no-posts\"><span>X<\/span><\/li><li class=\"odd no-posts\"><span>Y<\/span><\/li><li class=\"last even no-posts\"><span>Z<\/span><\/li><\/ul>\t\t<\/div>\n\t<\/div>\n\t\t<div class=\"items-outer\">\n\t\t<div class=\"items-inner\">\n\t\t\t\t\t\t\t\t\t\t\t\t\t\t\t\t\t<div class=\"letter-section\" id=\"a-z-listing-letter-A-1\">\n\t\t\t\t\t\t<h2 class=\"letter-title\">\n\t\t\t\t\t\t\t<span>\n\t\t\t\t\t\t\t\tA\t\t\t\t\t\t\t<\/span>\n\t\t\t\t\t\t<\/h2>\n\t\t\t\t\t\t\t\t\t\t\t\t<ul class=\"az-columns max-1-columns\">\n\t\t\t\t\t\t\t\t\t\t\t\t\t\t\t<li>\n\t\t\t\t\t\t\t\t\t<a href=\"https:\/\/glitherm.com\/de\/produkt\/ameisensaure-85\/\">\n\t\t\t\t\t\t\t\t\t\tAmeisens\u00e4ure 85 %\t\t\t\t\t\t\t\t\t<\/a>\n\t\t\t\t\t\t\t\t<\/li>\n\t\t\t\t\t\t\t\t\t\t\t\t\t<\/ul>\n\n\t\t\t\t\t\t<div class=\"back-to-top\">\n\t\t\t\t\t\t\t<a href=\"#a-z-listing-1\">\n\t\t\t\t\t\t\t\tPowr\u00f3t do pocz\u0105tku\t\t\t\t\t\t\t<\/a>\n\t\t\t\t\t\t<\/div>\n\t\t\t\t\t<\/div>\n\t\t\t\t\t\t\t\t\t\t\t\t\t\t\t\t\t\t\t<div class=\"letter-section\" id=\"a-z-listing-letter-B-1\">\n\t\t\t\t\t\t<h2 class=\"letter-title\">\n\t\t\t\t\t\t\t<span>\n\t\t\t\t\t\t\t\tB\t\t\t\t\t\t\t<\/span>\n\t\t\t\t\t\t<\/h2>\n\t\t\t\t\t\t\t\t\t\t\t\t<ul class=\"az-columns max-1-columns\">\n\t\t\t\t\t\t\t\t\t\t\t\t\t\t\t<li>\n\t\t\t\t\t\t\t\t\t<a href=\"https:\/\/glitherm.com\/de\/produkt\/glicar-bremsenreiniger\/\">\n\t\t\t\t\t\t\t\t\t\tBremsenreiniger GLICAR\t\t\t\t\t\t\t\t\t<\/a>\n\t\t\t\t\t\t\t\t<\/li>\n\t\t\t\t\t\t\t\t\t\t\t\t\t\t\t<li>\n\t\t\t\t\t\t\t\t\t<a href=\"https:\/\/glitherm.com\/de\/produkt\/bremsflussigkeit-glicar-dot-4\/\">\n\t\t\t\t\t\t\t\t\t\tBremsfl\u00fcssigkeit GLICAR DOT 4\t\t\t\t\t\t\t\t\t<\/a>\n\t\t\t\t\t\t\t\t<\/li>\n\t\t\t\t\t\t\t\t\t\t\t\t\t\t\t<li>\n\t\t\t\t\t\t\t\t\t<a href=\"https:\/\/glitherm.com\/de\/produkt\/bremsflussigkeit-glicar-dot-5-1\/\">\n\t\t\t\t\t\t\t\t\t\tBremsfl\u00fcssigkeit GLICAR DOT 5.1\t\t\t\t\t\t\t\t\t<\/a>\n\t\t\t\t\t\t\t\t<\/li>\n\t\t\t\t\t\t\t\t\t\t\t\t\t<\/ul>\n\n\t\t\t\t\t\t<div class=\"back-to-top\">\n\t\t\t\t\t\t\t<a href=\"#a-z-listing-1\">\n\t\t\t\t\t\t\t\tPowr\u00f3t do pocz\u0105tku\t\t\t\t\t\t\t<\/a>\n\t\t\t\t\t\t<\/div>\n\t\t\t\t\t<\/div>\n\t\t\t\t\t\t\t\t\t\t\t\t\t\t\t\t\t\t\t\t\t\t\t<div class=\"letter-section\" id=\"a-z-listing-letter-D-1\">\n\t\t\t\t\t\t<h2 class=\"letter-title\">\n\t\t\t\t\t\t\t<span>\n\t\t\t\t\t\t\t\tD\t\t\t\t\t\t\t<\/span>\n\t\t\t\t\t\t<\/h2>\n\t\t\t\t\t\t\t\t\t\t\t\t<ul class=\"az-columns max-1-columns\">\n\t\t\t\t\t\t\t\t\t\t\t\t\t\t\t<li>\n\t\t\t\t\t\t\t\t\t<a href=\"https:\/\/glitherm.com\/de\/produkt\/demineralisiertes-wasser-glicar\/\">\n\t\t\t\t\t\t\t\t\t\tDemineralisiertes Wasser GLICAR\t\t\t\t\t\t\t\t\t<\/a>\n\t\t\t\t\t\t\t\t<\/li>\n\t\t\t\t\t\t\t\t\t\t\t\t\t\t\t<li>\n\t\t\t\t\t\t\t\t\t<a href=\"https:\/\/glitherm.com\/de\/produkt\/demineralisiertes-wasser-glitherm\/\">\n\t\t\t\t\t\t\t\t\t\tDemineralisiertes Wasser GLITHERM\t\t\t\t\t\t\t\t\t<\/a>\n\t\t\t\t\t\t\t\t<\/li>\n\t\t\t\t\t\t\t\t\t\t\t\t\t<\/ul>\n\n\t\t\t\t\t\t<div class=\"back-to-top\">\n\t\t\t\t\t\t\t<a href=\"#a-z-listing-1\">\n\t\t\t\t\t\t\t\tPowr\u00f3t do pocz\u0105tku\t\t\t\t\t\t\t<\/a>\n\t\t\t\t\t\t<\/div>\n\t\t\t\t\t<\/div>\n\t\t\t\t\t\t\t\t\t\t\t\t\t\t\t\t\t\t\t<div class=\"letter-section\" id=\"a-z-listing-letter-E-1\">\n\t\t\t\t\t\t<h2 class=\"letter-title\">\n\t\t\t\t\t\t\t<span>\n\t\t\t\t\t\t\t\tE\t\t\t\t\t\t\t<\/span>\n\t\t\t\t\t\t<\/h2>\n\t\t\t\t\t\t\t\t\t\t\t\t<ul class=\"az-columns max-1-columns\">\n\t\t\t\t\t\t\t\t\t\t\t\t\t\t\t<li>\n\t\t\t\t\t\t\t\t\t<a href=\"https:\/\/glitherm.com\/de\/produkt\/eisen-iii-chlorid-in-wassriger-losung\/\">\n\t\t\t\t\t\t\t\t\t\tEisen(III)-chlorid in w\u00e4ssriger L\u00f6sung\t\t\t\t\t\t\t\t\t<\/a>\n\t\t\t\t\t\t\t\t<\/li>\n\t\t\t\t\t\t\t\t\t\t\t\t\t\t\t<li>\n\t\t\t\t\t\t\t\t\t<a href=\"https:\/\/glitherm.com\/de\/produkt\/schweinefleisch-gelatine-180-blute-20-mesh\/\">\n\t\t\t\t\t\t\t\t\t\tEssbare Schweinegelatine 180 Bloom 20 Mesh\t\t\t\t\t\t\t\t\t<\/a>\n\t\t\t\t\t\t\t\t<\/li>\n\t\t\t\t\t\t\t\t\t\t\t\t\t\t\t<li>\n\t\t\t\t\t\t\t\t\t<a href=\"https:\/\/glitherm.com\/de\/produkt\/ethylalkohol-dehydriert-9960-vollstandig-benannt\/\">\n\t\t\t\t\t\t\t\t\t\tEthanol, Ethylalkohol dehydriert zu 99,60 % vollst\u00e4ndig denaturiert\t\t\t\t\t\t\t\t\t<\/a>\n\t\t\t\t\t\t\t\t<\/li>\n\t\t\t\t\t\t\t\t\t\t\t\t\t\t\t<li>\n\t\t\t\t\t\t\t\t\t<a href=\"https:\/\/glitherm.com\/de\/produkt\/ethylenglykol-meg\/\">\n\t\t\t\t\t\t\t\t\t\tEthylenglykol (MEG)\t\t\t\t\t\t\t\t\t<\/a>\n\t\t\t\t\t\t\t\t<\/li>\n\t\t\t\t\t\t\t\t\t\t\t\t\t<\/ul>\n\n\t\t\t\t\t\t<div class=\"back-to-top\">\n\t\t\t\t\t\t\t<a href=\"#a-z-listing-1\">\n\t\t\t\t\t\t\t\tPowr\u00f3t do pocz\u0105tku\t\t\t\t\t\t\t<\/a>\n\t\t\t\t\t\t<\/div>\n\t\t\t\t\t<\/div>\n\t\t\t\t\t\t\t\t\t\t\t\t\t\t\t\t\t\t\t\t\t\t\t<div class=\"letter-section\" id=\"a-z-listing-letter-G-1\">\n\t\t\t\t\t\t<h2 class=\"letter-title\">\n\t\t\t\t\t\t\t<span>\n\t\t\t\t\t\t\t\tG\t\t\t\t\t\t\t<\/span>\n\t\t\t\t\t\t<\/h2>\n\t\t\t\t\t\t\t\t\t\t\t\t<ul class=\"az-columns max-1-columns\">\n\t\t\t\t\t\t\t\t\t\t\t\t\t\t\t<li>\n\t\t\t\t\t\t\t\t\t<a href=\"https:\/\/glitherm.com\/de\/produkt\/warmetragerflussigkeit-frostschutzmittel-glitherm-eco-10c-to-49c\/\">\n\t\t\t\t\t\t\t\t\t\tGLITHERM ECO W\u00e4rmetr\u00e4gerfl\u00fcssigkeit, Frostschutzmittel, gebrauchsfertig\t\t\t\t\t\t\t\t\t<\/a>\n\t\t\t\t\t\t\t\t<\/li>\n\t\t\t\t\t\t\t\t\t\t\t\t\t\t\t<li>\n\t\t\t\t\t\t\t\t\t<a href=\"https:\/\/glitherm.com\/de\/produkt\/pflanzlich-pharmazeutisches-glycerin-995\/\">\n\t\t\t\t\t\t\t\t\t\tGlycerin Pharmazeutisches Gem\u00fcse 99,5 %\t\t\t\t\t\t\t\t\t<\/a>\n\t\t\t\t\t\t\t\t<\/li>\n\t\t\t\t\t\t\t\t\t\t\t\t\t<\/ul>\n\n\t\t\t\t\t\t<div class=\"back-to-top\">\n\t\t\t\t\t\t\t<a href=\"#a-z-listing-1\">\n\t\t\t\t\t\t\t\tPowr\u00f3t do pocz\u0105tku\t\t\t\t\t\t\t<\/a>\n\t\t\t\t\t\t<\/div>\n\t\t\t\t\t<\/div>\n\t\t\t\t\t\t\t\t\t\t\t\t\t\t\t\t\t\t\t\t\t\t\t<div class=\"letter-section\" id=\"a-z-listing-letter-I-1\">\n\t\t\t\t\t\t<h2 class=\"letter-title\">\n\t\t\t\t\t\t\t<span>\n\t\t\t\t\t\t\t\tI\t\t\t\t\t\t\t<\/span>\n\t\t\t\t\t\t<\/h2>\n\t\t\t\t\t\t\t\t\t\t\t\t<ul class=\"az-columns max-1-columns\">\n\t\t\t\t\t\t\t\t\t\t\t\t\t\t\t<li>\n\t\t\t\t\t\t\t\t\t<a href=\"https:\/\/glitherm.com\/de\/produkt\/isopropanol-ipa-technisch-pharmazeutische-qualitat\/\">\n\t\t\t\t\t\t\t\t\t\tIPA-Isopropanol in technischer Qualit\u00e4t\t\t\t\t\t\t\t\t\t<\/a>\n\t\t\t\t\t\t\t\t<\/li>\n\t\t\t\t\t\t\t\t\t\t\t\t\t<\/ul>\n\n\t\t\t\t\t\t<div class=\"back-to-top\">\n\t\t\t\t\t\t\t<a href=\"#a-z-listing-1\">\n\t\t\t\t\t\t\t\tPowr\u00f3t do pocz\u0105tku\t\t\t\t\t\t\t<\/a>\n\t\t\t\t\t\t<\/div>\n\t\t\t\t\t<\/div>\n\t\t\t\t\t\t\t\t\t\t\t\t\t\t\t\t\t\t\t\t\t\t\t<div class=\"letter-section\" id=\"a-z-listing-letter-K-1\">\n\t\t\t\t\t\t<h2 class=\"letter-title\">\n\t\t\t\t\t\t\t<span>\n\t\t\t\t\t\t\t\tK\t\t\t\t\t\t\t<\/span>\n\t\t\t\t\t\t<\/h2>\n\t\t\t\t\t\t\t\t\t\t\t\t<ul class=\"az-columns max-1-columns\">\n\t\t\t\t\t\t\t\t\t\t\t\t\t\t\t<li>\n\t\t\t\t\t\t\t\t\t<a href=\"https:\/\/glitherm.com\/de\/produkt\/kaliumhydroxid-flocken\/\">\n\t\t\t\t\t\t\t\t\t\tKaliumhydroxid \u2013 Flocken\t\t\t\t\t\t\t\t\t<\/a>\n\t\t\t\t\t\t\t\t<\/li>\n\t\t\t\t\t\t\t\t\t\t\t\t\t\t\t<li>\n\t\t\t\t\t\t\t\t\t<a href=\"https:\/\/glitherm.com\/de\/produkt\/kesselwasser-kreislaufwasser-aquacor-gebrauchsfertig\/\">\n\t\t\t\t\t\t\t\t\t\tKesselwasser, Kreislaufwasser AQUACOR+ gebrauchsfertig\t\t\t\t\t\t\t\t\t<\/a>\n\t\t\t\t\t\t\t\t<\/li>\n\t\t\t\t\t\t\t\t\t\t\t\t\t\t\t<li>\n\t\t\t\t\t\t\t\t\t<a href=\"https:\/\/glitherm.com\/de\/produkt\/kuehlerfluessigkeitskonzentrat-glicar-g11\/\">\n\t\t\t\t\t\t\t\t\t\tK\u00fchlerfl\u00fcssigkeitskonzentrat GLICAR G11\t\t\t\t\t\t\t\t\t<\/a>\n\t\t\t\t\t\t\t\t<\/li>\n\t\t\t\t\t\t\t\t\t\t\t\t\t\t\t<li>\n\t\t\t\t\t\t\t\t\t<a href=\"https:\/\/glitherm.com\/de\/produkt\/kuehlerfluessigkeitskonzentrat-glicar-g12\/\">\n\t\t\t\t\t\t\t\t\t\tK\u00fchlerfl\u00fcssigkeitskonzentrat GLICAR G12\t\t\t\t\t\t\t\t\t<\/a>\n\t\t\t\t\t\t\t\t<\/li>\n\t\t\t\t\t\t\t\t\t\t\t\t\t\t\t<li>\n\t\t\t\t\t\t\t\t\t<a href=\"https:\/\/glitherm.com\/de\/produkt\/glicar-g12-evo-kuehlerfluessigkeit-konzentrat\/\">\n\t\t\t\t\t\t\t\t\t\tK\u00fchlerfl\u00fcssigkeitskonzentrat GLICAR G12 EVO\t\t\t\t\t\t\t\t\t<\/a>\n\t\t\t\t\t\t\t\t<\/li>\n\t\t\t\t\t\t\t\t\t\t\t\t\t\t\t<li>\n\t\t\t\t\t\t\t\t\t<a href=\"https:\/\/glitherm.com\/de\/produkt\/glicar-g12-kuehlerfluessigkeit-konzentrat\/\">\n\t\t\t\t\t\t\t\t\t\tK\u00fchlerfl\u00fcssigkeitskonzentrat GLICAR G12+\t\t\t\t\t\t\t\t\t<\/a>\n\t\t\t\t\t\t\t\t<\/li>\n\t\t\t\t\t\t\t\t\t\t\t\t\t\t\t<li>\n\t\t\t\t\t\t\t\t\t<a href=\"https:\/\/glitherm.com\/de\/produkt\/kuhlerflussigkeitskonzentrat-glicar-g13\/\">\n\t\t\t\t\t\t\t\t\t\tK\u00fchlerfl\u00fcssigkeitskonzentrat GLICAR G13\t\t\t\t\t\t\t\t\t<\/a>\n\t\t\t\t\t\t\t\t<\/li>\n\t\t\t\t\t\t\t\t\t\t\t\t\t\t\t<li>\n\t\t\t\t\t\t\t\t\t<a href=\"https:\/\/glitherm.com\/de\/produkt\/glicar-universal-kuehlerfluessigkeit-konzentrat\/\">\n\t\t\t\t\t\t\t\t\t\tK\u00fchlerfl\u00fcssigkeitskonzentrat GLICAR UNIVERSAL\t\t\t\t\t\t\t\t\t<\/a>\n\t\t\t\t\t\t\t\t<\/li>\n\t\t\t\t\t\t\t\t\t\t\t\t\t<\/ul>\n\n\t\t\t\t\t\t<div class=\"back-to-top\">\n\t\t\t\t\t\t\t<a href=\"#a-z-listing-1\">\n\t\t\t\t\t\t\t\tPowr\u00f3t do pocz\u0105tku\t\t\t\t\t\t\t<\/a>\n\t\t\t\t\t\t<\/div>\n\t\t\t\t\t<\/div>\n\t\t\t\t\t\t\t\t\t\t\t\t\t\t\t\t\t\t\t\t\t\t\t<div class=\"letter-section\" id=\"a-z-listing-letter-M-1\">\n\t\t\t\t\t\t<h2 class=\"letter-title\">\n\t\t\t\t\t\t\t<span>\n\t\t\t\t\t\t\t\tM\t\t\t\t\t\t\t<\/span>\n\t\t\t\t\t\t<\/h2>\n\t\t\t\t\t\t\t\t\t\t\t\t<ul class=\"az-columns max-1-columns\">\n\t\t\t\t\t\t\t\t\t\t\t\t\t\t\t<li>\n\t\t\t\t\t\t\t\t\t<a href=\"https:\/\/glitherm.com\/de\/produkt\/methanol-methylalkohol-9985\/\">\n\t\t\t\t\t\t\t\t\t\tMethanol, Methylalkohol 99,85 %\t\t\t\t\t\t\t\t\t<\/a>\n\t\t\t\t\t\t\t\t<\/li>\n\t\t\t\t\t\t\t\t\t\t\t\t\t\t\t<li>\n\t\t\t\t\t\t\t\t\t<a href=\"https:\/\/glitherm.com\/de\/produkt\/monoethanolamin-99\/\">\n\t\t\t\t\t\t\t\t\t\tMonoethanolamin (MEA) 99 %\t\t\t\t\t\t\t\t\t<\/a>\n\t\t\t\t\t\t\t\t<\/li>\n\t\t\t\t\t\t\t\t\t\t\t\t\t<\/ul>\n\n\t\t\t\t\t\t<div class=\"back-to-top\">\n\t\t\t\t\t\t\t<a href=\"#a-z-listing-1\">\n\t\t\t\t\t\t\t\tPowr\u00f3t do pocz\u0105tku\t\t\t\t\t\t\t<\/a>\n\t\t\t\t\t\t<\/div>\n\t\t\t\t\t<\/div>\n\t\t\t\t\t\t\t\t\t\t\t\t\t\t\t\t\t\t\t<div class=\"letter-section\" id=\"a-z-listing-letter-N-1\">\n\t\t\t\t\t\t<h2 class=\"letter-title\">\n\t\t\t\t\t\t\t<span>\n\t\t\t\t\t\t\t\tN\t\t\t\t\t\t\t<\/span>\n\t\t\t\t\t\t<\/h2>\n\t\t\t\t\t\t\t\t\t\t\t\t<ul class=\"az-columns max-1-columns\">\n\t\t\t\t\t\t\t\t\t\t\t\t\t\t\t<li>\n\t\t\t\t\t\t\t\t\t<a href=\"https:\/\/glitherm.com\/de\/produkt\/natriumcitrat-trinatriumcitrat-e331\/\">\n\t\t\t\t\t\t\t\t\t\tNatriumcitrat, Trinatriumcitrat E331\t\t\t\t\t\t\t\t\t<\/a>\n\t\t\t\t\t\t\t\t<\/li>\n\t\t\t\t\t\t\t\t\t\t\t\t\t\t\t<li>\n\t\t\t\t\t\t\t\t\t<a href=\"https:\/\/glitherm.com\/de\/produkt\/natriumcyclamat-e952\/\">\n\t\t\t\t\t\t\t\t\t\tNatriumcyclamat E952\t\t\t\t\t\t\t\t\t<\/a>\n\t\t\t\t\t\t\t\t<\/li>\n\t\t\t\t\t\t\t\t\t\t\t\t\t\t\t<li>\n\t\t\t\t\t\t\t\t\t<a href=\"https:\/\/glitherm.com\/de\/produkt\/glicar-eco-kuehlerfluessigkeit\/\">\n\t\t\t\t\t\t\t\t\t\tNicht gefrierende K\u00fchlerfl\u00fcssigkeit GLICAR ECO\t\t\t\t\t\t\t\t\t<\/a>\n\t\t\t\t\t\t\t\t<\/li>\n\t\t\t\t\t\t\t\t\t\t\t\t\t\t\t<li>\n\t\t\t\t\t\t\t\t\t<a href=\"https:\/\/glitherm.com\/de\/produkt\/nicht-gefrierende-kuehlerfluessigkeit-glicar-g11\/\">\n\t\t\t\t\t\t\t\t\t\tNicht gefrierende K\u00fchlerfl\u00fcssigkeit GLICAR G11\t\t\t\t\t\t\t\t\t<\/a>\n\t\t\t\t\t\t\t\t<\/li>\n\t\t\t\t\t\t\t\t\t\t\t\t\t\t\t<li>\n\t\t\t\t\t\t\t\t\t<a href=\"https:\/\/glitherm.com\/de\/produkt\/nicht-gefrierende-kuehlerfluessigkeit-glicar-g12\/\">\n\t\t\t\t\t\t\t\t\t\tNicht gefrierende K\u00fchlerfl\u00fcssigkeit GLICAR G12\t\t\t\t\t\t\t\t\t<\/a>\n\t\t\t\t\t\t\t\t<\/li>\n\t\t\t\t\t\t\t\t\t\t\t\t\t\t\t<li>\n\t\t\t\t\t\t\t\t\t<a href=\"https:\/\/glitherm.com\/de\/produkt\/glicar-g12-evo-kuehlerfluessigkeit\/\">\n\t\t\t\t\t\t\t\t\t\tNicht gefrierende K\u00fchlerfl\u00fcssigkeit Glicar G12 EVO\t\t\t\t\t\t\t\t\t<\/a>\n\t\t\t\t\t\t\t\t<\/li>\n\t\t\t\t\t\t\t\t\t\t\t\t\t\t\t<li>\n\t\t\t\t\t\t\t\t\t<a href=\"https:\/\/glitherm.com\/de\/produkt\/glicar-g12-kuehlerfluessigkeit\/\">\n\t\t\t\t\t\t\t\t\t\tNicht gefrierende K\u00fchlerfl\u00fcssigkeit GLICAR G12+\t\t\t\t\t\t\t\t\t<\/a>\n\t\t\t\t\t\t\t\t<\/li>\n\t\t\t\t\t\t\t\t\t\t\t\t\t\t\t<li>\n\t\t\t\t\t\t\t\t\t<a href=\"https:\/\/glitherm.com\/de\/produkt\/kuhlerflussigkeit-glykar-g13\/\">\n\t\t\t\t\t\t\t\t\t\tNicht gefrierende K\u00fchlerfl\u00fcssigkeit GLICAR G13\t\t\t\t\t\t\t\t\t<\/a>\n\t\t\t\t\t\t\t\t<\/li>\n\t\t\t\t\t\t\t\t\t\t\t\t\t\t\t<li>\n\t\t\t\t\t\t\t\t\t<a href=\"https:\/\/glitherm.com\/de\/produkt\/glicar-universal-kuehlerfluessigkeit\/\">\n\t\t\t\t\t\t\t\t\t\tNicht gefrierende K\u00fchlerfl\u00fcssigkeit GLICAR UNIVERSAL\t\t\t\t\t\t\t\t\t<\/a>\n\t\t\t\t\t\t\t\t<\/li>\n\t\t\t\t\t\t\t\t\t\t\t\t\t<\/ul>\n\n\t\t\t\t\t\t<div class=\"back-to-top\">\n\t\t\t\t\t\t\t<a href=\"#a-z-listing-1\">\n\t\t\t\t\t\t\t\tPowr\u00f3t do pocz\u0105tku\t\t\t\t\t\t\t<\/a>\n\t\t\t\t\t\t<\/div>\n\t\t\t\t\t<\/div>\n\t\t\t\t\t\t\t\t\t\t\t\t\t\t\t\t\t\t\t\t\t\t\t<div class=\"letter-section\" id=\"a-z-listing-letter-P-1\">\n\t\t\t\t\t\t<h2 class=\"letter-title\">\n\t\t\t\t\t\t\t<span>\n\t\t\t\t\t\t\t\tP\t\t\t\t\t\t\t<\/span>\n\t\t\t\t\t\t<\/h2>\n\t\t\t\t\t\t\t\t\t\t\t\t<ul class=\"az-columns max-1-columns\">\n\t\t\t\t\t\t\t\t\t\t\t\t\t\t\t<li>\n\t\t\t\t\t\t\t\t\t<a href=\"https:\/\/glitherm.com\/de\/produkt\/polyaluminiumchlorid-in-wasser-losung\/\">\n\t\t\t\t\t\t\t\t\t\tPolyaluminiumchlorid in w\u00e4ssriger L\u00f6sung\t\t\t\t\t\t\t\t\t<\/a>\n\t\t\t\t\t\t\t\t<\/li>\n\t\t\t\t\t\t\t\t\t\t\t\t\t\t\t<li>\n\t\t\t\t\t\t\t\t\t<a href=\"https:\/\/glitherm.com\/de\/produkt\/polyethylenglykol-4000-peg-4000\/\">\n\t\t\t\t\t\t\t\t\t\tPolyethylenglykol 4000 (PEG 4000)\t\t\t\t\t\t\t\t\t<\/a>\n\t\t\t\t\t\t\t\t<\/li>\n\t\t\t\t\t\t\t\t\t\t\t\t\t\t\t<li>\n\t\t\t\t\t\t\t\t\t<a href=\"https:\/\/glitherm.com\/de\/produkt\/propylenglykol-mpg\/\">\n\t\t\t\t\t\t\t\t\t\tPropylenglykol (MPG)\t\t\t\t\t\t\t\t\t<\/a>\n\t\t\t\t\t\t\t\t<\/li>\n\t\t\t\t\t\t\t\t\t\t\t\t\t<\/ul>\n\n\t\t\t\t\t\t<div class=\"back-to-top\">\n\t\t\t\t\t\t\t<a href=\"#a-z-listing-1\">\n\t\t\t\t\t\t\t\tPowr\u00f3t do pocz\u0105tku\t\t\t\t\t\t\t<\/a>\n\t\t\t\t\t\t<\/div>\n\t\t\t\t\t<\/div>\n\t\t\t\t\t\t\t\t\t\t\t\t\t\t\t\t\t\t\t\t\t\t\t\t\t\t\t<div class=\"letter-section\" id=\"a-z-listing-letter-S-1\">\n\t\t\t\t\t\t<h2 class=\"letter-title\">\n\t\t\t\t\t\t\t<span>\n\t\t\t\t\t\t\t\tS\t\t\t\t\t\t\t<\/span>\n\t\t\t\t\t\t<\/h2>\n\t\t\t\t\t\t\t\t\t\t\t\t<ul class=\"az-columns max-1-columns\">\n\t\t\t\t\t\t\t\t\t\t\t\t\t\t\t<li>\n\t\t\t\t\t\t\t\t\t<a href=\"https:\/\/glitherm.com\/de\/produkt\/schwefelsaure-konzentriert-92-986\/\">\n\t\t\t\t\t\t\t\t\t\tSchwefels\u00e4ure 92-98,6 % (konzentrierte)\t\t\t\t\t\t\t\t\t<\/a>\n\t\t\t\t\t\t\t\t<\/li>\n\t\t\t\t\t\t\t\t\t\t\t\t\t\t\t<li>\n\t\t\t\t\t\t\t\t\t<a href=\"https:\/\/glitherm.com\/de\/produkt\/sles-27\/\">\n\t\t\t\t\t\t\t\t\t\tSLES 27\t\t\t\t\t\t\t\t\t<\/a>\n\t\t\t\t\t\t\t\t<\/li>\n\t\t\t\t\t\t\t\t\t\t\t\t\t\t\t<li>\n\t\t\t\t\t\t\t\t\t<a href=\"https:\/\/glitherm.com\/de\/produkt\/sles-70\/\">\n\t\t\t\t\t\t\t\t\t\tSLES 70\t\t\t\t\t\t\t\t\t<\/a>\n\t\t\t\t\t\t\t\t<\/li>\n\t\t\t\t\t\t\t\t\t\t\t\t\t\t\t<li>\n\t\t\t\t\t\t\t\t\t<a href=\"https:\/\/glitherm.com\/de\/produkt\/sommer-scheibenwaschfluessigkeit-glicar\/\">\n\t\t\t\t\t\t\t\t\t\tSommer-Scheibenwaschfl\u00fcssigkeit GLICAR\t\t\t\t\t\t\t\t\t<\/a>\n\t\t\t\t\t\t\t\t<\/li>\n\t\t\t\t\t\t\t\t\t\t\t\t\t<\/ul>\n\n\t\t\t\t\t\t<div class=\"back-to-top\">\n\t\t\t\t\t\t\t<a href=\"#a-z-listing-1\">\n\t\t\t\t\t\t\t\tPowr\u00f3t do pocz\u0105tku\t\t\t\t\t\t\t<\/a>\n\t\t\t\t\t\t<\/div>\n\t\t\t\t\t<\/div>\n\t\t\t\t\t\t\t\t\t\t\t\t\t\t\t\t\t\t\t\t\t\t\t\t\t\t\t\t\t\t\t<div class=\"letter-section\" id=\"a-z-listing-letter-W-1\">\n\t\t\t\t\t\t<h2 class=\"letter-title\">\n\t\t\t\t\t\t\t<span>\n\t\t\t\t\t\t\t\tW\t\t\t\t\t\t\t<\/span>\n\t\t\t\t\t\t<\/h2>\n\t\t\t\t\t\t\t\t\t\t\t\t<ul class=\"az-columns max-1-columns\">\n\t\t\t\t\t\t\t\t\t\t\t\t\t\t\t<li>\n\t\t\t\t\t\t\t\t\t<a href=\"https:\/\/glitherm.com\/de\/produkt\/warmeubertragungsflussigkeit-frostschutzmittel-glitherm-et-10c-bis-50c-gebrauchsfertig\/\">\n\t\t\t\t\t\t\t\t\t\tW\u00e4rme\u00fcbertragungsfl\u00fcssigkeit gebrauchsfertig GLITHERM ET\t\t\t\t\t\t\t\t\t<\/a>\n\t\t\t\t\t\t\t\t<\/li>\n\t\t\t\t\t\t\t\t\t\t\t\t\t\t\t<li>\n\t\t\t\t\t\t\t\t\t<a href=\"https:\/\/glitherm.com\/de\/produkt\/waermeuebertragungsfluessigkeit-glitherm-eko-konzentrat\/\">\n\t\t\t\t\t\t\t\t\t\tW\u00e4rme\u00fcbertragungsfl\u00fcssigkeit GLITHERM EKO KONZENTRAT\t\t\t\t\t\t\t\t\t<\/a>\n\t\t\t\t\t\t\t\t<\/li>\n\t\t\t\t\t\t\t\t\t\t\t\t\t\t\t<li>\n\t\t\t\t\t\t\t\t\t<a href=\"https:\/\/glitherm.com\/de\/produkt\/waermeuebertragungsfluessigkeit-glitherm-et-konzentrat\/\">\n\t\t\t\t\t\t\t\t\t\tW\u00e4rme\u00fcbertragungsfl\u00fcssigkeit GLITHERM ET KONZENTRAT\t\t\t\t\t\t\t\t\t<\/a>\n\t\t\t\t\t\t\t\t<\/li>\n\t\t\t\t\t\t\t\t\t\t\t\t\t\t\t<li>\n\t\t\t\t\t\t\t\t\t<a href=\"https:\/\/glitherm.com\/de\/produkt\/winterscheibenspuelfluessigkeit-glicar\/\">\n\t\t\t\t\t\t\t\t\t\tWinterscheibensp\u00fclfl\u00fcssigkeit GLICAR\t\t\t\t\t\t\t\t\t<\/a>\n\t\t\t\t\t\t\t\t<\/li>\n\t\t\t\t\t\t\t\t\t\t\t\t\t\t\t<li>\n\t\t\t\t\t\t\t\t\t<a href=\"https:\/\/glitherm.com\/de\/produkt\/winter-scheibenwaschfluessigkeit-glicar-et\/\">\n\t\t\t\t\t\t\t\t\t\tWinter-Scheibenwaschfl\u00fcssigkeit GLICAR ET\t\t\t\t\t\t\t\t\t<\/a>\n\t\t\t\t\t\t\t\t<\/li>\n\t\t\t\t\t\t\t\t\t\t\t\t\t<\/ul>\n\n\t\t\t\t\t\t<div class=\"back-to-top\">\n\t\t\t\t\t\t\t<a href=\"#a-z-listing-1\">\n\t\t\t\t\t\t\t\tPowr\u00f3t do pocz\u0105tku\t\t\t\t\t\t\t<\/a>\n\t\t\t\t\t\t<\/div>\n\t\t\t\t\t<\/div>\n\t\t\t\t\t\t\t\t\t\t\t\t\t\t\t\t\t\t\t<\/div>\n\t<\/div>\n\t<\/div>\n\n","protected":false},"excerpt":{"rendered":"","protected":false},"author":4,"featured_media":0,"parent":0,"menu_order":0,"comment_status":"closed","ping_status":"closed","template":"","meta":{"footnotes":""},"folder":[],"class_list":["post-21939","page","type-page","status-publish","hentry"],"acf":[],"_links":{"self":[{"href":"https:\/\/glitherm.com\/de\/wp-json\/wp\/v2\/pages\/21939","targetHints":{"allow":["GET"]}}],"collection":[{"href":"https:\/\/glitherm.com\/de\/wp-json\/wp\/v2\/pages"}],"about":[{"href":"https:\/\/glitherm.com\/de\/wp-json\/wp\/v2\/types\/page"}],"author":[{"embeddable":true,"href":"https:\/\/glitherm.com\/de\/wp-json\/wp\/v2\/users\/4"}],"replies":[{"embeddable":true,"href":"https:\/\/glitherm.com\/de\/wp-json\/wp\/v2\/comments?post=21939"}],"version-history":[{"count":1,"href":"https:\/\/glitherm.com\/de\/wp-json\/wp\/v2\/pages\/21939\/revisions"}],"predecessor-version":[{"id":21940,"href":"https:\/\/glitherm.com\/de\/wp-json\/wp\/v2\/pages\/21939\/revisions\/21940"}],"wp:attachment":[{"href":"https:\/\/glitherm.com\/de\/wp-json\/wp\/v2\/media?parent=21939"}],"wp:term":[{"taxonomy":"folder","embeddable":true,"href":"https:\/\/glitherm.com\/de\/wp-json\/wp\/v2\/folder?post=21939"}],"curies":[{"name":"wp","href":"https:\/\/api.w.org\/{rel}","templated":true}]}}