{"id":21949,"date":"2013-08-11T19:22:53","date_gmt":"2013-08-11T17:22:53","guid":{"rendered":"https:\/\/glitherm.com\/contact\/"},"modified":"2025-12-15T08:50:31","modified_gmt":"2025-12-15T07:50:31","slug":"contact","status":"publish","type":"page","link":"https:\/\/glitherm.com\/de\/contact\/","title":{"rendered":"Kontakt"},"content":{"rendered":"\n\t<script type=\"text\/javascript\">\n  jQuery( document ).ready(function() {\n    function initialize() {\n        var styles = {\n            'flatsome':  [{\n            \"featureType\": \"administrative\",\n            \"stylers\": [\n              { \"visibility\": \"on\" }\n            ]\n          },\n          {\n            \"featureType\": \"road\",\n            \"stylers\": [\n              { \"visibility\": \"on\" },\n              { \"hue\": \"\" }\n            ]\n          },\n          {\n            \"stylers\": [\n\t\t\t  { \"visibility\": \"on\" },\n\t\t\t  { \"hue\": \"\" },\n\t\t\t  { \"saturation\": -30 }\n            ]\n          }\n        ]};\n\n        var myLatlng = new google.maps.LatLng(49.935505, 18.569946);\n        var myOptions = {\n            zoom: 15,\n            center: myLatlng,\n            mapTypeId: google.maps.MapTypeId.ROADMAP,\n            disableDefaultUI: true,\n            mapTypeId: 'flatsome',\n            draggable: true,\n            zoomControl: false,\n            zoomControlOptions: {\n              position: google.maps.ControlPosition.TOP_LEFT\n            },\n      \t\t\tmapTypeControl: false,\n            mapTypeControlOptions: {\n              position: google.maps.ControlPosition.TOP_LEFT\n            },\n      \t\t\tstreetViewControl: false,\n            streetViewControlOptions: {\n              position: google.maps.ControlPosition.TOP_LEFT\n            },\n            scrollwheel: false,\n            disableDoubleClickZoom: true\n        }\n        var map = new google.maps.Map(document.getElementById(\"map-3304744151-inner\"), myOptions);\n        var styledMapType = new google.maps.StyledMapType(styles['flatsome'], {name: 'flatsome'});\n        map.mapTypes.set('flatsome', styledMapType);\n\n        var marker = new google.maps.Marker({\n            position: myLatlng,\n            map: map,\n            title:\"\"\n        });\n    }\n\n    \/\/ Required to proceed\n    if (!(typeof google === 'object' && typeof google.maps === 'object')) {\n      return\n    }\n\n    initialize()\n    google.maps.event.addDomListener(window, 'resize', initialize);\n    });\n    <\/script>\n\n    <div class=\"google-map relative mb\" id=\"map-3304744151\">\n        <div class=\"map-height\" id=\"map-3304744151-inner\"><\/div>\n        <div id=\"map_overlay_top\"><\/div>\n        <div id=\"map_overlay_bottom\"><\/div>\n         \n       \n<style>\n#map-3304744151 .map-inner {\n  background-color: #fff;\n  max-width: 30%;\n}\n#map-3304744151 .map-height {\n  height: 400px;\n}\n<\/style>\n    <\/div>\n\n\t\n<div class=\"row\"  id=\"row-1442510584\">\n\n\t<div id=\"col-1288787699\" class=\"col medium-4 small-12 large-4\"  >\n\t\t\t\t<div class=\"col-inner\"  >\n\t\t\t\n\t\t\t\n\n\t\t<div class=\"icon-box featured-box icon-box-center text-center\"  >\n\t\t\t\t\t<div class=\"icon-box-img\" style=\"width: 60px\">\n\t\t\t\t<div class=\"icon\">\n\t\t\t\t\t<div class=\"icon-inner\" style=\"color:rgb(0, 0, 0);\">\n\t\t\t\t\t\t<?xml version=\"1.0\" encoding=\"UTF-8\"?>\n<svg id=\"Warstwa_2\" data-name=\"Warstwa 2\" xmlns=\"http:\/\/www.w3.org\/2000\/svg\" width=\"39.96\" height=\"39.96\" viewBox=\"0 0 39.96 39.96\">\n  <defs>\n    <style>\n      .cls-1 {\n        fill: #000;\n        stroke-width: 0px;\n      }\n    <\/style>\n  <\/defs>\n  <g id=\"Warstwa_1-2\" data-name=\"Warstwa 1\">\n    <g>\n      <path class=\"cls-1\" d=\"M34.76,12.94h-2.2v-7.74c0-2.86-2.33-5.2-5.2-5.2h-14.79c-2.86,0-5.2,2.33-5.2,5.2v13.28h-2.2c-2.87,0-5.2,2.33-5.2,5.2v11.09c0,2.87,2.33,5.2,5.2,5.2h29.57c2.87,0,5.2-2.33,5.2-5.2v-16.63c0-2.87-2.33-5.2-5.2-5.2ZM3,34.76v-11.09c0-1.21.99-2.2,2.2-2.2h2.2v15.48h-2.2c-1.21,0-2.2-.99-2.2-2.2ZM10.39,5.2c0-1.21.98-2.2,2.2-2.2h14.79c1.21,0,2.2.98,2.2,2.2v31.77H10.39V5.2ZM36.96,34.76c0,1.21-.99,2.2-2.2,2.2h-2.2V15.94h2.2c1.21,0,2.2.99,2.2,2.2v16.63Z\"\/>\n      <path class=\"cls-1\" d=\"M23.68,7.39h-7.39c-.83,0-1.5.67-1.5,1.5s.67,1.5,1.5,1.5h7.39c.83,0,1.5-.67,1.5-1.5s-.67-1.5-1.5-1.5Z\"\/>\n      <path class=\"cls-1\" d=\"M23.68,14.78h-7.39c-.83,0-1.5.67-1.5,1.5s.67,1.5,1.5,1.5h7.39c.83,0,1.5-.67,1.5-1.5s-.67-1.5-1.5-1.5Z\"\/>\n      <path class=\"cls-1\" d=\"M23.68,22.18h-7.39c-.83,0-1.5.67-1.5,1.5s.67,1.5,1.5,1.5h7.39c.83,0,1.5-.67,1.5-1.5s-.67-1.5-1.5-1.5Z\"\/>\n      <path class=\"cls-1\" d=\"M23.68,29.57h-7.39c-.83,0-1.5.67-1.5,1.5s.67,1.5,1.5,1.5h7.39c.83,0,1.5-.67,1.5-1.5s-.67-1.5-1.5-1.5Z\"\/>\n    <\/g>\n  <\/g>\n<\/svg>\t\t\t\t\t<\/div>\n\t\t\t\t<\/div>\n\t\t\t<\/div>\n\t\t\t\t<div class=\"icon-box-text last-reset\">\n\t\t\t<h5 class=\"uppercase\">GLI-THERM Sp. z o.o.<\/h5>\t\t\t\t\t\t\n\t<div id=\"text-1528233973\" class=\"text\">\n\t\t\n<p>KRS: 0000409483<br \/>NIP\/VAT EU: PL6423178990<\/p>\n\t\t\n<style>\n#text-1528233973 {\n  color: rgb(0,0,0);\n}\n#text-1528233973 > * {\n  color: rgb(0,0,0);\n}\n<\/style>\n\t<\/div>\n\t\n\t\t<\/div>\n\t<\/div>\n\t\n\t\n\t\t<\/div>\n\t\t\t\t\t<\/div>\n\n\t\n\n\t<div id=\"col-137776091\" class=\"col medium-4 small-12 large-4\"  >\n\t\t\t\t<div class=\"col-inner\"  >\n\t\t\t\n\t\t\t\n\n\t\t<div class=\"icon-box featured-box icon-box-center text-center\"  >\n\t\t\t\t\t<div class=\"icon-box-img\" style=\"width: 49px\">\n\t\t\t\t<div class=\"icon\">\n\t\t\t\t\t<div class=\"icon-inner\" style=\"color:rgb(0, 0, 0);\">\n\t\t\t\t\t\t<?xml version=\"1.0\" encoding=\"UTF-8\"?>\n<svg id=\"Warstwa_2\" data-name=\"Warstwa 2\" xmlns=\"http:\/\/www.w3.org\/2000\/svg\" width=\"32.53\" height=\"39.91\" viewBox=\"0 0 32.53 39.91\">\n  <defs>\n    <style>\n      .cls-1 {\n        fill: #000;\n        stroke-width: 0px;\n      }\n    <\/style>\n  <\/defs>\n  <g id=\"Warstwa_1-2\" data-name=\"Warstwa 1\">\n    <path class=\"cls-1\" d=\"M16.26,39.91c-.32,0-.63-.1-.9-.3-.63-.47-15.36-11.66-15.36-23.35C0,7.3,7.3,0,16.26,0s16.26,7.3,16.26,16.26c0,11.69-14.74,22.88-15.36,23.35-.27.2-.58.3-.9.3ZM16.26,3c-7.31,0-13.26,5.95-13.26,13.26,0,8.66,10.14,17.67,13.26,20.23,3.12-2.56,13.26-11.56,13.26-20.23,0-7.31-5.95-13.26-13.26-13.26Z\"\/>\n    <path class=\"cls-1\" d=\"M16.26,23.3c-3.88,0-7.04-3.16-7.04-7.04s3.16-7.04,7.04-7.04,7.04,3.16,7.04,7.04-3.16,7.04-7.04,7.04ZM16.26,12.23c-2.23,0-4.04,1.81-4.04,4.04s1.81,4.04,4.04,4.04,4.04-1.81,4.04-4.04-1.81-4.04-4.04-4.04Z\"\/>\n  <\/g>\n<\/svg>\t\t\t\t\t<\/div>\n\t\t\t\t<\/div>\n\t\t\t<\/div>\n\t\t\t\t<div class=\"icon-box-text last-reset\">\n\t\t\t<h5 class=\"uppercase\">Standort<\/h5>\t\t\t\t\t\t\n\t<div id=\"text-978506168\" class=\"text\">\n\t\t\n<p>11 Rozwojowa Street,<br \/>44-338 Jastrz\u0119bie-Zdr\u00f3j<br \/>Poland <\/p>\n\t\t\n<style>\n#text-978506168 {\n  color: rgb(0,0,0);\n}\n#text-978506168 > * {\n  color: rgb(0,0,0);\n}\n<\/style>\n\t<\/div>\n\t\n\t\t<\/div>\n\t<\/div>\n\t\n\t\n\t\t<\/div>\n\t\t\t\t\t<\/div>\n\n\t\n\n\t<div id=\"col-925875046\" class=\"col medium-4 small-12 large-4\"  >\n\t\t\t\t<div class=\"col-inner\"  >\n\t\t\t\n\t\t\t\n\n\t\t<div class=\"icon-box featured-box icon-box-center text-center\"  >\n\t\t\t\t\t<div class=\"icon-box-img\" style=\"width: 60px\">\n\t\t\t\t<div class=\"icon\">\n\t\t\t\t\t<div class=\"icon-inner\" style=\"color:rgb(0, 0, 0);\">\n\t\t\t\t\t\t<?xml version=\"1.0\" encoding=\"UTF-8\"?>\n<svg id=\"Warstwa_2\" data-name=\"Warstwa 2\" xmlns=\"http:\/\/www.w3.org\/2000\/svg\" width=\"39.99\" height=\"40\" viewBox=\"0 0 39.99 40\">\n  <defs>\n    <style>\n      .cls-1 {\n        fill: #000;\n        stroke-width: 0px;\n      }\n    <\/style>\n  <\/defs>\n  <g id=\"Warstwa_1-2\" data-name=\"Warstwa 1\">\n    <path class=\"cls-1\" d=\"M34.71,40c-.16,0-.31,0-.47-.02-5.95-.65-11.71-2.7-16.71-5.94-4.63-2.94-8.64-6.95-11.59-11.59C2.71,17.44.65,11.65.02,5.71c-.13-1.41.29-2.76,1.19-3.83C2.1.8,3.36.15,4.74.02c.15-.01.31-.02.47-.02h5.57s.03,0,.05,0c2.57,0,4.79,1.92,5.15,4.48.22,1.68.63,3.33,1.22,4.9.71,1.9.25,4.05-1.17,5.5l-1.54,1.54c2.28,3.65,5.36,6.74,9.02,9.02l1.53-1.53c1.45-1.43,3.61-1.89,5.51-1.18,1.57.59,3.22,1,4.89,1.22,2.63.37,4.55,2.64,4.5,5.27v5.55c0,1.39-.53,2.7-1.51,3.69-.98.99-2.29,1.54-3.68,1.54h-.02ZM10.82,3h-5.61c-.06,0-.13,0-.19,0-.59.05-1.13.33-1.51.79-.38.45-.56,1.03-.5,1.62.58,5.45,2.47,10.79,5.47,15.42,2.72,4.28,6.41,7.97,10.68,10.69,4.61,2.99,9.93,4.88,15.38,5.47.04,0,.11.01.18,0,.59,0,1.14-.23,1.56-.65.42-.42.64-.98.64-1.57v-5.61c.03-1.12-.79-2.09-1.9-2.25-1.88-.25-3.74-.71-5.53-1.38-.81-.3-1.73-.11-2.34.5l-2.35,2.35c-.48.48-1.22.58-1.8.24-4.88-2.78-8.93-6.82-11.7-11.7-.33-.59-.23-1.32.24-1.8l2.36-2.36c.6-.61.8-1.52.49-2.33-.67-1.79-1.13-3.66-1.38-5.55-.15-1.07-1.09-1.89-2.19-1.89Z\"\/>\n    <path class=\"cls-1\" d=\"M37.26.02h-13.85c-1.51,0-2.73,1.23-2.73,2.73v10.38c0,1.51,1.23,2.73,2.73,2.73h13.85c1.51,0,2.73-1.23,2.73-2.73V2.76c0-1.51-1.23-2.73-2.73-2.73ZM23.42,2.03h13.85c.4,0,.73.33.73.73v.32l-7.29,4.63c-.22.14-.5.14-.72,0l-7.3-4.64v-.32c0-.4.33-.73.73-.73ZM37.26,13.87h-13.85c-.4,0-.73-.33-.73-.73v-7.7l6.23,3.96c.43.27.93.41,1.42.41s.99-.14,1.43-.41l6.22-3.96v7.7c0,.4-.33.73-.73.73Z\"\/>\n  <\/g>\n<\/svg>\t\t\t\t\t<\/div>\n\t\t\t\t<\/div>\n\t\t\t<\/div>\n\t\t\t\t<div class=\"icon-box-text last-reset\">\n\t\t\t<h5 class=\"uppercase\">Kontaktdaten<\/h5>\t\t\t\t\t\t\n\t<div id=\"text-3694855007\" class=\"text\">\n\t\t\n<p><a href=\"tel:+48%20533%20798%20833\">+48 533 798 833<\/a><br \/><a href=\"mailto:info@glitherm.com\">info@glitherm.com<\/a><\/p>\n\t\t\n<style>\n#text-3694855007 {\n  color: rgb(0,0,0);\n}\n#text-3694855007 > * {\n  color: rgb(0,0,0);\n}\n<\/style>\n\t<\/div>\n\t\n\t\t<\/div>\n\t<\/div>\n\t\n\t\n\t\t<\/div>\n\t\t\t\t\t<\/div>\n\n\t\n<\/div>\n<div class=\"row\"  id=\"row-455841568\">\n\n\t<div id=\"col-1457825839\" class=\"col medium-6 large-6\"  >\n\t\t\t\t<div class=\"col-inner\"  >\n\t\t\t\n\t\t\t\n<div class=\"container section-title-container kontakt-dzial\" ><h3 class=\"section-title section-title-normal\"><b><\/b><span class=\"section-title-main\" style=\"color:rgb(0, 0, 0);\">Bereiche<\/span><b><\/b><\/h3><\/div>\n\t<div id=\"text-3014328230\" class=\"text\">\n\t\t\n<p><strong>Abteilung f\u00fcr Automobilchemikalien<\/strong><br \/><a href=\"tel:+48%20537%20223%20555\">+48 537 223 555<\/a><br \/><a href=\"mailto:dcm@glitherm.com\">dcm@glitherm.com<\/a><\/p>\n\t\t\n<style>\n#text-3014328230 {\n  color: rgb(0,0,0);\n}\n#text-3014328230 > * {\n  color: rgb(0,0,0);\n}\n<\/style>\n\t<\/div>\n\t\n<div class=\"is-divider divider clearfix\" style=\"max-width:300px;height:1px;\"><\/div>\n\t<div id=\"text-3938877144\" class=\"text\">\n\t\t\n<p><strong>Abteilung f\u00fcr Industriechemikalien<\/strong><br \/><a href=\"tel:+48%20510%20709%20510\">+48 510 709 510<\/a><br \/><a href=\"mailto:dcp@glitherm.com\">dcp@glitherm.com<\/a><\/p>\n\t\t\n<style>\n#text-3938877144 {\n  color: rgb(0,0,0);\n}\n#text-3938877144 > * {\n  color: rgb(0,0,0);\n}\n<\/style>\n\t<\/div>\n\t\n<div class=\"is-divider divider clearfix\" style=\"max-width:300px;height:1px;\"><\/div>\n\t<div id=\"text-806114131\" class=\"text\">\n\t\t\n<p><strong>Abteilung f\u00fcr chemische Rohstoffe<\/strong><br \/><a href=\"tel:+48%20733%20525%20533\">+48 733 525 533<\/a><br \/><a href=\"mailto:dsc@glitherm.com\">dsc@glitherm.com<\/a><\/p>\n\t\t\n<style>\n#text-806114131 {\n  color: rgb(0, 0, 0);\n}\n#text-806114131 > * {\n  color: rgb(0, 0, 0);\n}\n<\/style>\n\t<\/div>\n\t\n<div class=\"is-divider divider clearfix\" style=\"max-width:300px;height:1px;\"><\/div>\n\t<div id=\"text-2811150976\" class=\"text\">\n\t\t\n<p><strong>Abteilung f\u00fcr Au\u00dfenhandel<\/strong><br \/><a href=\"tel:+48%20733%20525%20533\">+48 733 525 533<\/a><br \/><a href=\"tel:+48%20537%20535%20123\">+48 537 535 123<\/a><br \/><a href=\"mailto:dhz@glitherm.com\">dhz@glitherm.com<\/a><\/p>\n\t\t\n<style>\n#text-2811150976 {\n  color: rgb(0,0,0);\n}\n#text-2811150976 > * {\n  color: rgb(0,0,0);\n}\n<\/style>\n\t<\/div>\n\t\n<div class=\"is-divider divider clearfix\" style=\"max-width:300px;height:1px;\"><\/div>\n\t<div id=\"text-1245065979\" class=\"text\">\n\t\t\n<p><strong>Abteilung f\u00fcr Finanzen und Logistik<\/strong><br \/><a href=\"tel:+48%20733%20902%20233\">+48 733 902 233<\/a><br \/><a href=\"mailto:dfs@glitherm.com\">dfs@glitherm.com<\/a><\/p>\n\t\t\n<style>\n#text-1245065979 {\n  color: rgb(0,0,0);\n}\n#text-1245065979 > * {\n  color: rgb(0,0,0);\n}\n<\/style>\n\t<\/div>\n\t\n\t\t<\/div>\n\t\t\t\t\t<\/div>\n\n\t\n\n\t<div id=\"col-1850260173\" class=\"col medium-6 large-6\"  >\n\t\t\t\t<div class=\"col-inner\"  >\n\t\t\t\n\t\t\t\n<div class=\"container section-title-container kontakt-form\" ><h3 class=\"section-title section-title-normal\"><b><\/b><span class=\"section-title-main\" style=\"color:rgb(0, 0, 0);\">Nachricht senden<\/span><b><\/b><\/h3><\/div>\n\n<div class=\"wpcf7 no-js\" id=\"wpcf7-f21974-o1\" lang=\"de-DE\" dir=\"ltr\" data-wpcf7-id=\"21974\">\n<div class=\"screen-reader-response\"><p role=\"status\" aria-live=\"polite\" aria-atomic=\"true\"><\/p> <ul><\/ul><\/div>\n<form action=\"\/de\/wp-json\/wp\/v2\/pages\/21949#wpcf7-f21974-o1\" method=\"post\" class=\"wpcf7-form init\" aria-label=\"Kontaktformular\" novalidate=\"novalidate\" data-status=\"init\">\n<fieldset class=\"hidden-fields-container\"><input type=\"hidden\" name=\"_wpcf7\" value=\"21974\" \/><input type=\"hidden\" name=\"_wpcf7_version\" value=\"6.1.3\" \/><input type=\"hidden\" name=\"_wpcf7_locale\" value=\"de_DE\" \/><input type=\"hidden\" name=\"_wpcf7_unit_tag\" value=\"wpcf7-f21974-o1\" \/><input type=\"hidden\" name=\"_wpcf7_container_post\" value=\"0\" \/><input type=\"hidden\" name=\"_wpcf7_posted_data_hash\" value=\"\" \/>\n<\/fieldset>\n<div class=\"uacf7-form-wrapper-container uacf7-form-21974  \"><div class=\"uacf7-row\"><div class=\"uacf7-col-12\"><span class=\"wpcf7-form-control-wrap\" data-name=\"imie_nazwisko\"><input size=\"40\" maxlength=\"400\" class=\"wpcf7-form-control wpcf7-text wpcf7-validates-as-required\" aria-required=\"true\" aria-invalid=\"false\" placeholder=\"Name\" value=\"\" type=\"text\" name=\"imie_nazwisko\" \/><\/span><\/div><\/div>\n<div class=\"uacf7-row\"><div class=\"uacf7-col-6\"><span class=\"wpcf7-form-control-wrap\" data-name=\"mail\"><input size=\"40\" maxlength=\"400\" class=\"wpcf7-form-control wpcf7-email wpcf7-validates-as-required wpcf7-text wpcf7-validates-as-email\" aria-required=\"true\" aria-invalid=\"false\" placeholder=\"E-mail\" value=\"\" type=\"email\" name=\"mail\" \/><\/span><\/div><div class=\"uacf7-col-6\"><span class=\"wpcf7-form-control-wrap\" data-name=\"telefon\"><input size=\"40\" maxlength=\"400\" class=\"wpcf7-form-control wpcf7-tel wpcf7-text wpcf7-validates-as-tel\" aria-invalid=\"false\" placeholder=\"Telefon\" value=\"\" type=\"tel\" name=\"telefon\" \/><\/span><\/div><\/div>\n<span class=\"wpcf7-form-control-wrap\" data-name=\"dzial\"><select class=\"wpcf7-form-control wpcf7-select wpcf7-validates-as-required\" aria-required=\"true\" aria-invalid=\"false\" name=\"dzial\"><option value=\"\">- Abteilung ausw\u00e4hlen -<\/option><option value=\"Kraftfahrzeugchemie\">Kraftfahrzeugchemie<\/option><option value=\"Fl\u00fcssigkeiten f\u00fcr Heiz- und K\u00fchlanlagen\">Fl\u00fcssigkeiten f\u00fcr Heiz- und K\u00fchlanlagen<\/option><option value=\"Chemische Rohstoffe\">Chemische Rohstoffe<\/option><option value=\"Finanzen und Transport\">Finanzen und Transport<\/option><\/select><\/span>\n<span class=\"wpcf7-form-control-wrap\" data-name=\"wiadomosc\"><textarea cols=\"40\" rows=\"5\" maxlength=\"2000\" class=\"wpcf7-form-control wpcf7-textarea\" aria-invalid=\"false\" placeholder=\"Nachricht\" name=\"wiadomosc\"><\/textarea><\/span>\n<span class=\"wpcf7-form-control-wrap\" data-name=\"przetwarzanie\"><span class=\"wpcf7-form-control wpcf7-acceptance\"><span class=\"wpcf7-list-item\"><label><input type=\"checkbox\" name=\"przetwarzanie\" value=\"1\" aria-invalid=\"false\" \/><span class=\"wpcf7-list-item-label\">Ich willige in die Verarbeitung meiner personenbezogenen Daten gem\u00e4\u00df der <a href=\"\/de\/privacy-policy\/\" target=\"_blank\">Datenschutzerkl\u00e4rung<\/a> ein.<\/span><\/label><\/span><\/span><\/span>\n<span class=\"wpcf7-form-control-wrap\" data-name=\"hurtownia\"><span class=\"wpcf7-form-control wpcf7-acceptance\"><span class=\"wpcf7-list-item\"><label><input type=\"checkbox\" name=\"hurtownia\" value=\"1\" aria-invalid=\"false\" \/><span class=\"wpcf7-list-item-label\">Ich bin kein Verbraucher; ich vertrete einen institutionellen Kunden, der an Gro\u00dfeink\u00e4ufen interessiert ist.<\/span><\/label><\/span><\/span><\/span>\n<input class=\"wpcf7-form-control wpcf7-submit has-spinner\" type=\"submit\" value=\"Senden\" \/><\/div><div class=\"wpcf7-response-output\" aria-hidden=\"true\"><\/div>\n<\/form>\n<\/div>\n\n\t\t<\/div>\n\t\t\t\t\t<\/div>\n\n\t\n<\/div>\n","protected":false},"excerpt":{"rendered":"","protected":false},"author":3,"featured_media":1110,"parent":0,"menu_order":0,"comment_status":"closed","ping_status":"closed","template":"page-blank.php","meta":{"footnotes":""},"folder":[],"class_list":["post-21949","page","type-page","status-publish","has-post-thumbnail","hentry"],"acf":[],"_links":{"self":[{"href":"https:\/\/glitherm.com\/de\/wp-json\/wp\/v2\/pages\/21949","targetHints":{"allow":["GET"]}}],"collection":[{"href":"https:\/\/glitherm.com\/de\/wp-json\/wp\/v2\/pages"}],"about":[{"href":"https:\/\/glitherm.com\/de\/wp-json\/wp\/v2\/types\/page"}],"author":[{"embeddable":true,"href":"https:\/\/glitherm.com\/de\/wp-json\/wp\/v2\/users\/3"}],"replies":[{"embeddable":true,"href":"https:\/\/glitherm.com\/de\/wp-json\/wp\/v2\/comments?post=21949"}],"version-history":[{"count":12,"href":"https:\/\/glitherm.com\/de\/wp-json\/wp\/v2\/pages\/21949\/revisions"}],"predecessor-version":[{"id":22496,"href":"https:\/\/glitherm.com\/de\/wp-json\/wp\/v2\/pages\/21949\/revisions\/22496"}],"wp:featuredmedia":[{"embeddable":true,"href":"https:\/\/glitherm.com\/de\/wp-json\/wp\/v2\/media\/1110"}],"wp:attachment":[{"href":"https:\/\/glitherm.com\/de\/wp-json\/wp\/v2\/media?parent=21949"}],"wp:term":[{"taxonomy":"folder","embeddable":true,"href":"https:\/\/glitherm.com\/de\/wp-json\/wp\/v2\/folder?post=21949"}],"curies":[{"name":"wp","href":"https:\/\/api.w.org\/{rel}","templated":true}]}}