{"id":12445,"date":"2023-10-27T11:35:33","date_gmt":"2023-10-27T09:35:33","guid":{"rendered":"https:\/\/glitherm.com\/produkt\/kuehlerfluessigkeitskonzentrat-glicar-g13\/"},"modified":"2025-12-12T08:51:09","modified_gmt":"2025-12-12T07:51:09","slug":"kuhlerflussigkeitskonzentrat-glicar-g13","status":"publish","type":"product","link":"https:\/\/glitherm.com\/de\/produkt\/kuhlerflussigkeitskonzentrat-glicar-g13\/","title":{"rendered":"K\u00fchlerfl\u00fcssigkeitskonzentrat GLICAR G13"},"content":{"rendered":"<p>K\u00fchlerfl\u00fcssigkeitskonzentrat GLICAR G13 ist kein gebrauchsfertiges Produkt. Vor dem Gie\u00dfen in die K\u00fchlbox sollte das Produkt mit entmineralisiertem Wasser im Verh\u00e4ltnis 1:1 verd\u00fcnnt werden. Details zum Prozess finden Sie im Reiter &#8222;Verd\u00fcnnung&#8220;. Das Konzentrat sollte nicht unverd\u00fcnnt oder verd\u00fcnnt in anderen Proportionen als den vom Hersteller empfohlenen verwendet werden. Zu dicke Fl\u00fcssigkeit kann das K\u00fchlsystem \u00fcberlasten und in extremen F\u00e4llen den Motor durch \u00dcberhitzung besch\u00e4digen.    Ein zu stark verd\u00fcnntes Produkt sch\u00fctzt das K\u00fchlsystem nicht vor dem Einfrieren, sondern auch vor Korrosion von Metallteilen und vorzeitigem Verschlei\u00df von Gummi- und Kunststoffelementen.<\/p>\n<div id=\"showMoreDiv\" class=\"collapsed\">\u00a0\n<p>Das GLICAR G13 K\u00fchlerfl\u00fcssigkeitskonzentrat wird ausschlie\u00dflich aus hochwertigem Monoethylenglykol (MEG) hergestellt. Bei der Produktion werden keine recycelten oder recycelten Rohstoffe verwendet. Die moderne Formel des Produkts basiert auf der Technologie der organischen S\u00e4ure. In Kombination mit einem einzigartigen Rezept, das zahlreiche Zusatzstoffe und Korrosionsinhibitoren enth\u00e4lt, ist GLICAR G13 ein Produkt von h\u00f6chster Qualit\u00e4t.    Es sch\u00fctzt das K\u00fchlsystem vor Korrosion und Kavitation. Alle Gummielemente, Dichtungen und sonstigen Teile aus Kunststoff werden st\u00e4ndig gewartet und vor vorzeitigem Verschlei\u00df gesch\u00fctzt. Dar\u00fcber hinaus ist das Produkt v\u00f6llig frei von giftigen Nitriten, Aminen oder Phosphaten. Die Zugabe von Ethylenglykol-Antischaummitteln beseitigt vollst\u00e4ndig die Probleme, die durch das Vorhandensein von Schaum im K\u00fchlsystem entstehen. Das Produkt sch\u00fctzt das K\u00fchlsystem vor Kalkablagerungen und Niederschlag. <\/p>\n<p>Das auf Basis von GLICAR G13 K\u00fchlfl\u00fcssigkeitskonzentrat hergestelltes K\u00fchlmittel erf\u00fcllt die Anforderungen an gerinnungsarme Fl\u00fcssigkeiten f\u00fcr Verbrennungsmotork\u00fchlsysteme aller Hersteller. Das K\u00fchlsystem ist gegen Temperaturen bis zu -36 \u00b0C gesch\u00fctzt. Es kann in allen Verbrennungsmotoren verwendet werden, sowohl station\u00e4ren als auch in Fahrzeugen eingebauten, die mit herk\u00f6mmlichen Kraftstoffen \u2013 Benzin, Diesel, LPG \u2013 betrieben werden.  <\/p>\n<p>Die h\u00f6chste Qualit\u00e4t des G13-Konzentrats wird durch die Herstellergarantie von 250.000 best\u00e4tigt. km Laufleistung oder 5 Betriebsjahre. <\/p>\n<p>Das Produkt unterliegt folgenden Normen: PN93\/C-40008-10; PN-C-40007; ASTM D 5931-13; ASTM D 1287-11; PN 93\/C-40008-05; PN-C-40008-06:1993\/AZ 1:2000.<\/p>\n<p>Erf\u00fcllt die Anforderungen der folgenden Normen: Audi\/Skoda\/VW\/Seat TL 774 J, ASTM D 3306, BS 6580:2010<\/p>\n<p><strong>UV-Additiv<\/strong><\/p>\n<p>Das GLICAR G13 K\u00fchlerfl\u00fcssigkeitskonzentrat kann auf Wunsch des Kunden mit einem UV-Zusatzstoff angereichert werden. Der UV-Farbstoff ist v\u00f6llig inert gegen\u00fcber den funktionellen physikochemischen Eigenschaften des Produkts. Der UV-Zusatzstoff l\u00e4sst die fertige Fl\u00fcssigkeit in UV-Strahlen &#8222;leuchten&#8220;. Verdunkeln Sie einfach das K\u00fchlsystem oder einen Teil davon, beleuchten Sie es mit Licht, das das UV-Spektrum enth\u00e4lt, um Leckage zu best\u00e4tigen oder Leckage aus dem System zu erkennen. Die Zugabe von UV-Farbstoff vereinfacht nicht nur, sondern verk\u00fcrzt auch die Dauer des Diagnoseprozesses.     Der Hersteller empfiehlt den UV-Marker als unverzichtbare Erg\u00e4nzung zum K\u00fchlmittel in jedem Fahrzeug oder station\u00e4ren Motor.<\/p>\n<p><strong>Farbe<\/strong><\/p>\n<p>Das Produkt ist in Lila erh\u00e4ltlich. Die Farbe des Produkts wird durch die Zugabe nat\u00fcrlicher Mineralpigmente erreicht. Die Pigmente, die dem Produkt seine Farbe verleihen, sind v\u00f6llig gleichg\u00fcltig gegen\u00fcber den funktionalen Eigenschaften des Produkts.  <\/p>\n<p><strong>ACHTUNG!<\/strong><\/p>\n<p>Das durch Verd\u00fcnnung des K\u00fchlerfl\u00fcssigkeitskonzentrats GLICAR G13 gewonnene K\u00fchlmittel kann f\u00fcr Systeme aus den meisten auf dem Markt \u00fcblichen Materialien zur Herstellung von Autok\u00fchlern empfohlen werden. Das Produkt kann bedenkenlos in K\u00fchlern aus Aluminium, Gusseisen oder in Mischsystemen eingesetzt werden.<\/p>\n<\/div>\n<a id=\"readMoreButton\" href=\"javascript:void(0);\" data-readmore=\"Mehr lesen\" data-readless=\"Text verbergen\">Mehr lesen<\/a>\n","protected":false},"excerpt":{"rendered":"<p><strong>Das GLICAR G13 in K\u00fcrze:<\/strong><\/p>\n<ul>\n<li>H\u00f6chste Qualit\u00e4t, best\u00e4tigt durch die Herstellergarantie von 5 Jahren oder 250.000 km Dauerbetrieb.<\/li>\n<li>Niedriger Gefrierpunkt, der das System vor niedrigen Temperaturen bis zu -36\u00b0C sch\u00fctzt.<\/li>\n<li>Verhindert Korrosion und Kavitation.<\/li>\n<li>Sch\u00fctzt vor Kalk- und Sedimentbildung.<\/li>\n<li>Basierend auf der Technologie der organischen S\u00e4ure.<\/li>\n<li>Enth\u00e4lt keine giftigen Nitrite, Amine und Phosphate.<\/li>\n<li>Es hat folgende Standards: PN93\/C-40008-10; PN-C-40007; ASTM D 5931-13; ASTM D 1287-11; PN 93\/C-40008-05; PN-C-40008-06:1993\/AZ 1:2000.<\/li>\n<li>Erf\u00fcllt die Anforderungen der folgenden Normen: Audi\/Skoda\/VW\/Seat TL 774 J, ASTM D 3306, BS 6580:2010.<\/li>\n<\/ul>\n","protected":false},"featured_media":16292,"template":"","meta":[],"product_brand":[],"product_cat":[176,182,194],"product_tag":[],"class_list":{"0":"post-12445","1":"product","2":"type-product","3":"status-publish","4":"has-post-thumbnail","6":"product_cat-automobilchemie","7":"product_cat-kuhlmittel-fur-kraftfahrzeuge","8":"product_cat-uv-zusatz","10":"first","11":"instock","12":"shipping-taxable","13":"product-type-variable"},"acf":[],"_links":{"self":[{"href":"https:\/\/glitherm.com\/de\/wp-json\/wp\/v2\/product\/12445","targetHints":{"allow":["GET"]}}],"collection":[{"href":"https:\/\/glitherm.com\/de\/wp-json\/wp\/v2\/product"}],"about":[{"href":"https:\/\/glitherm.com\/de\/wp-json\/wp\/v2\/types\/product"}],"wp:featuredmedia":[{"embeddable":true,"href":"https:\/\/glitherm.com\/de\/wp-json\/wp\/v2\/media\/16292"}],"wp:attachment":[{"href":"https:\/\/glitherm.com\/de\/wp-json\/wp\/v2\/media?parent=12445"}],"wp:term":[{"taxonomy":"product_brand","embeddable":true,"href":"https:\/\/glitherm.com\/de\/wp-json\/wp\/v2\/product_brand?post=12445"},{"taxonomy":"product_cat","embeddable":true,"href":"https:\/\/glitherm.com\/de\/wp-json\/wp\/v2\/product_cat?post=12445"},{"taxonomy":"product_tag","embeddable":true,"href":"https:\/\/glitherm.com\/de\/wp-json\/wp\/v2\/product_tag?post=12445"}],"curies":[{"name":"wp","href":"https:\/\/api.w.org\/{rel}","templated":true}]}}