{"id":1802,"date":"2023-07-21T12:12:53","date_gmt":"2023-07-21T10:12:53","guid":{"rendered":"https:\/\/glitherm.com\/produkt\/polyaluminiumchlorid-in-waessriger-loesung\/"},"modified":"2023-10-04T08:56:04","modified_gmt":"2023-10-04T06:56:04","slug":"polyaluminiumchlorid-in-wasser-losung","status":"publish","type":"product","link":"https:\/\/glitherm.com\/de\/produkt\/polyaluminiumchlorid-in-wasser-losung\/","title":{"rendered":"Polyaluminiumchlorid in w\u00e4ssriger L\u00f6sung"},"content":{"rendered":"<p><span style=\"font-weight: 400;\">Anorganisches Aluminiumchloridsalz aus Salzs\u00e4ure und Aluminium. Bei Raumtemperatur und Atmosph\u00e4rendruck entsteht ein wei\u00dfes bis gelbes Pulver. In der Anhydridform ist es so stark hygroskopisch, dass es an der Luft \u201eraucht\u201c und dabei Wasserdampf aus der Atmosph\u00e4re aufnimmt.<\/span><\/p>\n<p><span style=\"font-weight: 400;\">Anwendung:<\/span><\/p>\n<p><span style=\"font-weight: 400;\">Das Produkt wird in Form einer w\u00e4ssrigen L\u00f6sung angeboten. Die Hauptanwendung der w\u00e4ssrigen L\u00f6sung von Polyaluminiumchlorid ist die Wasseraufbereitung und Abwasserbehandlung.<\/span><\/p>\n<p><span style=\"font-weight: 400;\">Das Produkt ist unersetzlich bei der Aufbereitung von Industrie- und Trinkwasser, der Aufbereitung von kommunalem und industriellem Abwasser, der Papierherstellung, der Verhinderung des Aufquellens von Belebtschlamm und der Herstellung von modifizierten Aluminiumkoagulanzien.<\/span><\/p>\n<p><span style=\"font-weight: 400;\">Dosierung: <\/span><\/p>\n<p><span style=\"font-weight: 400;\">Das Produkt sollte nicht verd\u00fcnnt werden. Dosierung mit Membranpumpen aus korrosionsbest\u00e4ndigen Materialien. <\/span><\/p>\n<p><span style=\"font-weight: 400;\">Verwenden Sie dem Risiko entsprechende pers\u00f6nliche Schutzausr\u00fcstung gem\u00e4\u00df den im Sicherheitsdatenblatt enthaltenen Richtlinien.<\/span><\/p>\n<p><span style=\"font-weight: 400;\">Lagerung:<\/span><\/p>\n<p><span style=\"font-weight: 400;\">Bewahren Sie das Produkt in dicht verschlossenen Beh\u00e4ltern mit Originaletiketten auf. Das Lager muss f\u00fcr die Lagerung gef\u00e4hrlicher Produkte und Materialien geeignet sein. <\/span><\/p>\n<p><span style=\"font-weight: 400;\">\u00dcber 0\u00b0C lagern. <\/span><\/p>\n<p><span style=\"font-weight: 400;\">Lieferungen:<\/span><\/p>\n<p><span style=\"font-weight: 400;\">Die Lieferung des Produktes erfolgt lose in Stra\u00dfentankwagen oder in IBC-Palettencontainern.<\/span><\/p>\n<p>Die automatisch \u00fcbersetzte Beschreibung ist in der polnischen Fassung verbindlich.<\/p>\n","protected":false},"excerpt":{"rendered":"<p><span style=\"font-weight: 400;\"><strong>Synonyme:<\/strong> Aluminiumchlorid, alkalisch; Polyaluminiumchlorid; Aluminiumchlorid; Aluminium-Koagulationsmittel.<\/span><\/p>\n<p><span style=\"font-weight: 400;\"><strong>CAS:<\/strong> 1327-41-9<\/span><\/p>\n<p><span style=\"font-weight: 400;\"><strong>EC:<\/strong> 215-477-2<\/span><\/p>\n<p><span style=\"font-weight: 400;\"><strong>REACH:<\/strong> 01-2119531563-43<\/span><\/p>\n<p><strong>\u00dcbereinstimmung mit EN 883:2004 Typ 1.<\/strong><\/p>\n","protected":false},"featured_media":3423,"template":"","meta":[],"product_brand":[],"product_cat":[214,223],"product_tag":[],"class_list":{"0":"post-1802","1":"product","2":"type-product","3":"status-publish","4":"has-post-thumbnail","6":"product_cat-chemische-rohstoffe","7":"product_cat-chloride","9":"first","10":"instock","11":"shipping-taxable","12":"product-type-variable"},"acf":[],"_links":{"self":[{"href":"https:\/\/glitherm.com\/de\/wp-json\/wp\/v2\/product\/1802","targetHints":{"allow":["GET"]}}],"collection":[{"href":"https:\/\/glitherm.com\/de\/wp-json\/wp\/v2\/product"}],"about":[{"href":"https:\/\/glitherm.com\/de\/wp-json\/wp\/v2\/types\/product"}],"wp:featuredmedia":[{"embeddable":true,"href":"https:\/\/glitherm.com\/de\/wp-json\/wp\/v2\/media\/3423"}],"wp:attachment":[{"href":"https:\/\/glitherm.com\/de\/wp-json\/wp\/v2\/media?parent=1802"}],"wp:term":[{"taxonomy":"product_brand","embeddable":true,"href":"https:\/\/glitherm.com\/de\/wp-json\/wp\/v2\/product_brand?post=1802"},{"taxonomy":"product_cat","embeddable":true,"href":"https:\/\/glitherm.com\/de\/wp-json\/wp\/v2\/product_cat?post=1802"},{"taxonomy":"product_tag","embeddable":true,"href":"https:\/\/glitherm.com\/de\/wp-json\/wp\/v2\/product_tag?post=1802"}],"curies":[{"name":"wp","href":"https:\/\/api.w.org\/{rel}","templated":true}]}}