{"id":1841,"date":"2023-07-21T11:24:56","date_gmt":"2023-07-21T09:24:56","guid":{"rendered":"https:\/\/glitherm.com\/produkt\/eiseniii-chlorid-in-waessriger-loesung\/"},"modified":"2023-10-04T09:08:13","modified_gmt":"2023-10-04T07:08:13","slug":"eisen-iii-chlorid-in-wassriger-losung","status":"publish","type":"product","link":"https:\/\/glitherm.com\/de\/produkt\/eisen-iii-chlorid-in-wassriger-losung\/","title":{"rendered":"Eisen(III)-chlorid in w\u00e4ssriger L\u00f6sung"},"content":{"rendered":"<p><span style=\"font-weight: 400;\">Eisen(III)-chlorid ist eines der anorganischen Salze des Eisens (Eisen und Salzs\u00e4ure) in der Oxidationsstufe III. In seiner reinen Form ist es ein kristalliner Feststoff mit stark hygroskopischen Eigenschaften. Das Anhydrid liegt in Form eines gr\u00fcnen kristallinen Pulvers vor, hat jedoch nur im reflektierten Licht, im durchfallenden Licht eine rote Farbe. Nach der Umwandlung in die Hexahydratform verf\u00e4rbt sich das Produkt gelb-orange.<\/span><\/p>\n<p><span style=\"font-weight: 400;\">In w\u00e4ssriger L\u00f6sung hydrolysiert es schnell und bildet eine dicke rotbraune saure Fl\u00fcssigkeit.<\/span><\/p>\n<p><span style=\"font-weight: 400;\">Anwendung:<\/span><\/p>\n<p><span style=\"font-weight: 400;\">Das angebotene Produkt liegt in Form einer w\u00e4ssrigen L\u00f6sung vor. Die w\u00e4ssrige L\u00f6sung von Eisen-III-Chlorid wird bei der industriellen Aufbereitung von technischem Wasser, Trinkwasser und Abwasser verwendet. Das Produkt ist unersetzlich bei der Aufbereitung kommunaler und industrieller Abw\u00e4sser, der Ausf\u00e4llung von Phosphor aus Abw\u00e4ssern, der Entfernung von Schwefelwasserstoff und der Aufbereitung von Prozesswasser f\u00fcr die Industrie und Trinkwasser in Wasserwerken.<\/span><\/p>\n<p><span style=\"font-weight: 400;\">Dosierung:<\/span><\/p>\n<p><span style=\"font-weight: 400;\">Das Produkt sollte unverd\u00fcnnt mit korrosions- und chloridionenbest\u00e4ndigen Membranpumpen dosiert werden.<\/span><\/p>\n<p><span style=\"font-weight: 400;\">Bei der Verwendung des Produkts ist eine dem Risiko entsprechende pers\u00f6nliche Schutzausr\u00fcstung gem\u00e4\u00df den Angaben im Sicherheitsdatenblatt zu verwenden.<\/span><\/p>\n<p><span style=\"font-weight: 400;\">Lagerung:<\/span><\/p>\n<p><span style=\"font-weight: 400;\">Das gem\u00e4\u00df den Empfehlungen des Herstellers gelagerte Produkt beh\u00e4lt seine Eigenschaften f\u00fcr mindestens ein Jahr ab Herstellungsdatum. Es wird empfohlen, bei Temperaturen \u00fcber 0\u00b0C zu lagern.<\/span><\/p>\n<p><span style=\"font-weight: 400;\">Eisenchlorid in w\u00e4ssriger L\u00f6sung ist ein Produkt, das eine Gefahr f\u00fcr das Personal und die nat\u00fcrliche Umwelt darstellt. Daher sollte es in dicht verschlossenen Beh\u00e4ltern mit Originaletiketten gelagert werden. Das Lager muss f\u00fcr die Lagerung gef\u00e4hrlicher Stoffe geeignet sein.<\/span><\/p>\n<p><span style=\"font-weight: 400;\">Lieferungen:<\/span><\/p>\n<p><span style=\"font-weight: 400;\">Die Lieferung erfolgt per Tankwagen oder in Palettencontainern.<\/span><\/p>\n<p>Die automatisch \u00fcbersetzte Beschreibung ist in der polnischen Fassung verbindlich.<\/p>\n","protected":false},"excerpt":{"rendered":"<p><strong>Synonyme:<\/strong> Eisentrichloridl\u00f6sung; Trichloreisenl\u00f6sung; Eisenflockungsmittel.<\/p>\n<p><span style=\"font-weight: 400;\"><strong>CAS:<\/strong> 7705-08-0<\/span><\/p>\n<p><span style=\"font-weight: 400;\"><strong>EC:<\/strong> 231-729-4<\/span><\/p>\n<p><span style=\"font-weight: 400;\"><strong>REACH:<\/strong> 01-2119497998-05<\/span><\/p>\n","protected":false},"featured_media":3431,"template":"","meta":[],"product_brand":[],"product_cat":[214,223],"product_tag":[],"class_list":{"0":"post-1841","1":"product","2":"type-product","3":"status-publish","4":"has-post-thumbnail","6":"product_cat-chemische-rohstoffe","7":"product_cat-chloride","9":"first","10":"instock","11":"shipping-taxable","12":"product-type-variable"},"acf":[],"_links":{"self":[{"href":"https:\/\/glitherm.com\/de\/wp-json\/wp\/v2\/product\/1841","targetHints":{"allow":["GET"]}}],"collection":[{"href":"https:\/\/glitherm.com\/de\/wp-json\/wp\/v2\/product"}],"about":[{"href":"https:\/\/glitherm.com\/de\/wp-json\/wp\/v2\/types\/product"}],"wp:featuredmedia":[{"embeddable":true,"href":"https:\/\/glitherm.com\/de\/wp-json\/wp\/v2\/media\/3431"}],"wp:attachment":[{"href":"https:\/\/glitherm.com\/de\/wp-json\/wp\/v2\/media?parent=1841"}],"wp:term":[{"taxonomy":"product_brand","embeddable":true,"href":"https:\/\/glitherm.com\/de\/wp-json\/wp\/v2\/product_brand?post=1841"},{"taxonomy":"product_cat","embeddable":true,"href":"https:\/\/glitherm.com\/de\/wp-json\/wp\/v2\/product_cat?post=1841"},{"taxonomy":"product_tag","embeddable":true,"href":"https:\/\/glitherm.com\/de\/wp-json\/wp\/v2\/product_tag?post=1841"}],"curies":[{"name":"wp","href":"https:\/\/api.w.org\/{rel}","templated":true}]}}