{"id":1862,"date":"2023-07-21T09:23:32","date_gmt":"2023-07-21T07:23:32","guid":{"rendered":"https:\/\/glitherm.com\/produkt\/essbare-schweinegelatine-180-bloom-20-mesh\/"},"modified":"2023-11-21T12:20:04","modified_gmt":"2023-11-21T11:20:04","slug":"schweinefleisch-gelatine-180-blute-20-mesh","status":"publish","type":"product","link":"https:\/\/glitherm.com\/de\/produkt\/schweinefleisch-gelatine-180-blute-20-mesh\/","title":{"rendered":"Essbare Schweinegelatine 180 Bloom 20 Mesh"},"content":{"rendered":"<p><span style=\"font-weight: 400;\">Schweinegelatine ist ein Produkt tierischen Ursprungs. Das Produkt wird durch teilweise saure Hydrolyse (H2SO4) der poptidischen Bindungen des Kollagenproteins von Schweineh\u00e4uten gewonnen. Das Produkt ist kein Nanomaterial. F\u00fcr die Produktion werden tierische Produkte von Tieren mit unver\u00e4ndertem Genom verwendet, wodurch v\u00f6llig frei von GVO ist. Das Produkt enth\u00e4lt keine Allergene. Zur Fixierung des Produkts werden keine ionisierenden Technologien eingesetzt, das Produkt stellt kein BSE\/TSE-Risiko dar.<\/span><\/p>\n<p><span style=\"font-weight: 400;\">Das Produkt ist in Papiert\u00fcten mit einer inneren Polyethylenschicht verpackt. S\u00e4cke mit einem Nettogewicht von 20 oder 25 kg k\u00f6nnen durch jede vom Kunden gew\u00e4hlte Gro\u00dfhandelsverpackung ersetzt werden. Die S\u00e4cke werden auf eine Holzpalette gelegt und mit Stretchfolie gesichert.<\/span><\/p>\n","protected":false},"excerpt":{"rendered":"<p><strong>CAS:<\/strong> 9000-70-8<br \/>\n<strong>REACH:<\/strong> Eine Lebensmittelregistrierung ist nicht erforderlich.<br \/>\n<strong>GVO:<\/strong> frei von GVO<br \/>\n<strong>ALLERGENE:<\/strong> Enth\u00e4lt keine Allergene<br \/>\n<strong>BSE\/TSE:<\/strong> Stellt kein BSE\/TSE-Risiko dar<br \/>\n<strong>DIE G\u00dcLTIGKEIT:<\/strong>60 Monate ab Produktionsdatum<br \/>\n<strong>Herkunftsland:<\/strong> Polen<\/p>\n","protected":false},"featured_media":16237,"template":"","meta":[],"product_brand":[],"product_cat":[214,240],"product_tag":[],"class_list":{"0":"post-1862","1":"product","2":"type-product","3":"status-publish","4":"has-post-thumbnail","6":"product_cat-chemische-rohstoffe","7":"product_cat-lebensmittel-und-lebensmittelzusatzstoffe","9":"first","10":"instock","11":"shipping-taxable","12":"product-type-variable"},"acf":[],"_links":{"self":[{"href":"https:\/\/glitherm.com\/de\/wp-json\/wp\/v2\/product\/1862","targetHints":{"allow":["GET"]}}],"collection":[{"href":"https:\/\/glitherm.com\/de\/wp-json\/wp\/v2\/product"}],"about":[{"href":"https:\/\/glitherm.com\/de\/wp-json\/wp\/v2\/types\/product"}],"wp:featuredmedia":[{"embeddable":true,"href":"https:\/\/glitherm.com\/de\/wp-json\/wp\/v2\/media\/16237"}],"wp:attachment":[{"href":"https:\/\/glitherm.com\/de\/wp-json\/wp\/v2\/media?parent=1862"}],"wp:term":[{"taxonomy":"product_brand","embeddable":true,"href":"https:\/\/glitherm.com\/de\/wp-json\/wp\/v2\/product_brand?post=1862"},{"taxonomy":"product_cat","embeddable":true,"href":"https:\/\/glitherm.com\/de\/wp-json\/wp\/v2\/product_cat?post=1862"},{"taxonomy":"product_tag","embeddable":true,"href":"https:\/\/glitherm.com\/de\/wp-json\/wp\/v2\/product_tag?post=1862"}],"curies":[{"name":"wp","href":"https:\/\/api.w.org\/{rel}","templated":true}]}}