{"id":1875,"date":"2023-07-20T12:42:25","date_gmt":"2023-07-20T10:42:25","guid":{"rendered":"https:\/\/glitherm.com\/produkt\/methanol-methylalkohol-9985\/"},"modified":"2023-10-04T09:12:39","modified_gmt":"2023-10-04T07:12:39","slug":"methanol-methylalkohol-9985","status":"publish","type":"product","link":"https:\/\/glitherm.com\/de\/produkt\/methanol-methylalkohol-9985\/","title":{"rendered":"Methanol, Methylalkohol 99,85 %"},"content":{"rendered":"<p><span style=\"font-weight: 400;\">Methanol, Methylalkohol, CH3OH ist eine organische Verbindung und der einfachste der aliphatischen Alkohole. Der Wissenschaft ist es seit der ersten Beschreibung durch Robert Boyle im Jahr 1661 bekannt, ihm wird auch die Entdeckung dieser Verbindung zugeschrieben. Sie ist hochgiftig f\u00fcr den Menschen. Sein Verzehr oder seine Aufnahme durch Kontakt mit Aerosolen oder D\u00e4mpfen kann zu schweren Sch\u00e4den am Zentralnervensystem, Blindheit und sogar zum Tod f\u00fchren. Bereits eine Dosis von nur 8\u201310 Gramm kann bei einem Menschen zu dauerhafter und irreversibler Erblindung f\u00fchren, eine Dosis von 12\u201320 Gramm gilt als t\u00f6dlich.<\/span><\/p>\n<p><span style=\"font-weight: 400;\">Bis 1923 wurde Methanol nur durch Zersetzungsdestillation von Holz hergestellt, heute wird es synthetisch mit einer von zwei Methoden aus Synthesegas gewonnen: der ICI-Methode oder der Lurgi-Methode.<\/span><\/p>\n<p><span style=\"font-weight: 400;\">Methanol wird in der Industrie haupts\u00e4chlich als universelles organisches L\u00f6sungsmittel verwendet und ist auch ein unersetzlicher Bestandteil bei der Gewinnung von Formaldehyd, Methylchlorid und vielen Farbstoffen.<\/span><\/p>\n<p><span style=\"font-weight: 400;\">Dar\u00fcber hinaus wird es in gro\u00dfem Umfang in der Pharmazeutik, der industriellen Produktion von Kunststoffen und synthetischen Fasern eingesetzt. Es ist auch ein gesch\u00e4tzter Kraftstoff f\u00fcr Verbrennungsmotoren und ein Zusatz zu Kraftstoffen. Wird auch in DMFC-Brennstoffzellen verwendet.<\/span><\/p>\n<p><span style=\"font-weight: 400;\">Eine interessante Tatsache ist, dass Anfang 2015 in der Danziger Werft \u201eRemontowa\u201c zum ersten Mal weltweit die Motoren des Schiffes (Stena Germanica) f\u00fcr den Antrieb mit Methanol umger\u00fcstet wurden.<\/span><\/p>\n<p>Die automatisch \u00fcbersetzte Beschreibung ist in der polnischen Fassung verbindlich.<\/p>\n","protected":false},"excerpt":{"rendered":"<p><strong>Synonyme:<\/strong> Synthetisches Methanol, Holzspiritus, Methyl<\/p>\n<p><span style=\"font-weight: 400;\"><strong>CAS:<\/strong> 67-56-1<\/span><\/p>\n<p><span style=\"font-weight: 400;\"><strong>EC:<\/strong> 200-659-6<\/span><\/p>\n<p><span style=\"font-weight: 400;\"><strong>REACH:<\/strong> 01-2119433307-44<\/span><\/p>\n","protected":false},"featured_media":3439,"template":"","meta":[],"product_brand":[],"product_cat":[217,214],"product_tag":[],"class_list":{"0":"post-1875","1":"product","2":"type-product","3":"status-publish","4":"has-post-thumbnail","6":"product_cat-alkohole-de","7":"product_cat-chemische-rohstoffe","9":"first","10":"instock","11":"shipping-taxable","12":"product-type-variable"},"acf":[],"_links":{"self":[{"href":"https:\/\/glitherm.com\/de\/wp-json\/wp\/v2\/product\/1875","targetHints":{"allow":["GET"]}}],"collection":[{"href":"https:\/\/glitherm.com\/de\/wp-json\/wp\/v2\/product"}],"about":[{"href":"https:\/\/glitherm.com\/de\/wp-json\/wp\/v2\/types\/product"}],"wp:featuredmedia":[{"embeddable":true,"href":"https:\/\/glitherm.com\/de\/wp-json\/wp\/v2\/media\/3439"}],"wp:attachment":[{"href":"https:\/\/glitherm.com\/de\/wp-json\/wp\/v2\/media?parent=1875"}],"wp:term":[{"taxonomy":"product_brand","embeddable":true,"href":"https:\/\/glitherm.com\/de\/wp-json\/wp\/v2\/product_brand?post=1875"},{"taxonomy":"product_cat","embeddable":true,"href":"https:\/\/glitherm.com\/de\/wp-json\/wp\/v2\/product_cat?post=1875"},{"taxonomy":"product_tag","embeddable":true,"href":"https:\/\/glitherm.com\/de\/wp-json\/wp\/v2\/product_tag?post=1875"}],"curies":[{"name":"wp","href":"https:\/\/api.w.org\/{rel}","templated":true}]}}