{"id":1898,"date":"2023-07-20T11:22:13","date_gmt":"2023-07-20T09:22:13","guid":{"rendered":"https:\/\/glitherm.com\/produkt\/ethanol-ethylalkohol-dehydriert-zu-9960-vollstaendig-denaturiert\/"},"modified":"2023-10-04T09:24:21","modified_gmt":"2023-10-04T07:24:21","slug":"ethylalkohol-dehydriert-9960-vollstandig-benannt","status":"publish","type":"product","link":"https:\/\/glitherm.com\/de\/produkt\/ethylalkohol-dehydriert-9960-vollstandig-benannt\/","title":{"rendered":"Ethanol, Ethylalkohol dehydriert zu 99,60 % vollst\u00e4ndig denaturiert"},"content":{"rendered":"<p><span style=\"font-weight: 400;\">Gegenstand des Angebots ist in Polen hergestellter dehydrierter Ethylalkohol, vollst\u00e4ndig denaturiert, von \u00fcberdurchschnittlicher Reinheit, der vom Hersteller garantierte Mindestgehalt an Ethylalkohol im Produkt betr\u00e4gt 99,60 % v\/v.<\/span><\/p>\n<p><span style=\"font-weight: 400;\">Wir bieten das Produkt in loser Sch\u00fcttung oder in IBC an, andere Verpackungen sind nur nach vorheriger Absprache erh\u00e4ltlich, aber f\u00fcr anspruchsvolle Kunden k\u00f6nnen wir eine gro\u00dfe Auswahl an F\u00e4ssern und Kanistern anbieten. <\/span><\/p>\n<p><span style=\"font-weight: 400;\">Reines Ethanol ist bei Raumtemperatur eine farblose, brennbare Fl\u00fcssigkeit mit einem charakteristischen alkoholischen Geruch und brennendem Geschmack. Es brennt mit einer schwach sichtbaren bl\u00e4ulichen Flamme.<\/span><\/p>\n<p><span style=\"font-weight: 400;\">Es l\u00e4sst sich in jedem Verh\u00e4ltnis mit Wasser mischen. Es l\u00f6st effektiv Fette und andere organische Substanzen und wird daher als universelles organisches L\u00f6sungsmittel verwendet. <\/span><\/p>\n<p><span style=\"font-weight: 400;\">Bei der Herstellung von Ethanol wird am h\u00e4ufigsten eine 95,50 %ige w\u00e4ssrige L\u00f6sung gewonnen, die \u00fcblicherweise als Spiritus bezeichnet wird. Eine solche Mischung l\u00e4sst sich aufgrund ihrer azeotropen Natur nur sehr schwer in einem einfachen Destillationsprozess weiter entw\u00e4ssern. Reines Ethanol wird bei der azeotropen Destillation im Ethanol-Wasser-Benzol-System gewonnen. Es ist auch m\u00f6glich, reines Ethanol durch die Bindung von Wasser mit Calciumoxid, wasserfreiem Magnesiumsulfat oder Natriumsulfat zu gewinnen.<\/span><\/p>\n<p><span style=\"font-weight: 400;\">Ethanol ist stark hygroskopisch. Genug, um Wasser direkt aus der Luft zu binden, daher das Produkt gut verschlossen halten.<\/span><\/p>\n<p><span style=\"font-weight: 400;\">Ethylalkohol 99,60 %, vollst\u00e4ndig denaturiert nach europ\u00e4ischer Methode:<\/span><\/p>\n<p>Gemeinsames Denaturierungsverfahren, anwendbar in Belgien, D\u00e4nemark, Deutschland, Estland, Irland, Griechenland, Spanien, Frankreich, Italien, Zypern, Lettland, Litauen, Luxemburg, Ungarn, Malta, den Niederlanden, \u00d6sterreich, Polen, Portugal, Slowenien, in der Slowakei und Finnland f\u00fcr Die Zwecke der vollst\u00e4ndigen Alkoholdenaturierung:<\/p>\n<ul>\n<li><span style=\"font-weight: 400;\">Pro Hektoliter absolutes Ethanol: <\/span>\n<ul>\n<li><span style=\"font-weight: 400;\">1,0 Liter Isopropylalkohol; <\/span><\/li>\n<li><span style=\"font-weight: 400;\">1,0 Liter Methylethylketon; <\/span><\/li>\n<li><span style=\"font-weight: 400;\">1,0 Gramm Denatoniumbenzoat.<\/span><\/li>\n<\/ul>\n<\/li>\n<\/ul>\n<p>ACHTUNG: Wir k\u00f6nnen kein reines, nicht kontaminiertes Produkt oder ein Produkt anbieten, das auf andere als die oben angegebene Weise kontaminiert ist.<\/p>\n<p>Die automatisch \u00fcbersetzte Beschreibung ist in der polnischen Fassung verbindlich.<\/p>\n","protected":false},"excerpt":{"rendered":"<p><strong>Synonyme:<\/strong> Ethanol, Ethylalkohol, absoluter Alkohol, Alkohol, Ethyl, ETHANOL, Brennspiritus, dehydrierter Alkohol,<\/p>\n<p><strong>CAS: <\/strong>64-17-5<\/p>\n<p><span style=\"font-weight: 400;\"><strong>EC:<\/strong> 200-578-6<\/span><\/p>\n<p><strong>REACH: <\/strong>01-2119457610-43<\/p>\n","protected":false},"featured_media":3447,"template":"","meta":[],"product_brand":[],"product_cat":[217,214],"product_tag":[],"class_list":{"0":"post-1898","1":"product","2":"type-product","3":"status-publish","4":"has-post-thumbnail","6":"product_cat-alkohole-de","7":"product_cat-chemische-rohstoffe","9":"first","10":"instock","11":"shipping-taxable","12":"product-type-variable"},"acf":[],"_links":{"self":[{"href":"https:\/\/glitherm.com\/de\/wp-json\/wp\/v2\/product\/1898","targetHints":{"allow":["GET"]}}],"collection":[{"href":"https:\/\/glitherm.com\/de\/wp-json\/wp\/v2\/product"}],"about":[{"href":"https:\/\/glitherm.com\/de\/wp-json\/wp\/v2\/types\/product"}],"wp:featuredmedia":[{"embeddable":true,"href":"https:\/\/glitherm.com\/de\/wp-json\/wp\/v2\/media\/3447"}],"wp:attachment":[{"href":"https:\/\/glitherm.com\/de\/wp-json\/wp\/v2\/media?parent=1898"}],"wp:term":[{"taxonomy":"product_brand","embeddable":true,"href":"https:\/\/glitherm.com\/de\/wp-json\/wp\/v2\/product_brand?post=1898"},{"taxonomy":"product_cat","embeddable":true,"href":"https:\/\/glitherm.com\/de\/wp-json\/wp\/v2\/product_cat?post=1898"},{"taxonomy":"product_tag","embeddable":true,"href":"https:\/\/glitherm.com\/de\/wp-json\/wp\/v2\/product_tag?post=1898"}],"curies":[{"name":"wp","href":"https:\/\/api.w.org\/{rel}","templated":true}]}}