{"id":1932,"date":"2023-07-20T10:49:53","date_gmt":"2023-07-20T08:49:53","guid":{"rendered":"https:\/\/glitherm.com\/produkt\/ipa-isopropanol-in-technischer-pharmazeutischer-qualitaet\/"},"modified":"2025-10-20T14:57:20","modified_gmt":"2025-10-20T12:57:20","slug":"isopropanol-ipa-technisch-pharmazeutische-qualitat","status":"publish","type":"product","link":"https:\/\/glitherm.com\/de\/produkt\/isopropanol-ipa-technisch-pharmazeutische-qualitat\/","title":{"rendered":"IPA-Isopropanol in technischer Qualit\u00e4t"},"content":{"rendered":"<p><span style=\"font-weight: 400;\">IPA-Isopropanol (Propan-2-ol, Isopropylalkohol) \u2013 ist eine organische chemische Verbindung aus der Gruppe der aliphatischen Alkohole, dem einfachsten sekund\u00e4ren Alkohol mit einem Substituentenisomer, Propan-1-ol.<\/span><\/p>\n<p><span style=\"font-weight: 400;\">IPA wird in der Industrie als organisches L\u00f6sungsmittel verwendet und wird h\u00e4ufig auch als L\u00f6sungsmittel und Tr\u00e4ger f\u00fcr die HPLC-Chromatographie verwendet. <\/span><\/p>\n<p><span style=\"font-weight: 400;\">Isopropanol ist ein in der chemischen Industrie bei chemischen Syntheseprozessen gesch\u00e4tztes Reagens, das eine Isopropyl- und Isopropoxygruppe einf\u00fchrt.<\/span><\/p>\n<p><span style=\"font-weight: 400;\">In der Pr\u00e4ventivmedizin ist es insbesondere in Form einer 70 %igen w\u00e4ssrigen L\u00f6sung als antiseptische Fl\u00fcssigkeit erw\u00fcnscht, die h\u00e4ufig zur Desinfektion von Personen und Oberfl\u00e4chen eingesetzt wird.<\/span><\/p>\n<p>12 % Propan-2-ol (IPA)-L\u00f6sung wird beim Drucken im Offsetdruck in feuchtigkeitsspendenden L\u00f6sungen verwendet.<\/p>\n<p><span style=\"font-weight: 400;\">Als g\u00fcnstigerer Ersatz f\u00fcr Ethanol und Methanol wird es in Fl\u00fcssigkeiten zur Reinigung von Pr\u00e4zisionsoptiken verwendet. Auch in anderen Branchen wird es h\u00e4ufig zum Reinigen von Magnetk\u00f6pfen, Festplattenlaufwerken, Gummiwalzen und feinmechanischen Ger\u00e4ten verwendet. Sein besonderer Vorteil in solchen Situationen ist die Tatsache, dass es gegen\u00fcber den meisten Metallen und Kunststoffen chemisch v\u00f6llig inert ist.<\/span><\/p>\n<p><span style=\"font-weight: 400;\">In der Feinmechanik und bei der Sanierung technischer Denkm\u00e4ler dient es der Entfernung von Schmiermitteln und anderen Verunreinigungen, darunter Harzwachse, Fette, auch nat\u00fcrliche, sowie Tinten und getrocknete Druckfarben.<\/span><\/p>\n<p><span style=\"font-weight: 400;\">Aufgrund seiner wasserdispergierenden Eigenschaften in Treibmittelmischungen wird es h\u00e4ufig als Treibstoffadditiv verwendet und verhindert die Bildung von Eispfropfen in Treibstoffleitungen.<\/span><\/p>\n<p>Die automatisch \u00fcbersetzte Beschreibung ist in der polnischen Fassung verbindlich.<\/p>\n","protected":false},"excerpt":{"rendered":"<p><span style=\"font-weight: 400;\"><strong>Synonyme:<\/strong> 2-Propanol, HP-IPA, IPA, IPPAA, ISO-PROPYLALKOHOL, Isopropanol, Isopropylalkohol, Propan-2-ol, Isopropylalkohol, Propan-2-ol<\/span><\/p>\n<p><span style=\"font-weight: 400;\"><strong>CAS:<\/strong> 67-63-0<\/span><\/p>\n<p><span style=\"font-weight: 400;\"><strong>EC:<\/strong> 200-661-7<\/span><\/p>\n<p><span style=\"font-weight: 400;\"><strong>REACH:<\/strong> 01-2119457558-25<\/span><\/p>\n","protected":false},"featured_media":3456,"template":"","meta":[],"product_brand":[],"product_cat":[217,226,214],"product_tag":[],"class_list":{"0":"post-1932","1":"product","2":"type-product","3":"status-publish","4":"has-post-thumbnail","6":"product_cat-alkohole-de","7":"product_cat-arzneimittel","8":"product_cat-chemische-rohstoffe","10":"first","11":"instock","12":"shipping-taxable","13":"product-type-variable"},"acf":[],"_links":{"self":[{"href":"https:\/\/glitherm.com\/de\/wp-json\/wp\/v2\/product\/1932","targetHints":{"allow":["GET"]}}],"collection":[{"href":"https:\/\/glitherm.com\/de\/wp-json\/wp\/v2\/product"}],"about":[{"href":"https:\/\/glitherm.com\/de\/wp-json\/wp\/v2\/types\/product"}],"wp:featuredmedia":[{"embeddable":true,"href":"https:\/\/glitherm.com\/de\/wp-json\/wp\/v2\/media\/3456"}],"wp:attachment":[{"href":"https:\/\/glitherm.com\/de\/wp-json\/wp\/v2\/media?parent=1932"}],"wp:term":[{"taxonomy":"product_brand","embeddable":true,"href":"https:\/\/glitherm.com\/de\/wp-json\/wp\/v2\/product_brand?post=1932"},{"taxonomy":"product_cat","embeddable":true,"href":"https:\/\/glitherm.com\/de\/wp-json\/wp\/v2\/product_cat?post=1932"},{"taxonomy":"product_tag","embeddable":true,"href":"https:\/\/glitherm.com\/de\/wp-json\/wp\/v2\/product_tag?post=1932"}],"curies":[{"name":"wp","href":"https:\/\/api.w.org\/{rel}","templated":true}]}}