{"id":1964,"date":"2023-07-18T14:00:54","date_gmt":"2023-07-18T12:00:54","guid":{"rendered":"https:\/\/glitherm.com\/produkt\/sles-70\/"},"modified":"2023-10-04T09:32:47","modified_gmt":"2023-10-04T07:32:47","slug":"sles-70","status":"publish","type":"product","link":"https:\/\/glitherm.com\/de\/produkt\/sles-70\/","title":{"rendered":"SLES 70"},"content":{"rendered":"<p><span style=\"font-weight: 400;\">SLES 70 (Sodium Laureth Sulfate) ist ein anionisches Tensid aus der Gruppe der Alkylethersulfate. Hergestellt aus Rohstoffen \u00fcberwiegend nat\u00fcrlichen Ursprungs. Praktisch keine synthetischen Einschl\u00fcsse oder Zusatzstoffe. Das Produkt hat eine past\u00f6se Konsistenz von farblos bis hellgelb. Wir bieten das Produkt in einer w\u00e4ssrigen L\u00f6sung mit einem Wirkstoffgehalt von mindestens 70 % an. Das konzentrierte Produkt l\u00e4sst sich leichter transportieren und lagern, es nimmt einfach weniger Platz ein, sei es beim Transport oder bei der Lagerung. Produkt jest ca\u0142kowicie rozpuszczalny w wodzie (bez wzgl\u0119du na jej twardo\u015b\u0107)i mo\u017ce s\u0142u\u017cy\u0107 do przygotowywania roztwor\u00f3w technologicznych o r\u00f3\u017cnym st\u0119\u017ceniu. Das Produkt ist in Wasser (unabh\u00e4ngig von seiner H\u00e4rte) vollst\u00e4ndig l\u00f6slich und kann zur Herstellung technologischer L\u00f6sungen unterschiedlicher Konzentration verwendet werden. SLES 70 enth\u00e4lt keine Konservierungsstoffe.<\/span><\/p>\n<p><span style=\"font-weight: 400;\">Aufgrund seiner anionischen Natur eignet sich dieses Produkt perfekt f\u00fcr Formulierungen mit anderen anionischen, nichtionischen und amphoteren Tensiden. Das Produkt kann als Grundlage f\u00fcr die Herstellung von K\u00f6rperwaschgelen, Shampoos, Badefl\u00fcssigkeiten und anderen Produkten f\u00fcr die pers\u00f6nliche Hygiene dienen.<\/span><\/p>\n<p><span style=\"font-weight: 400;\">SLES 70 verf\u00fcgt \u00fcber hervorragende Reinigungseigenschaften. Darauf basierende Produkte funktionieren auch in Kombination mit extrem hartem Leitungswasser gut. In Verbindung mit Wasser erzeugt das Produkt bereits in relativ geringen Konzentrationen hohe und sehr stabile Sch\u00e4ume. Es erh\u00f6ht die Viskosit\u00e4t von auf seiner Basis hergestellten Waschmitteln in Gegenwart von Elektrolyten und amphoteren oder nichtionischen Tensiden. Es ist vollst\u00e4ndig biologisch abbaubar. Erf\u00fcllt die Kriterien der Verordnung Nr. 648\/2004 \u00fcber Detergenzien und Kosmetika.<\/span><\/p>\n<p><span style=\"font-weight: 400;\">SLES 70 kann auch als Rohstoff f\u00fcr die Herstellung von Waschmitteln mit einem breiten Anwendungsspektrum verwendet werden. Unter anderem Geschirrsp\u00fclmittel, Waschfl\u00fcssigkeiten, Waschkonzentrate, Reinigungsfl\u00fcssigkeiten und Produkte f\u00fcr professionelle Reinigungsunternehmen. Es kann als Bestandteil von Aktivsch\u00e4umen in der Automobilchemieindustrie eingesetzt werden. Als Rohstoff f\u00fcr die Herstellung von Reinigungs-, Wasch- und Sp\u00fclmitteln eignet es sich sowohl in sauren als auch in alkalischen Umgebungen. Mit sehr gutem Erfolg wird es in der Lederindustrie als Bestandteil von Entfettungs- und Waschmitteln f\u00fcr die Nassverarbeitung eingesetzt.<\/span><\/p>\n<p><span style=\"font-weight: 400;\">SLES 70 senkt wirksam die Oberfl\u00e4chenspannung und den Kontaktwinkel und wird als Inhaltsstoff in Adjuvantien verwendet, die zusammen mit Pflanzenschutzmitteln eingesetzt werden sollen. <\/span><\/p>\n<p><span style=\"font-weight: 400;\">Die emulgierenden Eigenschaften und die anionische Natur des Produkts pr\u00e4destinieren es f\u00fcr den Einsatz als Emulgator in Schneidfl\u00fcssigkeiten.<\/span><\/p>\n<p>Die automatisch \u00fcbersetzte Beschreibung ist in der polnischen Fassung verbindlich.<\/p>\n","protected":false},"excerpt":{"rendered":"<p><strong>Synonyme:<\/strong> SLES 70 Tensid; Alkohole C12-14, ethoxyliert, sulfatiert, Natriumsalze, Natriumsalz von Laurylalkoholethoxylat, C12-14 AES Na, Natriumlaurethsulfat.<\/p>\n<p><strong>CAS:<\/strong> 68891-38-3<\/p>\n<p><strong>EC:<\/strong> 500-234-8<\/p>\n<p><strong>REACH:<\/strong> 01-2119488639-16<\/p>\n<p><strong>INCI NAME:<\/strong> Sodium Laureth Sulfate<\/p>\n","protected":false},"featured_media":3465,"template":"","meta":[],"product_brand":[],"product_cat":[214,234],"product_tag":[],"class_list":{"0":"post-1964","1":"product","2":"type-product","3":"status-publish","4":"has-post-thumbnail","6":"product_cat-chemische-rohstoffe","7":"product_cat-inci-de","9":"first","10":"instock","11":"shipping-taxable","12":"product-type-variable"},"acf":[],"_links":{"self":[{"href":"https:\/\/glitherm.com\/de\/wp-json\/wp\/v2\/product\/1964","targetHints":{"allow":["GET"]}}],"collection":[{"href":"https:\/\/glitherm.com\/de\/wp-json\/wp\/v2\/product"}],"about":[{"href":"https:\/\/glitherm.com\/de\/wp-json\/wp\/v2\/types\/product"}],"wp:featuredmedia":[{"embeddable":true,"href":"https:\/\/glitherm.com\/de\/wp-json\/wp\/v2\/media\/3465"}],"wp:attachment":[{"href":"https:\/\/glitherm.com\/de\/wp-json\/wp\/v2\/media?parent=1964"}],"wp:term":[{"taxonomy":"product_brand","embeddable":true,"href":"https:\/\/glitherm.com\/de\/wp-json\/wp\/v2\/product_brand?post=1964"},{"taxonomy":"product_cat","embeddable":true,"href":"https:\/\/glitherm.com\/de\/wp-json\/wp\/v2\/product_cat?post=1964"},{"taxonomy":"product_tag","embeddable":true,"href":"https:\/\/glitherm.com\/de\/wp-json\/wp\/v2\/product_tag?post=1964"}],"curies":[{"name":"wp","href":"https:\/\/api.w.org\/{rel}","templated":true}]}}