{"id":2014,"date":"2023-07-18T12:42:07","date_gmt":"2023-07-18T10:42:07","guid":{"rendered":"https:\/\/glitherm.com\/produkt\/sles-27\/"},"modified":"2023-10-04T09:37:42","modified_gmt":"2023-10-04T07:37:42","slug":"sles-27","status":"publish","type":"product","link":"https:\/\/glitherm.com\/de\/produkt\/sles-27\/","title":{"rendered":"SLES 27"},"content":{"rendered":"<p><span style=\"font-weight: 400;\">SLES 27 ist ein anionisches Tensid aus der Gruppe der Alkylethersulfate, erh\u00e4ltlich als farblose oder hellgelbe 27 %ige w\u00e4ssrige L\u00f6sung. Bei Raumtemperatur hat das Produkt die Form einer Fl\u00fcssigkeit mit niedriger Viskosit\u00e4t, was den Transfer des Produkts zwischen Tanks und die Dosierung erheblich erleichtert und Verluste in Form von R\u00fcckst\u00e4nden an den Tankw\u00e4nden reduziert. <\/span><\/p>\n<p><span style=\"font-weight: 400;\">Das von Glitherm angebotene SLES 27 ist mikrobiologisch stabil und die mikrobiologische Reinheit wird durch Screening-Tests im Labor des Herstellers best\u00e4tigt. Das Produkt ist frei von Konservierungsstoffen. <\/span><\/p>\n<p><span style=\"font-weight: 400;\">Die anionische Natur des Produkts pr\u00e4destiniert es f\u00fcr alle Kombinationen in Formulierungen mit anderen anionischen, nichtionischen und amphoteren Tensiden. SLES 27 kann als Rohstoff f\u00fcr die Herstellung von K\u00f6rperwaschgelen, Shampoos, Badefl\u00fcssigkeiten und anderen K\u00f6rperpflegeprodukten verwendet werden. <\/span><\/p>\n<p><span style=\"font-weight: 400;\">Dank seiner hervorragenden Reinigungseigenschaften erzeugt SLES 27 auch in Kombination mit hartem Leitungswasser hohe und stabile Sch\u00e4ume. <\/span><\/p>\n<p><span style=\"font-weight: 400;\">Das Produkt hat die F\u00e4higkeit, die Viskosit\u00e4t von Waschformulierungen in Gegenwart von Elektrolyten und amphoteren oder nichtionischen Tensiden zu erh\u00f6hen. <\/span><\/p>\n<p>Das Tensid SLES 27 ist leicht biologisch abbaubar und entspricht den biologischen Abbaubarkeitskriterien der Verordnung (EG) Nr. 648\/2004 \u00fcber Detergenzien.<\/p>\n<p><span style=\"font-weight: 400;\">Das Tensid SLES 27 ist ein unersetzlicher Grundstoff f\u00fcr die Herstellung von Waschmitteln mit einem breiten Anwendungsspektrum. Es wird unter anderem von Herstellern von Produkten wie Geschirrsp\u00fclmitteln, Sp\u00fclmitteln und Reinigungsfl\u00fcssigkeiten verwendet. SLES 27 eignet sich hervorragend als Rohstoff f\u00fcr die Herstellung von Reinigungsmitteln f\u00fcr professionelle Reinigungsunternehmen.<\/span><\/p>\n<p>Die automatisch \u00fcbersetzte Beschreibung ist in der polnischen Fassung verbindlich.<\/p>\n","protected":false},"excerpt":{"rendered":"<p><strong>Synonyme:<\/strong> Tensid SLES 27; Natriumlaurethsulfat; C12-14-Alkohole (gerade), ethoxyliert &lt; 2,5 TE, Sulfate, Natriumsalze, w\u00e4ssrige L\u00f6sung; C12-C14-Alkohole, ethoxyliert (&lt;2,5 TE), Sulfat, Natriumsalze, w\u00e4ssrige L\u00f6sung; Natriumlaurethsulfat; Natriumsalz des Sulfats, ethoxylierter Laurylalkohol C12-14.<\/p>\n<p><strong>CAS:<\/strong> 68891-38-3<\/p>\n<p><strong>EC:<\/strong> 500-234-8<\/p>\n<p><strong>REACH:<\/strong> 01-2119488639-16<\/p>\n<p><strong>INCI NAME:<\/strong> Sodium Laureth Sulfate<\/p>\n","protected":false},"featured_media":3473,"template":"","meta":[],"product_brand":[],"product_cat":[214,234],"product_tag":[],"class_list":{"0":"post-2014","1":"product","2":"type-product","3":"status-publish","4":"has-post-thumbnail","6":"product_cat-chemische-rohstoffe","7":"product_cat-inci-de","9":"first","10":"instock","11":"shipping-taxable","12":"product-type-variable"},"acf":[],"_links":{"self":[{"href":"https:\/\/glitherm.com\/de\/wp-json\/wp\/v2\/product\/2014","targetHints":{"allow":["GET"]}}],"collection":[{"href":"https:\/\/glitherm.com\/de\/wp-json\/wp\/v2\/product"}],"about":[{"href":"https:\/\/glitherm.com\/de\/wp-json\/wp\/v2\/types\/product"}],"wp:featuredmedia":[{"embeddable":true,"href":"https:\/\/glitherm.com\/de\/wp-json\/wp\/v2\/media\/3473"}],"wp:attachment":[{"href":"https:\/\/glitherm.com\/de\/wp-json\/wp\/v2\/media?parent=2014"}],"wp:term":[{"taxonomy":"product_brand","embeddable":true,"href":"https:\/\/glitherm.com\/de\/wp-json\/wp\/v2\/product_brand?post=2014"},{"taxonomy":"product_cat","embeddable":true,"href":"https:\/\/glitherm.com\/de\/wp-json\/wp\/v2\/product_cat?post=2014"},{"taxonomy":"product_tag","embeddable":true,"href":"https:\/\/glitherm.com\/de\/wp-json\/wp\/v2\/product_tag?post=2014"}],"curies":[{"name":"wp","href":"https:\/\/api.w.org\/{rel}","templated":true}]}}