{"id":2125,"date":"2023-06-29T18:20:50","date_gmt":"2023-06-29T16:20:50","guid":{"rendered":"https:\/\/glitherm.com\/produkt\/bremsfluessigkeit-glicar-dot-4\/"},"modified":"2025-12-12T10:05:09","modified_gmt":"2025-12-12T09:05:09","slug":"bremsflussigkeit-glicar-dot-4","status":"publish","type":"product","link":"https:\/\/glitherm.com\/de\/produkt\/bremsflussigkeit-glicar-dot-4\/","title":{"rendered":"Bremsfl\u00fcssigkeit GLICAR DOT 4"},"content":{"rendered":"<p>Die GLICAR DOT-4 Bremsfl\u00fcssigkeit ist eine Premium-Hydraulikfl\u00fcssigkeit, die \u00fcberall dort eingesetzt werden kann, wo der DOT-4-Standard erforderlich ist. Die Fl\u00fcssigkeit wird in hydraulischen Bremssystemen und hydraulischen Kupplungsunterst\u00fctzungssystemen in einer Vielzahl von Fahrzeugen, Maschinen und Ger\u00e4ten, Motorrollern, Motorr\u00e4dern und Personenkraftwagen verwendet <\/p>\n<div id=\"showMoreDiv\" class=\"collapsed\">\u00a0\n<p>Die Bremsfl\u00fcssigkeit GLICAR DOT-4 wird nur aus neuen, nicht recycelten Rohstoffen hergestellt.<\/p>\n<p>Glicar DOT-4 beh\u00e4lt auch bei extrem niedrigen Temperaturen eine niedrige Viskosit\u00e4t bei, was einen effizienten und schnellen Betrieb moderner Bremsassistenzsysteme ESP und ABS garantiert. Das Produkt bietet Schutz vor Korrosion von Metallelementen und sch\u00fctzt Gummi- und Kunststoffelemente, Dichtungen und Dichtungen vor Zersetzung. Verhindert die Bildung von Kalk und die Ausf\u00e4llung von Ablagerungen im Hydrauliksystem und bietet eine Betriebsdauer von 3 Jahren.  <\/p>\n<p>Das Produkt erf\u00fcllt die Anforderungen der folgenden Normen: PN-C-40005, FMVSS Nr. 116, ISO 4925, SAE J 1704.<\/p>\n<\/div>\n<a id=\"readMoreButton\" href=\"javascript:void(0);\" data-readmore=\"Mehr lesen\" data-readless=\"Text verbergen\">Mehr lesen<\/a>\n","protected":false},"excerpt":{"rendered":"<div class=\"uxb-post-excerpt\">\n<p><strong>GLICAR DOT 4 in K\u00fcrze:<\/strong><\/p>\n<ul>\n<li><span style=\"color: #555555; font-size: 14.4px;\">Kann in jedem Fahrzeug verwendet werden, in dem DOT-4 erforderlich ist.<\/span><\/li>\n<li><span style=\"color: #555555; font-size: 14.4px;\">Niedrige Viskosit\u00e4t bei niedrigen Temperaturen, die eine schnelle ABS- und EPS-Wirkung unabh\u00e4ngig von den Wetterbedingungen gew\u00e4hrleistet.<\/span><\/li>\n<li><span style=\"color: #555555; font-size: 14.4px;\">Hoher Siedepunkt, bis zu 230\u00b0C.<\/span><\/li>\n<li><span style=\"color: #555555; font-size: 14.4px;\">Friert nicht ein. Sch\u00fctzt die Brems- und Kupplungshydraulik vor Temperaturen von bis zu -40 \u00b0C. <\/span><\/li>\n<li><span style=\"color: #555555; font-size: 14.4px;\">Es sch\u00fctzt das System vor Kalk- und Sedimentbildung.<\/span><\/li>\n<li><span style=\"color: #555555; font-size: 14.4px;\">Es sch\u00fctzt vor Korrosion und Zersetzung von Metallelementen des Systems sowie von Dichtungen und Dichtungen aus Gummi und anderen Materialien.<\/span><\/li>\n<li><span style=\"color: #555555; font-size: 14.4px;\">Hergestellt nur aus neuen Materialien, nicht recycelt.<\/span><\/li>\n<li><span style=\"color: #555555; font-size: 14.4px;\">Sie erf\u00fcllt die Anforderungen folgender Normen: PN-C-40005, FMVSS Nr. 116, ISO 4925, SAE J 1704.<\/span><\/li>\n<\/ul>\n<\/div>\n","protected":false},"featured_media":16302,"template":"","meta":[],"product_brand":[],"product_cat":[176,188],"product_tag":[],"class_list":{"0":"post-2125","1":"product","2":"type-product","3":"status-publish","4":"has-post-thumbnail","6":"product_cat-automobilchemie","7":"product_cat-bremsflussigkeiten","9":"first","10":"instock","11":"shipping-taxable","12":"product-type-variable"},"acf":[],"_links":{"self":[{"href":"https:\/\/glitherm.com\/de\/wp-json\/wp\/v2\/product\/2125","targetHints":{"allow":["GET"]}}],"collection":[{"href":"https:\/\/glitherm.com\/de\/wp-json\/wp\/v2\/product"}],"about":[{"href":"https:\/\/glitherm.com\/de\/wp-json\/wp\/v2\/types\/product"}],"wp:featuredmedia":[{"embeddable":true,"href":"https:\/\/glitherm.com\/de\/wp-json\/wp\/v2\/media\/16302"}],"wp:attachment":[{"href":"https:\/\/glitherm.com\/de\/wp-json\/wp\/v2\/media?parent=2125"}],"wp:term":[{"taxonomy":"product_brand","embeddable":true,"href":"https:\/\/glitherm.com\/de\/wp-json\/wp\/v2\/product_brand?post=2125"},{"taxonomy":"product_cat","embeddable":true,"href":"https:\/\/glitherm.com\/de\/wp-json\/wp\/v2\/product_cat?post=2125"},{"taxonomy":"product_tag","embeddable":true,"href":"https:\/\/glitherm.com\/de\/wp-json\/wp\/v2\/product_tag?post=2125"}],"curies":[{"name":"wp","href":"https:\/\/api.w.org\/{rel}","templated":true}]}}