{"id":21266,"date":"2023-11-28T08:57:38","date_gmt":"2023-11-28T07:57:38","guid":{"rendered":"https:\/\/glitherm.com\/produkt\/glicar-g12-kuehlerfluessigkeit\/"},"modified":"2025-12-11T09:29:27","modified_gmt":"2025-12-11T08:29:27","slug":"glicar-g12-kuehlerfluessigkeit","status":"publish","type":"product","link":"https:\/\/glitherm.com\/de\/produkt\/glicar-g12-kuehlerfluessigkeit\/","title":{"rendered":"Nicht gefrierende K\u00fchlerfl\u00fcssigkeit GLICAR G12+"},"content":{"rendered":"<p>Das GLICAR G12+ K\u00fchler\u00f6l ist ein Produkt der neuesten Generation mit einer verl\u00e4ngerten Lebensdauer \u2013 Long Life. Basierend auf organischer S\u00e4uretechnologie \u2013 HOAT. Es wird auf Basis von Ethylenglykol hergestellt. F\u00fcr die Produktion wird ausschlie\u00dflich Prim\u00e4rrohmaterial verwendet. Es wird weder recycelt noch recycelt. Die Produktformel ist mit zahlreichen Antikorrosionsadditiven und Raffinerien angereichert, bietet einen vollst\u00e4ndigen Korrosionsschutz der Metallelemente des Systems und sch\u00fctzt Gummielemente, Dichtungen und Dichtungen vor vorzeitigem Verschlei\u00df. Schaumschutzstoffe sch\u00fctzen das System effektiv vor Schaumbildung und damit verbundenen Problemen. GLICAR G12+ lagert keine Kalkablagerungen im System ab, sch\u00fctzt vor der Niederschlagung von Ablagerungen und h\u00e4lt das System sauber.       <\/p>\n<div id=\"showMoreDiv\" class=\"collapsed\">\u00a0\n<p>Die K\u00fchlerfl\u00fcssigkeit GLICAR G12+ verf\u00fcgt \u00fcber Standard-W\u00e4rme\u00fcbertragungsparameter mit einer garantierten Kristallisationstemperatur von bis zu -37 \u00b0C. Das K\u00fchlmittel GLICAR G12+ kann erfolgreich in allen Fahrzeugen und station\u00e4ren Motoren eingesetzt werden. Seine Verwendung kann mit gutem Gewissen den Besitzern von Quads und Motorr\u00e4dern, Pkw, Sattelschleppern und Transportern, Lastkraftwagen, Bussen oder anderen Spezial- und Spezialfahrzeugen empfohlen werden.  <\/p>\n<p><strong>Standards, die von GLICAR G12+ erf\u00fcllt und eingehalten werden.<\/strong><\/p>\n<p><span style=\"font-weight: 400;\">Das Produkt unterliegt folgenden Normen: PN93\/C-40008-10; PN-C-40007; ASTM D 5931-13; ASTM D 1287-11; PN 93\/C-40008-05; PN-C-40008-06:1993\/AZ 1:2000. <\/span><\/p>\n<p><span style=\"font-weight: 400;\">Entspricht AUDI\/SEAT\/SKODA\/VW TL 774 D\/F (G12, G12+), AFNOR NFR 15-601, ASTM D 3306, ASTM D 4656, ASTM D 4985, ASTM D 6210, BS 6580:2010, CATERPILLAR MAK A4.05.09.01, CUMMINS CES 14439, CUMMINS CES 14603, DAF 74002, DEUTZ DQC CB-14, FORD WSS-M97-844 D, JOHN DEERE JDM H5, KOMATSU AF-NAC, Man 324 SNF, MB 326.3, RENAULT 41-01-001\/- S-TYP D, VOLVO K\u00dcHLMITTEL-VCS, VOLVO-K\u00dcHLMITTEL-VCS 2, SAE J1034. <\/span><\/p>\n<p><strong>UV-Additiv<\/strong><\/p>\n<p>Die Produktrezeptur kann auf Kundenwunsch mit UV-Farbstoff angereichert werden. Dieses Additiv bewirkt, dass das K\u00fchlmittel im UV-Licht gl\u00fcht. Gleichzeitig bleibt das Additiv neutral gegen\u00fcber den funktionellen physikalisch-chemischen Eigenschaften des Produkts. Das Leuchten der Fl\u00fcssigkeit im UV-Licht ist von unsch\u00e4tzbarem Wert, wenn es darum geht, die Dichtheit des K\u00fchlsystems zu diagnostizieren. Es reicht aus, das System oder das getestete Fragment abzudunkeln und mit Licht zu beleuchten, das ein UV-Spektrum enth\u00e4lt, um die Dichtheit des Systems zu best\u00e4tigen oder die Leckage zu bestimmen. Dies spart Zeit, indem die Diagnose der Dichtheit des K\u00fchlsystems auf das notwendige Minimum reduziert wird. Der Hersteller empfiehlt f\u00fcr jedes K\u00fchlsystem die Verwendung eines UV-Additivs      <\/p>\n<p><strong>Farbe.<\/strong><\/p>\n<p>Die GLICAR G12+ K\u00fchlerfl\u00fcssigkeit ist serienm\u00e4\u00dfig gelb eingef\u00e4rbt. Die F\u00e4rbung des Produkts wird durch Zugabe nat\u00fcrlicher mineralischer Pigmente erreicht. Die Pigmente, die zur F\u00e4rbung des Produkts verwendet werden, beeintr\u00e4chtigen in keiner Weise die funktionellen physikalisch-chemischen Eigenschaften des Produkts. Auf Kundenwunsch k\u00f6nnen die Pigmente, die das Produkt gelb f\u00e4rben, durch einen Farbstoff ersetzt werden, der dem Produkt eine rote Farbe verleiht.   <\/p>\n<p><strong>AUFMERKSAMKEIT!<\/strong><\/p>\n<p>GLICAR G12+ K\u00fchlerfl\u00fcssigkeit kann in K\u00fchlsystemen verwendet werden, die aus den am h\u00e4ufigsten verwendeten Materialien hergestellt werden. GLICAR G12+ ist f\u00fcr K\u00fchlsysteme aus Messing, Kupfer, einschlie\u00dflich gel\u00f6tetem Kupfer, und Aluminium bestimmt. <\/p>\n<\/div>\n<a id=\"readMoreButton\" href=\"javascript:void(0);\" data-readmore=\"Mehr lesen\" data-readless=\"Text verbergen\">Mehr lesen<\/a>\n","protected":false},"excerpt":{"rendered":"<p><strong>Das GLICAR G12+ in K\u00fcrze:<\/strong><\/p>\n<ul>\n<li>Es muss nicht verd\u00fcnnt werden, es ist gebrauchsfertig.<\/li>\n<li>Produkt mit langer Lebensdauer.<\/li>\n<li>Enth\u00e4lt kein Glycerin.<\/li>\n<li>Es gefriert nicht, die garantierte Kristallisationstemperatur betr\u00e4gt -37\u00b0C.<\/li>\n<li>Basierend auf der HOAT-Technologie.<\/li>\n<li>Sch\u00fctzt das K\u00fchlsystem vor Kalkablagerungen und mineralischen Niederschl\u00e4gen.<\/li>\n<li>Es sch\u00fctzt Metallbauteile vor Korrosion und verhindert den vorzeitigen Verschlei\u00df von Gummikomponenten, Dichtungen und Dichtungen.<\/li>\n<li>Hergestellt auf der Basis von Ethylenglykol.<\/li>\n<li>Es hat folgende Standards: PN93\/C-40008-10; PN-C-40007; ASTM D 5931-13; ASTM D 1287-11; PN 93\/C-40008-05; PN-C-40008-06:1993\/AZ 1:2000.<\/li>\n<li>Entspricht AUDI\/SEAT\/SKODA\/VW TL 774 D\/F (G12, G12+), AFNOR NFR 15-601, ASTM D 3306, ASTM D 4656, ASTM D 4985, ASTM D 6210, BS 6580:2010, CATERPILLAR MAK A4.05.09.01, CUMMINS CES 14439, CUMMINS CES 14603, DAF 74002, DEUTZ DQC CB-14, FORD WSS-M97-844 D, JOHN DEERE JDM H5, KOMATSU AF-NAC, Man 324 SNF, MB 326.3, RENAULT 41-01-001\/- S-TYP D, VOLVO K\u00dcHLMITTEL-VCS, VOLVO-K\u00dcHLMITTEL-VCS 2, SAE J1034.<\/li>\n<\/ul>\n","protected":false},"featured_media":16543,"template":"","meta":[],"product_brand":[],"product_cat":[176,182,194],"product_tag":[],"class_list":{"0":"post-21266","1":"product","2":"type-product","3":"status-publish","4":"has-post-thumbnail","6":"product_cat-automobilchemie","7":"product_cat-kuhlmittel-fur-kraftfahrzeuge","8":"product_cat-uv-zusatz","10":"first","11":"instock","12":"shipping-taxable","13":"product-type-variable"},"acf":[],"_links":{"self":[{"href":"https:\/\/glitherm.com\/de\/wp-json\/wp\/v2\/product\/21266","targetHints":{"allow":["GET"]}}],"collection":[{"href":"https:\/\/glitherm.com\/de\/wp-json\/wp\/v2\/product"}],"about":[{"href":"https:\/\/glitherm.com\/de\/wp-json\/wp\/v2\/types\/product"}],"wp:featuredmedia":[{"embeddable":true,"href":"https:\/\/glitherm.com\/de\/wp-json\/wp\/v2\/media\/16543"}],"wp:attachment":[{"href":"https:\/\/glitherm.com\/de\/wp-json\/wp\/v2\/media?parent=21266"}],"wp:term":[{"taxonomy":"product_brand","embeddable":true,"href":"https:\/\/glitherm.com\/de\/wp-json\/wp\/v2\/product_brand?post=21266"},{"taxonomy":"product_cat","embeddable":true,"href":"https:\/\/glitherm.com\/de\/wp-json\/wp\/v2\/product_cat?post=21266"},{"taxonomy":"product_tag","embeddable":true,"href":"https:\/\/glitherm.com\/de\/wp-json\/wp\/v2\/product_tag?post=21266"}],"curies":[{"name":"wp","href":"https:\/\/api.w.org\/{rel}","templated":true}]}}