{"id":21274,"date":"2023-11-29T08:48:47","date_gmt":"2023-11-29T07:48:47","guid":{"rendered":"https:\/\/glitherm.com\/produkt\/glicar-g12-kuehlerfluessigkeit-konzentrat\/"},"modified":"2026-01-12T11:39:10","modified_gmt":"2026-01-12T10:39:10","slug":"glicar-g12-kuehlerfluessigkeit-konzentrat","status":"publish","type":"product","link":"https:\/\/glitherm.com\/de\/produkt\/glicar-g12-kuehlerfluessigkeit-konzentrat\/","title":{"rendered":"K\u00fchlerfl\u00fcssigkeitskonzentrat GLICAR G12+"},"content":{"rendered":"<p>GLICAR G12+ Frostschutzkonzentrat ist kein gebrauchsfertiges Produkt. Vor der Anwendung sollte das Konzentrat im Volumenverh\u00e4ltnis 1:1 mit demineralisiertem Wasser verd\u00fcnnt werden. Der Hersteller r\u00e4t dringend davon ab, unverd\u00fcnntes Konzentrat und Fl\u00fcssigkeit mit \u00fcberm\u00e4\u00dfigen Mengen an demineralisiertem Wasser zu verwenden. Eine Fl\u00fcssigkeit, die in anderen Anteilen von Konzentrat und demineralisiertem Wasser als vom Hersteller empfohlen hergestellt wird, weist m\u00f6glicherweise nicht alle erforderlichen funktionellen Eigenschaften auf. Mehr zur Verd\u00fcnnung und Zubereitung der fertigen Mischung finden Sie im Reiter &#8222;Verd\u00fcnnung&#8220;.<\/p>\n<div id=\"showMoreDiv\" class=\"collapsed\">\u00a0\n<p>GLICAR G12+ K\u00fchlerfl\u00fcssigkeitskonzentrat ist ein Produkt mit einer konzentrierten Formel. Mit dem Frostschutzmittel GLICAR G12+ erhalten Sie ein K\u00fchlmittel auf Ethylenglykolbasis von ausgezeichneter Qualit\u00e4t mit langer Lebensdauer &#8211; Long Life. Bei der Herstellung von GLICAR G12+ CONCENTRATE wurde eine moderne Hybridtechnologie aus organischen S\u00e4uren HOAT verwendet, die die Vorteile der organischen OAT- und anorganischen IAT-Technologie kombiniert. Die Produktformel, angereichert mit zahlreichen Korrosionsschutzadditiven und -verfeinerern, gew\u00e4hrleistet einen vollst\u00e4ndigen Korrosionsschutz von Metallelementen und konserviert und sch\u00fctzt Kunststoff- und Gummielemente vor vorzeitigem Verschlei\u00df. Antischaumadditive beseitigen Probleme, die mit dem Auftreten von Schaum im System verbunden sind. Die auf der Basis von GLICAR G12+ Konzentrat hergestellte Fl\u00fcssigkeit erf\u00fcllt die Anforderungen an niedrig gefrierende Fl\u00fcssigkeiten und kristallisiert erst bei -37\u00b0C. Das Produkt verursacht keine Kalkablagerungen und sch\u00fctzt vor Niederschlag. H\u00e4lt das System sauber. Enth\u00e4lt kein Glycerin. Es kann in K\u00fchlsystemen verwendet werden: Motorr\u00e4der, Fu\u00dfg\u00e4ngerbr\u00fccken und andere Freizeitfahrzeuge, in Autos und Lastkraftwagen, Sattelzugmaschinen, Bussen, Baumaschinen, Traktoren und Landmaschinen, Milit\u00e4rfahrzeugen und -ger\u00e4ten. GLICAR G12+ K\u00fchlerfl\u00fcssigkeit kann in station\u00e4ren Motoren eingesetzt werden, z. B. in Stromerzeugern, Feldkraftwerken usw. Es mischt sich perfekt mit anderen Produkten, die die Standards G12 und G12+ erf\u00fcllen.<\/p>\n<p><strong>Die Standards, die von der K\u00fchlerfl\u00fcssigkeit erf\u00fcllt und eingehalten werden, wurden auf der Basis des GLICAR G12+ Konzentrats erstellt<\/strong><\/p>\n<p>Das Produkt unterliegt folgenden Normen: PN93\/C-40008-10; PN-C-40007; ASTM D 5931-13; ASTM D 1287-11; PN 93\/C-40008-05; PN-C-40008-06:1993\/AZ 1:2000.<\/p>\n<p>Entspricht AUDI\/SEAT\/SKODA\/VW TL 774 D\/F (G12, G12+), AFNOR NFR 15-601, ASTM D 3306, ASTM D 4656, ASTM D 4985, ASTM D 6210, BS 6580:2010, CATERPILLAR MAK A4.05.09.01, CUMMINS CES 14439, CUMMINS CES 14603, DAF 74002, DEUTZ DQC CB-14, FORD WSS-M97-844 D, JOHN DEERE JDM H5, KOMATSU AF-NAC, Man 324 SNF, MB 326.3, RENAULT 41-01-001\/- S-TYP D, VOLVO K\u00dcHLMITTEL-VCS, VOLVO-K\u00dcHLMITTEL-VCS 2, SAE J1034.<\/p>\n<p><strong>UV-Additiv<\/strong><\/p>\n<p>Auf Kundenwunsch kann die Produktrezeptur mit UV-Farbstoff angereichert werden. Dieses Additiv bewirkt, dass die GLICAR G12+ K\u00fchlerfl\u00fcssigkeit unter UV-Licht gl\u00fcht. Dies macht die Leckdiagnose im K\u00fchlsystem zu einem einfachen und schnellen Vorgang. Es reicht aus, einen abgedunkelten Teil der Anlage mit Licht zu beleuchten, das das UV-Spektrum enth\u00e4lt, um die Dichtheit des Systems oder seine Entsiegelung eindeutig zu bestimmen. Selbst kleine Lecks, die sich an schwer zug\u00e4nglichen Stellen befinden, lassen sich nicht verbergen, wenn wir ein K\u00fchlmittel mit einem UV-Additiv haben. Das erleichtert die Diagnose des K\u00fchlsystems und reduziert den Zeitaufwand f\u00fcr die Diagnose des K\u00fchlsystems erheblich. Das UV-Additiv bleibt neutral gegen\u00fcber den physikalisch-chemischen Eigenschaften des K\u00fchlmittels. Der Hersteller empfiehlt f\u00fcr alle K\u00fchlsysteme die Verwendung einer Fl\u00fcssigkeit mit einem UV-Additiv.<\/p>\n<p><strong>Farbe<\/strong><\/p>\n<p>Das GLICAR G12+ K\u00fchlerfl\u00fcssigkeitskonzentrat ist serienm\u00e4\u00dfig in gelb erh\u00e4ltlich. Die Farbe wird durch Zugabe von mineralischen Pigmenten erhalten, die v\u00f6llig neutral zu den physikalisch-chemischen Eigenschaften des Produkts sind. Auf Wunsch kann das Produkt rot gebeizt werden.<\/p>\n<p><strong>ACHTUNG!<\/strong><\/p>\n<p>Das auf der Basis des K\u00fchlerfl\u00fcssigkeitskonzentrats GLICAR G12+ gewonnene K\u00fchlmittel kann in Verbrennungsmotoren verwendet werden, die sowohl mit gel\u00f6teten Messing- (Kupfer-)Heizk\u00f6rpern als auch mit Aluminiumk\u00fchlern ausgestattet sind.<\/p>\n<\/div>\n<a id=\"readMoreButton\" href=\"javascript:void(0);\" data-readmore=\"Mehr lesen\" data-readless=\"Text verbergen\">Mehr lesen<\/a>\n","protected":false},"excerpt":{"rendered":"<p><strong>Das GLICAR G12+ KONZENTRAT in K\u00fcrze:<\/strong><\/p>\n<ul>\n<li>Konzentrierte Formulierung, weniger Platz f\u00fcr Transport und Lagerung.<\/li>\n<li>Es kristallisiert erst bei -37\u00b0C.<\/li>\n<li>Es sch\u00fctzt die Metallelemente des Systems vor Korrosion.<\/li>\n<li>Sch\u00fctzt Gummielemente vor vorzeitigem Verschlei\u00df.<\/li>\n<li>Produkt mit langer Lebensdauer.<\/li>\n<li>Basierend auf HOAT-Technologie.<\/li>\n<li>Enth\u00e4lt kein Glycerin.<\/li>\n<li>Es mischt sich perfekt mit anderen G12- und G12+-Fl\u00fcssigkeiten.<\/li>\n<li>Es hat folgende Standards: PN93\/C-40008-10; PN-C-40007; ASTM D 5931-13; ASTM D 1287-11; PN 93\/C-40008-05; PN-C-40008-06:1993\/AZ 1:2000.<\/li>\n<li>Entspricht AUDI\/SEAT\/SKODA\/VW TL 774 D\/F (G12, G12+), AFNOR NFR 15-601, ASTM D 3306, ASTM D 4656, ASTM D 4985, ASTM D 6210, BS 6580:2010, CATERPILLAR MAK A4.05.09.01, CUMMINS CES 14439, CUMMINS CES 14603, DAF 74002, DEUTZ DQC CB-14, FORD WSS-M97-844 D, JOHN DEERE JDM H5, KOMATSU AF-NAC, Man 324 SNF, MB 326.3, RENAULT 41-01-001\/- S-TYP D, VOLVO K\u00dcHLMITTEL-VCS, VOLVO-K\u00dcHLMITTEL-VCS 2, SAE J1034.<\/li>\n<\/ul>\n","protected":false},"featured_media":16567,"template":"","meta":[],"product_brand":[],"product_cat":[176,182,194],"product_tag":[],"class_list":{"0":"post-21274","1":"product","2":"type-product","3":"status-publish","4":"has-post-thumbnail","6":"product_cat-automobilchemie","7":"product_cat-kuhlmittel-fur-kraftfahrzeuge","8":"product_cat-uv-zusatz","10":"first","11":"instock","12":"shipping-taxable","13":"product-type-variable"},"acf":[],"_links":{"self":[{"href":"https:\/\/glitherm.com\/de\/wp-json\/wp\/v2\/product\/21274","targetHints":{"allow":["GET"]}}],"collection":[{"href":"https:\/\/glitherm.com\/de\/wp-json\/wp\/v2\/product"}],"about":[{"href":"https:\/\/glitherm.com\/de\/wp-json\/wp\/v2\/types\/product"}],"wp:featuredmedia":[{"embeddable":true,"href":"https:\/\/glitherm.com\/de\/wp-json\/wp\/v2\/media\/16567"}],"wp:attachment":[{"href":"https:\/\/glitherm.com\/de\/wp-json\/wp\/v2\/media?parent=21274"}],"wp:term":[{"taxonomy":"product_brand","embeddable":true,"href":"https:\/\/glitherm.com\/de\/wp-json\/wp\/v2\/product_brand?post=21274"},{"taxonomy":"product_cat","embeddable":true,"href":"https:\/\/glitherm.com\/de\/wp-json\/wp\/v2\/product_cat?post=21274"},{"taxonomy":"product_tag","embeddable":true,"href":"https:\/\/glitherm.com\/de\/wp-json\/wp\/v2\/product_tag?post=21274"}],"curies":[{"name":"wp","href":"https:\/\/api.w.org\/{rel}","templated":true}]}}