{"id":21289,"date":"2023-12-04T08:13:16","date_gmt":"2023-12-04T07:13:16","guid":{"rendered":"https:\/\/glitherm.com\/produkt\/glicar-eco-kuehlerfluessigkeit\/"},"modified":"2025-12-12T09:40:28","modified_gmt":"2025-12-12T08:40:28","slug":"glicar-eco-kuehlerfluessigkeit","status":"publish","type":"product","link":"https:\/\/glitherm.com\/de\/produkt\/glicar-eco-kuehlerfluessigkeit\/","title":{"rendered":"Nicht gefrierende K\u00fchlerfl\u00fcssigkeit GLICAR ECO"},"content":{"rendered":"<p>GLICAR EKO Frostschutzmittel ist ein biologisch abbaubares, ungiftiges und f\u00fcr Mensch und Umwelt v\u00f6llig sicheres K\u00fchlmittel auf Basis von Monopropylenglykol. GLICAR EKO-Fl\u00fcssigkeit ist ein \u00f6kologisches Angebot f\u00fcr K\u00fchlsysteme aller Arten von Verbrennungsmotoren und eine umweltfreundliche Alternative zu herk\u00f6mmlichen K\u00fchlerfl\u00fcssigkeiten, die auf dem Markt erh\u00e4ltlich sind. GLICAR EKO ist ein gebrauchsfertiges Produkt.  <\/p>\n<div id=\"showMoreDiv\" class=\"collapsed\">\u00a0\n<p>GLICAR ECO-K\u00fchlmittel wird auf Basis prim\u00e4rer Monopropylenglykol hergestellt. Der Hersteller verwendet nur die hochwertigsten Rohstoffe, diese werden nicht recycelt und nicht recycelt. Dank dieser hochwertigen Rohstoffe und eines Rezepts, das mit zahlreichen Korrosionsinhibitoren, Raffinerien und Schaumschutzmitteln angereichert ist, entsteht ein Produkt von \u00fcberdurchschnittlicher Qualit\u00e4t. Sie bietet einen vollst\u00e4ndigen Korrosionsschutz f\u00fcr Metallteile und sch\u00fctzt sowie sch\u00fctzt Gummiteile vor Verschlei\u00df und vorzeitigem Verschlei\u00df.<\/p>\n<p>Sch\u00fctzt das K\u00fchlsystem vor niedrigen Temperaturen bis zu -35\u00b0C.<\/p>\n<p>Schaumschutzadditive garantieren die Beseitigung von Problemen im Zusammenhang mit dem Erscheinungsbild von Schaum im K\u00fchlsystem.<\/p>\n<p>GLICAR EKO sch\u00fctzt das K\u00fchlsystem gegen Kalkablagerungen und Niederschlag. Die Verwendung von GLICAR EKO K\u00fchlerfl\u00fcssigkeit garantiert, dass die Installation sauber bleibt.<\/p>\n<p>Das GLICAR EKO-K\u00fchlmittel kann erfolgreich in Motorr\u00e4dern, Quads und anderen Freizeitfahrzeugen, Autos und Lastwagen eingesetzt werden, einschlie\u00dflich Traktoren, Bussen, Baumaschinen, Traktoren und landwirtschaftlichen Maschinen, Milit\u00e4rfahrzeugen und -ausr\u00fcstungen sowie station\u00e4ren Motoren.<\/p>\n<p><strong>UV-Marker!<\/strong><\/p>\n<p>Auf Kundenwunsch kann das Produkt mit einem UV-Farbstoff angereichert werden, der unter dem Einfluss von UV-Strahlung leuchtet, was die Diagnose der Dichtheit des Systems erleichtert und seine Zeit erheblich verk\u00fcrzt. Es reicht aus, den abgedunkelten Teil des K\u00fchlsystems mit Licht mit UV-Spektrum zu beleuchten, um die Dichtheit des Systems eindeutig zu best\u00e4tigen oder das Leck zu lokalisieren. Der Hersteller empfiehlt die Verwendung eines UV-Additivs in jedem K\u00fchlsystem. Das UV-Additiv ist gegen\u00fcber den funktionellen physikalisch-chemischen Eigenschaften des Produkts v\u00f6llig inert.   <\/p>\n<p><strong>Farbe.<\/strong><\/p>\n<p>Die GLICAR EKO K\u00fchlerfl\u00fcssigkeit ist serienm\u00e4\u00dfig in Gr\u00fcn erh\u00e4ltlich. Die F\u00e4rbung des Produkts wird durch Zugabe von mineralischen Pigmenten erreicht. Die Pigmente, die das Produkt f\u00e4rben, bleiben neutral gegen\u00fcber den funktionellen Eigenschaften des Produkts.  <\/p>\n<p><strong>ACHTUNG!<\/strong><\/p>\n<p>Die K\u00fchlerfl\u00fcssigkeit GLICAR EKO ist f\u00fcr den Einsatz in K\u00fchlsystemen von Verbrennungsmotoren bestimmt, die mit Messing- (Kupfer), gel\u00f6teten und Aluminiumk\u00fchlern ausgestattet sind.<\/p>\n<\/div>\n<a id=\"readMoreButton\" href=\"javascript:void(0);\" data-readmore=\"Mehr lesen\" data-readless=\"Text verbergen\">Mehr lesen<\/a>\n","protected":false},"excerpt":{"rendered":"<p><strong>Das GLICAR EKO in K\u00fcrze:<\/strong><\/p>\n<ul>\n<li>Biologisch abbaubar.<\/li>\n<li>Ungiftig, sicher f\u00fcr Mensch und Umwelt.<\/li>\n<li>Es verf\u00fcgt \u00fcber ein Zertifikat des Nationalen Hygieneinstituts.<\/li>\n<li>Frostbest\u00e4ndig. Es bleibt bis zu -35\u00b0C fl\u00fcssig. <\/li>\n<li>Sch\u00fctzt das K\u00fchlsystem vor Korrosion.<\/li>\n<li>Konserviert und sch\u00fctzt Gummikomponenten vor vorzeitigem Verschlei\u00df.<\/li>\n<li>Ein breites Anwendungsspektrum von Zweir\u00e4dern und Freizeitfahrzeugen \u00fcber Pkw und Lastkraftwagen, Busse und Sattelzugmaschinen bis hin zu Spezialfahrzeugen wie Baumaschinen und -ger\u00e4ten, Traktoren und landwirtschaftlichen Maschinen, milit\u00e4rischen Ger\u00e4ten und station\u00e4ren Motoren.<\/li>\n<\/ul>\n<p>&nbsp;<\/p>\n","protected":false},"featured_media":16722,"template":"","meta":[],"product_brand":[],"product_cat":[176,182,194],"product_tag":[],"class_list":{"0":"post-21289","1":"product","2":"type-product","3":"status-publish","4":"has-post-thumbnail","6":"product_cat-automobilchemie","7":"product_cat-kuhlmittel-fur-kraftfahrzeuge","8":"product_cat-uv-zusatz","10":"first","11":"instock","12":"shipping-taxable","13":"product-type-variable"},"acf":[],"_links":{"self":[{"href":"https:\/\/glitherm.com\/de\/wp-json\/wp\/v2\/product\/21289","targetHints":{"allow":["GET"]}}],"collection":[{"href":"https:\/\/glitherm.com\/de\/wp-json\/wp\/v2\/product"}],"about":[{"href":"https:\/\/glitherm.com\/de\/wp-json\/wp\/v2\/types\/product"}],"wp:featuredmedia":[{"embeddable":true,"href":"https:\/\/glitherm.com\/de\/wp-json\/wp\/v2\/media\/16722"}],"wp:attachment":[{"href":"https:\/\/glitherm.com\/de\/wp-json\/wp\/v2\/media?parent=21289"}],"wp:term":[{"taxonomy":"product_brand","embeddable":true,"href":"https:\/\/glitherm.com\/de\/wp-json\/wp\/v2\/product_brand?post=21289"},{"taxonomy":"product_cat","embeddable":true,"href":"https:\/\/glitherm.com\/de\/wp-json\/wp\/v2\/product_cat?post=21289"},{"taxonomy":"product_tag","embeddable":true,"href":"https:\/\/glitherm.com\/de\/wp-json\/wp\/v2\/product_tag?post=21289"}],"curies":[{"name":"wp","href":"https:\/\/api.w.org\/{rel}","templated":true}]}}