{"id":21299,"date":"2023-11-23T10:34:52","date_gmt":"2023-11-23T09:34:52","guid":{"rendered":"https:\/\/glitherm.com\/produkt\/glicar-bremsenreiniger\/"},"modified":"2025-12-12T11:10:36","modified_gmt":"2025-12-12T10:10:36","slug":"glicar-bremsenreiniger","status":"publish","type":"product","link":"https:\/\/glitherm.com\/de\/produkt\/glicar-bremsenreiniger\/","title":{"rendered":"Bremsenreiniger GLICAR"},"content":{"rendered":"<p>Der GLICAR-Bremsenabzieher ist ein universelles L\u00f6sungsmittel, das sowohl in der Industrie als auch in Kfz-Werkst\u00e4tten weit verbreitet ist. Der GLICAR Bremsenabzieher ist ein effektives Pr\u00e4parat f\u00fcr die Reinigung von Bremssystemkomponenten wie Bremsscheiben, Kupplungsscheiben, Trommelscheiben und Bremss\u00e4tteln, das sich an Profis richtet. Das Produkt kann erfolgreich zur effektiven Reinigung von Differentialen, McPerson-Federbeinen, Zylindern, Laufbuchsen, Zahnr\u00e4dern, Vergasern, Kraftstoffpumpen und anderen Metalloberfl\u00e4chen, sowohl Teilen als auch Werkzeugen, eingesetzt werden.  <\/p>\n<div id=\"showMoreDiv\" class=\"collapsed\">\u00a0\n<p>Dank der Verwendung einer modernen Formel, die die st\u00e4rksten Wirkstoffe kombiniert, entfernt die Zubereitung effektiv den Gro\u00dfteil des Industrieschmutzes. Der GLICAR-Bremsentferner l\u00f6st effektiv \u00d6le, Fette, Wachse, Bremsfl\u00fcssigkeiten, tempor\u00e4re Schutzmittel und R\u00fcckst\u00e4nde von Industrieklebstoffen. Das Produkt verdunstet sofort von der gereinigten Oberfl\u00e4che und l\u00e4sst sie frei von Streifen oder Verunreinigungen.   Es korrodiert die gereinigten Komponenten nicht.<\/p>\n<\/div>\n<a id=\"readMoreButton\" href=\"javascript:void(0);\" data-readmore=\"Mehr lesen\" data-readless=\"Text verbergen\">Mehr lesen<\/a>\n","protected":false},"excerpt":{"rendered":"<p><strong>Der GLICAR Bremsenreiniger in K\u00fcrze: <\/strong><\/p>\n<ul>\n<li>Reinigt Metalloberfl\u00e4chen effizient.<\/li>\n<li>Entfernt effektiv: Bremsfl\u00fcssigkeit, Wachse, \u00d6le, Fette, tempor\u00e4re Schutzprodukte, Klebstoffreste usw.<\/li>\n<li>Es w\u00e4scht die meisten industriellen Verunreinigungen effektiv weg.<\/li>\n<li>Es kann sowohl f\u00fcr die Teile- als auch f\u00fcr die Werkzeugreinigung verwendet werden.<\/li>\n<li>Es verdunstet sofort.<\/li>\n<li>Nach der Verdunstung hinterl\u00e4sst es keine Schlieren oder andere Verunreinigungen.<\/li>\n<li>Es korrodiert die gereinigten Komponenten nicht.<\/li>\n<\/ul>\n","protected":false},"featured_media":16332,"template":"","meta":[],"product_brand":[],"product_cat":[179,176],"product_tag":[],"class_list":{"0":"post-21299","1":"product","2":"type-product","3":"status-publish","4":"has-post-thumbnail","6":"product_cat-andere","7":"product_cat-automobilchemie","9":"first","10":"instock","11":"shipping-taxable","12":"product-type-variable"},"acf":[],"_links":{"self":[{"href":"https:\/\/glitherm.com\/de\/wp-json\/wp\/v2\/product\/21299","targetHints":{"allow":["GET"]}}],"collection":[{"href":"https:\/\/glitherm.com\/de\/wp-json\/wp\/v2\/product"}],"about":[{"href":"https:\/\/glitherm.com\/de\/wp-json\/wp\/v2\/types\/product"}],"wp:featuredmedia":[{"embeddable":true,"href":"https:\/\/glitherm.com\/de\/wp-json\/wp\/v2\/media\/16332"}],"wp:attachment":[{"href":"https:\/\/glitherm.com\/de\/wp-json\/wp\/v2\/media?parent=21299"}],"wp:term":[{"taxonomy":"product_brand","embeddable":true,"href":"https:\/\/glitherm.com\/de\/wp-json\/wp\/v2\/product_brand?post=21299"},{"taxonomy":"product_cat","embeddable":true,"href":"https:\/\/glitherm.com\/de\/wp-json\/wp\/v2\/product_cat?post=21299"},{"taxonomy":"product_tag","embeddable":true,"href":"https:\/\/glitherm.com\/de\/wp-json\/wp\/v2\/product_tag?post=21299"}],"curies":[{"name":"wp","href":"https:\/\/api.w.org\/{rel}","templated":true}]}}