{"id":21324,"date":"2023-11-24T08:46:32","date_gmt":"2023-11-24T07:46:32","guid":{"rendered":"https:\/\/glitherm.com\/produkt\/glicar-universal-kuehlerfluessigkeit\/"},"modified":"2025-12-12T09:20:40","modified_gmt":"2025-12-12T08:20:40","slug":"glicar-universal-kuehlerfluessigkeit","status":"publish","type":"product","link":"https:\/\/glitherm.com\/de\/produkt\/glicar-universal-kuehlerfluessigkeit\/","title":{"rendered":"Nicht gefrierende K\u00fchlerfl\u00fcssigkeit GLICAR UNIVERSAL"},"content":{"rendered":"<p>GLICAR UNIVERSAL Frostschutzmittel ist ein hochwertiges Produkt, das eine Alternative zu den meisten Produkten auf dem Markt sein kann. Es kann erfolgreich in allen fl\u00fcssigkeitsgek\u00fchlten Verbrennungsmotoren eingesetzt werden. Speziell f\u00fcr K\u00fchlsysteme in Motorr\u00e4dern, Quads und anderen Freizeitfahrzeugen, Pkw und Lastkraftwagen. Es kann in landwirtschaftlichen Ger\u00e4ten, Fahrzeugen und Baumaschinen sowie milit\u00e4rischen Ger\u00e4ten verwendet werden.   <\/p>\n<div id=\"showMoreDiv\" class=\"collapsed\">\u00a0\n<p>GLICAR UNIVERSAL K\u00fchlerfl\u00fcssigkeit ist eine ausgewogene Formel auf Basis von Monoethylenglykol. Sorgf\u00e4ltig ausgew\u00e4hlte Antikorrosionszus\u00e4tze, Stabilisatoren und Schaumschutzmittel bieten Korrosionsschutz f\u00fcr Metallkomponenten, einschlie\u00dflich Aluminium, erhalten und verhindern vorzeitigen Verschlei\u00df von Gummielementen, Dichtungen und -dichtungen. Das Produkt sch\u00e4umt weder beim Bef\u00fcllen des Systems noch w\u00e4hrend des Betriebs auf. Es lagert keinen Kalk im K\u00fchlsystem ab und sch\u00fctzt das System vor Niederschlag, wodurch seine Sauberkeit erhalten bleibt. Es ist vollst\u00e4ndig mischbar mit anderen Monoethylenglykol-basierten Fl\u00fcssigkeiten.    <\/p>\n<p>GLICAR UNIVERSAL K\u00fchlerfl\u00fcssigkeit erf\u00fcllt die Anforderungen an niedrige Gerinnungsfl\u00fcssigkeiten. Er friert bei Temperaturen bis zu -35\u00b0C nicht ein, was den Motor und sein K\u00fchlsystem vor niedrigen Temperaturen sch\u00fctzt. <\/p>\n<p><span style=\"font-weight: 400;\">Das Produkt erf\u00fcllt die Anforderungen f\u00fcr PN-C-40007, ASTM D 3306 und BS 6580.<\/span><\/p>\n<p><strong>UV-Marker<\/strong><\/p>\n<p>Die K\u00fchlerfl\u00fcssigkeit GLICAR UNIVERSAL kann mit einem UV-Additiv angereichert werden. Dieser Farbstoff ist v\u00f6llig inert und beeinflusst die funktionellen physikalisch-chemischen Eigenschaften des Produkts in keiner Weise. Die Zugabe von UV-Farbstoff bewirkt, dass die Fl\u00fcssigkeit in UV-Strahlen leuchtet. Auf diese Weise gekennzeichnete Fl\u00fcssigkeit reduziert die Diagnose von Systemlecks auf wenige einfache Schritte und verk\u00fcrzt vor allem die Zeit, um das Leck zu finden. Es gen\u00fcgt, das gesamte System oder sein getestetes Element abzudunkeln und es dann mit Licht zu beleuchten, das das UV-Spektrum enth\u00e4lt. Selbst einzelne Tropfen, die im Dunkeln leuchten, sind auch an schwer zug\u00e4nglichen Stellen deutlich sichtbar. Der Hersteller empfiehlt, f\u00fcr jedes K\u00fchlsystem K\u00fchlerfl\u00fcssigkeiten mit einem UV-Marker zu verwenden.      <\/p>\n<p><strong>Farbe.<\/strong><\/p>\n<p>Die GLICAR UNIVERSAL K\u00fchlerfl\u00fcssigkeit ist serienm\u00e4\u00dfig rot eingef\u00e4rbt. Die Farbe des Produkts wird durch Zugabe von nat\u00fcrlichen mineralischen Pigmenten erhalten. Die Pigmente, aus denen die fl\u00fcssige Farbe stammt, sind gegen\u00fcber den funktionellen physikalisch-chemischen Eigenschaften des Produkts v\u00f6llig neutral. Das rote Pigment kann auf Kundenwunsch durch andere Pigmente ersetzt werden, so dass Gelb, Gr\u00fcn oder Blau entstehen.   <\/p>\n<\/div>\n<a id=\"readMoreButton\" href=\"javascript:void(0);\" data-readmore=\"Mehr lesen\" data-readless=\"Text verbergen\">Mehr lesen<\/a>\n","protected":false},"excerpt":{"rendered":"<p><strong>GLICAR Universal Fluid auf einen Blick:<\/strong><\/p>\n<ul>\n<li>Breites Anwendungsspektrum.<\/li>\n<li>Speziell f\u00fcr Fl\u00fcssigkeitsk\u00fchlsysteme in Verbrennungsmotoren aller Hersteller.<\/li>\n<li>Erf\u00fcllt die Anforderungen f\u00fcr niedrig gefrierende Fl\u00fcssigkeiten.<\/li>\n<li>Es sch\u00fctzt das System vor niedrigen Temperaturen bis -35\u00b0C.<\/li>\n<li>Sch\u00fctzt das K\u00fchlsystem vor Korrosion.<\/li>\n<li>Erh\u00e4lt und verhindert vorzeitigen Verschlei\u00df von Dichtungen und Dichtungen.<\/li>\n<li>Es sch\u00e4umt nicht.<\/li>\n<li>Sch\u00fctzt vor Kalk- und Sedimentbildung.<\/li>\n<li>Mischbar mit anderen Fl\u00fcssigkeiten auf Monoethylenglykolbasis.<\/li>\n<li>Sie erf\u00fcllt die Anforderungen f\u00fcr PN-C-40007, ASTM D 3306 und BS 6580.<\/li>\n<\/ul>\n","protected":false},"featured_media":16459,"template":"","meta":[],"product_brand":[],"product_cat":[176,182],"product_tag":[],"class_list":{"0":"post-21324","1":"product","2":"type-product","3":"status-publish","4":"has-post-thumbnail","6":"product_cat-automobilchemie","7":"product_cat-kuhlmittel-fur-kraftfahrzeuge","9":"first","10":"instock","11":"shipping-taxable","12":"product-type-variable"},"acf":[],"_links":{"self":[{"href":"https:\/\/glitherm.com\/de\/wp-json\/wp\/v2\/product\/21324","targetHints":{"allow":["GET"]}}],"collection":[{"href":"https:\/\/glitherm.com\/de\/wp-json\/wp\/v2\/product"}],"about":[{"href":"https:\/\/glitherm.com\/de\/wp-json\/wp\/v2\/types\/product"}],"wp:featuredmedia":[{"embeddable":true,"href":"https:\/\/glitherm.com\/de\/wp-json\/wp\/v2\/media\/16459"}],"wp:attachment":[{"href":"https:\/\/glitherm.com\/de\/wp-json\/wp\/v2\/media?parent=21324"}],"wp:term":[{"taxonomy":"product_brand","embeddable":true,"href":"https:\/\/glitherm.com\/de\/wp-json\/wp\/v2\/product_brand?post=21324"},{"taxonomy":"product_cat","embeddable":true,"href":"https:\/\/glitherm.com\/de\/wp-json\/wp\/v2\/product_cat?post=21324"},{"taxonomy":"product_tag","embeddable":true,"href":"https:\/\/glitherm.com\/de\/wp-json\/wp\/v2\/product_tag?post=21324"}],"curies":[{"name":"wp","href":"https:\/\/api.w.org\/{rel}","templated":true}]}}