{"id":21368,"date":"2023-11-24T13:59:29","date_gmt":"2023-11-24T12:59:29","guid":{"rendered":"https:\/\/glitherm.com\/produkt\/glicar-universal-kuehlerfluessigkeit-konzentrat\/"},"modified":"2025-12-12T09:32:56","modified_gmt":"2025-12-12T08:32:56","slug":"glicar-universal-kuehlerfluessigkeit-konzentrat","status":"publish","type":"product","link":"https:\/\/glitherm.com\/de\/produkt\/glicar-universal-kuehlerfluessigkeit-konzentrat\/","title":{"rendered":"K\u00fchlerfl\u00fcssigkeitskonzentrat GLICAR UNIVERSAL"},"content":{"rendered":"<p>Das GLICAR UNIVERSAL K\u00fchlerfl\u00fcssigkeitskonzentrat ist kein gebrauchsfertiges Produkt. Vor der Verwendung des Konzentrats sollte es mit demineralisiertem Wasser im Verh\u00e4ltnis 1:1 verd\u00fcnnt werden. Der Hersteller r\u00e4t dringend davon ab, ein unverd\u00fcnntes Produkt zu verwenden. Au\u00dferdem ist die Verwendung eines Produkts, das zu stark verd\u00fcnnt ist, nicht sicher f\u00fcr Ihren Motor. Mehr \u00fcber den Verd\u00fcnnungsprozess erfahren Sie im Reiter &#8222;Verd\u00fcnnung&#8220;.    <\/p>\n<div id=\"showMoreDiv\" class=\"collapsed\">\u00a0\n<p>GLICAR Universal-Konzentrat ist ein Premiumprodukt, das sich an Profis richtet. Aufgrund der einzigartigen Natur seiner auf Monoethylenglykol basierenden Formulierung ist sie eine Alternative zu den meisten auf dem Markt erh\u00e4ltlichen K\u00fchlmittelfl\u00fcssigkeiten. Es kann in Verbrennungsmotork\u00fchlsystemen aller Hersteller eingesetzt werden. Eine ihrer Anwendungen sind die K\u00fchlsysteme von station\u00e4ren Motoren, die z. B. elektrische Stromgeneratoren oder Feldkraftwerke antreiben, aber sie ist speziell f\u00fcr K\u00fchlsysteme f\u00fcr Motorr\u00e4der, Quads und andere Freizeitfahrzeuge, Autos und Lastwagen sowie in Spezialfahrzeugen vorgesehen. Es eignet sich auch gut f\u00fcr Bau- und landwirtschaftliche Ger\u00e4te und Maschinen sowie f\u00fcr Milit\u00e4rfahrzeuge.    <\/p>\n<p>Das GLICAR UNIVERSAL K\u00fchlerfl\u00fcssigkeitskonzentrat ist ein Produkt, das mit zahlreichen, sorgf\u00e4ltig ausgew\u00e4hlten Antikorrosionsadditiven, Stabilisatoren, Raffinationsadditiven und Schaumschutzmitteln angereichert ist. Ein Satz hochwertiger Rohstoffe, die auf diese Weise hergestellt werden, bietet einen vollst\u00e4ndigen Korrosionsschutz f\u00fcr alle Metallelemente des K\u00fchlsystems. Es erh\u00e4lt und verhindert vorzeitigen Verschlei\u00df und Verschlei\u00df von Gummikomponenten, Dichtungen und -dichtungen. Das Produkt sch\u00e4umt weder w\u00e4hrend der Anwendung noch w\u00e4hrend des Betriebs des K\u00fchlsystems.   <\/p>\n<p>GLICAR UNIVERSAL CONCENTRATE ist vollst\u00e4ndig mischbar mit anderen Fl\u00fcssigkeiten, die auf Basis von Monoethylenglykol hergestellt werden.<\/p>\n<p>Die durch die Verd\u00fcnnung von GLICAR UNIVERSAL-Konzentrat entstehende K\u00fchlerfl\u00fcssigkeit erf\u00fcllt die Anforderungen an niedrige Gerinnungsfl\u00fcssigkeiten. Es bleibt auch bei Temperaturen unter null Grad fl\u00fcssig. Es sch\u00fctzt das K\u00fchlsystem davor, auf -35\u00b0C einzufrieren.  <\/p>\n<p><span style=\"font-weight: 400;\">Das Produkt erf\u00fcllt die Anforderungen an die Normen PN-C-40007, ASTM D 3306 und BS 6580.<\/span><\/p>\n<p><strong>UV-Additiv<\/strong><\/p>\n<p>Ein UV-Additiv ist ein auf Kundenwunsch zugesetzter UV-Farbstoff, der das Arbeitsmedium zum Leuchten bringt, wenn es Licht mit UV-Spektrum ausgesetzt wird. Dies erleichtert die Diagnose der Dichtheit des Systems und macht es f\u00fcr alle einfach. Um die Dichtheit des Systems zu \u00fcberpr\u00fcfen, reicht es aus, das K\u00fchlsystem oder seinen getesteten Teil abzudunkeln und das Licht einer Taschenlampe mit UV-Spektrum auf diese Stelle zu richten. Wenn das System undicht ist, leuchtet das Leck im Dunkeln auf. Dann haben wir eine klare und unbestreitbare Antwort auf die Frage nach der Enge des Systems. Das mit einem UV-Marker angereicherte Produkt ist im Bereich der Systemleckdiagnose so hilfreich und verk\u00fcrzt die Zeit des Prozesses so messbar, dass der Hersteller den Einsatz in jedem K\u00fchlsystem empfiehlt, sowohl in Fahrzeugmotoren als auch in station\u00e4ren Motoren.     <\/p>\n<p><strong>Farbe<\/strong><\/p>\n<p>Das GLICAR UNIVERSAL Heizfl\u00fcssigkeitskonzentrat ist standardm\u00e4\u00dfig rot eingef\u00e4rbt. Die Farbe wird durch die Zugabe von nat\u00fcrlichen mineralischen Pigmenten erhalten. Die Pigmente bleiben gegen\u00fcber den funktionellen physikalisch-chemischen Eigenschaften des Produkts v\u00f6llig neutral. Die verwendeten Pigmente k\u00f6nnen auf ausdr\u00fccklichen Wunsch des Kunden durch einen anderen Farbstoff ersetzt werden. Auf diese Weise erhalten Sie eine voll funktionsf\u00e4hige Version des Produkts in den Farben Gelb \u00fcber Gr\u00fcn bis Blau.    <\/p>\n<\/div>\n<a id=\"readMoreButton\" href=\"javascript:void(0);\" data-readmore=\"Mehr lesen\" data-readless=\"Text verbergen\">Mehr lesen<\/a>\n","protected":false},"excerpt":{"rendered":"<p><strong>Das GLICAR UNIVERSAL CONCENTRATE in K\u00fcrze:<\/strong><\/p>\n<ul>\n<li>Konzentrierte Formel. Weniger Produkt bedeutet weniger Transport und Lagerung.<\/li>\n<li>Konzipiert f\u00fcr Verbrennungsmotoren aller Hersteller.<\/li>\n<li>Erf\u00fcllt die Anforderungen an erstarrungsarme Fl\u00fcssigkeiten.<\/li>\n<li>Sch\u00fctzt das System vor niedrigen Temperaturen bis zu -35\u00b0C.<\/li>\n<li>Sch\u00fctzt vor Korrosion.<\/li>\n<li>Konserviert und sch\u00fctzt Gummielemente vor vorzeitigem Verschlei\u00df.<\/li>\n<li>Es sch\u00fctzt vor Kalk und Niederschlag.<\/li>\n<li>Es sch\u00e4umt nicht.<\/li>\n<li>Es l\u00e4sst sich leicht mit allen Fl\u00fcssigkeiten auf Monoethylenglykolbasis mischen.<\/li>\n<li>Erf\u00fcllt die<span style=\"font-weight: 400;\">Anforderungen der Normen PN-C-40007, ASTM D 3306 und BS 6580.<\/span><\/li>\n<\/ul>\n","protected":false},"featured_media":16463,"template":"","meta":[],"product_brand":[],"product_cat":[176,182],"product_tag":[],"class_list":{"0":"post-21368","1":"product","2":"type-product","3":"status-publish","4":"has-post-thumbnail","6":"product_cat-automobilchemie","7":"product_cat-kuhlmittel-fur-kraftfahrzeuge","9":"first","10":"instock","11":"shipping-taxable","12":"product-type-variable"},"acf":[],"_links":{"self":[{"href":"https:\/\/glitherm.com\/de\/wp-json\/wp\/v2\/product\/21368","targetHints":{"allow":["GET"]}}],"collection":[{"href":"https:\/\/glitherm.com\/de\/wp-json\/wp\/v2\/product"}],"about":[{"href":"https:\/\/glitherm.com\/de\/wp-json\/wp\/v2\/types\/product"}],"wp:featuredmedia":[{"embeddable":true,"href":"https:\/\/glitherm.com\/de\/wp-json\/wp\/v2\/media\/16463"}],"wp:attachment":[{"href":"https:\/\/glitherm.com\/de\/wp-json\/wp\/v2\/media?parent=21368"}],"wp:term":[{"taxonomy":"product_brand","embeddable":true,"href":"https:\/\/glitherm.com\/de\/wp-json\/wp\/v2\/product_brand?post=21368"},{"taxonomy":"product_cat","embeddable":true,"href":"https:\/\/glitherm.com\/de\/wp-json\/wp\/v2\/product_cat?post=21368"},{"taxonomy":"product_tag","embeddable":true,"href":"https:\/\/glitherm.com\/de\/wp-json\/wp\/v2\/product_tag?post=21368"}],"curies":[{"name":"wp","href":"https:\/\/api.w.org\/{rel}","templated":true}]}}