{"id":21889,"date":"2025-11-24T09:35:16","date_gmt":"2025-11-24T08:35:16","guid":{"rendered":"https:\/\/glitherm.com\/produkt\/glicar-g12-evo-kuehlerfluessigkeit-konzentrat\/"},"modified":"2025-12-11T09:09:38","modified_gmt":"2025-12-11T08:09:38","slug":"glicar-g12-evo-kuehlerfluessigkeit-konzentrat","status":"publish","type":"product","link":"https:\/\/glitherm.com\/de\/produkt\/glicar-g12-evo-kuehlerfluessigkeit-konzentrat\/","title":{"rendered":"K\u00fchlerfl\u00fcssigkeitskonzentrat GLICAR G12 EVO"},"content":{"rendered":"<p><span style=\"font-weight: 400;\">Das GLICAR G12 EVO-Konzentrat ist ein fortschrittliches, hochwertiges K\u00fchlerfl\u00fcssigkeitskonzentrat mit Si-OAT-Technologie, bei dem organische Inhibitoren durch eine kontrollierte Menge stabiler Silikate unterst\u00fctzt werden. Diese Formel bietet langfristigen Schutz f\u00fcr moderne K\u00fchlsysteme \u2013 sowohl in Pkw, Nutzfahrzeugen als auch in Industrie- oder Landmaschinen. <\/span><\/p>\n<div id=\"showMoreDiv\" class=\"collapsed\">\u00a0\n<p><span style=\"font-weight: 400;\">Das Produkt wurde f\u00fcr Benzin-, Hybrid- und Plug-in-Motoren entwickelt, bei denen Korrosionsbest\u00e4ndigkeit und Kompatibilit\u00e4t mit Aluminium und dessen Legierungen eine Schl\u00fcsselrolle spielen. Die hohe Konzentration von Ethylenglykol erm\u00f6glicht es Ihnen, eine K\u00fchll\u00f6sung zu erhalten, deren Parameter exakt auf die Betriebsbedingungen des Fahrzeugs abgestimmt sind. <\/span><\/p>\n<p><span style=\"font-weight: 400;\">Das Konzentrat ist frei von Boraten, Aminen, Phosphaten, Nitraten und 2-Ethylhexans\u00e4ure, was zu chemischer Stabilit\u00e4t, verl\u00e4ngerter Lebensdauer sowie Schutz von Metall- und Gummibestandteilen f\u00fchrt. Wenn das Produkt gem\u00e4\u00df den Herstellerempfehlungen mit entmineralisiertem Wasser im Verh\u00e4ltnis 1:1 verd\u00fcnnt wird, garantiert es einen zuverl\u00e4ssigen Schutz gegen Frost, \u00dcberhitzung, Niederschlag von Ablagerungen und Verschlechterung der Oberfl\u00e4che der inneren Komponenten des K\u00fchlsystems. <\/span><\/p>\n<p><span style=\"font-weight: 400;\">Das GLICAR G12 EVO ist mit allen Si-OAT-Motork\u00fchlmitteln auf Basis von Ethylenglykol (MEG) kompatibel.<\/span><\/p>\n<p><span style=\"font-weight: 400;\">F\u00fcr optimalen Schutz wird empfohlen, das gesamte K\u00fchlsystem zu entleeren und es nur mit GLICAR G12 EVO zu f\u00fcllen.  <\/span><\/p>\n<p><span style=\"font-weight: 400;\">F\u00fcr maximale Effizienz wird empfohlen, die Fl\u00fcssigkeit alle 6 Jahre oder 250.000 km zu wechseln.<\/span><\/p>\n<p><b>UV-Additiv<\/b><\/p>\n<p><span style=\"font-weight: 400;\">Auf Anfrage kann das Konzentrat mit einem fluoreszierenden UV-Marker angereichert werden, was es auch f\u00fcr Personen ohne Serviceerfahrung erleichtert, Lecks zu erkennen.<\/span><\/p>\n<p><b>Farbe<\/b><\/p>\n<p><span style=\"font-weight: 400;\">Die Grundfarbe des Produkts ist <span data-olk-copy-source=\"MessageBody\">Rosa-Lila.<\/span> Der Farbstoff beeinflusst nicht die Leistung des Konzentrats.<\/span><\/p>\n<p><b>ACHTUNG!<\/b><\/p>\n<p><span style=\"font-weight: 400;\">Das Konzentrat muss vor der Anwendung verd\u00fcnnt werden. Es wird empfohlen, eine 1:1 (50\/50)-Mischung mit destilliertem oder entmineralisiertem Wasser herzustellen. Die Verwendung von Leitungswasser, hartem oder kontaminiertem Wasser kann zu Kalkablagerungen f\u00fchren und die Effizienz des K\u00fchlsystems beeintr\u00e4chtigen.  <\/span><\/p>\n<p><span style=\"font-weight: 400;\">Der GLICAR G12 EVO wurde entwickelt, um moderne K\u00fchlsysteme in Hybrid-, Plug-in- und Verbrennungsmotoren aus Aluminium und deren Legierungen zu sch\u00fctzen.<\/span><\/p>\n<\/div>\n<a id=\"readMoreButton\" href=\"javascript:void(0);\" data-readmore=\"Mehr lesen\" data-readless=\"Text verbergen\">Mehr lesen<\/a>\n","protected":false},"excerpt":{"rendered":"<p><span style=\"font-weight: 400;\">GLICAR G12 EVO Concentrate in K\u00fcrze:<\/span><\/p>\n<ul>\n<li style=\"font-weight: 400;\" aria-level=\"1\"><span style=\"font-weight: 400;\">Hochleistungs-Si-OAT-Konzentration.<\/span><\/li>\n<li style=\"font-weight: 400;\" aria-level=\"1\"><span style=\"font-weight: 400;\">Vor der<\/span><span style=\"font-weight: 400;\">Anwendung muss es mit entmineralisiertem Wasser im Verh\u00e4ltnis 1:1 verd\u00fcnnt werden.<\/span><\/li>\n<li aria-level=\"1\"><span data-olk-copy-source=\"MessageBody\">Gewidmet Hybrid- und Plug-in-Autos.<\/span><\/li>\n<li style=\"font-weight: 400;\" aria-level=\"1\"><span style=\"font-weight: 400;\">Basierend auf Monoethylenglykol (MEG).<\/span><\/li>\n<li style=\"font-weight: 400;\" aria-level=\"1\"><span style=\"font-weight: 400;\">Verd\u00fcnnt 1:1 bietet es Schutz bis zu -38\u00b0C.<\/span><\/li>\n<li style=\"font-weight: 400;\" aria-level=\"1\"><span style=\"font-weight: 400;\">Sie sch\u00fctzt das System vor Korrosion, \u00dcberhitzung und Gefrieren.<\/span><\/li>\n<li style=\"font-weight: 400;\" aria-level=\"1\"><span style=\"font-weight: 400;\">Enth\u00e4lt Silikate.<\/span><\/li>\n<li style=\"font-weight: 400;\" aria-level=\"1\"><span style=\"font-weight: 400;\">Es enth\u00e4lt keine Borate, Amine, Phosphate, Nitrate oder 2-Ethylhexans\u00e4ure.<\/span><\/li>\n<li style=\"font-weight: 400;\" aria-level=\"1\"><span style=\"font-weight: 400;\">Konzipiert f\u00fcr moderne K\u00fchlsysteme, einschlie\u00dflich Aluminium und Mischanlagen.<\/span><\/li>\n<li style=\"font-weight: 400;\" aria-level=\"1\"><span style=\"font-weight: 400;\">M\u00f6glicher UV-Zusatzstoff zur Erleichterung der Leckerkennung.<\/span><\/li>\n<li style=\"font-weight: 400;\" aria-level=\"1\"><span style=\"font-weight: 400;\">Empfohlene Lebensdauer nach Verd\u00fcnnung im System: 6 Jahre \/ 250.000 km  <\/span><\/li>\n<li style=\"font-weight: 400;\" aria-level=\"1\"><span style=\"font-weight: 400;\">Erf\u00fcllt folgende Normen: AUDI\/SEAT\/SKODA\/VW GROUP TL-774 G\/L (G12evo) TL-774 J (G13), AFNOR NF 15-601 NOV 2020, ASTM D 3306, ASTM D 4985, ASTM D 6210, BMW, MINI, ROLLS ROYCE (LC18), BS 6580:2010, CHINA GB 29743-2013, CUNA NC 956-16, JIS K 2234:2006, SANS 1251:2005, \u00d6NORM V 5123, PN-C40007:2000, Volvo Cars (TR-31854114-002), SAE J1034.<\/span><\/li>\n<\/ul>\n","protected":false},"featured_media":21794,"template":"","meta":[],"product_brand":[],"product_cat":[176,182,194],"product_tag":[],"class_list":{"0":"post-21889","1":"product","2":"type-product","3":"status-publish","4":"has-post-thumbnail","6":"product_cat-automobilchemie","7":"product_cat-kuhlmittel-fur-kraftfahrzeuge","8":"product_cat-uv-zusatz","10":"first","11":"instock","12":"shipping-taxable","13":"product-type-variable"},"acf":[],"_links":{"self":[{"href":"https:\/\/glitherm.com\/de\/wp-json\/wp\/v2\/product\/21889","targetHints":{"allow":["GET"]}}],"collection":[{"href":"https:\/\/glitherm.com\/de\/wp-json\/wp\/v2\/product"}],"about":[{"href":"https:\/\/glitherm.com\/de\/wp-json\/wp\/v2\/types\/product"}],"wp:featuredmedia":[{"embeddable":true,"href":"https:\/\/glitherm.com\/de\/wp-json\/wp\/v2\/media\/21794"}],"wp:attachment":[{"href":"https:\/\/glitherm.com\/de\/wp-json\/wp\/v2\/media?parent=21889"}],"wp:term":[{"taxonomy":"product_brand","embeddable":true,"href":"https:\/\/glitherm.com\/de\/wp-json\/wp\/v2\/product_brand?post=21889"},{"taxonomy":"product_cat","embeddable":true,"href":"https:\/\/glitherm.com\/de\/wp-json\/wp\/v2\/product_cat?post=21889"},{"taxonomy":"product_tag","embeddable":true,"href":"https:\/\/glitherm.com\/de\/wp-json\/wp\/v2\/product_tag?post=21889"}],"curies":[{"name":"wp","href":"https:\/\/api.w.org\/{rel}","templated":true}]}}