{"id":21896,"date":"2025-11-24T09:13:13","date_gmt":"2025-11-24T08:13:13","guid":{"rendered":"https:\/\/glitherm.com\/produkt\/glicar-g12-evo-kuehlerfluessigkeit\/"},"modified":"2025-12-11T09:20:46","modified_gmt":"2025-12-11T08:20:46","slug":"glicar-g12-evo-kuehlerfluessigkeit","status":"publish","type":"product","link":"https:\/\/glitherm.com\/de\/produkt\/glicar-g12-evo-kuehlerfluessigkeit\/","title":{"rendered":"Nicht gefrierende K\u00fchlerfl\u00fcssigkeit Glicar G12 EVO"},"content":{"rendered":"<p><span style=\"font-weight: 400;\">GLICAR G12 EVO ist ein einsatzbereites, hochmodernes Premium-K\u00fchlerfluid, das mit Si-OAT-Technologie entwickelt wurde und organische Inhibitoren mit der Zugabe stabiler Silikate kombiniert. Dies bietet einen langfristigen Schutz des K\u00fchlsystems gegen Korrosion, \u00dcberhitzung und Einfrieren, selbst unter den h\u00e4rtesten Betriebsbedingungen. <\/span><\/p>\n<div id=\"showMoreDiv\" class=\"collapsed\">\u00a0\n<p><span style=\"font-weight: 400;\">Das Produkt wurde f\u00fcr heutige Antriebseinheiten \u2013 Benzin, Diesel, Hybrid und Plug-in \u2013 entwickelt, unter anderem aus m.in Aluminium und Aluminiumlegierungen. Es wird \u00fcberall dort eingesetzt, wo moderne Fl\u00fcssigkeiten ben\u00f6tigt werden, um hohe internationale Standards und die Spezifikationen der modernsten Fahrzeuge zu erf\u00fcllen.  <\/span><\/p>\n<p><span style=\"font-weight: 400;\">Die Formel von GLICAR G12 EVO basiert auf Ethylenglykol und ist frei von Boraten, Aminen, Phosphaten, Nitraten und 2-Ethylhexans\u00e4ure. Dies gew\u00e4hrleistet eine ausgezeichnete Stabilit\u00e4t, Materialkompatibilit\u00e4t und Betriebssicherheit des K\u00fchlsystems. <\/span><\/p>\n<p><span style=\"font-weight: 400;\">GLICAR G12 EVO ist ein vollst\u00e4ndig gebrauchsfertiges Produkt \u2013 der Hersteller empfiehlt nicht, es zu verd\u00fcnnen, um seine vollst\u00e4ndigen Schutzeigenschaften zu erhalten.  <\/span><\/p>\n<p><span style=\"font-weight: 400;\">GLICAR G12 EVO ist im Allgemeinen kompatibel mit allen Si-OAT-Motork\u00fchlmitteln, die auf Ethylenglykol basieren (1,2-Ethanodiol, MEG-u).<\/span><\/p>\n<p><span style=\"font-weight: 400;\">F\u00fcr maximale Wirksamkeit wird empfohlen, die Fl\u00fcssigkeit alle <\/span><b>6 Jahre oder 250.000 km<\/b> zu wechseln, <span style=\"font-weight: 400;\"> gem\u00e4\u00df den Herstellerempfehlungen, dass der beste Schutz durch ein System gew\u00e4hrleistet ist, das vollst\u00e4ndig mit diesem einen Produkt gef\u00fcllt ist.<\/span><\/p>\n<p><b>UV-Additiv<\/b><\/p>\n<p><span style=\"font-weight: 400;\">Auf Wunsch des Kunden kann das Produkt mit einem UV-Zusatzstoff angereichert werden, was es erleichtert, m\u00f6gliche Lecks im K\u00fchlsystem mit UV-Lampen zu erkennen.<\/span><\/p>\n<p><b>Farbe<\/b><\/p>\n<p><span style=\"font-weight: 400;\">GLICAR G12 EVO jest dost\u0119pny w kolorze <span data-olk-copy-source=\"MessageBody\">r\u00f3\u017cowo-fioletowym<\/span> zgodnie ze standardami bran\u017cowymi. Diese Farbe entsteht durch die Zugabe eines nat\u00fcrlichen Mineralpigments. Das Pigment beeinflusst nicht die funktionellen physikochemischen Eigenschaften des Produkts. <\/span><\/p>\n<p><b>ACHTUNG!<\/b><\/p>\n<p><span style=\"font-weight: 400;\">Der GLICAR G12 EVO wurde entwickelt, um moderne K\u00fchlsysteme in Verbrennungsmotoren, Hybriden, Plug-in-Motoren aus Aluminium und deren Legierungen zu sch\u00fctzen.<\/span><\/p>\n<\/div>\n<a id=\"readMoreButton\" href=\"javascript:void(0);\" data-readmore=\"Mehr lesen\" data-readless=\"Text verbergen\">Mehr lesen<\/a>\n","protected":false},"excerpt":{"rendered":"<p><b>GLICAR G12 EVO in K\u00fcrze:<\/b><\/p>\n<ul>\n<li style=\"font-weight: 400;\" aria-level=\"1\"><span style=\"font-weight: 400;\">Fertiges Si-OAT-K\u00fchlmittel.<\/span><\/li>\n<li aria-level=\"1\"><span data-olk-copy-source=\"MessageBody\">Gewidmet Hybrid- und Plug-in-Autos.<\/span><\/li>\n<li style=\"font-weight: 400;\" aria-level=\"1\"><span style=\"font-weight: 400;\">Basierend auf hochwertigem Ethylenglykol (MEG).<\/span><\/li>\n<li style=\"font-weight: 400;\" aria-level=\"1\"><span style=\"font-weight: 400;\">Es friert nicht ein und sch\u00fctzt das System vor Temperaturen bis zu -38\u00b0C.<\/span><\/li>\n<li style=\"font-weight: 400;\" aria-level=\"1\"><span style=\"font-weight: 400;\">Vollst\u00e4ndiger Korrosionsschutz von Metallteilen sowie Dichtungen und Dichtungen.<\/span><\/li>\n<li style=\"font-weight: 400;\" aria-level=\"1\"><span style=\"font-weight: 400;\">Mit der Zugabe stabiler Silikate.<\/span><\/li>\n<li style=\"font-weight: 400;\" aria-level=\"1\"><span style=\"font-weight: 400;\">Es enth\u00e4lt keine Borate, Amine, Phosphate, Nitrate und 2-Ethylhexans\u00e4ure.<\/span><\/li>\n<li style=\"font-weight: 400;\" aria-level=\"1\"><span style=\"font-weight: 400;\">Konzipiert f\u00fcr moderne K\u00fchlsysteme, einschlie\u00dflich Aluminiumk\u00fchlsysteme.<\/span><\/li>\n<li style=\"font-weight: 400;\" aria-level=\"1\"><span style=\"font-weight: 400;\">M\u00f6glicher UV-Zusatzstoff zur Unterst\u00fctzung der Leckdiagnose.<\/span><\/li>\n<li style=\"font-weight: 400;\" aria-level=\"1\"><span style=\"font-weight: 400;\">Empfohlene Austauschdauer: 6 Jahre \/ 250.000 km  <\/span><\/li>\n<li style=\"font-weight: 400;\" aria-level=\"1\"><span style=\"font-weight: 400;\">Entspricht folgenden Normen: AUDI\/SEAT\/SKODA\/VW GROUP TL-774 G\/L (G12evo) TL-774 J (G13), AFNOR NF 15-601 NOV 2020, ASTM D 3306, ASTM D 4985, ASTM D 6210, BMW, MINI, ROLLS ROYCE (LC18), BS 6580:2010, CHINA GB 29743-2013, CUNA NC 956-16, JIS K 2234:2006, SANS 1251:2005, \u00d6NORM V 5123, PN-C40007:2000, Volvo Cars (TR-31854114-002), SAE J1034.<\/span><\/li>\n<\/ul>\n","protected":false},"featured_media":21790,"template":"","meta":[],"product_brand":[],"product_cat":[176,182,194],"product_tag":[],"class_list":{"0":"post-21896","1":"product","2":"type-product","3":"status-publish","4":"has-post-thumbnail","6":"product_cat-automobilchemie","7":"product_cat-kuhlmittel-fur-kraftfahrzeuge","8":"product_cat-uv-zusatz","10":"first","11":"instock","12":"shipping-taxable","13":"product-type-variable"},"acf":[],"_links":{"self":[{"href":"https:\/\/glitherm.com\/de\/wp-json\/wp\/v2\/product\/21896","targetHints":{"allow":["GET"]}}],"collection":[{"href":"https:\/\/glitherm.com\/de\/wp-json\/wp\/v2\/product"}],"about":[{"href":"https:\/\/glitherm.com\/de\/wp-json\/wp\/v2\/types\/product"}],"wp:featuredmedia":[{"embeddable":true,"href":"https:\/\/glitherm.com\/de\/wp-json\/wp\/v2\/media\/21790"}],"wp:attachment":[{"href":"https:\/\/glitherm.com\/de\/wp-json\/wp\/v2\/media?parent=21896"}],"wp:term":[{"taxonomy":"product_brand","embeddable":true,"href":"https:\/\/glitherm.com\/de\/wp-json\/wp\/v2\/product_brand?post=21896"},{"taxonomy":"product_cat","embeddable":true,"href":"https:\/\/glitherm.com\/de\/wp-json\/wp\/v2\/product_cat?post=21896"},{"taxonomy":"product_tag","embeddable":true,"href":"https:\/\/glitherm.com\/de\/wp-json\/wp\/v2\/product_tag?post=21896"}],"curies":[{"name":"wp","href":"https:\/\/api.w.org\/{rel}","templated":true}]}}