{"id":22041,"date":"2023-09-27T13:08:46","date_gmt":"2023-09-27T11:08:46","guid":{"rendered":"https:\/\/glitherm.com\/produkt\/nicht-gefrierende-kuehlerfluessigkeit-glicar-g11\/"},"modified":"2025-12-11T10:14:51","modified_gmt":"2025-12-11T09:14:51","slug":"nicht-gefrierende-kuehlerfluessigkeit-glicar-g11","status":"publish","type":"product","link":"https:\/\/glitherm.com\/de\/produkt\/nicht-gefrierende-kuehlerfluessigkeit-glicar-g11\/","title":{"rendered":"Nicht gefrierende K\u00fchlerfl\u00fcssigkeit GLICAR G11"},"content":{"rendered":"<p>Das GLICAR G11 K\u00fchler\u00f6l ist ein einsatzbereites Produkt, es muss nicht verd\u00fcnnt werden. Es reicht aus, ihn in das effizient funktionierende K\u00fchlsystem des Verbrennungsmotors einzulassen, und vorausgesetzt, das System ist dicht, gew\u00e4hrleistet dies einen problemfreien und wartungsfreien Betrieb. Das Produkt sollte nicht verd\u00fcnnt werden. Die Verwendung eines verd\u00fcnnten Produkts kann zu einem Verlust seiner Eigenschaften und sogar zu Sch\u00e4den am Motor f\u00fchren.   <\/p>\n<div id=\"showMoreDiv\" class=\"collapsed\">\u00a0\n<p>Glicar G11 K\u00fchlerfl\u00fcssigkeit ist ein Produkt, das v\u00f6llig frei von Glycerinzus\u00e4tzen ist. Die Produktformel enth\u00e4lt sorgf\u00e4ltig ausgew\u00e4hlte Antikorrosionszus\u00e4tze, Stabilisatoren und Schaumschutzmittel. In Kombination mit entmineralisiertem Wasser und Monoethylenglykol als Grundzutaten erm\u00f6glicht dies ein Produkt von h\u00f6chster Qualit\u00e4t. Glicar G11 ist nicht nur f\u00fcr jeden Verbrennungsmotor vollkommen sicher, sondern bietet vor allem auch einen vollst\u00e4ndigen Schutz vor Korrosion und Abnutzung von Metallteilen, Dichtungen und Dichtungen. Glicar G11 sch\u00fctzt das K\u00fchlsystem nicht nur vor Korrosion und Verschlei\u00df von Dichtungen, sondern auch vor Ausf\u00e4llung von Ablagerungen und Kalkablagerungen. Das h\u00e4lt das System jahrelang sauber. Au\u00dferdem sch\u00e4umt es weder beim Bef\u00fcllen des Systems noch w\u00e4hrend des Betriebs auf. Glicar G11 ist ein Frostschutzmittel, das das K\u00fchlsystem vor niedrigen Temperaturen bis zu -35\u00b0C sch\u00fctzt.       <\/p>\n<p>Glicar G11 K\u00fchlerfl\u00fcssigkeit kann erfolgreich in K\u00fchlsystemen von Pkw, Vans, Lkw, Bussen, Baumaschinen und Fahrzeugen, milit\u00e4rischer und milit\u00e4rischer Fahrzeuge, sowohl zeitgen\u00f6ssischen als auch historischen, Traktoren und Maschinen in der Landwirtschaft sowie station\u00e4ren Motoren verwendet werden.<\/p>\n<p>Das Produkt unterliegt folgenden Normen: PN93\/C-40008-10; PN-C-40007; ASTM D 5931-13; ASTM D 1287-11; PN 93\/C-40008-05; PN-C-40008-06:1993\/AZ 1:2000.<\/p>\n<p>Das Produkt erf\u00fcllt die Anforderungen von AUDI\/SEAT\/SKODA\/VW TL 774 C; ANFOR NF R 15-601; ASTM D 2570; ASTM D 3306; ASTM D 4985; ASTM D 5345; BMW GS 94000; BMW N 600 69.0; BS 6580:2010; DAF 74001; Mann 324 NF; Mann 324 NF PRITARDER; MB 325.0; MB 325.2; SAE J814.<\/p>\n<p><strong>UV-Marker.<\/strong><\/p>\n<p>Auf Anfrage kann das Rezept des GLICAR G11 K\u00fchlmittels mit einem UV-Farbstoff angereichert werden. Dieser Zusatzstoff beeinflusst nicht die funktionellen physikochemischen Eigenschaften des Produkts. Eine Fl\u00fcssigkeit mit einem UV-Tag &#8222;leuchtet&#8220; im Dunkeln unter dem Einfluss von UV-Strahlung. Das bedeutet, dass es ausreicht, das Motork\u00fchlsystem zu verdunkeln und es mit UV-Licht, z. B. von einer Taschenlampe, zu beleuchten, um ein K\u00fchlmittelleck aus einem undichten System zu erkennen oder das Leck zu best\u00e4tigen. Die Hinzuf\u00fcgung eines UV-Markers vereinfacht die Diagnostik und verk\u00fcrzt die Diagnosezeit so sehr, dass der Hersteller einen UV-Marker als Standardadditiv f\u00fcr alle in allen Fahrzeugen verwendeten K\u00fchlmittel empfiehlt.    <\/p>\n<p><strong>Farbe. <\/strong><\/p>\n<p>Glicar G11 wird standardm\u00e4\u00dfig in Blau geliefert. Diese Farbe entsteht durch die Zugabe eines nat\u00fcrlichen Mineralpigments. Das Pigment beeinflusst nicht die funktionellen physikochemischen Eigenschaften des Produkts. Auf Wunsch des Kunden kann das blaue Pigment durch gr\u00fcn oder gelb ersetzt werden.<\/p>\n<p><strong>ACHTUNG!<\/strong><\/p>\n<p><span style=\"font-weight: 400;\">Glicar G11 K\u00fchlerfl\u00fcssigkeit kann sicher in K\u00fchlsystemen verwendet werden, die auf Messing-, Kupfer- und Aluminiumk\u00fchlern basieren, einschlie\u00dflich gel\u00f6teter. <\/span><\/p>\n<\/div>\n<a id=\"readMoreButton\" href=\"javascript:void(0);\" data-readmore=\"Mehr lesen\" data-readless=\"Text verbergen\">Mehr lesen<\/a>\n","protected":false},"excerpt":{"rendered":"<p><strong>GLICAR G11 in K\u00fcrze:<\/strong><\/p>\n<ul>\n<li>Enth\u00e4lt kein Glycerin.<\/li>\n<li>Enth\u00e4lt sch\u00e4umschutzende Zusatzstoffe.<\/li>\n<li>Friert nicht ein. Sch\u00fctzt das System vor niedrigen Temperaturen bis zu -35\u00b0C.<\/li>\n<li>Es bietet Schutz vor Korrosion, Abbau von Metallteilen sowie Dichtungen und Dichtungen.<\/li>\n<li>Es kann in Motorr\u00e4dern, Autos, Baumaschinen, milit\u00e4rischer Ausr\u00fcstung und Landmaschinen eingesetzt werden.<\/li>\n<li>Geeignet f\u00fcr K\u00fchler aus Messing, Kupfer, Aluminium, auch gel\u00f6tet.<\/li>\n<li>Es hat folgende Standards: PN93\/C-40008-10; PN-C-40007; ASTM D 5931-13; ASTM D 1287-11; PN 93\/C-40008-05 ;P N-C-40008-06:1993\/AZ 1:2000.<\/li>\n<li>Erf\u00fcllt die Anforderungen der folgenden Standards: AUDI\/SEAT\/SKODA\/VW TL 774 C; ANFOR NF R 15-601; ASTM D 2570; ASTM D 3306; ASTM D 4985; ASTM D 5345; BMW GS 94000; BMW N 600 69.0; BS 6580:2010; DAF 74001; Mann 324 NF; Mann 324 NF PRITARDER; MB 325.0; MB 325.2; SAE J814.<\/li>\n<\/ul>\n","protected":false},"featured_media":16326,"template":"","meta":[],"product_brand":[],"product_cat":[176,182,194],"product_tag":[],"class_list":{"0":"post-22041","1":"product","2":"type-product","3":"status-publish","4":"has-post-thumbnail","6":"product_cat-automobilchemie","7":"product_cat-kuhlmittel-fur-kraftfahrzeuge","8":"product_cat-uv-zusatz","10":"first","11":"instock","12":"shipping-taxable","13":"product-type-variable"},"acf":[],"_links":{"self":[{"href":"https:\/\/glitherm.com\/de\/wp-json\/wp\/v2\/product\/22041","targetHints":{"allow":["GET"]}}],"collection":[{"href":"https:\/\/glitherm.com\/de\/wp-json\/wp\/v2\/product"}],"about":[{"href":"https:\/\/glitherm.com\/de\/wp-json\/wp\/v2\/types\/product"}],"wp:featuredmedia":[{"embeddable":true,"href":"https:\/\/glitherm.com\/de\/wp-json\/wp\/v2\/media\/16326"}],"wp:attachment":[{"href":"https:\/\/glitherm.com\/de\/wp-json\/wp\/v2\/media?parent=22041"}],"wp:term":[{"taxonomy":"product_brand","embeddable":true,"href":"https:\/\/glitherm.com\/de\/wp-json\/wp\/v2\/product_brand?post=22041"},{"taxonomy":"product_cat","embeddable":true,"href":"https:\/\/glitherm.com\/de\/wp-json\/wp\/v2\/product_cat?post=22041"},{"taxonomy":"product_tag","embeddable":true,"href":"https:\/\/glitherm.com\/de\/wp-json\/wp\/v2\/product_tag?post=22041"}],"curies":[{"name":"wp","href":"https:\/\/api.w.org\/{rel}","templated":true}]}}