{"id":22110,"date":"2023-10-05T12:55:25","date_gmt":"2023-10-05T10:55:25","guid":{"rendered":"https:\/\/glitherm.com\/produkt\/nicht-gefrierende-kuehlerfluessigkeit-glicar-g12\/"},"modified":"2025-12-11T09:38:43","modified_gmt":"2025-12-11T08:38:43","slug":"nicht-gefrierende-kuehlerfluessigkeit-glicar-g12","status":"publish","type":"product","link":"https:\/\/glitherm.com\/de\/produkt\/nicht-gefrierende-kuehlerfluessigkeit-glicar-g12\/","title":{"rendered":"Nicht gefrierende K\u00fchlerfl\u00fcssigkeit GLICAR G12"},"content":{"rendered":"<p>GLICAR G12 K\u00fchlerfl\u00fcssigkeit ist ein hochwertiges Frostschutzmittel f\u00fcr Verbrennungsmotork\u00fchler, das auf Basis von Ethylenglykol (MEG) hergestellt wird. F\u00fcr die Produktion von GLICAR G12 wird nur frisches Rohmaterial verwendet, das nicht recycelt wird. Das Produkt ist frei von Glycerin-Zusatzstoffen. Dank seiner einzigartigen Formel bietet der GLICAR G12 einen vollst\u00e4ndigen Schutz des K\u00fchlsystems f\u00fcr 5 Jahre oder 250.000 km Dauerbetrieb. Antikorrosionszus\u00e4tze, Antioxidantien und Stabilisierungsraffiniere, die im Produkt enthalten sind, sch\u00fctzen das K\u00fchlsystem vor Korrosion und gew\u00e4hrleisten die Haltbarkeit von Gummielementen, Dichtungen und -dichtungen. Antischaumstoffzus\u00e4tze, die auf Glykol spezialisiert sind, verhindern, dass die Fl\u00fcssigkeit sowohl beim Bef\u00fcllen des Systems als auch w\u00e4hrend des Betriebs sch\u00e4umt. GLICAR G12 ist ein Frostschutzmittel, das das K\u00fchlsystem vor niedrigen Temperaturen bis zu -35\u00b0C sch\u00fctzt.      <\/p>\n<div id=\"showMoreDiv\" class=\"collapsed\">\u00a0\n<p>Die GLICAR G12 K\u00fchlerfl\u00fcssigkeit ist ein gebrauchsfertiges Produkt, das keine Verd\u00fcnnung ben\u00f6tigt. Es ist nicht ratsam, es zu verd\u00fcnnen. Ein verd\u00fcnntes Produkt verliert seine Eigenschaften und kann zum Ausfall des Motors f\u00fchren, in dem es verwendet wurde.  <\/p>\n<p>GLICAR G12 K\u00fchlerfl\u00fcssigkeit kann in K\u00fchlsystemen f\u00fcr eine Vielzahl von Verbrennungsmotoren verwendet werden. Empfohlen f\u00fcr den Einsatz in K\u00fchlsystemen von Motorr\u00e4dern, Rollern, Pkw, Vans und Lkw. GLICAR G12 ist au\u00dferdem f\u00fcr K\u00fchlsysteme von Baumaschinen und -maschinen, milit\u00e4rischer Ausr\u00fcstung und Fahrzeuge, Traktoren und landwirtschaftlichen Maschinen sowie station\u00e4ren Motoren, z. B. Stromgeneratoren, konzipiert.  <\/p>\n<p><span style=\"font-weight: 400;\">Das Produkt unterliegt folgenden Normen: PN93\/C-40008-10; PN-C-40007; ASTM D 5931-13; ASTM D 1287-11; PN 93\/C-40008-05; PN-C-40008-06:1993\/AZ 1:2000. <\/span><\/p>\n<p><span style=\"font-weight: 400;\">Das Produkt erf\u00fcllt die Anforderungen f\u00fcr AUDI\/SEAT\/SKODA\/VW TL 774 D, ASTM D 3306, ASTM D 4985, ASTM D 6210, BS 6580:2010, DAF 74002, FIAT 9.55523, FORD WSS-M97-844 D, Man 324 SNF, MB-ZULASSUNG 326.3, RENAULT 41-01-001\/- S TYP D, VOLVO K\u00dcHLMITTEL-VCS, SAE J1034.<br \/>\n<\/span><\/p>\n<p><strong>UV-Marker.<\/strong><\/p>\n<p>Auf Wunsch des Kunden kann das Produkt mit UV-Farbe angereichert werden. Die Zugabe von UV-Farbstoff bleibt v\u00f6llig neutral gegen\u00fcber den funktionellen physikochemischen Eigenschaften des Produkts. Dank dieser leichten \u00c4nderung der Zusammensetzung &#8222;leuchtet&#8220; die Fl\u00fcssigkeit im UV-Licht. Die UV-Beleuchtung eines abgedunkelten K\u00fchlsystems reicht aus, um seine Dichtigkeit zu bestimmen oder selbst ein kleines Leck zu erkennen. Der Einsatz eines UV-Markers verk\u00fcrzt die Zeit f\u00fcr die Diagnostik der Dichtigkeit des K\u00fchlsystems erheblich. Der Hersteller empfiehlt, f\u00fcr jedes K\u00fchlsystem einen UV-Marker hinzuzuf\u00fcgen.     <\/p>\n<p><strong>Farbe.<\/strong><\/p>\n<p>GLICAR G12 K\u00fchlerfl\u00fcssigkeit ist in Rot erh\u00e4ltlich. Die Farbe des Produkts entsteht durch Zugabe nat\u00fcrlicher Mineralpigmente. Pigmente bleiben v\u00f6llig gleichg\u00fcltig gegen\u00fcber den funktionellen physikochemischen Eigenschaften des Produkts.  <\/p>\n<p><strong>ACHTUNG!<\/strong><\/p>\n<p><span style=\"font-weight: 400;\">Das K\u00fchlmittel GLICAR G12 ist f\u00fcr Motoren vorgesehen, die mit Messing-, Kupfer- (auch gel\u00f6teten) und Aluminiumk\u00fchlern ausgestattet sind.<\/span><\/p>\n<p>&nbsp;<\/p>\n<\/div>\n<a id=\"readMoreButton\" href=\"javascript:void(0);\" data-readmore=\"Mehr lesen\" data-readless=\"Text verbergen\">Mehr lesen<\/a>\n","protected":false},"excerpt":{"rendered":"<p><strong>GLICAR G12 in K\u00fcrze:<\/strong><\/p>\n<ul>\n<li>Gebrauchsfertig, keine Verd\u00fcnnung erforderlich.<\/li>\n<li>Enth\u00e4lt kein Glycerin.<\/li>\n<li>Es sch\u00e4umt nicht.<\/li>\n<li>Bietet dauerhaften Schutz des K\u00fchlsystems f\u00fcr 5 Jahre oder 250.000. km Dauerbetrieb. <\/li>\n<li>Friert nicht ein. Sch\u00fctzt das K\u00fchlsystem vor niedrigen Temperaturen bis -35\u00b0C. <\/li>\n<li>Es kann in einer Vielzahl von Fahrzeugen eingesetzt werden, von Motorr\u00e4dern, Personenkraftwagen, Lastkraftwagen, Land- und Baumaschinen bis hin zu milit\u00e4rischen Ger\u00e4ten und station\u00e4ren Motoren.<\/li>\n<li>Es ist sicher f\u00fcr Heizk\u00f6rper aus Messing, Kupfer (einschlie\u00dflich gel\u00f6teter) und Aluminium.<\/li>\n<li><span style=\"font-weight: 400;\">Es hat folgende Standards: PN93\/C-40008-10; PN-C-40007; ASTM D 5931-13; ASTM D 1287-11; PN 93\/C-40008-05; PN-C-40008-06:1993\/AZ 1:2000.<\/span><\/li>\n<li><span style=\"font-weight: 400;\">Entspricht AUDI\/SEAT\/SKODA\/VW TL 774 D, ASTM D 3306, ASTM D 4985, ASTM D 6210, BS 6580:2010, DAF 74002, FIAT 9.55523, FORD WSS-M97-844 D, Man 324 SNF, MB-ZULASSUNG 326.3, RENAULT 41-01-001\/- S TYP D, VOLVO K\u00dcHLMITTEL-VCS, SAE J1034.<br \/>\n<\/span><\/li>\n<\/ul>\n","protected":false},"featured_media":16339,"template":"","meta":[],"product_brand":[],"product_cat":[176,182,194],"product_tag":[],"class_list":{"0":"post-22110","1":"product","2":"type-product","3":"status-publish","4":"has-post-thumbnail","6":"product_cat-automobilchemie","7":"product_cat-kuhlmittel-fur-kraftfahrzeuge","8":"product_cat-uv-zusatz","10":"first","11":"instock","12":"shipping-taxable","13":"product-type-variable"},"acf":[],"_links":{"self":[{"href":"https:\/\/glitherm.com\/de\/wp-json\/wp\/v2\/product\/22110","targetHints":{"allow":["GET"]}}],"collection":[{"href":"https:\/\/glitherm.com\/de\/wp-json\/wp\/v2\/product"}],"about":[{"href":"https:\/\/glitherm.com\/de\/wp-json\/wp\/v2\/types\/product"}],"wp:featuredmedia":[{"embeddable":true,"href":"https:\/\/glitherm.com\/de\/wp-json\/wp\/v2\/media\/16339"}],"wp:attachment":[{"href":"https:\/\/glitherm.com\/de\/wp-json\/wp\/v2\/media?parent=22110"}],"wp:term":[{"taxonomy":"product_brand","embeddable":true,"href":"https:\/\/glitherm.com\/de\/wp-json\/wp\/v2\/product_brand?post=22110"},{"taxonomy":"product_cat","embeddable":true,"href":"https:\/\/glitherm.com\/de\/wp-json\/wp\/v2\/product_cat?post=22110"},{"taxonomy":"product_tag","embeddable":true,"href":"https:\/\/glitherm.com\/de\/wp-json\/wp\/v2\/product_tag?post=22110"}],"curies":[{"name":"wp","href":"https:\/\/api.w.org\/{rel}","templated":true}]}}