{"id":22125,"date":"2023-10-25T11:34:59","date_gmt":"2023-10-25T09:34:59","guid":{"rendered":"https:\/\/glitherm.com\/produkt\/kuehlerfluessigkeitskonzentrat-glicar-g12\/"},"modified":"2025-12-11T09:35:41","modified_gmt":"2025-12-11T08:35:41","slug":"kuehlerfluessigkeitskonzentrat-glicar-g12","status":"publish","type":"product","link":"https:\/\/glitherm.com\/de\/produkt\/kuehlerfluessigkeitskonzentrat-glicar-g12\/","title":{"rendered":"K\u00fchlerfl\u00fcssigkeitskonzentrat GLICAR G12"},"content":{"rendered":"<p>K\u00fchlerfl\u00fcssigkeitskonzentrat GLICAR G12 ist kein gebrauchsfertiges Produkt. Vor dem Auftragen auf das Motork\u00fchlsystem sollte es im Verh\u00e4ltnis 1:1 mit demineralisiertem Wasser verd\u00fcnnt werden. Detaillierte Anweisungen f\u00fcr diesen Prozess finden Sie im Reiter &#8222;Verd\u00fcnnung&#8220;. Verwenden Sie kein unverd\u00fcnntes Konzentrat, aber auch keine \u00fcberm\u00e4\u00dfig verd\u00fcnnten Fl\u00fcssigkeiten.  Eine Verd\u00fcnnung in anderen als den vom Hersteller empfohlenen Mengenverh\u00e4ltnissen kann die Funktion des K\u00fchlsystems beeintr\u00e4chtigen, es einem vorzeitigen Verschlei\u00df aussetzen und sogar zu Sch\u00e4den an der gek\u00fchlten Antriebseinheit durch \u00dcberhitzung f\u00fchren.<\/p>\n<div id=\"showMoreDiv\" class=\"collapsed\">\u00a0\n<p>Das GLICAR G12 K\u00fchlerfl\u00fcssigkeitskonzentrat wird auf Basis von Monoethylenglykol (MEG) hergestellt. F\u00fcr die Produktion werden nur frische Rohstoffe verwendet, nicht aus R\u00fcckgewinnungs- oder Recyclingprozessen.  Dadurch weist das resultierende Produkt hohe Leistungsparameter auf. Das Produkt ist v\u00f6llig glyzerinfrei und zudem mit zahlreichen Zusatzstoffen und Korrosionsinhibitoren angereichert. Dank eines so einzigartigen Rezepts kann der Hersteller einen vollst\u00e4ndigen Schutz des K\u00fchlsystems f\u00fcr 5 Jahre oder 250.000 km ununterbrochenen Betrieb garantieren. Korrosionshemmer und Raffinerien bewahren und sch\u00fctzen sowohl Metall-, Gummi- als auch Kunststoffteile vor Korrosion und vorzeitigem Verschlei\u00df. Sicherstellung eines langfristigen und problemfreien Betriebs des K\u00fchlsystems. Die durch das Verd\u00fcnnen des Konzentrat entstehende Fl\u00fcssigkeit sch\u00e4umt nicht, was durch sorgf\u00e4ltig ausgew\u00e4hlte Antischaumstoffe garantiert wird. Dank ihnen ist es m\u00f6glich, Probleme vollst\u00e4ndig zu beseitigen, die durch das Vorhandensein von Schaum im K\u00fchlsystem entstehen.      <\/p>\n<p>Nach der Verd\u00fcnnung des GLICAR G12-Konzentrats kann das entstehende \u00d6l in K\u00fchlsystemen f\u00fcr Verbrennungsmotoren verwendet werden, von Motorr\u00e4dern und Rollern sowie anderen Freizeitfahrzeugen \u00fcber Pkw und andere intensiv genutzte Fahrzeuge bis hin zu Lkw und Bussen. GLICAR G12 ist eine ausgezeichnete Wahl f\u00fcr Baumaschinen und Maschinen, Traktoren und landwirtschaftliche Ger\u00e4te, Milit\u00e4rfahrzeuge oder Spezialzwecke. Glicar G12 K\u00fchlerfl\u00fcssigkeit kann in station\u00e4ren Motork\u00fchlsystemen verwendet werden.  <\/p>\n<p>Das Produkt unterliegt folgenden Normen: PN93\/C-40008-10; PN-C-40007; ASTM D 5931-13; ASTM D 1287-11; PN 93\/C-40008-05; PN-C-40008-06:1993\/AZ 1:2000.<\/p>\n<p>Der GLICAR G12 erf\u00fcllt die Anforderungen f\u00fcr AUDI\/SEAT\/SKODA\/VW TL 774 D, ASTM D 3306, ASTM D 4985, ASTM D 6210, BS 6580:2010, DAF 74002, FIAT 9.55523, FORD WSS-M97-844 D, Man 324 SNF, MB APPROVAL 326.3, RENAULT 41-01-001\/- S TYP D, VOLVO K\u00dcHLMITTEL VCS, SAE J1034.<\/p>\n<p><strong>UV-Additiv<\/strong><\/p>\n<p>Auf Kundenwunsch kann die Standardproduktformel mit einem UV-Farbstoff angereichert werden. Die Zugabe eines UV-Farbstoffs l\u00e4sst die Fl\u00fcssigkeit bei Bestrahlung mit UV-Strahlen \u201eleuchten\u201c. Die Lichtquelle im UV-Spektrum kann eine spezialisierte Taschenlampe sein. Die leuchtende Fl\u00fcssigkeit macht es einfach und zeitsparend, den System-Lecktest durchzuf\u00fchren. Gro\u00dfe Lecks aus dem K\u00fchlsystem lassen sich ziemlich leicht diagnostizieren. Kleinere Lecks, insbesondere versteckt an schwer zug\u00e4nglichen Stellen, k\u00f6nnen jedoch ein Problem in der Diagnostik darstellen. Wenn die Fl\u00fcssigkeit jedoch ein UV-Tag hat, reicht dies aus, um den abgedunkelten Teil des Systems mit Licht zu beleuchten, das das UV-Spektrum enth\u00e4lt, und selbst das kleinste Leck beginnt mit einem hellen, hellen Licht zu leuchten, was die Erkennungszeit und die gesamte Diagnostik des K\u00fchlsystems erheblich verk\u00fcrzt. Andererseits gibt das Fehlen jeglicher Wirkung nach der Beleuchtung des K\u00fchlsystems Vertrauen in die Dichtigkeit des Systems.      Der Hersteller empfiehlt die Verwendung eines UV-Markers in jedem K\u00fchlsystem.<\/p>\n<p><strong>Farbe<\/strong><\/p>\n<p>GLICAR G12 K\u00fchlerfl\u00fcssigkeitskonzentrat ist in der Farbe Rot erh\u00e4ltlich. Die Farbe der Fl\u00fcssigkeit entsteht durch Zugabe nat\u00fcrlicher Mineralpigmente. Die zum F\u00e4rben der Fl\u00fcssigkeit verwendeten Pigmente beeintr\u00e4chtigen nicht die Nutzbarkeit des Produkts und ver\u00e4ndern seine physikochemischen Eigenschaften nicht. <\/p>\n<p><strong>ACHTUNG<\/strong><\/p>\n<p>Die durch Verd\u00fcnnung von GLICAR G12-Konzentrat gewonnene Fl\u00fcssigkeit kann in K\u00fchlern aus Messing, Kupfer (einschlie\u00dflich Loden) und Aluminium verwendet werden.<\/p>\n<\/div>\n<a id=\"readMoreButton\" href=\"javascript:void(0);\" data-readmore=\"Mehr lesen\" data-readless=\"Text verbergen\">Mehr lesen<\/a>\n","protected":false},"excerpt":{"rendered":"<p><strong>K\u00fchlerfl\u00fcssigkeitskonzentrat GLICAR G12 in K\u00fcrze:<\/strong><\/p>\n<ul>\n<li>Vor der Anwendung muss es mit demineralisiertem Wasser im Verh\u00e4ltnis 1:1 verd\u00fcnnt werden.<\/li>\n<li>Glycerinfrei.<\/li>\n<li>Enth\u00e4lt sch\u00e4umschutzende Zusatzstoffe.<\/li>\n<li>Es sch\u00fctzt das K\u00fchlsystem effektiv f\u00fcr 5 Jahre oder 250.000 km Laufleistung. <\/li>\n<li>Beseitigt Probleme beim Einfrieren des Systems auf -35 \u00b0C, wenn es mit 1:1 entmineralisiertem Wasser verd\u00fcnnt wird.<\/li>\n<li>Spezialisiert auf Verbrennungsmotoren in Motorr\u00e4dern, Autos, Bau- und landwirtschaftlichen Ger\u00e4ten, milit\u00e4rischen und Spezialfahrzeugen sowie station\u00e4ren Motoren.<\/li>\n<li>Es ist sicher f\u00fcr Ger\u00e4te aus Messing, Kupfer (einschlie\u00dflich gel\u00f6teter) und Aluminium.<\/li>\n<li>Es hat folgende Standards: PN93\/C-40008-10; PN-C-40007; ASTM D 5931-13; ASTM D 1287-11; PN 93\/C-40008-05; PN-C-40008-06:1993\/AZ 1:2000.<\/li>\n<li>Entspricht AUDI\/SEAT\/SKODA\/VW TL 774 D, ASTM D 3306, ASTM D 4985, ASTM D 6210, BS 6580:2010, DAF 74002, FIAT 9.55523, FORD WSS-M97-844 D, Man 324 SNF, MB-ZULASSUNG 326.3, RENAULT 41-01-001\/- S TYP D, VOLVO K\u00dcHLMITTEL-VCS, SAE J1034.<\/li>\n<\/ul>\n","protected":false},"featured_media":16343,"template":"","meta":[],"product_brand":[],"product_cat":[176,182,194],"product_tag":[],"class_list":{"0":"post-22125","1":"product","2":"type-product","3":"status-publish","4":"has-post-thumbnail","6":"product_cat-automobilchemie","7":"product_cat-kuhlmittel-fur-kraftfahrzeuge","8":"product_cat-uv-zusatz","10":"first","11":"instock","12":"shipping-taxable","13":"product-type-variable"},"acf":[],"_links":{"self":[{"href":"https:\/\/glitherm.com\/de\/wp-json\/wp\/v2\/product\/22125","targetHints":{"allow":["GET"]}}],"collection":[{"href":"https:\/\/glitherm.com\/de\/wp-json\/wp\/v2\/product"}],"about":[{"href":"https:\/\/glitherm.com\/de\/wp-json\/wp\/v2\/types\/product"}],"wp:featuredmedia":[{"embeddable":true,"href":"https:\/\/glitherm.com\/de\/wp-json\/wp\/v2\/media\/16343"}],"wp:attachment":[{"href":"https:\/\/glitherm.com\/de\/wp-json\/wp\/v2\/media?parent=22125"}],"wp:term":[{"taxonomy":"product_brand","embeddable":true,"href":"https:\/\/glitherm.com\/de\/wp-json\/wp\/v2\/product_brand?post=22125"},{"taxonomy":"product_cat","embeddable":true,"href":"https:\/\/glitherm.com\/de\/wp-json\/wp\/v2\/product_cat?post=22125"},{"taxonomy":"product_tag","embeddable":true,"href":"https:\/\/glitherm.com\/de\/wp-json\/wp\/v2\/product_tag?post=22125"}],"curies":[{"name":"wp","href":"https:\/\/api.w.org\/{rel}","templated":true}]}}