{"id":22193,"date":"2023-10-31T11:46:14","date_gmt":"2023-10-31T10:46:14","guid":{"rendered":"https:\/\/glitherm.com\/produkt\/demineralisiertes-wasser-glicar\/"},"modified":"2023-10-31T11:46:14","modified_gmt":"2023-10-31T10:46:14","slug":"demineralisiertes-wasser-glicar","status":"publish","type":"product","link":"https:\/\/glitherm.com\/de\/produkt\/demineralisiertes-wasser-glicar\/","title":{"rendered":"Demineralisiertes Wasser GLICAR"},"content":{"rendered":"<p>Glicar-demineralisiertes Wasser ist das hochwertigste demineralisierte Wasser, das durch Umkehrosmose gewonnen wird. Dank der modernen Extraktionsmethode ist Glicar-Wasser frei von jeglichen Mineralien, Ionen oder anderen Verunreinigungen und Einschl\u00fcssen, einschlie\u00dflich organischer. Das Fehlen von Verunreinigungen oder organischen Zusatzstoffen eliminiert potenzielle biochemische Aktivit\u00e4ten. Glicar-demineralisiertes Wasser sch\u00fctzt gegen Kalkablagerungen oder -ausf\u00e4llungen von Mineralablagerungen. Sie hat eine sehr geringe elektrische Leitf\u00e4higkeit.     Es ist farb- und geruchlos.<\/p>\n<div id=\"showMoreDiv\" class=\"collapsed\">\u00a0\n<p>Glicar-demineralisiertes Wasser kann als L\u00f6sungsmittel verwendet werden, um Versorgungsfl\u00fcssigkeiten in allen Fahrzeugarten und Ger\u00e4ten zu verd\u00fcnnen. Fl\u00fcssigkeiten f\u00fcr Heizk\u00f6rper, W\u00e4rme\u00fcbertragungsfl\u00fcssigkeiten oder andere Produkte, die durch Verd\u00fcnnung von Konzentraten auf Basis von demineralisiertem Wasser gewonnen werden, behalten ihre Leistungsparameter und h\u00f6chste Qualit\u00e4t bei. Dank eines vorhersehbaren Produktionsprozesses hat das Glicar-Wasser eine konsistent, wiederholbare Zusammensetzung.   Jede seiner Verpackungen ist immer von h\u00f6chster Qualit\u00e4t und hat immer die gleiche Zusammensetzung.<\/p>\n<p>GLICAR Demineralisiertes Wasser kann nicht nur zum Verd\u00fcnnen oder Verw\u00e4ssern von Konzentraten verwendet werden. Sie k\u00f6nnen damit verdunstetes Wasser beispielsweise f\u00fcr eine Autobatterie auff\u00fcllen oder es in ein Dampfb\u00fcgeleisen gie\u00dfen, um es vor Kalkbildung zu sch\u00fctzen. Aber das ist noch nicht das Ende. Glicar-demineralisiertes Wasser erf\u00fcllt die h\u00f6chsten Standards f\u00fcr industrielle Prozesse oder Prozesswasser. Es kann in industriellen Dampfanlagen verwendet werden, zum Beispiel in der industriellen Dampfpressung. <\/p>\n<p>Glicar Demineralisiertes Wasser ist v\u00f6llig sicher f\u00fcr Menschen und Umwelt. Beim Umgang damit sind keine Schutzausr\u00fcstung oder Schutzkleidung erforderlich. Auch die Freisetzung des Produkts in die Umwelt stellt keine geringste Gefahr dar.   Das Produkt bleibt bei l\u00e4ngerer Lagerung unter normalen Bedingungen v\u00f6llig neutral und gebrauchsfertig.<\/p>\n<p>Demineralisiertes Wasser GLICAR verf\u00fcgt \u00fcber alle erforderlichen Tests, die seine Verwendung zulassen, und erf\u00fcllt die Anforderungen des polnischen und europ\u00e4ischen Rechts hinsichtlich der Markteinf\u00fchrung.<\/p>\n<\/div>\n<a id=\"readMoreButton\" href=\"javascript:void(0);\" data-readmore=\"Mehr lesen\" data-readless=\"Text verbergen\">Mehr lesen<\/a>\n","protected":false},"excerpt":{"rendered":"<p><strong>Demineralisiertes Wasser GLICAR in K\u00fcrze:<\/strong><\/p>\n<ul>\n<li>Ein universelles L\u00f6sungsmittel mit einer wiederholbaren, vorhersehbaren Zusammensetzung.<\/li>\n<li>Frei von allen Mineralien, Ionen und anderen Verunreinigungen.<\/li>\n<li>Es ist frei von organischen Schadstoffen, was potenzielle biologische Aktivit\u00e4ten minimiert.<\/li>\n<li>Es bildet keinen Kalk und verursacht keine Mineralablagerungen.<\/li>\n<li>Farblos und geruchlos.<\/li>\n<li>Sehr geringe elektrische Leitf\u00e4higkeit.<\/li>\n<li>Sicher f\u00fcr Mensch und Umwelt.<\/li>\n<li>Lange Haltbarkeit, keine Abbauprozesse bei Langzeitlagerung unter empfohlenen Bedingungen.<\/li>\n<\/ul>\n","protected":false},"featured_media":16368,"template":"","meta":[],"product_brand":[],"product_cat":[176,191],"product_tag":[],"class_list":{"0":"post-22193","1":"product","2":"type-product","3":"status-publish","4":"has-post-thumbnail","6":"product_cat-automobilchemie","7":"product_cat-demineralisiertes-wasser2","9":"first","10":"instock","11":"shipping-taxable","12":"product-type-variable"},"acf":[],"_links":{"self":[{"href":"https:\/\/glitherm.com\/de\/wp-json\/wp\/v2\/product\/22193","targetHints":{"allow":["GET"]}}],"collection":[{"href":"https:\/\/glitherm.com\/de\/wp-json\/wp\/v2\/product"}],"about":[{"href":"https:\/\/glitherm.com\/de\/wp-json\/wp\/v2\/types\/product"}],"wp:featuredmedia":[{"embeddable":true,"href":"https:\/\/glitherm.com\/de\/wp-json\/wp\/v2\/media\/16368"}],"wp:attachment":[{"href":"https:\/\/glitherm.com\/de\/wp-json\/wp\/v2\/media?parent=22193"}],"wp:term":[{"taxonomy":"product_brand","embeddable":true,"href":"https:\/\/glitherm.com\/de\/wp-json\/wp\/v2\/product_brand?post=22193"},{"taxonomy":"product_cat","embeddable":true,"href":"https:\/\/glitherm.com\/de\/wp-json\/wp\/v2\/product_cat?post=22193"},{"taxonomy":"product_tag","embeddable":true,"href":"https:\/\/glitherm.com\/de\/wp-json\/wp\/v2\/product_tag?post=22193"}],"curies":[{"name":"wp","href":"https:\/\/api.w.org\/{rel}","templated":true}]}}