{"id":22237,"date":"2023-10-18T09:49:17","date_gmt":"2023-10-18T07:49:17","guid":{"rendered":"https:\/\/glitherm.com\/produkt\/sommer-scheibenwaschfluessigkeit-glicar\/"},"modified":"2023-10-18T09:49:17","modified_gmt":"2023-10-18T07:49:17","slug":"sommer-scheibenwaschfluessigkeit-glicar","status":"publish","type":"product","link":"https:\/\/glitherm.com\/de\/produkt\/sommer-scheibenwaschfluessigkeit-glicar\/","title":{"rendered":"Sommer-Scheibenwaschfl\u00fcssigkeit GLICAR"},"content":{"rendered":"<p>GLICAR Summer Windshield Washer Fluid ist das hochwertigste Sommer-Scheibensp\u00fclmittel und die Scheinwerfer f\u00fcr Autos. Das Produkt ist gebrauchsfertig. Es ist keine Verd\u00fcnnung oder andere Behandlung erforderlich, bevor es in die Installation gegossen wird.<\/p>\n<div id=\"showMoreDiv\" class=\"collapsed\">\u00a0\n<p>GLICAR entfernt effektiv Staub, Schmutz, Stra\u00dfenstaub, Insektenr\u00fcckst\u00e4nde, Schlamm und andere Schadstoffe. Der Einsatz hochwertigster Rohstoffe w\u00e4hrend der Produktion beseitigt das Problem von Streifen oder Reflexionen, die die Sicht erheblich verschlechtern und somit den Fahrkomfort beeintr\u00e4chtigen k\u00f6nnen. <\/p>\n<p>GLICAR Summer Fluid bewahrt die Elastizit\u00e4t der Scheibenbl\u00e4tter und verursacht kein vorzeitiges Altern. Es ist neutral gegen\u00fcber Lack, Gummi und Kunststoffen.<\/p>\n<p>Die Zusammensetzung der Fl\u00fcssigkeit wird durch einen Aromazusatz erg\u00e4nzt. Die Fl\u00fcssigkeit hat einen angenehmen, dezenten, fruchtigen Duft. Dies ist eine Eigenschaft, die besonders von Menschen mit h\u00f6herer Sensibilit\u00e4t oder Allergikern gesch\u00e4tzt wird. <\/p>\n<p><strong>Farbe.<\/strong><\/p>\n<p>GLICAR Summer Washer Fluid ist in Gr\u00fcn erh\u00e4ltlich. Die Farbe der Fl\u00fcssigkeit ist das Ergebnis der Verwendung eines nat\u00fcrlichen Mineralfarbemittels, der f\u00fcr die funktionellen Eigenschaften des Produkts neutral bleibt. <\/p>\n<p><strong>ACHTUNG!<\/strong><\/p>\n<p>Die GLICAR-Sommerscheibenw\u00e4schefl\u00fcssigkeit und Scheinwerfer enthalten keine Frostschutzmittel. Es kann nur in den Sommermonaten sicher verwendet werden. Es sch\u00fctzt das System nicht vor niedrigen Temperaturen und sollte daher vor der Wintersaison durch Winterfl\u00fcssigkeit ersetzt werden. Wir empfehlen Winter-Scheibenwaschfl\u00fcssigkeiten der Familien GLICAR, GLICAR MET oder GLICAR ET.<br \/>\n<\/div>\n<a id=\"readMoreButton\" href=\"javascript:void(0);\" data-readmore=\"Mehr lesen\" data-readless=\"Text verbergen\">Mehr lesen<\/a>\n","protected":false},"excerpt":{"rendered":"<p><strong>Summer Scheibenwaschfl\u00fcssigkeit GLICAR in K\u00fcrze:<\/strong><\/p>\n<ul>\n<li>Es ist einsatzbereit, ben\u00f6tigt keine Verd\u00fcnnung oder andere Behandlungen, bevor es in das System eingef\u00fcllt wird.<\/li>\n<li>Wirksam bei der Entfernung von Verunreinigungen, Staub, Schmutz, Insekten, Schlamm usw.<\/li>\n<li>Enth\u00e4lt kein Salz.<\/li>\n<li>Sie sch\u00fctzt das System vor Niederschlag und Sedimentablagerungen. Verstopft die D\u00fcsen der Unterlegscheiben nicht. <\/li>\n<li>Verbessert die Flexibilit\u00e4t von Scheibenwischern.<\/li>\n<li>Sicher f\u00fcr lackierte Elemente.<\/li>\n<li>Beschleunigt nicht den Abbau von Gummi- und Kunststoffelementen.<\/li>\n<li>Hinterl\u00e4sst keine Streifen.<\/li>\n<li>Verursacht keine Reflexionen auf Fensterscheiben.<\/li>\n<li>Angenehmer fruchtiger Duft.<\/li>\n<\/ul>\n","protected":false},"featured_media":16356,"template":"","meta":[],"product_brand":[],"product_cat":[176,185],"product_tag":[],"class_list":{"0":"post-22237","1":"product","2":"type-product","3":"status-publish","4":"has-post-thumbnail","6":"product_cat-automobilchemie","7":"product_cat-waschflussigkeiten","9":"first","10":"instock","11":"shipping-taxable","12":"product-type-variable"},"acf":[],"_links":{"self":[{"href":"https:\/\/glitherm.com\/de\/wp-json\/wp\/v2\/product\/22237","targetHints":{"allow":["GET"]}}],"collection":[{"href":"https:\/\/glitherm.com\/de\/wp-json\/wp\/v2\/product"}],"about":[{"href":"https:\/\/glitherm.com\/de\/wp-json\/wp\/v2\/types\/product"}],"wp:featuredmedia":[{"embeddable":true,"href":"https:\/\/glitherm.com\/de\/wp-json\/wp\/v2\/media\/16356"}],"wp:attachment":[{"href":"https:\/\/glitherm.com\/de\/wp-json\/wp\/v2\/media?parent=22237"}],"wp:term":[{"taxonomy":"product_brand","embeddable":true,"href":"https:\/\/glitherm.com\/de\/wp-json\/wp\/v2\/product_brand?post=22237"},{"taxonomy":"product_cat","embeddable":true,"href":"https:\/\/glitherm.com\/de\/wp-json\/wp\/v2\/product_cat?post=22237"},{"taxonomy":"product_tag","embeddable":true,"href":"https:\/\/glitherm.com\/de\/wp-json\/wp\/v2\/product_tag?post=22237"}],"curies":[{"name":"wp","href":"https:\/\/api.w.org\/{rel}","templated":true}]}}