{"id":22263,"date":"2023-10-16T15:50:09","date_gmt":"2023-10-16T13:50:09","guid":{"rendered":"https:\/\/glitherm.com\/produkt\/winter-scheibenwaschfluessigkeit-glicar-et\/"},"modified":"2023-10-16T15:50:09","modified_gmt":"2023-10-16T13:50:09","slug":"winter-scheibenwaschfluessigkeit-glicar-et","status":"publish","type":"product","link":"https:\/\/glitherm.com\/de\/produkt\/winter-scheibenwaschfluessigkeit-glicar-et\/","title":{"rendered":"Winter-Scheibenwaschfl\u00fcssigkeit GLICAR ET"},"content":{"rendered":"<p>GLICAR ET Winterscheibensp\u00fclfl\u00fcssigkeit ist ein hochwertiges Scheibensp\u00fclmittel und von Fachleuten empfohlene Autoscheinwerfer.<\/p>\n<div id=\"showMoreDiv\" class=\"collapsed\">\u00a0\n<p>Die Fl\u00fcssigkeit GLICAR ET wird ausschlie\u00dflich auf Basis von prim\u00e4rem Ethylalkohol \u2013 Ethanol \u2013 hergestellt. Es enth\u00e4lt keine recycelten Rohstoffe, daher gibt es keine unerw\u00fcnschten Beimischungen und Verunreinigungen. Es bleibt bei niedrigen Temperaturen fl\u00fcssig, was die D\u00fcsen der Waschmaschine und das Fl\u00fcssigkeitszufuhrsystem vor dem Einfrieren sch\u00fctzt, selbst bei Temperaturen bis zu -22\u00b0C.<\/p>\n<p>Es entfernt effektiv Schmutz, Salz und Matsch von den Fenstern, taut aber auch effektiv Frost, Schnee und Eis auf, die am Glas gefroren sind.<\/p>\n<p>Die einzigartige Formel der GLICAR ET Winterscheibensp\u00fclfl\u00fcssigkeit sch\u00fctzt die Flexibilit\u00e4t der Scheibenwischer bei typischen Wintertemperaturen.<\/p>\n<p>Waschmittel sowie Windschutzscheiben- und Scheinwerferreiniger sind v\u00f6llig inert gegen\u00fcber Lack-, Gummi- und Kunststoffkomponenten. Die Waschd\u00fcsen, das Fl\u00fcssigkeitsversorgungssystem, der Fl\u00fcssigkeitstank und alle anderen Elemente dieses Systems sind nicht nur vor dem Einfrieren, sondern auch vor der Ablagerung oder Ausf\u00e4llung von Sedimenten gesch\u00fctzt. GLICAR ET-Fl\u00fcssigkeit h\u00e4lt das gesamte System sauber.<\/p>\n<p>GLICAR ET hat einen angenehmen, fruchtigen Duft.<\/p>\n<p><strong>Farbe.<\/strong><\/p>\n<p>GLICAR ET Scheibenreiniger und Scheinwerferreiniger sind in Blau erh\u00e4ltlich. Die F\u00e4rbung des Produkts ist das Ergebnis der Verwendung nat\u00fcrlicher Mineralpigmente, die die funktionellen Eigenschaften des Produkts nicht beeintr\u00e4chtigen.<br \/>\n<\/div>\n<a id=\"readMoreButton\" href=\"javascript:void(0);\" data-readmore=\"Mehr lesen\" data-readless=\"Text verbergen\">Mehr lesen<\/a>\n","protected":false},"excerpt":{"rendered":"<p><strong>GLICAR ET in K\u00fcrze:<\/strong><\/p>\n<ul>\n<li>Gebrauchsfertig, keine Verd\u00fcnnung erforderlich.<\/li>\n<li>Reinigt Autoscheiben effektiv von Schmutz, Salz, Matsch und anderen Verunreinigungen.<\/li>\n<li>Taut effektiv Schnee und Eis an den Fenstern auf.<\/li>\n<li>Best\u00e4ndig gegen niedrige Temperaturen. Auch bei Temperaturen bis -22\u00b0C bleibt es fl\u00fcssig und sch\u00fctzt die Waschd\u00fcsen und das System vor dem Einfrieren.<\/li>\n<li>Erh\u00e4lt die Flexibilit\u00e4t der Wischer.<\/li>\n<li>Es hinterl\u00e4sst keine Streifen und erzeugt keine Reflexionen auf den Fenstern.<\/li>\n<li>Sicher f\u00fcr Lack, Gummi und Kunststoffe.<\/li>\n<li>Angenehmer fruchtiger Duft.<\/li>\n<\/ul>\n","protected":false},"featured_media":16364,"template":"","meta":[],"product_brand":[],"product_cat":[176,185],"product_tag":[],"class_list":{"0":"post-22263","1":"product","2":"type-product","3":"status-publish","4":"has-post-thumbnail","6":"product_cat-automobilchemie","7":"product_cat-waschflussigkeiten","9":"first","10":"instock","11":"shipping-taxable","12":"product-type-variable"},"acf":[],"_links":{"self":[{"href":"https:\/\/glitherm.com\/de\/wp-json\/wp\/v2\/product\/22263","targetHints":{"allow":["GET"]}}],"collection":[{"href":"https:\/\/glitherm.com\/de\/wp-json\/wp\/v2\/product"}],"about":[{"href":"https:\/\/glitherm.com\/de\/wp-json\/wp\/v2\/types\/product"}],"wp:featuredmedia":[{"embeddable":true,"href":"https:\/\/glitherm.com\/de\/wp-json\/wp\/v2\/media\/16364"}],"wp:attachment":[{"href":"https:\/\/glitherm.com\/de\/wp-json\/wp\/v2\/media?parent=22263"}],"wp:term":[{"taxonomy":"product_brand","embeddable":true,"href":"https:\/\/glitherm.com\/de\/wp-json\/wp\/v2\/product_brand?post=22263"},{"taxonomy":"product_cat","embeddable":true,"href":"https:\/\/glitherm.com\/de\/wp-json\/wp\/v2\/product_cat?post=22263"},{"taxonomy":"product_tag","embeddable":true,"href":"https:\/\/glitherm.com\/de\/wp-json\/wp\/v2\/product_tag?post=22263"}],"curies":[{"name":"wp","href":"https:\/\/api.w.org\/{rel}","templated":true}]}}