{"id":22285,"date":"2023-10-11T15:19:55","date_gmt":"2023-10-11T13:19:55","guid":{"rendered":"https:\/\/glitherm.com\/produkt\/winterscheibenspuelfluessigkeit-glicar\/"},"modified":"2023-10-11T15:19:55","modified_gmt":"2023-10-11T13:19:55","slug":"winterscheibenspuelfluessigkeit-glicar","status":"publish","type":"product","link":"https:\/\/glitherm.com\/de\/produkt\/winterscheibenspuelfluessigkeit-glicar\/","title":{"rendered":"Winterscheibensp\u00fclfl\u00fcssigkeit GLICAR"},"content":{"rendered":"<p>GLICAR Winterscheibensp\u00fclfl\u00fcssigkeit ist professionell, bequem, einsatzbereit \u2013 ohne Verd\u00fcnnung \u2013 Scheibensp\u00fclfl\u00fcssigkeit und Scheinwerfer f\u00fcr Autos. Produkt f\u00fcr den professionellen Gebrauch. <\/p>\n<div id=\"showMoreDiv\" class=\"collapsed\">\u00a0\n<p>GLICAR-Fl\u00fcssigkeit wird auf Basis von Methylalkohol \u2013 Methanol \u2013 hergestellt, dank dem sie auch bei Gefriertemperaturen fl\u00fcssig ist. Es beh\u00e4lt seine Leistungseigenschaften bis zu -22\u00b0C, l\u00f6st Schnee und Eis effektiv auf den Fenstern auf und entfernt alle Verunreinigungen.  Hinterl\u00e4sst keine Streifen oder Reflexionen.<\/p>\n<p>Dank der Zusatzstoffe sorgt das Produkt daf\u00fcr, dass die Scheibenwischer auch bei extrem niedrigen Temperaturen flexibel bleiben. GLICAR ist v\u00f6llig inert gegen\u00fcber dem Lack sowie den Gummi- und Kunststoffteilen der Karosserie. <\/p>\n<p>Verhindert die Ansammlung von Ablagerungen im Fl\u00fcssigkeitstank und im Waschsystem. H\u00e4lt das System sauber, reinigt die Waschd\u00fcsen und verhindert deren Verstopfung.<\/p>\n<p>Konzipiert f\u00fcr den professionellen Einsatz in allen Fahrzeugtypen, von Pkw \u00fcber Lieferwagen, Lastwagen, Busse bis hin zu Milit\u00e4r- und Baumaschinen.<\/p>\n<p>GLICAR hat einen angenehmen, fruchtigen Duft.<\/p>\n<p><strong>Farbe.<\/strong><\/p>\n<p>Das Produkt ist in Rot erh\u00e4ltlich. Die Farbe des Produkts entsteht durch Zugabe nat\u00fcrlicher mineralischer Pigmente. Das Pigment ist v\u00f6llig neutral gegen\u00fcber den funktionellen Eigenschaften des Produkts.  <\/p>\n<p><strong>ACHTUNG!<\/strong><\/p>\n<p>Das Produkt ist f\u00fcr den professionellen Handel bestimmt.<\/p>\n<\/div>\n<a id=\"readMoreButton\" href=\"javascript:void(0);\" data-readmore=\"Mehr lesen\" data-readless=\"Text verbergen\">Mehr lesen<\/a>\n","protected":false},"excerpt":{"rendered":"<p><strong>GLICAR Winterscheibensp\u00fclfl\u00fcssigkeit in K\u00fcrze:<\/strong><\/p>\n<ul>\n<li>Gebrauchsfertig, keine Verd\u00fcnnung erforderlich.<\/li>\n<li>Entfernt effektiv Schmutz, Salz, Matsch und andere Verunreinigungen.<\/li>\n<li>Enteist effektiv Schnee und Eis auf den Fenstern.<\/li>\n<li>Entfettet \u00d6lfilme von Fenstern.<\/li>\n<li>Friert nicht ein. Sch\u00fctzt die Scheibenwaschanlage und das System vor niedrigen Temperaturen bis -22 \u00b0C.<\/li>\n<li>Verbessert die Flexibilit\u00e4t von Scheibenwischern.<\/li>\n<li>Hinterl\u00e4sst keine Streifen.<\/li>\n<li>Verursacht keine Reflexionen auf Autoscheiben.<\/li>\n<li>Sicher f\u00fcr Lack, Gummi und Kunststoffe.<\/li>\n<li>Angenehmer fruchtiger Duft.<\/li>\n<\/ul>\n","protected":false},"featured_media":16360,"template":"","meta":[],"product_brand":[],"product_cat":[176,185],"product_tag":[],"class_list":{"0":"post-22285","1":"product","2":"type-product","3":"status-publish","4":"has-post-thumbnail","6":"product_cat-automobilchemie","7":"product_cat-waschflussigkeiten","9":"first","10":"instock","11":"shipping-taxable","12":"product-type-variable"},"acf":[],"_links":{"self":[{"href":"https:\/\/glitherm.com\/de\/wp-json\/wp\/v2\/product\/22285","targetHints":{"allow":["GET"]}}],"collection":[{"href":"https:\/\/glitherm.com\/de\/wp-json\/wp\/v2\/product"}],"about":[{"href":"https:\/\/glitherm.com\/de\/wp-json\/wp\/v2\/types\/product"}],"wp:featuredmedia":[{"embeddable":true,"href":"https:\/\/glitherm.com\/de\/wp-json\/wp\/v2\/media\/16360"}],"wp:attachment":[{"href":"https:\/\/glitherm.com\/de\/wp-json\/wp\/v2\/media?parent=22285"}],"wp:term":[{"taxonomy":"product_brand","embeddable":true,"href":"https:\/\/glitherm.com\/de\/wp-json\/wp\/v2\/product_brand?post=22285"},{"taxonomy":"product_cat","embeddable":true,"href":"https:\/\/glitherm.com\/de\/wp-json\/wp\/v2\/product_cat?post=22285"},{"taxonomy":"product_tag","embeddable":true,"href":"https:\/\/glitherm.com\/de\/wp-json\/wp\/v2\/product_tag?post=22285"}],"curies":[{"name":"wp","href":"https:\/\/api.w.org\/{rel}","templated":true}]}}