{"id":22332,"date":"2023-08-18T14:33:11","date_gmt":"2023-08-18T12:33:11","guid":{"rendered":"https:\/\/glitherm.com\/produkt\/waermeuebertragungsfluessigkeit-glitherm-eko-konzentrat\/"},"modified":"2023-08-18T14:33:11","modified_gmt":"2023-08-18T12:33:11","slug":"waermeuebertragungsfluessigkeit-glitherm-eko-konzentrat","status":"publish","type":"product","link":"https:\/\/glitherm.com\/de\/produkt\/waermeuebertragungsfluessigkeit-glitherm-eko-konzentrat\/","title":{"rendered":"W\u00e4rme\u00fcbertragungsfl\u00fcssigkeit GLITHERM EKO KONZENTRAT"},"content":{"rendered":"<p>GLITHERM EKO KONZENTRAT Transportfl\u00fcssigkeit, W\u00e4rmeschutzmittel \u2013 ist ein modernes, hochkonzentriertes Monopropylenglykol (MPG)-Konzentrat, das die h\u00f6chsten Qualit\u00e4tsstandards erf\u00fcllt. Sie erm\u00f6glicht eine schnelle und einfache Zubereitung von Standardmischungen sowie solcher, die auf die individuellen Kundenbed\u00fcrfnisse zugeschnitten sind. Es ist \u00f6kologisch, was die negativen Auswirkungen auf die Umwelt minimiert. Die sorgf\u00e4ltig entwickelte Formel bietet einen verbesserten Korrosionsschutz und verhindert die Bildung von Ablagerungen und Ablagerungen. Geeignet f\u00fcr alle industriellen und privaten Installationen.    <\/p>\n<div id=\"showMoreDiv\" class=\"collapsed\">\u00a0\n<p>Das moderne Rezept des GLITHERM EKO EKO Frostschutzkonzentrats wurde an die neuesten bekannten Anforderungen hinsichtlich ihrer Auswirkungen auf Umwelt und Menschen angepasst. Der Hersteller \u00fcberwacht die in der Produktion verwendeten Rohstoffe und Komponenten hinsichtlich \u00d6kologie, Sicherheit und Emissionsfreiheit. <\/p>\n<p>GLITHERM EKO CONCENTRATE ist ein Produkt der neuen Generation, es zwingt den Nutzer nicht zum Austausch des K\u00e4ltemittels und erm\u00f6glicht es, die Wartungsintervalle zu verl\u00e4ngern (w\u00e4hrend regelm\u00e4\u00dfige Tests durchgef\u00fchrt werden) im Gegensatz zu g\u00e4ngig verwendeten Fl\u00fcssigkeiten auf Basis alter Technologien.<\/p>\n<p>GLITHERM EKO KONZENTRAT W\u00e4rme\u00fcbertragungsfl\u00fcssigkeit ist kein einsatzbereites Produkt. Glitherm ECO-Konzentrat muss vor der Verwendung mit entmineralisiertem Wasser verd\u00fcnnt werden. Verwenden Sie keine unverd\u00fcnnte Vorbereitung aufgrund ihrer hohen Dichte, Viskosit\u00e4t und hohen Glykolkonzentration, die zu Fehlfunktionen oder sogar Sch\u00e4den an der Installation oder ihren Komponenten f\u00fchren kann. Weitere Informationen zum Verd\u00fcnnungsprozess und zur Herstellung fertiger L\u00f6sungen finden Sie im Abschnitt &#8222;Verd\u00fcnnung&#8220;.   <\/p>\n<p>Das GLITHERM ECO Concentrate Heat Transfer Fluid ist f\u00fcr die schnelle und bequeme Herstellung von Gemischen aus Standard-W\u00e4rme\u00fcbertragungsfl\u00fcssigkeiten sowie von Mischungen, die auf individuelle Kundenbed\u00fcrfnisse zugeschnitten sind, konzipiert. Die konzentrierte Produktformel wird besonders empfohlen, wenn Transport- und\/oder Lagerkosten einen erheblichen Anteil an den Gek\u00f6pfen haben. Das Konzentrat nimmt beim Transport und zur Lagerung weniger Platz ein.  <\/p>\n<p>Die h\u00f6chste Qualit\u00e4t des Glitherm EKO W\u00e4rme\u00fcbertragungsfl\u00fcssigkeitskonzentrats wird best\u00e4tigt durch:<\/p>\n<ul>\n<li>Technische Empfehlung des ITB \u2013 Institut f\u00fcr Bauforschung in Warschau.<\/li>\n<li>Hygienezertifikat PZH \u2013 Nationales Institut f\u00fcr \u00f6ffentliche Gesundheit PZH \u2013 Nationales Forschungsinstitut.<\/li>\n<\/ul>\n<p>Glitherm ECO Concentrate Heat Transfer Fluid entspricht den neuesten Vorschriften der EU-Kommission und den geltenden gesetzlichen Vorschriften. GLITHERM EKO-KONZENTRAT enth\u00e4lt unter anderem keine CMR-Substanzen (krebserregend, mutagen, mit negativen Auswirkungen auf die Fortpflanzung) und Substanzen, die in der Richtlinie 2011\/65\/EU des Europ\u00e4ischen Parlaments und des Rates (RoHS = Beschr\u00e4nkung gef\u00e4hrlicher Stoffe), Artikel 4\u00a71 wie Blei, Quecksilber, Cadmium, sechswertiges Chrom, polybromiertes Buphenyl (PBB), polybromiertes Diphenylether und andere gesetzlich verbotene Substanzen aufgef\u00fchrt sind.  <\/p>\n<p>Das GLITHERM ECO-Konzentrat ist ein Produkt, das auf hochwertigem Monopropylenglykol (MPG) basiert, das nicht recycelt wird. Seine \u00f6kologische Formel, die auf einem natur- und menschenfreundlichen Rohstoff basiert, erm\u00f6glicht die Herstellung von Mischungen, die umweltfreundlich sind und ohne Gesundheits- und Lebensgef\u00e4hrdung von Mitarbeitern oder Nutzern. Die Zusammensetzung des Produkts stellt sicher, dass selbst ein Notfall-Leckage des Systems oder eine nachl\u00e4ssige Handhabung des Produkts kein Risiko darstellt.  <\/p>\n<p>Die einzigartige Formel, angereichert mit Raffinerien, Korrosionsinhibitoren und modernen Schaumschutzmitteln, garantiert, dass die aus dem GLITHERM ECO-Konzentrat hergestellten Mischungen einen langfristigen und fehlerfreien Betrieb jeder Installation gew\u00e4hrleisten. Das Produkt sch\u00e4umt beim Bef\u00fcllen oder Betrieb nicht, wodurch alle potenziellen Probleme im Zusammenhang mit dem Vorhandensein von Schaum in der Installation eliminiert werden. <\/p>\n<p>Mischungen auf Basis von Glitherm ECO-Konzentrat bieten einen dauerhaften und effektiven Schutz gegen Korrosion und Niederschlag von Ablagerungen und halten die Anlagen sauber. W\u00e4rme\u00fcbertragungsfl\u00fcssigkeiten auf Basis von Glitherm EKO-Konzentrat sch\u00fctzen das Innere der Installation effektiv vor der Entwicklung von Mikroorganismen. Das Produkt enth\u00e4lt keine Glycerinzus\u00e4tze und Alkohole; Mischungen auf Basis unseres Konzentrats sorgen f\u00fcr einen zuverl\u00e4ssigen Betrieb der Pflanze \u00fcber viele Jahre.  <\/p>\n<p><strong>Farbe. <\/strong><\/p>\n<p>GLITHERM EKO-KONZENTRAT wird standardm\u00e4\u00dfig in Gr\u00fcn angeboten. Die Farbe des Konzentrats ist das Ergebnis der Verwendung eines v\u00f6llig neutralen Pigments, sie beeinflusst die physikochemischen Eigenschaften des Produkts nicht. Das verwendete Pigment kann durch ein anderes ersetzt werden, wodurch auf besonderen Kundenwunsch ein rosa Konzentrat hergestellt werden kann.  <\/p>\n<p><strong>ACHTUNG!<\/strong><\/p>\n<p>Verwenden Sie keine Mischungen von GLITHERM ECO-Konzentrat in Anlagen mit verzinkten Elementen. Die Produktmischungen sind mit den meisten in Anlagen \u00fcblichen Materialien kompatibel, wie z. B. Stahl, Gusseisen, Aluminium, Kupfer, Kupferlegierungen, Bindemittel, Messing. L\u00f6sungen auf Basis von Glitherm EKO W\u00e4rme\u00fcbertragungsfl\u00fcssigkeitskonzentrat k\u00f6nnen erfolgreich in L\u00f6tanlagen eingesetzt werden.  <\/p>\n<\/div>\n<a id=\"readMoreButton\" href=\"javascript:void(0);\" data-readmore=\"Mehr lesen\" data-readless=\"Text verbergen\">Mehr lesen<\/a>\n","protected":false},"excerpt":{"rendered":"<p><strong>Das GLITHERM ECO-Konzentrat in K\u00fcrze:<\/strong><\/p>\n<ul>\n<li>Neueste Generation von K\u00fchlkonzentrat.<\/li>\n<li>Weniger Transport und Lagerung.<\/li>\n<li>M\u00f6glichkeit, die Mischung nach individuellen Bed\u00fcrfnissen zuzubereiten. <\/li>\n<li>Ungiftig, umweltfreundlich und menschenfreundlich.<\/li>\n<li>Enth\u00e4lt keine CMR (krebserregende, mutagene und fortpflanzungstoxische) Substanzen<\/li>\n<li>Es verf\u00fcgt \u00fcber das Hygienezertifikat des National Institute of Hygiene und die technische Empfehlung des Building Research Institute.<\/li>\n<li>Es enth\u00e4lt kein Glycerin und keine Alkohole.<\/li>\n<li>Er bietet Korrosionsschutz, verhindert die Niederschlagung von Ablagerungen und h\u00e4lt die Installation sauber.<\/li>\n<li>Verhindert das Wachstum von Mikroorganismen.<\/li>\n<li>5 Jahre Garantie.<\/li>\n<\/ul>\n","protected":false},"featured_media":16311,"template":"","meta":[],"product_brand":[],"product_cat":[206,200],"product_tag":[],"class_list":{"0":"post-22332","1":"product","2":"type-product","3":"status-publish","4":"has-post-thumbnail","6":"product_cat-flussigkeiten-auf-basis-von-monopropylenglykol","7":"product_cat-flussigkeiten-fur-heiz-und-kuhlanlagen","9":"first","10":"instock","11":"shipping-taxable","12":"product-type-variable"},"acf":[],"_links":{"self":[{"href":"https:\/\/glitherm.com\/de\/wp-json\/wp\/v2\/product\/22332","targetHints":{"allow":["GET"]}}],"collection":[{"href":"https:\/\/glitherm.com\/de\/wp-json\/wp\/v2\/product"}],"about":[{"href":"https:\/\/glitherm.com\/de\/wp-json\/wp\/v2\/types\/product"}],"wp:featuredmedia":[{"embeddable":true,"href":"https:\/\/glitherm.com\/de\/wp-json\/wp\/v2\/media\/16311"}],"wp:attachment":[{"href":"https:\/\/glitherm.com\/de\/wp-json\/wp\/v2\/media?parent=22332"}],"wp:term":[{"taxonomy":"product_brand","embeddable":true,"href":"https:\/\/glitherm.com\/de\/wp-json\/wp\/v2\/product_brand?post=22332"},{"taxonomy":"product_cat","embeddable":true,"href":"https:\/\/glitherm.com\/de\/wp-json\/wp\/v2\/product_cat?post=22332"},{"taxonomy":"product_tag","embeddable":true,"href":"https:\/\/glitherm.com\/de\/wp-json\/wp\/v2\/product_tag?post=22332"}],"curies":[{"name":"wp","href":"https:\/\/api.w.org\/{rel}","templated":true}]}}