{"id":22383,"date":"2023-09-06T15:17:47","date_gmt":"2023-09-06T13:17:47","guid":{"rendered":"https:\/\/glitherm.com\/produkt\/waermeuebertragungsfluessigkeit-glitherm-et-konzentrat\/"},"modified":"2023-09-06T15:17:47","modified_gmt":"2023-09-06T13:17:47","slug":"waermeuebertragungsfluessigkeit-glitherm-et-konzentrat","status":"publish","type":"product","link":"https:\/\/glitherm.com\/de\/produkt\/waermeuebertragungsfluessigkeit-glitherm-et-konzentrat\/","title":{"rendered":"W\u00e4rme\u00fcbertragungsfl\u00fcssigkeit GLITHERM ET KONZENTRAT"},"content":{"rendered":"<p>GLITHERM ET CONCENTRATE W\u00e4rme\u00fcbertragungsfl\u00fcssigkeit, Frostschutzmittel \u2013 ist ein hochkonzentriertes Premium-Konzentrat auf Basis von Monoethylenglykol (MEG). Seine einzigartige Formel garantiert die h\u00f6chste Qualit\u00e4t der auf dieser Basis zubereiteten Fertigmischungen. Sie sch\u00fctzt die Installation vor Korrosion und Gefriertemperaturen. Sie verhindert effektiv die Bildung von Ablagerungen und Kalkablagerungen und sorgt dabei f\u00fcr die Effizienz der Ausr\u00fcstung. Hochwertige Komponenten verhindern den Abbau von Fl\u00fcssigkeiten und Systemen und sorgen f\u00fcr eine langanhaltende Leistung.<br \/>\nMit Glitherm ET Concentrate k\u00f6nnen Sie bequem und sicher eine Mischung zubereiten, die auf Ihre individuellen Anforderungen und Installationsbedingungen zugeschnitten ist.    <\/p>\n<div id=\"showMoreDiv\" class=\"collapsed\">\u00a0\n<p>Glitherm ET Concentrate ist kein einsatzbereites Produkt. Vor der Anwendung muss es mit entmineralisiertem Wasser auf die passenden Konzentrationen gem\u00e4\u00df den vom Hersteller empfohlenen Anteilen verd\u00fcnnt werden. Es wird nicht empfohlen, unverd\u00fcnntes Konzentrat zu verwenden, da die hohe Glykolkonzentration, die hohe Dichte und Viskosit\u00e4t des Produkts vorhanden sind, was zu Sch\u00e4den an der Installation f\u00fchren kann. Der Prozess der Verd\u00fcnnung und Herstellung von Arbeitsl\u00f6sungen wird im Abschnitt &#8222;Verd\u00fcnnung&#8220; vorgestellt.    <\/p>\n<p>Eine hohe Glykolkonzentration bedeutet weniger Produkt f\u00fcr Transport und Lagerung. GLITHERM ET-Konzentrat eignet sich perfekt f\u00fcr Orte, an denen Transport- und Lagerkosten einen gro\u00dfen Anteil an den Gesamtkosten haben. Ungenutztes Konzentrat kann verwendet werden, um eine Mischung mit anderen Parametern f\u00fcr eine weitere Installation auf derselben oder sp\u00e4teren Investition herzustellen. <\/p>\n<p>Die h\u00f6chste Qualit\u00e4t der W\u00e4rmetr\u00e4gerfl\u00fcssigkeit Glitherm ET Koncentrat wird durch die Technische Empfehlung des ITB \u2013 Instituts f\u00fcr Bautechnik in Warschau best\u00e4tigt.<\/p>\n<p>Der erh\u00f6hte Gehalt an Korrosionsinhibitoren, Stabilisierungsadditiven, Raffinerien, leistungsstarken Sch\u00e4umschutzmitteln f\u00fcr Glykole und neutralen Pigmenten bildet die Formel des Glitherm ET-Konzentrats. Die Produktformel sch\u00fctzt die Anlage vollst\u00e4ndig vor Korrosion und Einfrieren, sch\u00fctzt die Anlagen vor Kalkablagerungen und verhindert die Bildung von Ablagerungen. Es h\u00e4lt die Installation sauber, sch\u00fctzt die Anlage vor der Entwicklung mikrobiellen Lebens und der Bildung des sogenannten Biofilms auf ihren Elementen. Die verwendeten Hochleistungs-Schaumstoffzus\u00e4tze sch\u00fctzen gebrauchsfertige Gemische sowohl w\u00e4hrend der Bef\u00fcllung als auch w\u00e4hrend des Betriebs der Anlage vor Sch\u00e4umung.    <\/p>\n<p>Das Glytherm ET Frostschutzkonzentrat wird auf Basis von Rohstoffen erster Qualit\u00e4t hergestellt. F\u00fcr die Produktion werden keine Halbfertigprodukte oder recycelte und regenerierte Rohstoffe verwendet. Die Verwendung nur der hochwertigsten Rohstoffe und die einzigartige Produktformel verhindern den Fl\u00fcssigkeitsabbau und garantieren einen langfristigen, fehlerfreien Betrieb der Anlage.  <\/p>\n<p>Die Produkte der Glitherm ET-Familie sind eine g\u00fcnstigere Alternative zu auf Monopropylenglykol (MPG)-basierten Fl\u00fcssigkeiten. Das im Produkt verwendete Monoethylenglykol ist eine giftige Substanz, die Menschen und Umwelt sch\u00e4digt, daher ist es unerl\u00e4sslich, die Fl\u00fcssigkeit nicht in Umwelt, Wasserl\u00e4ufe, Abwasser, Grundwasser oder Versorgungswasser freizusetzen. Mischungen, die auf diesem Konzentrat basieren, k\u00f6nnen sicher \u00fcberall verwendet werden, wo kein direkter Kontakt mit Lebensmitteln oder Haushaltswasser besteht.  <\/p>\n<p><strong>Farbe. <\/strong><\/p>\n<p>Glitherm ET W\u00e4rme\u00fcbertragungsfl\u00fcssigkeitskonzentrat wird standardm\u00e4\u00dfig in Blau geliefert. Die Farbe des Konzentrats entsteht durch das Mischen v\u00f6llig neutraler nat\u00fcrlicher Pigmente. Pigmente \u2013 wie UV-Marker \u2013 beeinflussen nicht die funktionellen physikochemischen Eigenschaften des Produkts und der daraus gewonnenen Gemische.  <\/p>\n<p><strong>ACHTUNG!<\/strong><\/p>\n<p>Mischungen, die auf Glitherm ET-Konzentrat basieren, sollten nicht in Anlagen mit verzinkten Elementen verwendet werden. Gleichzeitig sind alle auf diesem Produkt basierenden Mischungen mit den meisten in Anlagen \u00fcblichen Materialien kompatibel, wie Stahl, Gusseisen, Aluminium, Kupfer, Bindemittel und Messing.  Auch die Tatsache, dass die Installation gel\u00f6tet wird, schr\u00e4nkt die Verwendung von Mischungen auf Basis des Glitherm ET-Konzentrats in keiner Weise ein.<\/p>\n<\/div>\n<a id=\"readMoreButton\" href=\"javascript:void(0);\" data-readmore=\"Mehr lesen\" data-readless=\"Text verbergen\">Mehr lesen<\/a>\n","protected":false},"excerpt":{"rendered":"<p><strong>GLITHERM ET CONCENTRATE in K\u00fcrze:<\/strong><\/p>\n<ul>\n<li>Konzentrierte Formel.<\/li>\n<li>Weniger Transport und Lagerung.<\/li>\n<li>Es verf\u00fcgt \u00fcber die technische ITB-Empfehlung.<\/li>\n<li>Es besteht die M\u00f6glichkeit, die Mischung nach individuellen Bed\u00fcrfnissen zuzubereiten.<\/li>\n<li>Enth\u00e4lt keinen Alkohol und kein Glycerin.<\/li>\n<li>Er bietet Korrosionsschutz, verhindert Sedimentausf\u00e4llung, verhindert die Entwicklung von Biofilmen bei der Installation und sch\u00fctzt vor \u00dcberhitzung und Gefrieren.<\/li>\n<li>Es enth\u00e4lt Antischaummittel.<\/li>\n<li>Es handelt sich um einen Mehrsaison-Agenten.<\/li>\n<li>5 Jahre Garantie.<\/li>\n<\/ul>\n","protected":false},"featured_media":16315,"template":"","meta":[],"product_brand":[],"product_cat":[203,200],"product_tag":[],"class_list":{"0":"post-22383","1":"product","2":"type-product","3":"status-publish","4":"has-post-thumbnail","6":"product_cat-flussigkeiten-auf-monoethylenglykolbasis","7":"product_cat-flussigkeiten-fur-heiz-und-kuhlanlagen","9":"first","10":"instock","11":"shipping-taxable","12":"product-type-variable"},"acf":[],"_links":{"self":[{"href":"https:\/\/glitherm.com\/de\/wp-json\/wp\/v2\/product\/22383","targetHints":{"allow":["GET"]}}],"collection":[{"href":"https:\/\/glitherm.com\/de\/wp-json\/wp\/v2\/product"}],"about":[{"href":"https:\/\/glitherm.com\/de\/wp-json\/wp\/v2\/types\/product"}],"wp:featuredmedia":[{"embeddable":true,"href":"https:\/\/glitherm.com\/de\/wp-json\/wp\/v2\/media\/16315"}],"wp:attachment":[{"href":"https:\/\/glitherm.com\/de\/wp-json\/wp\/v2\/media?parent=22383"}],"wp:term":[{"taxonomy":"product_brand","embeddable":true,"href":"https:\/\/glitherm.com\/de\/wp-json\/wp\/v2\/product_brand?post=22383"},{"taxonomy":"product_cat","embeddable":true,"href":"https:\/\/glitherm.com\/de\/wp-json\/wp\/v2\/product_cat?post=22383"},{"taxonomy":"product_tag","embeddable":true,"href":"https:\/\/glitherm.com\/de\/wp-json\/wp\/v2\/product_tag?post=22383"}],"curies":[{"name":"wp","href":"https:\/\/api.w.org\/{rel}","templated":true}]}}