{"id":22442,"date":"2023-09-15T11:08:12","date_gmt":"2023-09-15T09:08:12","guid":{"rendered":"https:\/\/glitherm.com\/produkt\/kesselwasser-kreislaufwasser-aquacor-gebrauchsfertig\/"},"modified":"2023-09-15T11:08:12","modified_gmt":"2023-09-15T09:08:12","slug":"kesselwasser-kreislaufwasser-aquacor-gebrauchsfertig","status":"publish","type":"product","link":"https:\/\/glitherm.com\/de\/produkt\/kesselwasser-kreislaufwasser-aquacor-gebrauchsfertig\/","title":{"rendered":"Kesselwasser, Kreislaufwasser AQUACOR+ gebrauchsfertig"},"content":{"rendered":"<p>AQUACOR+ Kesselwasser, zirkulierendes Wasser, bereit zur Anwendung \u2013 ist ein umweltfreundliches, effizientes zirkulierendes Wasser. Er sch\u00fctzt alle Metallelemente und Dichtungen, die in Heizsystemen verwendet werden, vor Korrosion. Es stabilisiert den pH-Wert, verhindert die Bildung von Kalk und die Niederschlagung von Mineralablagerungen. Sch\u00fctzt neue und bestehende Anlagen vor Ausf\u00e4llen und Leistungseinbu\u00dfen. Es sorgt f\u00fcr Effizienz und Sauberkeit der Installation und sch\u00fctzt vor vorzeitigem Verschlei\u00df. Durch die Zugabe von UV angereichert ist es einfacher, m\u00f6gliche Lecks und Undichtigkeiten zu erkennen. Perfekt sowohl f\u00fcr industrielle als auch f\u00fcr private Installationen. Geeignet dort, wo kein Frostschutz ben\u00f6tigt wird.       <\/p>\n<div id=\"showMoreDiv\" class=\"collapsed\">\u00a0\n<p>AQUACOR+ Boiler Water, Circulating Water ist ein einsatzbereites Produkt, das auf entmineralisiertem Wasser und hochwertigen Korrosionsinhibitoren basiert. Das Produkt muss nicht verd\u00fcnnt werden. Es muss auch nicht anders vorbereitet werden, bevor der Antrag auf Installation stattfindet.  <\/p>\n<p>AQUACOR + Kesselwasser auf Basis von demineralisiertem Wasser ist sicher f\u00fcr die nat\u00fcrliche Umwelt und die Menschen. M\u00f6gliche Lecks w\u00e4hrend der Bef\u00fcllung der Installation, ihres Betriebs oder bei unzureichendem sorgf\u00e4ltigem Umgang mit dem Produkt stellen keine Gefahr f\u00fcr die Umwelt, die Gesundheit und das Leben von Mitarbeitern und Nutzern dar. <\/p>\n<p>Die einzigartige Formel von AQUACOR+ Circulating Water basierend auf Zusatzstoffen und Stabilisatoren, Korrosionsinhibitoren, Schaumschutzmitteln, pH-Regulatoren sowie neutralen Pigmenten und UV-Markern in Kombination mit entmineralisiertem Wasser garantiert die h\u00f6chste Qualit\u00e4t des Endprodukts. Dank dessen bietet AQUCOR+ Korrosionsschutz f\u00fcr Metallelemente von Installationen und wartet und sch\u00fctzt Dichtungen, die h\u00e4ufig in Installationen verwendet werden. Sie sch\u00fctzt die Anlage vor der Bildung von Kalkschilden und der Niederschlagung von Minerallagerst\u00e4tten.   H\u00e4lt die Installation sauber. Schaumschutzadditive sch\u00fctzen vor Sch\u00e4umung des Arbeitsmediums w\u00e4hrend der Bef\u00fcllung des Systems und w\u00e4hrend des Betriebs.<\/p>\n<p>AQUCOR+ Kesselwasser sorgt f\u00fcr einen langfristigen und problemfreien Betrieb jeder Installation \u00fcber viele Jahre. Sie verhindert W\u00e4rmeverluste und erh\u00f6ht die Effizienz sowohl neuer Anlagen als auch solcher, die schon lange in Betrieb sind. <\/p>\n<p>AQUACOR+ zirkulierendes Wasser ist eine Option sowohl f\u00fcr industrielle als auch f\u00fcr private Installationen. Geeignet, wo kein Frostschutz erforderlich ist. <\/p>\n<p><strong>Farbe.<\/strong><\/p>\n<p>AQUACOR+ Circulation Water wird standardm\u00e4\u00dfig in Gelb produziert. Die Farbe entsteht durch Zugabe nat\u00fcrlicher mineralischer Farbstoffe, die v\u00f6llig neutral zu den funktionellen physikochemischen Eigenschaften des Produkts sind. <\/p>\n<p><strong>ACHTUNG!<\/strong><\/p>\n<p>Das Produkt sollte nicht in Installationen verwendet werden, bei denen Frostschutz erforderlich ist. AQUACOR+ Zirkulierendes Wasser kann sicher in Anlagen aus den am h\u00e4ufigsten verwendeten Materialien verwendet werden, darunter: verzinkt, Stahl, Gusseisen, Aluminium, Kupfer und deren Legierungen, Bindemittel, Messing. Das L\u00f6ten des Systems ist keine Gegenanzeige f\u00fcr die Verwendung von AQUACOR+.  <\/p>\n<\/div>\n<a id=\"readMoreButton\" href=\"javascript:void(0);\" data-readmore=\"Mehr lesen\" data-readless=\"Text verbergen\">Mehr lesen<\/a>\n","protected":false},"excerpt":{"rendered":"<p><strong>AQUACOR+ in K\u00fcrze:<\/strong><\/p>\n<ul>\n<li>Sicher f\u00fcr den Menschen und umweltfreundlich.<\/li>\n<li>Sch\u00fctzt die Installation vor Korrosion.<\/li>\n<li>Verhindert die Bildung von Kesselstein und die Ausf\u00e4llung von Mineralablagerungen.<\/li>\n<li>H\u00e4lt die Installation sauber.<\/li>\n<li>&#8222;Verbessert die Effizienz des Systems.&#8220;<\/li>\n<li>Reduziert den W\u00e4rmeverlust.<\/li>\n<li>Verl\u00e4ngert die Lebensdauer der Anlage.<\/li>\n<li>Enth\u00e4lt sch\u00e4umschutzende Zusatzstoffe.<\/li>\n<\/ul>\n","protected":false},"featured_media":21006,"template":"","meta":[],"product_brand":[],"product_cat":[200,212],"product_tag":[],"class_list":{"0":"post-22442","1":"product","2":"type-product","3":"status-publish","4":"has-post-thumbnail","6":"product_cat-flussigkeiten-fur-heiz-und-kuhlanlagen","7":"product_cat-kesselwasser","9":"first","10":"instock","11":"shipping-taxable","12":"product-type-variable"},"acf":[],"_links":{"self":[{"href":"https:\/\/glitherm.com\/de\/wp-json\/wp\/v2\/product\/22442","targetHints":{"allow":["GET"]}}],"collection":[{"href":"https:\/\/glitherm.com\/de\/wp-json\/wp\/v2\/product"}],"about":[{"href":"https:\/\/glitherm.com\/de\/wp-json\/wp\/v2\/types\/product"}],"wp:featuredmedia":[{"embeddable":true,"href":"https:\/\/glitherm.com\/de\/wp-json\/wp\/v2\/media\/21006"}],"wp:attachment":[{"href":"https:\/\/glitherm.com\/de\/wp-json\/wp\/v2\/media?parent=22442"}],"wp:term":[{"taxonomy":"product_brand","embeddable":true,"href":"https:\/\/glitherm.com\/de\/wp-json\/wp\/v2\/product_brand?post=22442"},{"taxonomy":"product_cat","embeddable":true,"href":"https:\/\/glitherm.com\/de\/wp-json\/wp\/v2\/product_cat?post=22442"},{"taxonomy":"product_tag","embeddable":true,"href":"https:\/\/glitherm.com\/de\/wp-json\/wp\/v2\/product_tag?post=22442"}],"curies":[{"name":"wp","href":"https:\/\/api.w.org\/{rel}","templated":true}]}}