{"id":22473,"date":"2023-12-01T12:09:31","date_gmt":"2023-12-01T11:09:31","guid":{"rendered":"https:\/\/glitherm.com\/produkt\/demineralisiertes-wasser-glitherm\/"},"modified":"2025-12-15T08:25:32","modified_gmt":"2025-12-15T07:25:32","slug":"demineralisiertes-wasser-glitherm","status":"publish","type":"product","link":"https:\/\/glitherm.com\/de\/produkt\/demineralisiertes-wasser-glitherm\/","title":{"rendered":"Demineralisiertes Wasser GLITHERM"},"content":{"rendered":"<p>GLITHERM demineralisiertes Wasser, oft auch als Prozess- oder Prozesswasser bezeichnet. Es ist frei von Mineralien, Ionen und anderen Verunreinigungen und eignet sich daher ideal f\u00fcr Anwendungen, bei denen Sauberkeit und geringe elektrische Leitf\u00e4higkeit entscheidend sind. <\/p>\n<div id=\"showMoreDiv\" class=\"collapsed\">\u00a0\n<p>Dank einer modernen Produktionsmethode auf Basis des Reverseosmoseverfahrens zeichnet sie sich durch hohe Reinheit aus, lagert keinen Kalk ab und verursacht keine Niederlage anderer Mineralablagerungen. Es ist frei von organischen Schadstoffen, was die Gefahr m\u00f6glicher biologischer Aktivit\u00e4ten minimiert. <\/p>\n<p>GLITHERM entmineralisiertes Wasser ist geruchs- und farblos, es beeinflusst den Geruch und die Farbe in gro\u00dfen Anwendungsbereichen, z. B. beim Verd\u00fcnnen von Konzentraten, nicht.<\/p>\n<p>Entwickelt f\u00fcr Fachleute, die bestrebt sind, die h\u00f6chste Qualit\u00e4t und konsistente Parameter in ihren Prozessen zu erreichen. Es wird unersetzlich, wo es um best\u00e4ndige, wiederholbare und hohe Qualit\u00e4t geht. <\/p>\n<p>GLITHERM-Prozesswasser ist sicher f\u00fcr den Nutzer und die Umwelt. Die Arbeit mit GLITHERM-Prozesswasser erfordert keine pers\u00f6nliche Schutzausr\u00fcstung, und jegliche Austritte in die nat\u00fcrliche Umgebung stellen keine Gefahr dar. R\u00fcckst\u00e4nde erfordern keinen speziellen Entsorgungsprozess.  <\/p>\n<p>Es ist einsatzbereit, bietet Zuverl\u00e4ssigkeit und hervorragende Ergebnisse in verschiedenen Anwendungen.<\/p>\n<p>Perfekt f\u00fcr Profis und den Heimgebrauch.<\/p>\n<\/div>\n<a id=\"readMoreButton\" href=\"javascript:void(0);\" data-readmore=\"Mehr lesen\" data-readless=\"Text verbergen\">Mehr lesen<\/a>\n","protected":false},"excerpt":{"rendered":"<p><strong>GLITHERM demineralisiertes Wasser<\/strong><\/p>\n<ul>\n<li>Ein universelles L\u00f6sungsmittel mit einer wiederholbaren, vorhersehbaren Zusammensetzung.<\/li>\n<li>Frei von Mineralien, Ionen und anderen Verunreinigungen.<\/li>\n<li>Frei von organischen Verunreinigungen, wodurch die potenzielle biologische Aktivit\u00e4t minimiert wird.<\/li>\n<li>Es sch\u00fctzt vor Kalk und mineralischen Ablagerungen.<\/li>\n<li>Geruchs- und farblos.<\/li>\n<li>Es zeichnet sich durch eine sehr geringe elektrische Leitf\u00e4higkeit aus.<\/li>\n<li>Es ist sicher f\u00fcr Mensch und Umwelt.<\/li>\n<li>Lange Haltbarkeit, wenn sie unter optimalen Bedingungen gelagert wird, altert nicht und verschlechtert sich nicht.<\/li>\n<\/ul>\n","protected":false},"featured_media":16738,"template":"","meta":[],"product_brand":[],"product_cat":[209,200],"product_tag":[],"class_list":{"0":"post-22473","1":"product","2":"type-product","3":"status-publish","4":"has-post-thumbnail","6":"product_cat-demineralisiertes-wasser","7":"product_cat-flussigkeiten-fur-heiz-und-kuhlanlagen","9":"first","10":"instock","11":"shipping-taxable","12":"product-type-variable"},"acf":[],"_links":{"self":[{"href":"https:\/\/glitherm.com\/de\/wp-json\/wp\/v2\/product\/22473","targetHints":{"allow":["GET"]}}],"collection":[{"href":"https:\/\/glitherm.com\/de\/wp-json\/wp\/v2\/product"}],"about":[{"href":"https:\/\/glitherm.com\/de\/wp-json\/wp\/v2\/types\/product"}],"wp:featuredmedia":[{"embeddable":true,"href":"https:\/\/glitherm.com\/de\/wp-json\/wp\/v2\/media\/16738"}],"wp:attachment":[{"href":"https:\/\/glitherm.com\/de\/wp-json\/wp\/v2\/media?parent=22473"}],"wp:term":[{"taxonomy":"product_brand","embeddable":true,"href":"https:\/\/glitherm.com\/de\/wp-json\/wp\/v2\/product_brand?post=22473"},{"taxonomy":"product_cat","embeddable":true,"href":"https:\/\/glitherm.com\/de\/wp-json\/wp\/v2\/product_cat?post=22473"},{"taxonomy":"product_tag","embeddable":true,"href":"https:\/\/glitherm.com\/de\/wp-json\/wp\/v2\/product_tag?post=22473"}],"curies":[{"name":"wp","href":"https:\/\/api.w.org\/{rel}","templated":true}]}}