{"id":22512,"date":"2023-07-03T11:50:59","date_gmt":"2023-07-03T09:50:59","guid":{"rendered":"https:\/\/glitherm.com\/produkt\/ethylenglykol-meg\/"},"modified":"2023-07-03T11:50:59","modified_gmt":"2023-07-03T09:50:59","slug":"ethylenglykol-meg","status":"publish","type":"product","link":"https:\/\/glitherm.com\/de\/produkt\/ethylenglykol-meg\/","title":{"rendered":"Ethylenglykol (MEG)"},"content":{"rendered":"<p><span style=\"font-weight: 400;\">Ethylenglykol (MEG) ist eine organische chemische Verbindung mit der Formel C2H6O2. Es ist eine farblose, sirupartige Fl\u00fcssigkeit mit mildem Geruch und einem s\u00fc\u00dfen Nachgeschmack. Ethylenglykol ist der einfachste Polyhydroxylalkohol und ein Beispiel f\u00fcr den einfachsten Zuckeralkohol. Es l\u00f6st sich sehr gut in Wasser und Alkohol.   <\/span><\/p>\n<p><b>Funktionen:<\/b><\/p>\n<ul>\n<li style=\"font-weight: 400;\" aria-level=\"1\"><span style=\"font-weight: 400;\">Gesamtformel: C2H6O2<\/span><\/li>\n<li style=\"font-weight: 400;\" aria-level=\"1\"><span style=\"font-weight: 400;\">Molekulargewicht: 62,07 g\/mol<\/span><\/li>\n<li style=\"font-weight: 400;\" aria-level=\"1\"><span style=\"font-weight: 400;\">Materiezustand: Fl\u00fcssig<\/span><\/li>\n<li style=\"font-weight: 400;\" aria-level=\"1\"><span style=\"font-weight: 400;\">Aussehen: Farblose, sirupartige Fl\u00fcssigkeit<\/span><\/li>\n<li style=\"font-weight: 400;\" aria-level=\"1\"><span style=\"font-weight: 400;\">Duft: Mild<\/span><\/li>\n<li style=\"font-weight: 400;\" aria-level=\"1\"><span style=\"font-weight: 400;\">Geschmack: S\u00fc\u00df<\/span><\/li>\n<li style=\"font-weight: 400;\" aria-level=\"1\"><span style=\"font-weight: 400;\">Schmelzpunkt: -11,5 \u00b0C<\/span><\/li>\n<li style=\"font-weight: 400;\" aria-level=\"1\"><span style=\"font-weight: 400;\">Siedepunkt: 197\u00b0C<\/span><\/li>\n<li style=\"font-weight: 400;\" aria-level=\"1\"><span style=\"font-weight: 400;\">Dichte: 1,11 g\/cm\u00b3<\/span><\/li>\n<li style=\"font-weight: 400;\" aria-level=\"1\"><span style=\"font-weight: 400;\">Wasserl\u00f6slichkeit: Sehr gut<\/span><\/li>\n<li style=\"font-weight: 400;\" aria-level=\"1\"><span style=\"font-weight: 400;\">Ethanoll\u00f6slichkeit: Sehr gut<\/span><\/li>\n<li style=\"font-weight: 400;\" aria-level=\"1\"><span style=\"font-weight: 400;\">Toxizit\u00e4t: Klassifiziert als toxisch gem\u00e4\u00df Verordnung (EG) Nr. 1272\/2008 [CLP\/GHS]<\/span><\/li>\n<\/ul>\n<p><b>Anwendungen:<\/b><\/p>\n<ul>\n<li style=\"font-weight: 400;\" aria-level=\"1\"><b>Automobilchemiebranche:<\/b><span style=\"font-weight: 400;\"> Ethylenglykol ist der Hauptbestandteil von Verbrennungsmotork\u00fchlmitteln. Es wird auch in Bremsfl\u00fcssigkeiten, Windschutzscheibenwaschfl\u00fcssigkeiten und anderen Automobilprodukten verwendet. <\/span><\/li>\n<li style=\"font-weight: 400;\" aria-level=\"1\"><b>Polyesterfasern:<\/b><span style=\"font-weight: 400;\"> Ethylenglykol wird als Rohstoff f\u00fcr die Herstellung von Polyesterfasern wie PET und PBT verwendet.<\/span><\/li>\n<li style=\"font-weight: 400;\" aria-level=\"1\"><b>Reinigungsmittel:<\/b><span style=\"font-weight: 400;\"> Ethylenglykol wird in vielen Reinigungsprodukten verwendet, wie Fensterputzer, Oberfl\u00e4chenreiniger und Rostentferner.<\/span><\/li>\n<li style=\"font-weight: 400;\" aria-level=\"1\"><b>Beschichtungen:<\/b><span style=\"font-weight: 400;\"> Ethylenglykol wird in vielen Beschichtungen verwendet, wie Farben, Lacken und Epoxidharzen.<\/span><\/li>\n<li style=\"font-weight: 400;\" aria-level=\"1\"><b>Starre Sch\u00e4ume:<\/b><span style=\"font-weight: 400;\"> Ethylenglykol wird als Rohstoff f\u00fcr die Herstellung von starren Polyurethansch\u00e4umen verwendet, die in Geb\u00e4uded\u00e4mmungen, M\u00f6beln und anderen Anwendungen verwendet werden.<\/span><\/li>\n<li style=\"font-weight: 400;\" aria-level=\"1\"><b>Schmiermittel:<\/b><span style=\"font-weight: 400;\"> Ethylenglykol wird in einigen Schmierstoffen verwendet, insbesondere solchen, die gegen niedrige Temperaturen resistent sein m\u00fcssen.<\/span><\/li>\n<li style=\"font-weight: 400;\" aria-level=\"1\"><b>Frostschutzmittel:<\/b><span style=\"font-weight: 400;\"> Ethylenglykol ist der Hauptbestandteil von Frostschutzfl\u00fcssigkeiten f\u00fcr Verbrennungsmotork\u00fchler und andere Anwendungen.<\/span><\/li>\n<li style=\"font-weight: 400;\" aria-level=\"1\"><b>Chemische Syntheseprozesse:<\/b><span style=\"font-weight: 400;\"> Ethylenglykol wird als Reaktant in vielen chemischen Syntheseprozessen verwendet, wie der Herstellung von Polyesterfasern, Epoxidharzen und anderen organischen Verbindungen.<\/span><\/li>\n<li style=\"font-weight: 400;\" aria-level=\"1\"><b>Zwischenprodukt oder Hilfsmittel:<\/b><span style=\"font-weight: 400;\"> Ethylenglykol wird als Zwischenprodukt oder Hilfsstoff in vielen industriellen Prozessen verwendet, wie der Herstellung von Arzneimitteln, Kosmetika und Farben.<\/span><\/li>\n<\/ul>\n<p><b>Fun Fact:<\/b><\/p>\n<p><span style=\"font-weight: 400;\">Ethylenglykolmolek\u00fcle wurden im Weltraum beobachtet. Wissenschaftler glauben, dass es als Ergebnis chemischer Reaktionen und anderer organischer Verbindungen in kosmischem Staub entstanden sein k\u00f6nnte. <\/span><\/p>\n<p><b>Ethylenglykol (MEG) ist ein vielseitiges chemisches Rohmaterial mit einem breiten Anwendungsbereich. Es ist ein wichtiger Bestandteil vieler Industrie- und Konsumg\u00fcterprodukte. <\/b><\/p>\n<p><b>Hinweis:<\/b><\/p>\n<p><span style=\"font-weight: 400;\">Ethylenglykol ist eine giftige Substanz und kann bei Einnahme ernsthafte Gesundheitsprobleme verursachen. Verwenden Sie es mit Vorsicht und gem\u00e4\u00df den Sicherheitsanweisungen. <\/span><\/p>\n<p>&nbsp;<\/p>\n<p><b>Bestellen Sie noch heute Ethylenglykol (MEG)!<\/b><\/p>\n<p>&nbsp;<\/p>\n","protected":false},"excerpt":{"rendered":"<p><strong>Synonyme:<\/strong> Monoethylenglykol; MEG; Glykol; Ethylenglykol; Ethan-1,2-Diol; Ethanediol<\/p>\n<p><strong>CAS:<\/strong> 107-21-1<\/p>\n<p><strong>EC:<\/strong> 203-472-3<\/p>\n<p><strong>REICHWEITE:<\/strong> 01-2119456816-28<\/p>\n<p>&nbsp;<\/p>\n","protected":false},"featured_media":3510,"template":"","meta":[],"product_brand":[],"product_cat":[214,229],"product_tag":[],"class_list":{"0":"post-22512","1":"product","2":"type-product","3":"status-publish","4":"has-post-thumbnail","6":"product_cat-chemische-rohstoffe","7":"product_cat-ethylenglykole","9":"first","10":"instock","11":"shipping-taxable","12":"product-type-variable"},"acf":[],"_links":{"self":[{"href":"https:\/\/glitherm.com\/de\/wp-json\/wp\/v2\/product\/22512","targetHints":{"allow":["GET"]}}],"collection":[{"href":"https:\/\/glitherm.com\/de\/wp-json\/wp\/v2\/product"}],"about":[{"href":"https:\/\/glitherm.com\/de\/wp-json\/wp\/v2\/types\/product"}],"wp:featuredmedia":[{"embeddable":true,"href":"https:\/\/glitherm.com\/de\/wp-json\/wp\/v2\/media\/3510"}],"wp:attachment":[{"href":"https:\/\/glitherm.com\/de\/wp-json\/wp\/v2\/media?parent=22512"}],"wp:term":[{"taxonomy":"product_brand","embeddable":true,"href":"https:\/\/glitherm.com\/de\/wp-json\/wp\/v2\/product_brand?post=22512"},{"taxonomy":"product_cat","embeddable":true,"href":"https:\/\/glitherm.com\/de\/wp-json\/wp\/v2\/product_cat?post=22512"},{"taxonomy":"product_tag","embeddable":true,"href":"https:\/\/glitherm.com\/de\/wp-json\/wp\/v2\/product_tag?post=22512"}],"curies":[{"name":"wp","href":"https:\/\/api.w.org\/{rel}","templated":true}]}}