{"id":22524,"date":"2023-07-03T12:02:12","date_gmt":"2023-07-03T10:02:12","guid":{"rendered":"https:\/\/glitherm.com\/produkt\/propylenglykol-mpg\/"},"modified":"2023-07-03T12:02:12","modified_gmt":"2023-07-03T10:02:12","slug":"propylenglykol-mpg","status":"publish","type":"product","link":"https:\/\/glitherm.com\/de\/produkt\/propylenglykol-mpg\/","title":{"rendered":"Propylenglykol (MPG)"},"content":{"rendered":"<p><span style=\"font-weight: 400;\">Propylenglykol (MPG) ist eine farblose, \u00f6lige Fl\u00fcssigkeit mit s\u00fc\u00dfem Geschmack und ohne Geruch. Sie zeichnet sich durch eine hohe Viskosit\u00e4t aus. Es handelt sich um eine organische Verbindung aus der Gruppe der Dihydroxylalkohole (Diole).  <\/span><\/p>\n<p><b>Eigenschaften<\/b><\/p>\n<ul>\n<li style=\"font-weight: 400;\" aria-level=\"1\"><span style=\"font-weight: 400;\">Geruchslose, farblose Fl\u00fcssigkeit mit s\u00fc\u00dfem Geschmack<\/span><\/li>\n<li style=\"font-weight: 400;\" aria-level=\"1\"><span style=\"font-weight: 400;\">Hohe Viskosit\u00e4t<\/span><\/li>\n<li style=\"font-weight: 400;\" aria-level=\"1\"><span style=\"font-weight: 400;\">Hochl\u00f6slich in Wasser, Aceton und Chloroform<\/span><\/li>\n<li style=\"font-weight: 400;\" aria-level=\"1\"><span style=\"font-weight: 400;\">Hoch hygroskopisch (nimmt Feuchtigkeit aus der Luft auf)<\/span><\/li>\n<li style=\"font-weight: 400;\" aria-level=\"1\"><span style=\"font-weight: 400;\">Nicht-toxisch (laut CLP\/GHS-Klassifikation)<\/span><\/li>\n<li style=\"font-weight: 400;\" aria-level=\"1\"><span style=\"font-weight: 400;\">Unterliegt nicht den ADR-Vorschriften (Road Transport of Dangerous Goods)<\/span><\/li>\n<\/ul>\n<p><b>Anwendung<\/b><\/p>\n<ul>\n<li style=\"font-weight: 400;\" aria-level=\"1\"><span style=\"font-weight: 400;\">Automobil- und Industriechemie<\/span><\/li>\n<li style=\"font-weight: 400;\" aria-level=\"1\"><span style=\"font-weight: 400;\">Bauchemie<\/span><\/li>\n<li style=\"font-weight: 400;\" aria-level=\"1\"><span style=\"font-weight: 400;\">Farben und Lacke<\/span><\/li>\n<li style=\"font-weight: 400;\" aria-level=\"1\"><span style=\"font-weight: 400;\">Textilindustrie<\/span><\/li>\n<li style=\"font-weight: 400;\" aria-level=\"1\"><span style=\"font-weight: 400;\">Arbeitsmedium in K\u00fchl-, Heiz- und Klimaanlagen<\/span><\/li>\n<li style=\"font-weight: 400;\" aria-level=\"1\"><span style=\"font-weight: 400;\">Reaktant in chemischen Syntheseprozessen<\/span><\/li>\n<li style=\"font-weight: 400;\" aria-level=\"1\"><span style=\"font-weight: 400;\">Halbfertigprodukte in der chemischen Industrie<\/span><\/li>\n<li style=\"font-weight: 400;\" aria-level=\"1\"><span style=\"font-weight: 400;\">Inhaltsstoff von Anti-Eis-Mischungen<\/span><\/li>\n<\/ul>\n<p><b>Zus\u00e4tzliche Informationen<\/b><\/p>\n<ul>\n<li style=\"font-weight: 400;\" aria-level=\"1\"><span style=\"font-weight: 400;\">CAS-Nummer: 57-55-6<\/span><\/li>\n<li style=\"font-weight: 400;\" aria-level=\"1\"><span style=\"font-weight: 400;\">Chemische Formel: C3H8O2<\/span><\/li>\n<li style=\"font-weight: 400;\" aria-level=\"1\"><span style=\"font-weight: 400;\">Molekulargewicht: 76,09 g\/mol<\/span><\/li>\n<li style=\"font-weight: 400;\" aria-level=\"1\"><span style=\"font-weight: 400;\">Schmelzpunkt: -59\u00b0C (-74\u00b0F)<\/span><\/li>\n<li style=\"font-weight: 400;\" aria-level=\"1\"><span style=\"font-weight: 400;\">Siedepunkt: 188\u00b0C (370\u00b0F)<\/span><\/li>\n<li style=\"font-weight: 400;\" aria-level=\"1\"><span style=\"font-weight: 400;\">Brennpunkt: 106\u00b0C (223\u00b0F)<\/span><\/li>\n<\/ul>\n<p><b>Lagerung<\/b><\/p>\n<p><span style=\"font-weight: 400;\">Propylenglykol sollte in einem fest verschlossenen Beh\u00e4lter an einem k\u00fchlen, trockenen Ort aufbewahrt werden.<\/span><\/p>\n<p><b>ACHTUNG!<\/b><\/p>\n<p><span style=\"font-weight: 400;\">Vor der Verwendung von Propylenglykol beachten Sie bitte das Sicherheitsdatenblatt (SDS).<\/span><\/p>\n<p><b>Propylenglykol ist ein vielseitiges chemisches Rohmaterial mit einer Vielzahl von Anwendungsm\u00f6glichkeiten. Sie ist sicher in der Anwendung und leicht zu transportieren. <\/b><\/p>\n<p><b>Wir laden Sie ein, Propylenglykol zu kaufen!<\/b><\/p>\n<p>&nbsp;<\/p>\n<p>&nbsp;<\/p>\n","protected":false},"excerpt":{"rendered":"<h2>Synonyme: Monopropylenglykol; MPG; 1,2-Propanediol; Monopropylenglykol; 1,2-Dihydroxypropan; Propan-1,2-diol<\/h2>\n<h2>CAS: 57-55-6<\/h2>\n<h2>EC: 200-338-0<\/h2>\n<h2>ERREICHBAR: 01-2119456809-23<\/h2>\n","protected":false},"featured_media":3518,"template":"","meta":[],"product_brand":[],"product_cat":[214,232],"product_tag":[],"class_list":{"0":"post-22524","1":"product","2":"type-product","3":"status-publish","4":"has-post-thumbnail","6":"product_cat-chemische-rohstoffe","7":"product_cat-propylenglykole","9":"first","10":"instock","11":"shipping-taxable","12":"product-type-variable"},"acf":[],"_links":{"self":[{"href":"https:\/\/glitherm.com\/de\/wp-json\/wp\/v2\/product\/22524","targetHints":{"allow":["GET"]}}],"collection":[{"href":"https:\/\/glitherm.com\/de\/wp-json\/wp\/v2\/product"}],"about":[{"href":"https:\/\/glitherm.com\/de\/wp-json\/wp\/v2\/types\/product"}],"wp:featuredmedia":[{"embeddable":true,"href":"https:\/\/glitherm.com\/de\/wp-json\/wp\/v2\/media\/3518"}],"wp:attachment":[{"href":"https:\/\/glitherm.com\/de\/wp-json\/wp\/v2\/media?parent=22524"}],"wp:term":[{"taxonomy":"product_brand","embeddable":true,"href":"https:\/\/glitherm.com\/de\/wp-json\/wp\/v2\/product_brand?post=22524"},{"taxonomy":"product_cat","embeddable":true,"href":"https:\/\/glitherm.com\/de\/wp-json\/wp\/v2\/product_cat?post=22524"},{"taxonomy":"product_tag","embeddable":true,"href":"https:\/\/glitherm.com\/de\/wp-json\/wp\/v2\/product_tag?post=22524"}],"curies":[{"name":"wp","href":"https:\/\/api.w.org\/{rel}","templated":true}]}}