{"id":2368,"date":"2023-07-03T10:53:56","date_gmt":"2023-07-03T08:53:56","guid":{"rendered":"https:\/\/glitherm.com\/produkt\/waermeuebertragungsfluessigkeit-glitherm-eco-10-c-bis-49-c-gebrauchsfertig\/"},"modified":"2025-12-12T11:34:25","modified_gmt":"2025-12-12T10:34:25","slug":"warmetragerflussigkeit-frostschutzmittel-glitherm-eco-10c-to-49c","status":"publish","type":"product","link":"https:\/\/glitherm.com\/de\/produkt\/warmetragerflussigkeit-frostschutzmittel-glitherm-eco-10c-to-49c\/","title":{"rendered":"GLITHERM ECO W\u00e4rmetr\u00e4gerfl\u00fcssigkeit, Frostschutzmittel, gebrauchsfertig"},"content":{"rendered":"<p>GLITHERM ECO W\u00e4rmetr\u00e4gerfl\u00fcssigkeiten, Frostschutzmittel, gebrauchsfertig &#8211; dies ist die neueste Generation gebrauchsfertiger Frostschutzfl\u00fcssigkeiten auf Basis von Monopropylenglykol (MPG). Sie vereinen einen einen hohen Wirkungsgrad und \u00fcberdurchschnittliche Zuverl\u00e4ssigkeit mit einem effektiven Korrosionsschutz und sch\u00fctzen das System gleichzeitig vor Kalkablagerungen und Sedimentniederschl\u00e4gen. Dar\u00fcber hinaus bieten die GLITHERM EKO-Fl\u00fcssigkeiten einen breiten Temperaturbereich, der es erm\u00f6glicht, sie an verschiedene Bedingungen und individuelle Bed\u00fcrfnisse anzupassen, die sich aus den Besonderheiten einer bestimmten Anlage ergeben. W\u00e4hrend des Betriebs behalten die Frostschutzfl\u00fcssigkeiten GLITHERM EKO ihre Eigenschaften \u00fcber Jahre hinweg und gew\u00e4hrleisten einen langj\u00e4hrigen, dauerhaften und zuverl\u00e4ssigen Betrieb der Anlage und ihrer Komponenten. Sie sind \u00f6kologisch und sicher f\u00fcr Mensch und Umwelt.    <\/p>\n<div id=\"showMoreDiv\" class=\"collapsed\">\u00a0\n<p>Gebrauchsfertige GLITHERM EKO-W\u00e4rmetr\u00e4gerfl\u00fcssigkeiten sind Fl\u00fcssigkeiten, die f\u00fcr den Betrieb bei Mindesttemperaturen von -15 bis -35 \u00b0C bestimmt sind. Abh\u00e4ngig von der jeweiligen Mindestbetriebstemperatur zeichnen sich die Produkte durch unterschiedliche Konzentrationen des Arbeitsmediums aus. Standardm\u00e4\u00dfige gebrauchsfertige Mischungen sind:  <\/p>\n<ul>\n<li><span style=\"font-weight: 400;\">GLITHERM EKO -15\u00b0C Glykolkonzentration 33%<\/span><\/li>\n<li><span style=\"font-weight: 400;\">GLITHERM ECO -20\u00b0C Glykolkonzentration 39%<\/span><\/li>\n<li><span style=\"font-weight: 400;\">GLITHERM ECO -25\u00b0C Glykolkonzentration 43%<\/span><\/li>\n<li><span style=\"font-weight: 400;\">GLITHERM ECO -30\u00b0C Glykolkonzentration 47%<\/span><\/li>\n<li><span style=\"font-weight: 400;\">GLITHERM ECO -35\u00b0C Glykolkonzentration 51%<\/span><\/li>\n<\/ul>\n<p>F\u00fcr Kunden, die nach L\u00f6sungen f\u00fcr nicht standardm\u00e4\u00dfige Anforderungen suchen, bieten wir die Erstellung eines speziellen Produkts an, das genau definierte Installationsparameter erfolgreich erf\u00fcllt.<\/p>\n<p>Wenn Sie Fragen oder Zweifel bei der Auswahl einer Fl\u00fcssigkeit f\u00fcr eine bestimmte Installation haben, empfiehlt der Hersteller, sich direkt an den Kundendienst zu wenden, wo ein Berater ein Standardprodukt ausw\u00e4hlt oder eine spezielle Fl\u00fcssigkeit vorschl\u00e4gt, die die nicht standardm\u00e4\u00dfigen Anforderungen der Anlage erfolgreich erf\u00fcllt.<\/p>\n<p>Die mehrj\u00e4hrige Erfahrung des Herstellers erm\u00f6glicht es uns, ein Produkt mit individuellen Anforderungen zu entwickeln.<\/p>\n<p>Sowohl in Bezug auf Standardprodukte als auch auf solche, die f\u00fcr spezifische Investitionen bestimmt sind, ist die langj\u00e4hrige Erfahrung eine unsch\u00e4tzbare Unterst\u00fctzung im Prozess der Produktentwicklung, ihrer Anwendung und ihres Betriebs.<\/p>\n<p>Die moderne Rezeptur der W\u00e4rmetr\u00e4gerfl\u00fcssigkeit GLITHERM EKO wurde an die aktuellen Anforderungen in Bezug auf Umwelt und Mensch angepasst. Das Unternehmen stellt sicher, dass die in der Produktion verwendeten Rohstoffe und Komponenten \u00f6kologisch, sicher und emissionsfrei sind. <\/p>\n<p>GLITHERM EKO Frostschutzmittel ist ein Produkt einer neuen, verbesserten Generation. Durch seine Verwendung entf\u00e4llt die Notwendigkeit eines erzwungenen Austauschs des K\u00e4ltemittels und erm\u00f6glicht es Ihnen, die Wartungsintervalle zu verl\u00e4ngern (bei gleichzeitiger regelm\u00e4\u00dfiger Pr\u00fcfung) im Gegensatz zu h\u00e4ufig verwendeten Fl\u00fcssigkeiten, die auf alten Technologien basieren. <\/p>\n<p>Die h\u00f6chste Qualit\u00e4t von Glitherm EKO Antifreeze wird unter anderem best\u00e4tigt durch:<\/p>\n<ul>\n<li>  Technische Empfehlung des ITB &#8211; Institut f\u00fcr Bautechnik in Warschau.<\/li>\n<li>Hygienezertifikat PZH \u2013 Nationales Institut f\u00fcr \u00f6ffentliche Gesundheit PZH \u2013 Nationales Forschungsinstitut.<\/li>\n<\/ul>\n<p>GLITHERM EKO Frostschutzmittel erfordert keine Verd\u00fcnnung oder Anwendung anderer Substanzen vor der Anwendung. Sie basieren auf hochwertigem Monopropylenglykol (MPG) und werden nur aus neuen Rohstoffen hergestellt, nicht aus Regenerations- oder Recyclingprozessen. Die Formel der GLITHERM EKO-Fl\u00fcssigkeiten ist mit geeigneten Dosen von Korrosionsinhibitoren, pH-Puffern und Additiven angereichert, die die Fl\u00fcssigkeit in der Anlage verfeinern und stabilisieren, wodurch sie ein Produkt von h\u00f6chster Qualit\u00e4t sind.  <\/p>\n<p>GLITHERM EKO W\u00e4rmetr\u00e4gerfl\u00fcssigkeiten sind f\u00fcr den Einsatz in einer Vielzahl von Umgebungen geeignet, auch in den anspruchsvollsten. Sie sch\u00fctzen die Anlage vor Korrosion, der Bildung von Ablagerungen und verhindern das Wachstum von Mikroorganismen. Die hochwertigsten Antischaumadditive garantieren eine einfache Bef\u00fcllung des Systems und beseitigen m\u00f6gliche Probleme im Zusammenhang mit der Schaumbildung der Fl\u00fcssigkeit im System.  <\/p>\n<p>Wenn Sie sich f\u00fcr GLITHERM ECO Antifreeze entscheiden, investieren Sie in ein Produkt, das nicht nur Ihre Anlage sch\u00fctzt, sondern auch deren Effizienz und Haltbarkeit erh\u00f6ht.<\/p>\n<p><strong>Farbe.<\/strong><\/p>\n<p>Glitherm EKO Frostschutzmittel ist standardm\u00e4\u00dfig gr\u00fcn eingef\u00e4rbt. Die verwendeten neutralen Pigmente haben keinen Einfluss auf die Leistung des Produkts. Auf Kundenwunsch oder auf Anfrage kann das verwendete Pigment durch ein anderes ersetzt werden, wodurch ein rosafarbenes Endprodukt erhalten werden kann.  <\/p>\n<p><strong>ACHTUNG!<\/strong><\/p>\n<p>Das Produkt sollte nicht in Installationen mit verzinkten Elementen verwendet werden. Das Produkt ist kompatibel mit allen anderen Materialien, die \u00fcblicherweise in Installationen verwendet werden, wie z. B.: Stahl, Gusseisen, Aluminium, Kupfer, Bindemittel, Messing. Das L\u00f6ten der Installation schlie\u00dft die Verwendung des Produkts in keiner Weise aus.  <\/p>\n<\/div>\n<a id=\"readMoreButton\" href=\"javascript:void(0);\" data-readmore=\"Mehr lesen\" data-readless=\"Text verbergen\">Mehr lesen<\/a>\n","protected":false},"excerpt":{"rendered":"<p><strong>GLITHERM EKO LIQUID in K\u00fcrze:<\/strong><\/p>\n<ul>\n<li>Sofort einsatzbereit.<\/li>\n<li>Ungiftig, umweltfreundlich und menschenfreundlich.<\/li>\n<li>Es enth\u00e4lt keine CMR-Stoffe (krebserzeugende, erbgutver\u00e4ndernde und fortpflanzungsgef\u00e4hrdende Stoffe).<\/li>\n<li>Es verf\u00fcgt \u00fcber die technische ITB-Empfehlung.<\/li>\n<li>Es verf\u00fcgt \u00fcber das Hygienezertifikat des National Institute of Hygiene.<\/li>\n<li>Es enth\u00e4lt kein Glycerin und keine Alkohole.<\/li>\n<li>Bietet vollst\u00e4ndigen Korrosionsschutz der Anlage.<\/li>\n<li>Es verhindert die Bildung von mikrobiellem Leben, die Bildung von Ablagerungen und h\u00e4lt die Anlage sauber.<\/li>\n<li>Es enth\u00e4lt Antischaummittel.<\/li>\n<li>Der Lebensmittelindustrie gewidmet.<\/li>\n<li>5 Jahre Garantie.<\/li>\n<\/ul>\n","protected":false},"featured_media":16310,"template":"","meta":[],"product_brand":[],"product_cat":[206,200],"product_tag":[],"class_list":{"0":"post-2368","1":"product","2":"type-product","3":"status-publish","4":"has-post-thumbnail","6":"product_cat-flussigkeiten-auf-basis-von-monopropylenglykol","7":"product_cat-flussigkeiten-fur-heiz-und-kuhlanlagen","9":"first","10":"instock","11":"shipping-taxable","12":"product-type-variable"},"acf":[],"_links":{"self":[{"href":"https:\/\/glitherm.com\/de\/wp-json\/wp\/v2\/product\/2368","targetHints":{"allow":["GET"]}}],"collection":[{"href":"https:\/\/glitherm.com\/de\/wp-json\/wp\/v2\/product"}],"about":[{"href":"https:\/\/glitherm.com\/de\/wp-json\/wp\/v2\/types\/product"}],"wp:featuredmedia":[{"embeddable":true,"href":"https:\/\/glitherm.com\/de\/wp-json\/wp\/v2\/media\/16310"}],"wp:attachment":[{"href":"https:\/\/glitherm.com\/de\/wp-json\/wp\/v2\/media?parent=2368"}],"wp:term":[{"taxonomy":"product_brand","embeddable":true,"href":"https:\/\/glitherm.com\/de\/wp-json\/wp\/v2\/product_brand?post=2368"},{"taxonomy":"product_cat","embeddable":true,"href":"https:\/\/glitherm.com\/de\/wp-json\/wp\/v2\/product_cat?post=2368"},{"taxonomy":"product_tag","embeddable":true,"href":"https:\/\/glitherm.com\/de\/wp-json\/wp\/v2\/product_tag?post=2368"}],"curies":[{"name":"wp","href":"https:\/\/api.w.org\/{rel}","templated":true}]}}