{"id":2579,"date":"2023-07-18T12:20:19","date_gmt":"2023-07-18T10:20:19","guid":{"rendered":"https:\/\/glitherm.com\/produkt\/ameisensaeure-85\/"},"modified":"2023-10-04T09:58:21","modified_gmt":"2023-10-04T07:58:21","slug":"ameisensaure-85","status":"publish","type":"product","link":"https:\/\/glitherm.com\/de\/produkt\/ameisensaure-85\/","title":{"rendered":"Ameisens\u00e4ure 85 %"},"content":{"rendered":"<p><span style=\"font-weight: 400;\">Ameisens\u00e4ure 85 %, Carbons\u00e4ure ist die st\u00e4rkste bekannte Carbons\u00e4ure. Diese S\u00e4ure ist bei Raumtemperatur und Atmosph\u00e4rendruck eine farblose Fl\u00fcssigkeit mit stechendem Geruch. Es kann als nicht-invasives Mittel zur Bek\u00e4mpfung der Varroa-Milbe bei Honigbienen in \u00f6kologischen Bienenst\u00e4nden eingesetzt werden. Ameisens\u00e4ure ist als pH-Regulator ein unersetzlicher Rohstoff in Bereichen wie der Chemie-, Gerb- und Textilindustrie. <\/span><\/p>\n<p><span style=\"font-weight: 400;\">Es wird als chemisches Reagenz sowie zur Reinigung und Regeneration von Anlagen eingesetzt. Seine fungiziden Eigenschaften werden h\u00e4ufig genutzt, weshalb es auch als Fungizid eingesetzt wird. <\/span><\/p>\n<p><span style=\"font-weight: 400;\">Es wird in der Schwerindustrie zur Vorbereitung von Metalloberfl\u00e4chen, zum Waschen, Lackieren und Aufbringen galvanischer Beschichtungen verwendet. <\/span><\/p>\n<p><span style=\"font-weight: 400;\">Es wird zur Regeneration von Bel\u00fcftungssystemen in aeroben Abwasserbehandlungsprozessen eingesetzt. Reinigt effektiv Keramik-, Kunststoff- und Stahldiffusoren. <\/span><\/p>\n<p><span style=\"font-weight: 400;\">Warnung! Stark \u00e4tzend und \u00e4tzend. Es ist ein starkes Gift.<\/span><\/p>\n<p>Die automatisch \u00fcbersetzte Beschreibung ist in der polnischen Fassung verbindlich.<\/p>\n","protected":false},"excerpt":{"rendered":"<p><span style=\"font-weight: 400;\"><strong>Synonyme:<\/strong> Carbons\u00e4ure; Methans\u00e4ure.<\/span><\/p>\n<p><span style=\"font-weight: 400;\"><strong>CAS:<\/strong> 64-18-6<\/span><\/p>\n<p><span style=\"font-weight: 400;\"><strong>EC:<\/strong> 200-579-1<\/span><\/p>\n<p><span style=\"font-weight: 400;\"><strong>REACH:<\/strong> 01-2119491174-37<\/span><\/p>\n","protected":false},"featured_media":3481,"template":"","meta":[],"product_brand":[],"product_cat":[214,237],"product_tag":[],"class_list":{"0":"post-2579","1":"product","2":"type-product","3":"status-publish","4":"has-post-thumbnail","6":"product_cat-chemische-rohstoffe","7":"product_cat-sauren","9":"first","10":"instock","11":"shipping-taxable","12":"product-type-variable"},"acf":[],"_links":{"self":[{"href":"https:\/\/glitherm.com\/de\/wp-json\/wp\/v2\/product\/2579","targetHints":{"allow":["GET"]}}],"collection":[{"href":"https:\/\/glitherm.com\/de\/wp-json\/wp\/v2\/product"}],"about":[{"href":"https:\/\/glitherm.com\/de\/wp-json\/wp\/v2\/types\/product"}],"wp:featuredmedia":[{"embeddable":true,"href":"https:\/\/glitherm.com\/de\/wp-json\/wp\/v2\/media\/3481"}],"wp:attachment":[{"href":"https:\/\/glitherm.com\/de\/wp-json\/wp\/v2\/media?parent=2579"}],"wp:term":[{"taxonomy":"product_brand","embeddable":true,"href":"https:\/\/glitherm.com\/de\/wp-json\/wp\/v2\/product_brand?post=2579"},{"taxonomy":"product_cat","embeddable":true,"href":"https:\/\/glitherm.com\/de\/wp-json\/wp\/v2\/product_cat?post=2579"},{"taxonomy":"product_tag","embeddable":true,"href":"https:\/\/glitherm.com\/de\/wp-json\/wp\/v2\/product_tag?post=2579"}],"curies":[{"name":"wp","href":"https:\/\/api.w.org\/{rel}","templated":true}]}}