{"id":2616,"date":"2023-07-18T10:39:06","date_gmt":"2023-07-18T08:39:06","guid":{"rendered":"https:\/\/glitherm.com\/produkt\/monoethanolamin-mea-99\/"},"modified":"2023-10-04T10:01:45","modified_gmt":"2023-10-04T08:01:45","slug":"monoethanolamin-99","status":"publish","type":"product","link":"https:\/\/glitherm.com\/de\/produkt\/monoethanolamin-99\/","title":{"rendered":"Monoethanolamin (MEA) 99 %"},"content":{"rendered":"<p>Monoethanolamin 99 % ist ein biogenes Amin, eine organische chemische Verbindung, die zur Gruppe der Aminoalkohole geh\u00f6rt. In der Industrie wird es als Weichmacher und Emulgator bei der Herstellung von Waschmitteln eingesetzt. Es ist ein unersetzlicher Weichmacher bei der Herstellung und Verarbeitung von Kunststoffen.<\/p>\n<p><span style=\"font-weight: 400;\">Im industriellen Ma\u00dfstab wird es durch die Kombination von Ethylenoxid mit Ammoniak gewonnen. <\/span><\/p>\n<p><span style=\"font-weight: 400;\">Es ist ein gesch\u00e4tztes Reagenz in der chemischen Industrie. Es kann mit Ammoniak zur Herstellung von Diethanolamin verwendet werden, das eine Vorstufe des h\u00e4ufig verwendeten Chelatbildners EDTA ist. <\/span><\/p>\n<p><span style=\"font-weight: 400;\">Monoethanolamin wird h\u00e4ufig zur Entfernung von Kohlendioxid und Schwefelwasserstoff aus Gasstr\u00f6men verwendet. Unter anderem saures Erdgas, Abgas oder regeneriertes Atemgas in geschlossenen Atemsystemen. Da Ethanolamin eine schwache Base ist, wird beim Erhitzen das darin gel\u00f6ste Gas freigesetzt und so eine effiziente Wiederverwertung des Sp\u00fclmittels gew\u00e4hrleistet. <\/span><\/p>\n<p><span style=\"font-weight: 400;\">Weitere Anwendungen von Ethanolamin umfassen Pufferung und pH-Einstellung, Herstellung von Emulsionen, Alkalisierung von Wasser in geschlossenen Dampferzeugungskreisl\u00e4ufen, einschlie\u00dflich Druckwasserreaktoren.<\/span><\/p>\n<p>Die automatisch \u00fcbersetzte Beschreibung ist in der polnischen Fassung verbindlich.<\/p>\n","protected":false},"excerpt":{"rendered":"<p><strong>Synonyme:<\/strong> 2-AMINOETHANOL; 2-HYDROXYETHYLAMIN; MEAs; voraussichtliche Ankunftszeit; 2-AMINOAETHANOL; Ethanolamin.<\/p>\n<p><strong>CAS:<\/strong> <span style=\"font-weight: 400;\">141-43-5<\/span><\/p>\n<p><strong>EC:<\/strong> <span style=\"font-weight: 400;\">205-483-3<\/span><\/p>\n<p><strong>REACH:<\/strong> 01-2119486455-28<\/p>\n","protected":false},"featured_media":3486,"template":"","meta":[],"product_brand":[],"product_cat":[220,214],"product_tag":[],"class_list":{"0":"post-2616","1":"product","2":"type-product","3":"status-publish","4":"has-post-thumbnail","6":"product_cat-amine","7":"product_cat-chemische-rohstoffe","9":"first","10":"instock","11":"shipping-taxable","12":"product-type-variable"},"acf":[],"_links":{"self":[{"href":"https:\/\/glitherm.com\/de\/wp-json\/wp\/v2\/product\/2616","targetHints":{"allow":["GET"]}}],"collection":[{"href":"https:\/\/glitherm.com\/de\/wp-json\/wp\/v2\/product"}],"about":[{"href":"https:\/\/glitherm.com\/de\/wp-json\/wp\/v2\/types\/product"}],"wp:featuredmedia":[{"embeddable":true,"href":"https:\/\/glitherm.com\/de\/wp-json\/wp\/v2\/media\/3486"}],"wp:attachment":[{"href":"https:\/\/glitherm.com\/de\/wp-json\/wp\/v2\/media?parent=2616"}],"wp:term":[{"taxonomy":"product_brand","embeddable":true,"href":"https:\/\/glitherm.com\/de\/wp-json\/wp\/v2\/product_brand?post=2616"},{"taxonomy":"product_cat","embeddable":true,"href":"https:\/\/glitherm.com\/de\/wp-json\/wp\/v2\/product_cat?post=2616"},{"taxonomy":"product_tag","embeddable":true,"href":"https:\/\/glitherm.com\/de\/wp-json\/wp\/v2\/product_tag?post=2616"}],"curies":[{"name":"wp","href":"https:\/\/api.w.org\/{rel}","templated":true}]}}