{"id":2645,"date":"2023-07-18T08:58:33","date_gmt":"2023-07-18T06:58:33","guid":{"rendered":"https:\/\/glitherm.com\/produkt\/schwefelsaeure-92-986-konzentrierte\/"},"modified":"2023-10-04T10:04:13","modified_gmt":"2023-10-04T08:04:13","slug":"schwefelsaure-konzentriert-92-986","status":"publish","type":"product","link":"https:\/\/glitherm.com\/de\/produkt\/schwefelsaure-konzentriert-92-986\/","title":{"rendered":"Schwefels\u00e4ure 92-98,6 % (konzentrierte)"},"content":{"rendered":"<p><span style=\"font-weight: 400;\">Konzentrierte Schwefels\u00e4ure 92\u201398,6 % \u2013 ist eine der st\u00e4rksten anorganischen S\u00e4uren und eine der st\u00e4rksten S\u00e4uren, einschlie\u00dflich organischer Verbindungen. Schwefels\u00e4ure ist ein beliebter Rohstoff in der chemischen Industrie und wird h\u00e4ufig als Katalysator eingesetzt. Aufgrund seiner starken hygroskopischen Eigenschaften wird es h\u00e4ufig zum Trocknen und Entw\u00e4ssern anderer Reaktanten oder Endstoffe verwendet. Von unsch\u00e4tzbarem Wert f\u00fcr die pH-Regulierung bei chemischen Synthesen. <\/span><\/p>\n<p><span style=\"font-weight: 400;\">Dar\u00fcber hinaus wird es in Prozessen wie der Herstellung von D\u00fcngemitteln, Bergbauprozessen zur Verarbeitung von Mineralien und Erzen, zur Behandlung, Reinigung und Beizung von Metalloberfl\u00e4chen, in der galvanischen Industrie als Bestandteil galvanischer B\u00e4der und als Sensibilisierungsmittel eingesetzt Agent. Bei Gasreinigungsprozessen (z. B. Abgasreinigung), Sp\u00fclen, Trocknen und Absorbieren. Wird h\u00e4ufig als Elektrolyt in Autobatterien verwendet. Bei der Herstellung von Farbstoffen, insbesondere Titanwei\u00df. Aufgrund seiner Eigenschaften wird es in vielen organischen Synthesereaktionen verwendet, z. Nitrierungs- und Sulfonierungsreaktionen. <\/span><\/p>\n<p><span style=\"font-weight: 400;\">In chemischen Syntheseprozessen wird dieser Rohstoff zur Herstellung von: Phosphors\u00e4ure, Chlorgas, Papier, Flockungsmitteln, Bentonit, Kiesels\u00e4ure, Bleikonzentrat, Bleiglas, Harzen, Blaus\u00e4ure, Nitrobenzol sowie zur Abwasserbehandlung und -neutralisierung verwendet.<\/span><\/p>\n<p><span style=\"font-weight: 400;\">Schwefels\u00e4ure wird in gro\u00dfem Umfang in den folgenden Industrien eingesetzt:<\/span><\/p>\n<ul>\n<li><span style=\"font-weight: 400;\">chemische Industrie (Herstellung von Kunststoffen und anderen anorganischen S\u00e4uren),<\/span><\/li>\n<li><span style=\"font-weight: 400;\">Petrochemische Industrie (Erd\u00f6l, Paraffinreinigung),<\/span><\/li>\n<li><span style=\"font-weight: 400;\">F\u00e4rbereiindustrie (z. B. Herstellung von Titanwei\u00df),<\/span><\/li>\n<li><span style=\"font-weight: 400;\">Bergbau- und H\u00fcttenindustrie (zur Gewinnung und Verarbeitung von Mineralien, Erzen),<\/span><\/li>\n<li><span style=\"font-weight: 400;\">Textilindustrie (Herstellung synthetischer Fasern).<\/span><\/li>\n<\/ul>\n<p><span style=\"font-weight: 400;\"> Schwefels\u00e4ure ist ein gef\u00e4hrlicher Stoff und bei der Verwendung ist besondere Vorsicht geboten. Bitte lesen Sie die Sicherheitsrichtlinien des Sicherheitsdatenblatts, bevor Sie mit diesem Material arbeiten.<\/span><\/p>\n<p>Die automatisch \u00fcbersetzte Beschreibung ist in der polnischen Fassung verbindlich.<\/p>\n","protected":false},"excerpt":{"rendered":"<p><span style=\"font-weight: 400;\"><strong>Synonyme:<\/strong><\/span>Schwefels\u00e4ure (VI), konzentrierte Schwefels\u00e4ure, 95 % Schwefels\u00e4ure; technische Schwefels\u00e4ure.<\/p>\n<p><span style=\"font-weight: 400;\"><strong>CAS:<\/strong> 7664-93-9<\/span><\/p>\n<p><span style=\"font-weight: 400;\"><strong>EC:<\/strong> 231-639-5<\/span><\/p>\n<p><span style=\"font-weight: 400;\"><strong>REACH:<\/strong> 01-2119458838-20<\/span><\/p>\n<p><strong>AUFMERKSAMKEIT:<\/strong> Schwefels\u00e4ure ist eine Vorstufe von Drogen der Klasse III und eine Vorstufe von Sprengstoffen. F\u00fcllen Sie vor dem Kauf die K\u00e4ufererkl\u00e4rung aus \u2013 verf\u00fcgbar in den Download-Materialien.<\/p>\n","protected":false},"featured_media":3497,"template":"","meta":[],"product_brand":[],"product_cat":[214,237],"product_tag":[],"class_list":{"0":"post-2645","1":"product","2":"type-product","3":"status-publish","4":"has-post-thumbnail","6":"product_cat-chemische-rohstoffe","7":"product_cat-sauren","9":"first","10":"instock","11":"shipping-taxable","12":"product-type-variable"},"acf":[],"_links":{"self":[{"href":"https:\/\/glitherm.com\/de\/wp-json\/wp\/v2\/product\/2645","targetHints":{"allow":["GET"]}}],"collection":[{"href":"https:\/\/glitherm.com\/de\/wp-json\/wp\/v2\/product"}],"about":[{"href":"https:\/\/glitherm.com\/de\/wp-json\/wp\/v2\/types\/product"}],"wp:featuredmedia":[{"embeddable":true,"href":"https:\/\/glitherm.com\/de\/wp-json\/wp\/v2\/media\/3497"}],"wp:attachment":[{"href":"https:\/\/glitherm.com\/de\/wp-json\/wp\/v2\/media?parent=2645"}],"wp:term":[{"taxonomy":"product_brand","embeddable":true,"href":"https:\/\/glitherm.com\/de\/wp-json\/wp\/v2\/product_brand?post=2645"},{"taxonomy":"product_cat","embeddable":true,"href":"https:\/\/glitherm.com\/de\/wp-json\/wp\/v2\/product_cat?post=2645"},{"taxonomy":"product_tag","embeddable":true,"href":"https:\/\/glitherm.com\/de\/wp-json\/wp\/v2\/product_tag?post=2645"}],"curies":[{"name":"wp","href":"https:\/\/api.w.org\/{rel}","templated":true}]}}