{"id":2667,"date":"2023-07-17T13:32:59","date_gmt":"2023-07-17T11:32:59","guid":{"rendered":"https:\/\/glitherm.com\/produkt\/glycerin-pharmazeutisches-gemuese-995\/"},"modified":"2023-10-04T10:13:48","modified_gmt":"2023-10-04T08:13:48","slug":"pflanzlich-pharmazeutisches-glycerin-995","status":"publish","type":"product","link":"https:\/\/glitherm.com\/de\/produkt\/pflanzlich-pharmazeutisches-glycerin-995\/","title":{"rendered":"Glycerin Pharmazeutisches Gem\u00fcse 99,5 %"},"content":{"rendered":"<p>Pharmazeutisches pflanzliches Glycerin, Glycerin, Propan-1,2,3-triol (lat. glycerolum) ist eine organische chemische Verbindung aus der Gruppe der Zucker. Es ist auch der einfachste stabile dreiwertige Alkohol (Triol). Pflanzliches Glycerin ist bei Raumtemperatur und Atmosph\u00e4rendruck eine sirupartige, dicke Fl\u00fcssigkeit, die sich fettig anf\u00fchlt. Es ist farblos oder fast farblos, transparent oder fast transparent. Es weist starke hygroskopische Eigenschaften auf. Es bildet mit Wasser stabile L\u00f6sungen und vermischt sich mit dieser Fl\u00fcssigkeit ohne Einschr\u00e4nkungen. Es hat auch sehr starke hydrophile Eigenschaften. Der hydrophile Wert von pharmazeutischem Glycerin ist so hoch, dass es den Standard der h\u00f6chsten Hydrophilie mit einem Wert von 1 (der Standard der h\u00f6chsten Lipophilie mit einem Wert von 31 ist Vaseline) auf der Skala der Mischbarkeit organischer L\u00f6sungsmittel (1-) darstellt. 31).<\/p>\n<p>Glycerin wird im industriellen Ma\u00dfstab aus pflanzlichen Fetten hergestellt. Bei der Reaktion mit alkalischen L\u00f6sungen werden Fette zu Glycerin und Seifen hydrolysiert.<\/p>\n<p>Herstellung des sogenannten Biodiesel liefert bei der Umesterungsreaktion gro\u00dfe Mengen Glycerin als Nebenprodukt. Nat\u00fcrlich kommt Glycerin in einigen Obst- und Gem\u00fcsesorten vor.<\/p>\n<p>Eine interessante Tatsache ist, dass Insekten und andere lebende Organismen Glycerin als Frostschutzmittel verwenden. Glycerin senkt den Gefrierpunkt und die Unterk\u00fchlung von K\u00f6rperfl\u00fcssigkeiten, wodurch Sie Ihre Frosttoleranz erh\u00f6hen k\u00f6nnen, d. h. Widerstand gegen die Bildung von Eis im K\u00f6rper und \u00dcberleben in kalten Klimazonen. Der K\u00f6rper kann mit Glycerin in seinen K\u00f6rperfl\u00fcssigkeiten den sogenannten Erdbeereffekt vermeiden.<\/p>\n<p>Glycerin ist bei der Herstellung von Cremes, Lippenstiften und anderen Kosmetikprodukten unersetzlich. Neben der F\u00e4higkeit, die Inhaltsstoffe kosmetischer Produkte zu homogenisieren, verf\u00fcgt es auch \u00fcber feuchtigkeitsspendende Eigenschaften f\u00fcr die Haut.<\/p>\n<p>Es ist ein wertvolles Reagens in chemischen Syntheseprozessen. Es ist ein wichtiger Rohstoff f\u00fcr die Herstellung von bestimmte Seifenarten.<\/p>\n<p>Glycerin ist ein wichtiger Rohstoff f\u00fcr die Verteidigungsindustrie. Wird bei der Herstellung von Sprengstoffen verwendet (Glycerintrinitrat entsteht im Veresterungsprozess).<\/p>\n<p>Die Eigenschaften von Glycerin werden in der Textilindustrie gesch\u00e4tzt.<\/p>\n<p>Dar\u00fcber hinaus wird Glycerin in der Pharma-, Lebensmittel- und Lederindustrie eingesetzt. Es wird zur Herstellung von Farbstoffen, Brems- und K\u00fchlfl\u00fcssigkeiten verwendet.<\/p>\n<p>Glycerin wurde als Zusatz zu Melasse beim Rauchen einer Wasserpfeife und zum S\u00fc\u00dfen von Lik\u00f6ren sowie als Zutat in E-Zigaretten-Fl\u00fcssigkeiten verwendet.<\/p>\n<p>Die automatisch \u00fcbersetzte Beschreibung ist in der polnischen Fassung verbindlich.<\/p>\n","protected":false},"excerpt":{"rendered":"<p><strong>Synonyme:<\/strong> Pflanzliches Glycerin in pharmazeutischer Qualit\u00e4t; Glycerin in pharmazeutischer Qualit\u00e4t; Pharmazeutisches Glycerin 99,5 %; Destilliertes Glycerin 99,5 %; 1,2,3-Trioxypropan; 1,2,3-Trihydroxypropan; 1,2,3-Propantriol<\/p>\n<p><strong>CAS:<\/strong> 56-81-5<\/p>\n<p><strong>EC:<\/strong> 200-289-5<\/p>\n<p><strong>REACH:<\/strong> Der Stoff erfordert keine Registrierung gem\u00e4\u00df REACH.<\/p>\n","protected":false},"featured_media":3505,"template":"","meta":[],"product_brand":[],"product_cat":[226,214],"product_tag":[],"class_list":{"0":"post-2667","1":"product","2":"type-product","3":"status-publish","4":"has-post-thumbnail","6":"product_cat-arzneimittel","7":"product_cat-chemische-rohstoffe","9":"first","10":"instock","11":"shipping-taxable","12":"product-type-variable"},"acf":[],"_links":{"self":[{"href":"https:\/\/glitherm.com\/de\/wp-json\/wp\/v2\/product\/2667","targetHints":{"allow":["GET"]}}],"collection":[{"href":"https:\/\/glitherm.com\/de\/wp-json\/wp\/v2\/product"}],"about":[{"href":"https:\/\/glitherm.com\/de\/wp-json\/wp\/v2\/types\/product"}],"wp:featuredmedia":[{"embeddable":true,"href":"https:\/\/glitherm.com\/de\/wp-json\/wp\/v2\/media\/3505"}],"wp:attachment":[{"href":"https:\/\/glitherm.com\/de\/wp-json\/wp\/v2\/media?parent=2667"}],"wp:term":[{"taxonomy":"product_brand","embeddable":true,"href":"https:\/\/glitherm.com\/de\/wp-json\/wp\/v2\/product_brand?post=2667"},{"taxonomy":"product_cat","embeddable":true,"href":"https:\/\/glitherm.com\/de\/wp-json\/wp\/v2\/product_cat?post=2667"},{"taxonomy":"product_tag","embeddable":true,"href":"https:\/\/glitherm.com\/de\/wp-json\/wp\/v2\/product_tag?post=2667"}],"curies":[{"name":"wp","href":"https:\/\/api.w.org\/{rel}","templated":true}]}}