{"id":2776,"date":"2023-07-03T09:20:31","date_gmt":"2023-07-03T07:20:31","guid":{"rendered":"https:\/\/glitherm.com\/produkt\/waermeuebertragungsfluessigkeit-glitherm-et-frostschutzmittel-10-c-bis-50-c-gebrauchsfertig\/"},"modified":"2025-12-12T11:29:21","modified_gmt":"2025-12-12T10:29:21","slug":"warmeubertragungsflussigkeit-frostschutzmittel-glitherm-et-10c-bis-50c-gebrauchsfertig","status":"publish","type":"product","link":"https:\/\/glitherm.com\/de\/produkt\/warmeubertragungsflussigkeit-frostschutzmittel-glitherm-et-10c-bis-50c-gebrauchsfertig\/","title":{"rendered":"W\u00e4rme\u00fcbertragungsfl\u00fcssigkeit gebrauchsfertig GLITHERM ET"},"content":{"rendered":"<p><span style=\"font-weight: 400;\">GLITHERM ET W\u00e4rme\u00fcbertragungsfl\u00fcssigkeiten, Frostschutzmittel, einsatzbereit \u2013 ist eine Serie spezialisierter W\u00e4rme\u00fcbertragungsfl\u00fcssigkeiten, die als gebrauchsfertige Produkte erh\u00e4ltlich sind. Basierend auf hochwertigem Monoethylenglykol (MEG) stellen sie eine wirtschaftlichere Alternative zu Monopropylenglykol (MPG)-basierten Fl\u00fcssigkeiten dar. Gebrauchsfertige Fl\u00fcssigkeiten der Glitherm ET-Familie sind speziell f\u00fcr den Einsatz in anspruchsvollen Umgebungen konzipiert, bieten einen verbesserten Korrosionsschutz und verhindern die Bildung von Ablagerungen. Sie halten das Innere der Anlage sauber und sch\u00fctzen vor dem Wachstum von Mikroorganismen. Die hochwertigen Rohstoffe, die im Produktionsprozess verwendet werden, verhindern den Abbau der Fl\u00fcssigkeit und der Installation, verl\u00e4ngern die Lebensdauer und den ordnungsgem\u00e4\u00dfen Betrieb dort, wo das Produkt eingesetzt wird.    <\/span><\/p>\n<div id=\"showMoreDiv\" class=\"collapsed\">\u00a0\n<p>Das Standardprodukt sollte anhand der minimalen Betriebstemperatur oder -konzentration des Arbeitsmediums ausgew\u00e4hlt werden. Standardm\u00e4\u00dfige gebrauchsfertige Glitherm ET-Frostschutzmittel sind:<\/p>\n<ul>\n<li>GLITHERM ET -15\u00b0C Glykolkonzentration 28 %<\/li>\n<li>GLITHERM ET -20\u00b0C Glykolkonzentration 35 %<\/li>\n<li>GLITHERM ET -25\u00b0C Glykolkonzentration 40 %<\/li>\n<li>GLITHERM ET -30\u00b0C Glykolkonzentration 45 %<\/li>\n<li>GLITHERM ET -35\u00b0C Glykolkonzentration 48 %<\/li>\n<\/ul>\n<p>Wenn Sie weitere Fragen oder Anliegen haben, wenden Sie sich bitte an das Kundenservice-Team. Er hilft Ihnen, eines der Standardprodukte auszuw\u00e4hlen oder schl\u00e4gt ein dediziertes Produkt vor, das spezifische Parameter erf\u00fcllt und auf die Bedingungen der Installation oder die technischen Anforderungen einer bestimmten Installation zugeschnitten ist. <\/p>\n<p>Die h\u00f6chste Qualit\u00e4t der Glitherm ET-W\u00e4rme\u00fcbertragungsfl\u00fcssigkeiten wird durch die technische Empfehlung des ITB \u2013 Bauforschungsinstituts in Warschau best\u00e4tigt.<\/p>\n<p>Die Glitherm ET-Familie der speziellen Frostschutzmittel sind gebrauchsfertige Mischungen, ohne dass sie vor der Anwendung verd\u00fcnnt oder andere Zusatzstoffe aufgetragen werden m\u00fcssen. Das Glytherm ET-Frostschutzmittel basiert auf hochwertigem Monoethylenglykol (MEG).  F\u00fcr die Produktion werden nur frische Rohstoffe verwendet, die nicht aus dem Recycling stammen. Die Endprodukte wurden mit geeigneten Dosen von Korrosionsinhibitoren, pH-Puffern und Zusatzstoffen angereichert, um ein Produkt von h\u00f6chster Qualit\u00e4t zu schaffen. Es wird einen ununterbrochenen Betrieb jeder Anlage \u00fcber Jahre hinweg gew\u00e4hrleisten. Die verwendeten Rohstoffe verhindern den Verfall der Fl\u00fcssigkeit und der Installation w\u00e4hrend ihrer gesamten Lebensdauer.   <\/p>\n<p>Der Hersteller gew\u00e4hrt auf jede Produktcharge eine f\u00fcnfj\u00e4hrige Garantie. Das gebrauchsfertige Frostschutzmittel GLITHERM ET ist f\u00fcr jede \u2013 selbst die anspruchsvollste Umgebung \u2013 konzipiert. Das Produkt bietet nahezu vollst\u00e4ndigen Schutz vor Korrosion und Ablagerungen.   Die hochwertigsten Schaumstoffzus\u00e4tze gew\u00e4hrleisten eine einfache Bef\u00fcllung des Systems und beseitigen andere Probleme, die durch m\u00f6gliche Sch\u00e4umbildung der Fl\u00fcssigkeit im System entstehen.<\/p>\n<p>Leider ist das bei der Herstellung von Glitherm ET verwendete Monoethylenglykol im Gegensatz zur GLITHERM EKO-K\u00fchlerschutzserie, die v\u00f6llig sicher, umweltfreundlich und menschenfreundlich ist, eine giftige Substanz, daher sollten Sie bei der Verwendung dieses Produkts \u00e4u\u00dferst vorsichtig sein und unkontrollierte Freisetzung in die Umwelt vermeiden.<br \/>\nFertigprodukte sollten nicht weiter verd\u00fcnnt werden, da dies die Haltbarkeit des Produkts beeintr\u00e4chtigen und sowohl den Korrosions- als auch den Frostschutzschutz verringern kann.<\/p>\n<p><strong>Kolor.<\/strong><br \/>\nP\u0142yny niezamarzaj\u0105ce Glitherm ET standardowo s\u0105 barwione na kolor niebieski. U\u017cywane neutralne pigmenty nie maj\u0105 jakiegokolwiek wp\u0142ywu na w\u0142asno\u015bci u\u017cytkowe produktu. <\/p>\n<p><strong>ACHTUNG!<\/strong><br \/>\nGlitherm-ET-Fl\u00fcssigkeiten sollten nicht in Anlagen mit verzinkten Bauteilen verwendet werden. Die Produkte sind f\u00fcr die Arbeit in Anlagen aus den am h\u00e4ufigsten verwendeten Materialien vorgesehen, einschlie\u00dflich Anlagen mit Elementen aus Stahl; Gu\u00dfeisen; Aluminium; Kupfer; Ordner: Messing usw. Das L\u00f6ten der Installation schlie\u00dft die Verwendung der fertigen Fl\u00fcssigkeiten der Glitherm ET-Serie in keiner Weise aus oder schr\u00e4nkt sie ein.  <\/p>\n<\/div>\n<a id=\"readMoreButton\" href=\"javascript:void(0);\" data-readmore=\"Mehr lesen\" data-readless=\"Text verbergen\">Mehr lesen<\/a>\n","protected":false},"excerpt":{"rendered":"<p><strong>GLITHERM ET in K\u00fcrze:<\/strong><\/p>\n<ul>\n<li>Sofort einsatzbereit.<\/li>\n<li>Es verf\u00fcgt \u00fcber die technische ITB-Empfehlung.<\/li>\n<li>Es bietet Schutz vor Korrosion, \u00dcberhitzung, Gefrieren, Sedimentbildung und mikrobiellem Wachstum.<\/li>\n<li>H\u00e4lt die Installation sauber.<\/li>\n<li>Es gew\u00e4hrleistet den reibungslosen Betrieb der Anlage \u00fcber Jahre hinweg.<\/li>\n<li>Es enth\u00e4lt kein Glycerin und keine Alkohole.<\/li>\n<li>Es enth\u00e4lt Antischaummittel.<\/li>\n<li>Es handelt sich um einen Mehrsaison-Agenten.<\/li>\n<li>5 Jahre Garantie.<\/li>\n<\/ul>\n","protected":false},"featured_media":16306,"template":"","meta":[],"product_brand":[],"product_cat":[203,200],"product_tag":[],"class_list":{"0":"post-2776","1":"product","2":"type-product","3":"status-publish","4":"has-post-thumbnail","6":"product_cat-flussigkeiten-auf-monoethylenglykolbasis","7":"product_cat-flussigkeiten-fur-heiz-und-kuhlanlagen","9":"first","10":"instock","11":"shipping-taxable","12":"product-type-variable"},"acf":[],"_links":{"self":[{"href":"https:\/\/glitherm.com\/de\/wp-json\/wp\/v2\/product\/2776","targetHints":{"allow":["GET"]}}],"collection":[{"href":"https:\/\/glitherm.com\/de\/wp-json\/wp\/v2\/product"}],"about":[{"href":"https:\/\/glitherm.com\/de\/wp-json\/wp\/v2\/types\/product"}],"wp:featuredmedia":[{"embeddable":true,"href":"https:\/\/glitherm.com\/de\/wp-json\/wp\/v2\/media\/16306"}],"wp:attachment":[{"href":"https:\/\/glitherm.com\/de\/wp-json\/wp\/v2\/media?parent=2776"}],"wp:term":[{"taxonomy":"product_brand","embeddable":true,"href":"https:\/\/glitherm.com\/de\/wp-json\/wp\/v2\/product_brand?post=2776"},{"taxonomy":"product_cat","embeddable":true,"href":"https:\/\/glitherm.com\/de\/wp-json\/wp\/v2\/product_cat?post=2776"},{"taxonomy":"product_tag","embeddable":true,"href":"https:\/\/glitherm.com\/de\/wp-json\/wp\/v2\/product_tag?post=2776"}],"curies":[{"name":"wp","href":"https:\/\/api.w.org\/{rel}","templated":true}]}}