{"id":2853,"date":"2023-07-17T13:09:51","date_gmt":"2023-07-17T11:09:51","guid":{"rendered":"https:\/\/glitherm.com\/produkt\/polyethylenglykol-4000-peg-4000\/"},"modified":"2023-11-21T12:28:04","modified_gmt":"2023-11-21T11:28:04","slug":"polyethylenglykol-4000-peg-4000","status":"publish","type":"product","link":"https:\/\/glitherm.com\/de\/produkt\/polyethylenglykol-4000-peg-4000\/","title":{"rendered":"Polyethylenglykol 4000 (PEG 4000)"},"content":{"rendered":"<p>Polyethylenglykol 4000 (PEG 4000) ist eine organische Verbindung, ein Polymer aus der Gruppe der Polyether, ein Produkt der Kondensation von Ethylenoxid und Ethylenglykol. Das numerische Suffix gibt das durchschnittliche Molekulargewicht des Produkts an. Polyethylenglykol 4000 ist eine blasse, farblose, transparente Substanz in Form wachsartiger Flocken. Nicht als giftiger Stoff gem\u00e4\u00df Einstufung gem\u00e4\u00df Verordnung (EG) Nr. eingestuft. 1272\/2008 [CLP\/GHS]. Es ist in mehreren Arzneib\u00fcchern als Arzneimittelzusatzstoff zugelassen. Polyethylenglykol 4000 (PEG 4000) ist in Wasser und vielen organischen L\u00f6sungsmitteln l\u00f6slich, darunter Alkohole, Glykole, Glykolether, Ketone und aromatische Kohlenwasserstoffe. Allerdings ist es in aliphatischen Kohlenwasserstoffen und Ethern schlecht l\u00f6slich.<\/p>\n<p>PEG-Polyethylenglykol wird als L\u00f6sungsmittel, Emulgator und Viskosit\u00e4tserh\u00f6her f\u00fcr fl\u00fcssige Kosmetika und Medikamente verwendet. Dar\u00fcber hinaus wird es bei der Herstellung synthetischer Schmierstoffe, Bearbeitungs\u00f6le, Hydraulikfl\u00fcssigkeiten und Poliermittel verwendet. Unverzichtbar bei der Herstellung von Kunstharzen, Weichmachern und Klebstoffen. Ausgangsmaterial zur Gewinnung von Polyethylenglykolestern. Wird in der Papier-, Gummi-, Textil-, Druck- und Metallindustrie eingesetzt.<\/p>\n<p>Als Kuriosum ist seine Verwendung in der Unterwasserarch\u00e4ologie zu nennen, wo es als Konservierungsmittel f\u00fcr Holzartefakte verwendet wird, die an feuchten arch\u00e4ologischen St\u00e4tten ausgegraben wurden. Anschlie\u00dfend handelt es sich um ein wasserl\u00f6sliches Wachsprodukt, das langsam tief in das Holz eindringt, Wasser verdr\u00e4ngt und so Schrumpfung und Rissbildung im Holz verhindert.<\/p>\n<p>Polyethylenglykol 4000 (PEG 4000) wird als Katalysator oder Reagenz in chemischen Syntheseprozessen im industriellen Ma\u00dfstab eingesetzt, beispielsweise in Zweiphasenreaktionen.<\/p>\n<p>Die automatisch \u00fcbersetzte Beschreibung ist in der polnischen Fassung verbindlich.<\/p>\n","protected":false},"excerpt":{"rendered":"<p><span style=\"font-weight: 400;\"><strong>Synonyme:<\/strong> PEG 4000; Carbowax; Polyglykol<\/span><\/p>\n<p><span style=\"font-weight: 400;\"><strong>CAS:<\/strong> 25322-68-3<\/span><\/p>\n<p><span style=\"font-weight: 400;\"><strong>EC:<\/strong> 500-038-2<\/span><\/p>\n<p><span style=\"font-weight: 400;\"><strong>REACH:<\/strong> Der Stoff unterliegt nicht der Registrierungspflicht gem\u00e4\u00df Verordnung (EG) Nr. 1907\/2006 [REACH]. <\/span><\/p>\n","protected":false},"featured_media":16205,"template":"","meta":[],"product_brand":[],"product_cat":[214,229],"product_tag":[],"class_list":{"0":"post-2853","1":"product","2":"type-product","3":"status-publish","4":"has-post-thumbnail","6":"product_cat-chemische-rohstoffe","7":"product_cat-ethylenglykole","9":"first","10":"instock","11":"shipping-taxable","12":"product-type-variable"},"acf":[],"_links":{"self":[{"href":"https:\/\/glitherm.com\/de\/wp-json\/wp\/v2\/product\/2853","targetHints":{"allow":["GET"]}}],"collection":[{"href":"https:\/\/glitherm.com\/de\/wp-json\/wp\/v2\/product"}],"about":[{"href":"https:\/\/glitherm.com\/de\/wp-json\/wp\/v2\/types\/product"}],"wp:featuredmedia":[{"embeddable":true,"href":"https:\/\/glitherm.com\/de\/wp-json\/wp\/v2\/media\/16205"}],"wp:attachment":[{"href":"https:\/\/glitherm.com\/de\/wp-json\/wp\/v2\/media?parent=2853"}],"wp:term":[{"taxonomy":"product_brand","embeddable":true,"href":"https:\/\/glitherm.com\/de\/wp-json\/wp\/v2\/product_brand?post=2853"},{"taxonomy":"product_cat","embeddable":true,"href":"https:\/\/glitherm.com\/de\/wp-json\/wp\/v2\/product_cat?post=2853"},{"taxonomy":"product_tag","embeddable":true,"href":"https:\/\/glitherm.com\/de\/wp-json\/wp\/v2\/product_tag?post=2853"}],"curies":[{"name":"wp","href":"https:\/\/api.w.org\/{rel}","templated":true}]}}