{"id":3664,"date":"2023-10-06T15:49:44","date_gmt":"2023-10-06T13:49:44","guid":{"rendered":"https:\/\/glitherm.com\/produkt\/nicht-gefrierende-kuehlerfluessigkeit-glicar-g13\/"},"modified":"2025-12-12T08:40:19","modified_gmt":"2025-12-12T07:40:19","slug":"kuhlerflussigkeit-glykar-g13","status":"publish","type":"product","link":"https:\/\/glitherm.com\/de\/produkt\/kuhlerflussigkeit-glykar-g13\/","title":{"rendered":"Nicht gefrierende K\u00fchlerfl\u00fcssigkeit GLICAR G13"},"content":{"rendered":"<p>Das Frostschutz\u00f6l GLICAR G13 ist das neueste Produkt von Glicar, das f\u00fcr professionelle Nutzer entwickelt wurde. Glicar G13 ist ein gebrauchsfertiges Produkt, es ben\u00f6tigt keine Verd\u00fcnnung oder andere Behandlungen. Seine hochmoderne Formulierung, basierend auf Ethylenglykol (MEG) und OAT-Organs\u00e4uretechnologie, bietet einen noch effektiveren Schutz gegen Korrosion und Kavitation des gesamten K\u00fchlsystems. G13-K\u00fchlerfl\u00fcssigkeit sch\u00fctzt Metallteile sowie Gummidichtungen und Dichtungen aus anderen Materialien. Der gek\u00fchlte Glicar G13-Motor h\u00e4lt garantiert 5 Jahre oder 250.000 km Dauer.    <\/p>\n<div id=\"showMoreDiv\" class=\"collapsed\">\u00a0\n<p>Glicar G13 ist ein K\u00fchlmittel, das v\u00f6llig frei von giftigen Nitriten, Aminen und Phosphaten ist. Es hat die h\u00f6chsten W\u00e4rme\u00fcbertragungsparameter und eine garantierte Kristallisationstemperatur von -36\u00b0C. Seine einzigartige Formel verhindert die Bildung von Ablagerungen und Kalkkalk. Er funktioniert perfekt mit dem gesamten Verbrennungsmotork\u00fchlsystem und bietet einen vollst\u00e4ndigen Schutz vor Korrosion und Kavitation. Glicar G13 kann sowohl in Benzin- als auch in Dieselmotork\u00fchlsystemen verwendet werden. Das Produkt kann in einer Vielzahl von Fahrzeugen verwendet werden, deren Hersteller die Verwendung des G13-Standards empfehlen.     <\/p>\n<p><span style=\"font-weight: 400;\">Das Produkt unterliegt folgenden Normen: PN93\/C-40008-10; PN-C-40007; ASTM D 5931-13; ASTM D 1287-11; PN 93\/C-40008-05; PN-C-40008-06:1993\/AZ 1:2000.<\/span><\/p>\n<p><span style=\"font-weight: 400;\">Erf\u00fcllt die Anforderungen der folgenden Normen: Audi\/Skoda\/VW\/Seat TL 774 J, ASTM D 3306, BS 6580:2010.<\/span><\/p>\n<p><strong>UV-Marker. <\/strong><\/p>\n<p>Auf Wunsch des Kunden kann das Produkt mit einem UV-Tag angereichert werden. Dieser Zusatzstoff bewirkt, dass das Arbeitsmedium in UV-Strahlen &#8222;gl\u00fcht&#8220;. Beleuchten Sie einfach den K\u00fchler und andere Komponenten des K\u00fchlsystems mit UV-Licht, um das Leck des Systems zu bestimmen oder ein Leck zu erkennen. Der Hersteller empfiehlt die Verwendung einer Fl\u00fcssigkeit mit einem UV-Tag in jedem K\u00fchler. Dies erm\u00f6glicht es dem Benutzer, das System auch ohne technische Kenntnisse zu diagnostizieren. Ein professioneller Mechaniker spart viel Zeit, indem er eine Fl\u00fcssigkeit mit UV-Additiv bei der Diagnostik der Dichtigkeit des K\u00fchlsystems verwendet. Der UV-Marker ist v\u00f6llig inert gegen\u00fcber den funktionellen physikochemischen Eigenschaften des Produkts.      <\/p>\n<p><strong>Farbe. <\/strong><\/p>\n<p>GLICAR G13 K\u00fchlerfl\u00fcssigkeit ist in Lila erh\u00e4ltlich. Die Farbe des Produkts ist das Ergebnis der Zugabe nat\u00fcrlicher mineralischer Pigmente. Pigmente beeinflussen nicht die funktionellen physikochemischen Eigenschaften des Produkts.  <\/p>\n<p><strong>ACHTUNG!<\/strong><\/p>\n<p>GLICAR G13 Anti-Freezing Fluid ist f\u00fcr Motoren vorgesehen, die mit Aluminium-, Gusseisen- oder Mischk\u00fchlsystemen ausgestattet sind.<\/p>\n<\/div>\n<a id=\"readMoreButton\" href=\"javascript:void(0);\" data-readmore=\"Mehr lesen\" data-readless=\"Text verbergen\">Mehr lesen<\/a>\n","protected":false},"excerpt":{"rendered":"<p><strong>GLICAR G13 in K\u00fcrze:<\/strong><\/p>\n<ul>\n<li>Garantie f\u00fcr 5 Jahre oder 250.000 km Dauerbetrieb.<\/li>\n<li>Friert nicht ein. Sch\u00fctzt das K\u00fchlsystem vor Temperaturen bis -36\u00b0C. <\/li>\n<li>Sch\u00fctzt vor Korrosion und Kavitation.<\/li>\n<li>Verhindert Kalk- und Niederschlagsbildung.<\/li>\n<li>Hergestellt auf Basis von prim\u00e4rem, also nicht recyceltem Ethylenglykol.<\/li>\n<li>Basierend auf der Technologie der organischen S\u00e4ure (OAT).<\/li>\n<li>Enth\u00e4lt keine giftigen Nitrite, Amine und Phosphate.<\/li>\n<li>Es kann in Pkw, Lkw und Spezialfahrzeugen sowie in Landmaschinen und Milit\u00e4rger\u00e4ten eingesetzt werden.<\/li>\n<li><span style=\"font-weight: 400;\">Es hat folgende Standards: PN93\/C-40008-10; PN-C-40007; ASTM D 5931-13; ASTM D 1287-11; PN 93\/C-40008-05; PN-C-40008-06:1993\/AZ 1:2000.<\/span><\/li>\n<li><span style=\"font-weight: 400;\">Erf\u00fcllt die Anforderungen der folgenden Normen: Audi\/Skoda\/VW\/Seat TL 774 J, ASTM D 3306, BS 6580:2010<\/span><\/li>\n<\/ul>\n","protected":false},"featured_media":16288,"template":"","meta":[],"product_brand":[],"product_cat":[176,182,194],"product_tag":[],"class_list":{"0":"post-3664","1":"product","2":"type-product","3":"status-publish","4":"has-post-thumbnail","6":"product_cat-automobilchemie","7":"product_cat-kuhlmittel-fur-kraftfahrzeuge","8":"product_cat-uv-zusatz","10":"first","11":"instock","12":"shipping-taxable","13":"product-type-variable"},"acf":[],"_links":{"self":[{"href":"https:\/\/glitherm.com\/de\/wp-json\/wp\/v2\/product\/3664","targetHints":{"allow":["GET"]}}],"collection":[{"href":"https:\/\/glitherm.com\/de\/wp-json\/wp\/v2\/product"}],"about":[{"href":"https:\/\/glitherm.com\/de\/wp-json\/wp\/v2\/types\/product"}],"wp:featuredmedia":[{"embeddable":true,"href":"https:\/\/glitherm.com\/de\/wp-json\/wp\/v2\/media\/16288"}],"wp:attachment":[{"href":"https:\/\/glitherm.com\/de\/wp-json\/wp\/v2\/media?parent=3664"}],"wp:term":[{"taxonomy":"product_brand","embeddable":true,"href":"https:\/\/glitherm.com\/de\/wp-json\/wp\/v2\/product_brand?post=3664"},{"taxonomy":"product_cat","embeddable":true,"href":"https:\/\/glitherm.com\/de\/wp-json\/wp\/v2\/product_cat?post=3664"},{"taxonomy":"product_tag","embeddable":true,"href":"https:\/\/glitherm.com\/de\/wp-json\/wp\/v2\/product_tag?post=3664"}],"curies":[{"name":"wp","href":"https:\/\/api.w.org\/{rel}","templated":true}]}}