{"id":6743,"date":"2023-10-10T14:49:15","date_gmt":"2023-10-10T12:49:15","guid":{"rendered":"https:\/\/glitherm.com\/produkt\/bremsfluessigkeit-glicar-dot-5-1\/"},"modified":"2025-12-12T10:22:23","modified_gmt":"2025-12-12T09:22:23","slug":"bremsflussigkeit-glicar-dot-5-1","status":"publish","type":"product","link":"https:\/\/glitherm.com\/de\/produkt\/bremsflussigkeit-glicar-dot-5-1\/","title":{"rendered":"Bremsfl\u00fcssigkeit GLICAR DOT 5.1"},"content":{"rendered":"<p>GLICAR DOT 5.1 Bremsfl\u00fcssigkeit ist ein modernes Hydraulik\u00f6l, das f\u00fcr den Einsatz in hydraulischen Bremssystemen und hydraulischen Kupplungsunterst\u00fctzungssystemen in Autos mit extremer Leistung entwickelt wurde. Hierbei handelt es sich um ein Produkt f\u00fcr Benutzer, die ihre Fahrzeuge unter extremen Bedingungen besonders intensiv nutzen.<\/p>\n<div id=\"showMoreDiv\" class=\"collapsed\">\u00a0\n<p>GLICAR DOT 5.1 wurde f\u00fcr Sportwagen und Motorr\u00e4der entwickelt und mit modernen ABS-, ESP-, EDB-, ASR- und TSC-Unterst\u00fctzungssystemen ausgestattet. Die einzigartige Formel, die zahlreiche Zus\u00e4tze und Raffinerien umfasst, gew\u00e4hrleistet einen dauerhaften Schutz des Hydrauliksystems gegen Korrosion von Metallteilen und Abbau von Gummi, Kunststoff und anderen Dichtungen. Das Produkt sorgt f\u00fcr die Sauberkeit des Hydrauliksystems und verhindert Kalkablagerungen und Sedimentniederschl\u00e4ge. Dank seiner niedrigen Viskosit\u00e4t bei niedrigen Temperaturen und dem hohen Siedepunkt ist es sowohl f\u00fcr niedrige als auch hohe Betriebstemperaturen des Systems hervorragend. GLICAR DOT 5.1 kann in allen Fahrzeugtypen verwendet werden, bei denen das Handbuch die Verwendung von DOT 5.1 oder DOT 4 Fl\u00fcssigkeit vorschreibt.    <\/p>\n<p>Sie erf\u00fcllt die Anforderungen des in Polen geltenden PN-C-40005:2002-Standards sowie der amerikanischen Standards FMVSS 116 DOT-4, FMVSS 116 DOT-5.1, SAE J 1703, SAE J 1704, ISO 4925.<\/p>\n<\/div>\n<a id=\"readMoreButton\" href=\"javascript:void(0);\" data-readmore=\"Mehr lesen\" data-readless=\"Text verbergen\">Mehr lesen<\/a>\n","protected":false},"excerpt":{"rendered":"<p><strong>GLICAR DOT 5.1 in K\u00fcrze:<\/strong><\/p>\n<ul>\n<li>Sportfahrzeugen gewidmet.<\/li>\n<li>Erm\u00f6glicht den sicheren Betrieb von Sportfahrzeugen mit extremer Leistung.<\/li>\n<li>Kann in allen Fahrzeugen verwendet werden, bei denen das Handbuch die Verwendung von DOT-5.1, DOT-4 empfiehlt.<\/li>\n<li>Dank ihrer niedrigen Viskosit\u00e4t bei niedrigen Temperaturen sorgt sie f\u00fcr eine hohe Ansprechgeschwindigkeit der Hilfssysteme.<\/li>\n<li>Hoher Siedepunkt bis zu 260 \u00b0C.<\/li>\n<li>Sch\u00fctzt das System vor Korrosion.<\/li>\n<li>Sch\u00fctzt Gummi, Kunststoffelemente und Dichtungen vor Zersetzung.<\/li>\n<li>Sch\u00fctzt Systemkomponenten auch unter extremen Betriebsbedingungen vor vorzeitigem Verschlei\u00df.<\/li>\n<li>Der Hersteller empfiehlt, ihn alle drei Jahre oder alle 100.000 zu ersetzen. Meilen. <\/li>\n<li><span style=\"font-weight: 400;\">Sie erf\u00fcllt die Anforderungen von PN-C-40005:2002, FMVSS 116 DOT-4, FMVSS 116 DOT-5.1, SAE J 1703, SAE J 1704, ISO 4925.<\/span><\/li>\n<\/ul>\n","protected":false},"featured_media":16450,"template":"","meta":[],"product_brand":[],"product_cat":[176,188],"product_tag":[],"class_list":{"0":"post-6743","1":"product","2":"type-product","3":"status-publish","4":"has-post-thumbnail","6":"product_cat-automobilchemie","7":"product_cat-bremsflussigkeiten","9":"first","10":"instock","11":"shipping-taxable","12":"product-type-variable"},"acf":[],"_links":{"self":[{"href":"https:\/\/glitherm.com\/de\/wp-json\/wp\/v2\/product\/6743","targetHints":{"allow":["GET"]}}],"collection":[{"href":"https:\/\/glitherm.com\/de\/wp-json\/wp\/v2\/product"}],"about":[{"href":"https:\/\/glitherm.com\/de\/wp-json\/wp\/v2\/types\/product"}],"wp:featuredmedia":[{"embeddable":true,"href":"https:\/\/glitherm.com\/de\/wp-json\/wp\/v2\/media\/16450"}],"wp:attachment":[{"href":"https:\/\/glitherm.com\/de\/wp-json\/wp\/v2\/media?parent=6743"}],"wp:term":[{"taxonomy":"product_brand","embeddable":true,"href":"https:\/\/glitherm.com\/de\/wp-json\/wp\/v2\/product_brand?post=6743"},{"taxonomy":"product_cat","embeddable":true,"href":"https:\/\/glitherm.com\/de\/wp-json\/wp\/v2\/product_cat?post=6743"},{"taxonomy":"product_tag","embeddable":true,"href":"https:\/\/glitherm.com\/de\/wp-json\/wp\/v2\/product_tag?post=6743"}],"curies":[{"name":"wp","href":"https:\/\/api.w.org\/{rel}","templated":true}]}}