{"id":21610,"date":"2023-06-29T16:32:29","date_gmt":"2023-06-29T14:32:29","guid":{"rendered":"https:\/\/glitherm.com\/privacy-policy\/"},"modified":"2025-02-04T11:37:42","modified_gmt":"2025-02-04T10:37:42","slug":"privacy-policy","status":"publish","type":"page","link":"https:\/\/glitherm.com\/en\/privacy-policy\/","title":{"rendered":"Privacy policy"},"content":{"rendered":"<h1 style=\"text-align: center;\">PRIVACY POLICY<\/h1>\nInformation Clause on the Processing of Personal Data for GLI-THERM Customers\n\nIn compliance with the obligation set out in Article 13(1) and (2) of Regulation (EU) 2016\/679 of the European Parliament and of the Council of 27 April 2016 on the protection of natural persons with regard to the processing of personal data and on the free movement of such data, and repealing Directive 95\/46\/EC (hereinafter &#8220;GDPR&#8221;), GLI-THERM informs that:  \n<ol>\n \t<li>The data controller is GLI-THERM sp. z o.o. with its registered office in Jastrz\u0119bie-Zdr\u00f3j, address: ul. Rozwojowa 11, 44-338 Jastrz\u0119bie-Zdr\u00f3j, entered in the National Court Register \u2013 Register of Entrepreneurs maintained by the District Court in Gliwice, 10th Commercial Division, under KRS number 0000409483, NIP 6423178990, with a share capital of PLN 75,800 (hereinafter &#8220;Company&#8221;).  <\/li>\n \t<li>The Company has not appointed a Data Protection Officer.<\/li>\n \t<li>To exercise the rights of individuals whose data is being processed, please contact us at <a href=\"mailto:gdpr@glitherm.com\">gdpr@glitherm.com<\/a>.<\/li>\n \t<li>Personal data will be processed when the data subject has given their consent (Article 6(1)(a) GDPR), and also for the following purposes:\n<ol style=\"list-style-type: lower-latin;\">\n \t<li>Conclusion and execution of contracts, for the duration of these contracts \u2013 the legal basis for processing is the necessity to conclude a contract (Article 6(1)(b) GDPR);<\/li>\n \t<li>Direct marketing of the Company\u2019s products and services until the data subject objects to the processing of their data for this purpose \u2013 the legal basis for processing is the legitimate interests of the Company (Article 6(1)(f) GDPR);<\/li>\n \t<li>Responding to inquiries from the data subject \u2013 for the period necessary to provide a response or take appropriate actions \u2013 the legal basis for processing is the legitimate interests of the Company (Article 6(1)(f) GDPR) or actions taken at the request of the data subject (Article 6(1)(b) GDPR);<\/li>\n \t<li>Fulfillment of the Company\u2019s legal obligations (e.g., tax, accounting, complaint handling, or other legal requirements) \u2013 for the duration of these obligations or for the period necessary to demonstrate compliance with such obligations to authorized authorities \u2013 the legal basis for processing is the Company\u2019s legal obligation (Article 6(1)(c) GDPR);<\/li>\n \t<li>Establishment, defense, and pursuit of claims \u2013 for the period after which claims become time-barred (e.g., those arising from contracts) or for the duration of any legal proceedings \u2013 the legal basis for processing is the Company\u2019s legal obligation (Article 6(1)(c) GDPR).<\/li>\n<\/ol>\n<\/li>\n \t<li>Personal data will be shared with third parties cooperating with the Company (e.g., courier, accounting, and legal firms) as well as other entities as required by applicable law.<\/li>\n \t<li>Personal data will be stored for a period of 7 years, but not less than the expiration of the limitation period for claims.<\/li>\n \t<li>Personal data will be processed on behalf of the data controller by individuals authorized to do so.<\/li>\n \t<li>The data subject has the right to:\n<ol style=\"list-style-type: lower-latin;\">\n \t<li>Access their personal data;<\/li>\n \t<li>Request rectification if the data is incorrect or outdated;<\/li>\n \t<li>Request deletion, restriction of processing, and data portability in cases provided for by law;<\/li>\n \t<li>Object to the processing of their data;<\/li>\n \t<li>Lodge a complaint with the President of the Office for Personal Data Protection if their data is processed unlawfully.<\/li>\n<\/ol>\n<\/li>\n \t<li>Decisions regarding personal data will not be made in an automated manner.<\/li>\n<\/ol>\n<a href=\"https:\/\/www.fakt.pl\/polityka\/posel-litewka-wezwany-do-prokuratury-juz-zlozyl-zeznania\/h959h28\"><\/a><!-- \/wp:post-content -->","protected":false},"excerpt":{"rendered":"<p>PRIVACY POLICY Information Clause on the Processing of Personal Data for GLI-THERM Customers In compliance with the obligation set out in Article 13(1) and (2) of Regulation (EU) 2016\/679 of the European Parliament and of the Council of 27 April 2016 on the protection of natural persons with regard to the processing of personal data [&#8230;]\n","protected":false},"author":3,"featured_media":0,"parent":0,"menu_order":0,"comment_status":"closed","ping_status":"closed","template":"","meta":{"footnotes":""},"folder":[],"class_list":["post-21610","page","type-page","status-publish","hentry"],"acf":[],"_links":{"self":[{"href":"https:\/\/glitherm.com\/en\/wp-json\/wp\/v2\/pages\/21610","targetHints":{"allow":["GET"]}}],"collection":[{"href":"https:\/\/glitherm.com\/en\/wp-json\/wp\/v2\/pages"}],"about":[{"href":"https:\/\/glitherm.com\/en\/wp-json\/wp\/v2\/types\/page"}],"author":[{"embeddable":true,"href":"https:\/\/glitherm.com\/en\/wp-json\/wp\/v2\/users\/3"}],"replies":[{"embeddable":true,"href":"https:\/\/glitherm.com\/en\/wp-json\/wp\/v2\/comments?post=21610"}],"version-history":[{"count":1,"href":"https:\/\/glitherm.com\/en\/wp-json\/wp\/v2\/pages\/21610\/revisions"}],"predecessor-version":[{"id":21613,"href":"https:\/\/glitherm.com\/en\/wp-json\/wp\/v2\/pages\/21610\/revisions\/21613"}],"wp:attachment":[{"href":"https:\/\/glitherm.com\/en\/wp-json\/wp\/v2\/media?parent=21610"}],"wp:term":[{"taxonomy":"folder","embeddable":true,"href":"https:\/\/glitherm.com\/en\/wp-json\/wp\/v2\/folder?post=21610"}],"curies":[{"name":"wp","href":"https:\/\/api.w.org\/{rel}","templated":true}]}}