{"id":21937,"date":"2023-07-11T09:06:38","date_gmt":"2023-07-11T07:06:38","guid":{"rendered":"https:\/\/glitherm.com\/index-a-z\/"},"modified":"2025-11-27T09:04:22","modified_gmt":"2025-11-27T08:04:22","slug":"index-a-z","status":"publish","type":"page","link":"https:\/\/glitherm.com\/fr\/index-a-z\/","title":{"rendered":"Index A-Z"},"content":{"rendered":"<h1 style=\"text-align: center;\">Index A-Z<\/h1>\n<style>\n\n<\/style><div id=\"a-z-listing-1\" class=\"az-listing\">\n\t<div class=\"az-letters-wrap\">\n\t\t<div class=\"az-letters\">\n\t\t\t<ul class=\"az-links\"><li class=\"first odd has-posts\"><a href=\"#a-z-listing-letter-A-1\"><span>A<\/span><\/a><\/li><li class=\"even no-posts\"><span>B<\/span><\/li><li class=\"odd has-posts\"><a href=\"#a-z-listing-letter-C-1\"><span>C<\/span><\/a><\/li><li class=\"even no-posts\"><span>D<\/span><\/li><li class=\"odd has-posts\"><a href=\"#a-z-listing-letter-E-1\"><span>E<\/span><\/a><\/li><li class=\"even has-posts\"><a href=\"#a-z-listing-letter-F-1\"><span>F<\/span><\/a><\/li><li class=\"odd has-posts\"><a href=\"#a-z-listing-letter-G-1\"><span>G<\/span><\/a><\/li><li class=\"even has-posts\"><a href=\"#a-z-listing-letter-H-1\"><span>H<\/span><\/a><\/li><li class=\"odd has-posts\"><a href=\"#a-z-listing-letter-I-1\"><span>I<\/span><\/a><\/li><li class=\"even no-posts\"><span>J<\/span><\/li><li class=\"odd no-posts\"><span>K<\/span><\/li><li class=\"even has-posts\"><a href=\"#a-z-listing-letter-L-1\"><span>L<\/span><\/a><\/li><li class=\"odd has-posts\"><a href=\"#a-z-listing-letter-M-1\"><span>M<\/span><\/a><\/li><li class=\"even has-posts\"><a href=\"#a-z-listing-letter-N-1\"><span>N<\/span><\/a><\/li><li class=\"odd no-posts\"><span>O<\/span><\/li><li class=\"even has-posts\"><a href=\"#a-z-listing-letter-P-1\"><span>P<\/span><\/a><\/li><li class=\"odd no-posts\"><span>Q<\/span><\/li><li class=\"even no-posts\"><span>R<\/span><\/li><li class=\"odd has-posts\"><a href=\"#a-z-listing-letter-S-1\"><span>S<\/span><\/a><\/li><li class=\"even no-posts\"><span>T<\/span><\/li><li class=\"odd no-posts\"><span>U<\/span><\/li><li class=\"even no-posts\"><span>V<\/span><\/li><li class=\"odd no-posts\"><span>W<\/span><\/li><li class=\"even no-posts\"><span>X<\/span><\/li><li class=\"odd no-posts\"><span>Y<\/span><\/li><li class=\"last even no-posts\"><span>Z<\/span><\/li><\/ul>\t\t<\/div>\n\t<\/div>\n\t\t<div class=\"items-outer\">\n\t\t<div class=\"items-inner\">\n\t\t\t\t\t\t\t\t\t\t\t\t\t\t\t\t\t<div class=\"letter-section\" id=\"a-z-listing-letter-A-1\">\n\t\t\t\t\t\t<h2 class=\"letter-title\">\n\t\t\t\t\t\t\t<span>\n\t\t\t\t\t\t\t\tA\t\t\t\t\t\t\t<\/span>\n\t\t\t\t\t\t<\/h2>\n\t\t\t\t\t\t\t\t\t\t\t\t<ul class=\"az-columns max-1-columns\">\n\t\t\t\t\t\t\t\t\t\t\t\t\t\t\t<li>\n\t\t\t\t\t\t\t\t\t<a href=\"https:\/\/glitherm.com\/fr\/produkt\/acide-formique-85\/\">\n\t\t\t\t\t\t\t\t\t\tAcide Formique 85%\t\t\t\t\t\t\t\t\t<\/a>\n\t\t\t\t\t\t\t\t<\/li>\n\t\t\t\t\t\t\t\t\t\t\t\t\t\t\t<li>\n\t\t\t\t\t\t\t\t\t<a href=\"https:\/\/glitherm.com\/fr\/produkt\/acide-sulfurique-concentre-92-986\/\">\n\t\t\t\t\t\t\t\t\t\tAcide sulfurique concentr\u00e9 92-98,6%\t\t\t\t\t\t\t\t\t<\/a>\n\t\t\t\t\t\t\t\t<\/li>\n\t\t\t\t\t\t\t\t\t\t\t\t\t<\/ul>\n\n\t\t\t\t\t\t<div class=\"back-to-top\">\n\t\t\t\t\t\t\t<a href=\"#a-z-listing-1\">\n\t\t\t\t\t\t\t\tPowr\u00f3t do pocz\u0105tku\t\t\t\t\t\t\t<\/a>\n\t\t\t\t\t\t<\/div>\n\t\t\t\t\t<\/div>\n\t\t\t\t\t\t\t\t\t\t\t\t\t\t\t\t\t\t\t\t\t\t\t<div class=\"letter-section\" id=\"a-z-listing-letter-C-1\">\n\t\t\t\t\t\t<h2 class=\"letter-title\">\n\t\t\t\t\t\t\t<span>\n\t\t\t\t\t\t\t\tC\t\t\t\t\t\t\t<\/span>\n\t\t\t\t\t\t<\/h2>\n\t\t\t\t\t\t\t\t\t\t\t\t<ul class=\"az-columns max-1-columns\">\n\t\t\t\t\t\t\t\t\t\t\t\t\t\t\t<li>\n\t\t\t\t\t\t\t\t\t<a href=\"https:\/\/glitherm.com\/fr\/produkt\/ferrique-iii-chlorure-en-solution-aqueuse\/\">\n\t\t\t\t\t\t\t\t\t\tChlorure de fer(III) en solution aqueuse\t\t\t\t\t\t\t\t\t<\/a>\n\t\t\t\t\t\t\t\t<\/li>\n\t\t\t\t\t\t\t\t\t\t\t\t\t\t\t<li>\n\t\t\t\t\t\t\t\t\t<a href=\"https:\/\/glitherm.com\/fr\/produkt\/citrate-de-sodium-citrate-trisodique-e331\/\">\n\t\t\t\t\t\t\t\t\t\tCitrate de sodium, Citrate trisodique E331\t\t\t\t\t\t\t\t\t<\/a>\n\t\t\t\t\t\t\t\t<\/li>\n\t\t\t\t\t\t\t\t\t\t\t\t\t\t\t<li>\n\t\t\t\t\t\t\t\t\t<a href=\"https:\/\/glitherm.com\/fr\/produkt\/cyclamate-de-sodium-e952\/\">\n\t\t\t\t\t\t\t\t\t\tCyclamate de sodium E952\t\t\t\t\t\t\t\t\t<\/a>\n\t\t\t\t\t\t\t\t<\/li>\n\t\t\t\t\t\t\t\t\t\t\t\t\t<\/ul>\n\n\t\t\t\t\t\t<div class=\"back-to-top\">\n\t\t\t\t\t\t\t<a href=\"#a-z-listing-1\">\n\t\t\t\t\t\t\t\tPowr\u00f3t do pocz\u0105tku\t\t\t\t\t\t\t<\/a>\n\t\t\t\t\t\t<\/div>\n\t\t\t\t\t<\/div>\n\t\t\t\t\t\t\t\t\t\t\t\t\t\t\t\t\t\t\t\t\t\t\t<div class=\"letter-section\" id=\"a-z-listing-letter-E-1\">\n\t\t\t\t\t\t<h2 class=\"letter-title\">\n\t\t\t\t\t\t\t<span>\n\t\t\t\t\t\t\t\tE\t\t\t\t\t\t\t<\/span>\n\t\t\t\t\t\t<\/h2>\n\t\t\t\t\t\t\t\t\t\t\t\t<ul class=\"az-columns max-1-columns\">\n\t\t\t\t\t\t\t\t\t\t\t\t\t\t\t<li>\n\t\t\t\t\t\t\t\t\t<a href=\"https:\/\/glitherm.com\/fr\/produkt\/eau-demineralisee-glicar\/\">\n\t\t\t\t\t\t\t\t\t\tEau d\u00e9min\u00e9ralis\u00e9e GLICAR\t\t\t\t\t\t\t\t\t<\/a>\n\t\t\t\t\t\t\t\t<\/li>\n\t\t\t\t\t\t\t\t\t\t\t\t\t\t\t<li>\n\t\t\t\t\t\t\t\t\t<a href=\"https:\/\/glitherm.com\/fr\/produkt\/eau-demineralisee-glitherm\/\">\n\t\t\t\t\t\t\t\t\t\tEau d\u00e9min\u00e9ralis\u00e9e GLITHERM\t\t\t\t\t\t\t\t\t<\/a>\n\t\t\t\t\t\t\t\t<\/li>\n\t\t\t\t\t\t\t\t\t\t\t\t\t\t\t<li>\n\t\t\t\t\t\t\t\t\t<a href=\"https:\/\/glitherm.com\/fr\/produkt\/eau-de-chaudiere-eau-de-circulation-aquacor-prete-a-lemploi\/\">\n\t\t\t\t\t\t\t\t\t\tEau de chaudi\u00e8re, Eau de circulation AQUACOR+ pr\u00eate \u00e0 l\u2019emploi\t\t\t\t\t\t\t\t\t<\/a>\n\t\t\t\t\t\t\t\t<\/li>\n\t\t\t\t\t\t\t\t\t\t\t\t\t\t\t<li>\n\t\t\t\t\t\t\t\t\t<a href=\"https:\/\/glitherm.com\/fr\/produkt\/alcool-ethylique-deshydrate-9960-entierement-libelle\/\">\n\t\t\t\t\t\t\t\t\t\tEthanol, Alcool \u00e9thylique d\u00e9shydrat\u00e9 99,60% compl\u00e8tement d\u00e9natur\u00e9\t\t\t\t\t\t\t\t\t<\/a>\n\t\t\t\t\t\t\t\t<\/li>\n\t\t\t\t\t\t\t\t\t\t\t\t\t\t\t<li>\n\t\t\t\t\t\t\t\t\t<a href=\"https:\/\/glitherm.com\/fr\/produkt\/ethylene-glycol-meg\/\">\n\t\t\t\t\t\t\t\t\t\t\u00c9thyl\u00e8ne glycol (MEG)\t\t\t\t\t\t\t\t\t<\/a>\n\t\t\t\t\t\t\t\t<\/li>\n\t\t\t\t\t\t\t\t\t\t\t\t\t<\/ul>\n\n\t\t\t\t\t\t<div class=\"back-to-top\">\n\t\t\t\t\t\t\t<a href=\"#a-z-listing-1\">\n\t\t\t\t\t\t\t\tPowr\u00f3t do pocz\u0105tku\t\t\t\t\t\t\t<\/a>\n\t\t\t\t\t\t<\/div>\n\t\t\t\t\t<\/div>\n\t\t\t\t\t\t\t\t\t\t\t\t\t\t\t\t\t\t\t<div class=\"letter-section\" id=\"a-z-listing-letter-F-1\">\n\t\t\t\t\t\t<h2 class=\"letter-title\">\n\t\t\t\t\t\t\t<span>\n\t\t\t\t\t\t\t\tF\t\t\t\t\t\t\t<\/span>\n\t\t\t\t\t\t<\/h2>\n\t\t\t\t\t\t\t\t\t\t\t\t<ul class=\"az-columns max-1-columns\">\n\t\t\t\t\t\t\t\t\t\t\t\t\t\t\t<li>\n\t\t\t\t\t\t\t\t\t<a href=\"https:\/\/glitherm.com\/fr\/produkt\/fluide-caloporteur-glitherm-et-concentrate\/\">\n\t\t\t\t\t\t\t\t\t\tFluide caloporteur GLITHERM ET CONCENTRATE\t\t\t\t\t\t\t\t\t<\/a>\n\t\t\t\t\t\t\t\t<\/li>\n\t\t\t\t\t\t\t\t\t\t\t\t\t\t\t<li>\n\t\t\t\t\t\t\t\t\t<a href=\"https:\/\/glitherm.com\/fr\/produkt\/fluide-caloporteur-antigel-glitherm-et-10c-a-50c-pret-a-lemploi\/\">\n\t\t\t\t\t\t\t\t\t\tFluide caloporteur GLITHERM ET pr\u00eat \u00e0 l\u2019emploi\t\t\t\t\t\t\t\t\t<\/a>\n\t\t\t\t\t\t\t\t<\/li>\n\t\t\t\t\t\t\t\t\t\t\t\t\t<\/ul>\n\n\t\t\t\t\t\t<div class=\"back-to-top\">\n\t\t\t\t\t\t\t<a href=\"#a-z-listing-1\">\n\t\t\t\t\t\t\t\tPowr\u00f3t do pocz\u0105tku\t\t\t\t\t\t\t<\/a>\n\t\t\t\t\t\t<\/div>\n\t\t\t\t\t<\/div>\n\t\t\t\t\t\t\t\t\t\t\t\t\t\t\t\t\t\t\t<div class=\"letter-section\" id=\"a-z-listing-letter-G-1\">\n\t\t\t\t\t\t<h2 class=\"letter-title\">\n\t\t\t\t\t\t\t<span>\n\t\t\t\t\t\t\t\tG\t\t\t\t\t\t\t<\/span>\n\t\t\t\t\t\t<\/h2>\n\t\t\t\t\t\t\t\t\t\t\t\t<ul class=\"az-columns max-1-columns\">\n\t\t\t\t\t\t\t\t\t\t\t\t\t\t\t<li>\n\t\t\t\t\t\t\t\t\t<a href=\"https:\/\/glitherm.com\/fr\/produkt\/porc-food-gelatine-180-bloom-20-mesh\/\">\n\t\t\t\t\t\t\t\t\t\tG\u00e9latine de porc comestible 180 Bloom 20 mesh\t\t\t\t\t\t\t\t\t<\/a>\n\t\t\t\t\t\t\t\t<\/li>\n\t\t\t\t\t\t\t\t\t\t\t\t\t\t\t<li>\n\t\t\t\t\t\t\t\t\t<a href=\"https:\/\/glitherm.com\/fr\/produkt\/fluide-caloporteur-antigel-glitherm-eco-10c-a-49c\/\">\n\t\t\t\t\t\t\t\t\t\tGLITHERM ECO Fluide caloporteur, antigel, pr\u00eat \u00e0 l\u2019emploi\t\t\t\t\t\t\t\t\t<\/a>\n\t\t\t\t\t\t\t\t<\/li>\n\t\t\t\t\t\t\t\t\t\t\t\t\t\t\t<li>\n\t\t\t\t\t\t\t\t\t<a href=\"https:\/\/glitherm.com\/fr\/produkt\/glycerine-vegetale-pharmaceutique-995\/\">\n\t\t\t\t\t\t\t\t\t\tGlyc\u00e9rine V\u00e9g\u00e9tale Pharmaceutique 99.5%\t\t\t\t\t\t\t\t\t<\/a>\n\t\t\t\t\t\t\t\t<\/li>\n\t\t\t\t\t\t\t\t\t\t\t\t\t<\/ul>\n\n\t\t\t\t\t\t<div class=\"back-to-top\">\n\t\t\t\t\t\t\t<a href=\"#a-z-listing-1\">\n\t\t\t\t\t\t\t\tPowr\u00f3t do pocz\u0105tku\t\t\t\t\t\t\t<\/a>\n\t\t\t\t\t\t<\/div>\n\t\t\t\t\t<\/div>\n\t\t\t\t\t\t\t\t\t\t\t\t\t\t\t\t\t\t\t<div class=\"letter-section\" id=\"a-z-listing-letter-H-1\">\n\t\t\t\t\t\t<h2 class=\"letter-title\">\n\t\t\t\t\t\t\t<span>\n\t\t\t\t\t\t\t\tH\t\t\t\t\t\t\t<\/span>\n\t\t\t\t\t\t<\/h2>\n\t\t\t\t\t\t\t\t\t\t\t\t<ul class=\"az-columns max-1-columns\">\n\t\t\t\t\t\t\t\t\t\t\t\t\t\t\t<li>\n\t\t\t\t\t\t\t\t\t<a href=\"https:\/\/glitherm.com\/fr\/produkt\/flocons-d-hydroxyde-de-potassium\/\">\n\t\t\t\t\t\t\t\t\t\tHydroxyde de potassium &#8211; flocons\t\t\t\t\t\t\t\t\t<\/a>\n\t\t\t\t\t\t\t\t<\/li>\n\t\t\t\t\t\t\t\t\t\t\t\t\t<\/ul>\n\n\t\t\t\t\t\t<div class=\"back-to-top\">\n\t\t\t\t\t\t\t<a href=\"#a-z-listing-1\">\n\t\t\t\t\t\t\t\tPowr\u00f3t do pocz\u0105tku\t\t\t\t\t\t\t<\/a>\n\t\t\t\t\t\t<\/div>\n\t\t\t\t\t<\/div>\n\t\t\t\t\t\t\t\t\t\t\t\t\t\t\t\t\t\t\t<div class=\"letter-section\" id=\"a-z-listing-letter-I-1\">\n\t\t\t\t\t\t<h2 class=\"letter-title\">\n\t\t\t\t\t\t\t<span>\n\t\t\t\t\t\t\t\tI\t\t\t\t\t\t\t<\/span>\n\t\t\t\t\t\t<\/h2>\n\t\t\t\t\t\t\t\t\t\t\t\t<ul class=\"az-columns max-1-columns\">\n\t\t\t\t\t\t\t\t\t\t\t\t\t\t\t<li>\n\t\t\t\t\t\t\t\t\t<a href=\"https:\/\/glitherm.com\/fr\/produkt\/isopropanol-ipa-technical-pharmaceutical-grade\/\">\n\t\t\t\t\t\t\t\t\t\tIsopropanol IPA de qualit\u00e9 technique\t\t\t\t\t\t\t\t\t<\/a>\n\t\t\t\t\t\t\t\t<\/li>\n\t\t\t\t\t\t\t\t\t\t\t\t\t<\/ul>\n\n\t\t\t\t\t\t<div class=\"back-to-top\">\n\t\t\t\t\t\t\t<a href=\"#a-z-listing-1\">\n\t\t\t\t\t\t\t\tPowr\u00f3t do pocz\u0105tku\t\t\t\t\t\t\t<\/a>\n\t\t\t\t\t\t<\/div>\n\t\t\t\t\t<\/div>\n\t\t\t\t\t\t\t\t\t\t\t\t\t\t\t\t\t\t\t\t\t\t\t\t\t\t\t<div class=\"letter-section\" id=\"a-z-listing-letter-L-1\">\n\t\t\t\t\t\t<h2 class=\"letter-title\">\n\t\t\t\t\t\t\t<span>\n\t\t\t\t\t\t\t\tL\t\t\t\t\t\t\t<\/span>\n\t\t\t\t\t\t<\/h2>\n\t\t\t\t\t\t\t\t\t\t\t\t<ul class=\"az-columns max-2-columns\">\n\t\t\t\t\t\t\t\t\t\t\t\t\t\t\t<li>\n\t\t\t\t\t\t\t\t\t<a href=\"https:\/\/glitherm.com\/fr\/produkt\/liquide-caloporteur-glitherm-eko-concentrate\/\">\n\t\t\t\t\t\t\t\t\t\tLiquide caloporteur GLITHERM EKO CONCENTRATE\t\t\t\t\t\t\t\t\t<\/a>\n\t\t\t\t\t\t\t\t<\/li>\n\t\t\t\t\t\t\t\t\t\t\t\t\t\t\t<li>\n\t\t\t\t\t\t\t\t\t<a href=\"https:\/\/glitherm.com\/fr\/produkt\/liquide-de-frein-glicar-dot-4\/\">\n\t\t\t\t\t\t\t\t\t\tLiquide de frein GLICAR DOT 4\t\t\t\t\t\t\t\t\t<\/a>\n\t\t\t\t\t\t\t\t<\/li>\n\t\t\t\t\t\t\t\t\t\t\t\t\t\t\t<li>\n\t\t\t\t\t\t\t\t\t<a href=\"https:\/\/glitherm.com\/fr\/produkt\/liquide-de-frein-glicar-dot-5-1\/\">\n\t\t\t\t\t\t\t\t\t\tLiquide de frein GLICAR DOT 5.1\t\t\t\t\t\t\t\t\t<\/a>\n\t\t\t\t\t\t\t\t<\/li>\n\t\t\t\t\t\t\t\t\t\t\t\t\t\t\t<li>\n\t\t\t\t\t\t\t\t\t<a href=\"https:\/\/glitherm.com\/fr\/produkt\/liquide-de-radiateur-antigel-glicar-g11\/\">\n\t\t\t\t\t\t\t\t\t\tLiquide de radiateur antigel GLICAR G11\t\t\t\t\t\t\t\t\t<\/a>\n\t\t\t\t\t\t\t\t<\/li>\n\t\t\t\t\t\t\t\t\t\t\t\t\t\t\t<li>\n\t\t\t\t\t\t\t\t\t<a href=\"https:\/\/glitherm.com\/fr\/produkt\/liquide-de-radiateur-de-voiture-glicar-g11-concentre\/\">\n\t\t\t\t\t\t\t\t\t\tLiquide de radiateur de voiture GLICAR G11 CONCENTR\u00c9\t\t\t\t\t\t\t\t\t<\/a>\n\t\t\t\t\t\t\t\t<\/li>\n\t\t\t\t\t\t\t\t\t\t\t\t\t\t\t<li>\n\t\t\t\t\t\t\t\t\t<a href=\"https:\/\/glitherm.com\/fr\/produkt\/liquide-de-radiateur-de-voiture-glicar-g11-concentre-2\/\">\n\t\t\t\t\t\t\t\t\t\tLiquide de radiateur de voiture GLICAR G12 CONCENTR\u00c9\t\t\t\t\t\t\t\t\t<\/a>\n\t\t\t\t\t\t\t\t<\/li>\n\t\t\t\t\t\t\t\t\t\t\t\t\t\t\t<li>\n\t\t\t\t\t\t\t\t\t<a href=\"https:\/\/glitherm.com\/fr\/produkt\/glicar-g12-evo-concentre-de-liquide-de-radiateur-de-voiture\/\">\n\t\t\t\t\t\t\t\t\t\tLiquide de radiateur de voiture GLICAR G12 EVO\t\t\t\t\t\t\t\t\t<\/a>\n\t\t\t\t\t\t\t\t<\/li>\n\t\t\t\t\t\t\t\t\t\t\t\t\t\t\t<li>\n\t\t\t\t\t\t\t\t\t<a href=\"https:\/\/glitherm.com\/fr\/produkt\/glicar-g12-concentre-de-liquide-de-radiateur-de-voiture\/\">\n\t\t\t\t\t\t\t\t\t\tLiquide de radiateur de voiture GLICAR G12+ CONCENTR\u00c9\t\t\t\t\t\t\t\t\t<\/a>\n\t\t\t\t\t\t\t\t<\/li>\n\t\t\t\t\t\t\t\t\t\t\t\t\t\t\t<li>\n\t\t\t\t\t\t\t\t\t<a href=\"https:\/\/glitherm.com\/fr\/produkt\/liquide-de-radiateur-de-voiture-glicar-g13-concentre\/\">\n\t\t\t\t\t\t\t\t\t\tLiquide de radiateur de voiture GLICAR G13 CONCENTR\u00c9\t\t\t\t\t\t\t\t\t<\/a>\n\t\t\t\t\t\t\t\t<\/li>\n\t\t\t\t\t\t\t\t\t\t\t\t\t\t\t<li>\n\t\t\t\t\t\t\t\t\t<a href=\"https:\/\/glitherm.com\/fr\/produkt\/glicar-universal-liquide-de-radiateur-de-voiture\/\">\n\t\t\t\t\t\t\t\t\t\tLiquide de radiateur de voiture GLICAR UNIVERSAL\t\t\t\t\t\t\t\t\t<\/a>\n\t\t\t\t\t\t\t\t<\/li>\n\t\t\t\t\t\t\t\t\t\t\t\t\t\t\t<li>\n\t\t\t\t\t\t\t\t\t<a href=\"https:\/\/glitherm.com\/fr\/produkt\/glicar-universal-concentre-de-liquide-de-radiateur-de-voiture\/\">\n\t\t\t\t\t\t\t\t\t\tLiquide de radiateur de voiture GLICAR UNIVERSAL CONCENTR\u00c9\t\t\t\t\t\t\t\t\t<\/a>\n\t\t\t\t\t\t\t\t<\/li>\n\t\t\t\t\t\t\t\t\t\t\t\t\t\t\t<li>\n\t\t\t\t\t\t\t\t\t<a href=\"https:\/\/glitherm.com\/fr\/produkt\/liquide-lave-brise-dhiver-glicar\/\">\n\t\t\t\t\t\t\t\t\t\tLiquide lave-brise d\u2019hiver GLICAR\t\t\t\t\t\t\t\t\t<\/a>\n\t\t\t\t\t\t\t\t<\/li>\n\t\t\t\t\t\t\t\t\t\t\t\t\t\t\t<li>\n\t\t\t\t\t\t\t\t\t<a href=\"https:\/\/glitherm.com\/fr\/produkt\/liquide-lave-glace-ete-glicar\/\">\n\t\t\t\t\t\t\t\t\t\tLiquide lave-glace \u00e9t\u00e9 GLICAR\t\t\t\t\t\t\t\t\t<\/a>\n\t\t\t\t\t\t\t\t<\/li>\n\t\t\t\t\t\t\t\t\t\t\t\t\t\t\t<li>\n\t\t\t\t\t\t\t\t\t<a href=\"https:\/\/glitherm.com\/fr\/produkt\/liquide-lave-glace-hiver-glicar-et\/\">\n\t\t\t\t\t\t\t\t\t\tLiquide lave-glace hiver GLICAR ET\t\t\t\t\t\t\t\t\t<\/a>\n\t\t\t\t\t\t\t\t<\/li>\n\t\t\t\t\t\t\t\t\t\t\t\t\t\t\t<li>\n\t\t\t\t\t\t\t\t\t<a href=\"https:\/\/glitherm.com\/fr\/produkt\/glicar-eco-liquide-de-radiateur-de-voiture\/\">\n\t\t\t\t\t\t\t\t\t\tLiquide radiateur antigel GLICAR ECO\t\t\t\t\t\t\t\t\t<\/a>\n\t\t\t\t\t\t\t\t<\/li>\n\t\t\t\t\t\t\t\t\t\t\t\t\t\t\t<li>\n\t\t\t\t\t\t\t\t\t<a href=\"https:\/\/glitherm.com\/fr\/produkt\/liquide-radiateur-antigel-glicar-g12\/\">\n\t\t\t\t\t\t\t\t\t\tLiquide radiateur antigel GLICAR G12\t\t\t\t\t\t\t\t\t<\/a>\n\t\t\t\t\t\t\t\t<\/li>\n\t\t\t\t\t\t\t\t\t\t\t\t\t\t\t<li>\n\t\t\t\t\t\t\t\t\t<a href=\"https:\/\/glitherm.com\/fr\/produkt\/glicar-g12-evo-liquide-de-radiateur-de-voiture\/\">\n\t\t\t\t\t\t\t\t\t\tLiquide radiateur antigel Glicar G12 EVO\t\t\t\t\t\t\t\t\t<\/a>\n\t\t\t\t\t\t\t\t<\/li>\n\t\t\t\t\t\t\t\t\t\t\t\t\t\t\t<li>\n\t\t\t\t\t\t\t\t\t<a href=\"https:\/\/glitherm.com\/fr\/produkt\/glicar-g12-liquide-de-radiateur-de-voiture\/\">\n\t\t\t\t\t\t\t\t\t\tLiquide radiateur antigel GLICAR G12+\t\t\t\t\t\t\t\t\t<\/a>\n\t\t\t\t\t\t\t\t<\/li>\n\t\t\t\t\t\t\t\t\t\t\t\t\t\t\t<li>\n\t\t\t\t\t\t\t\t\t<a href=\"https:\/\/glitherm.com\/fr\/produkt\/liquide-de-radiateur-glicar-g13\/\">\n\t\t\t\t\t\t\t\t\t\tLiquide radiateur antigel GLICAR G13\t\t\t\t\t\t\t\t\t<\/a>\n\t\t\t\t\t\t\t\t<\/li>\n\t\t\t\t\t\t\t\t\t\t\t\t\t<\/ul>\n\n\t\t\t\t\t\t<div class=\"back-to-top\">\n\t\t\t\t\t\t\t<a href=\"#a-z-listing-1\">\n\t\t\t\t\t\t\t\tPowr\u00f3t do pocz\u0105tku\t\t\t\t\t\t\t<\/a>\n\t\t\t\t\t\t<\/div>\n\t\t\t\t\t<\/div>\n\t\t\t\t\t\t\t\t\t\t\t\t\t\t\t\t\t\t\t<div class=\"letter-section\" id=\"a-z-listing-letter-M-1\">\n\t\t\t\t\t\t<h2 class=\"letter-title\">\n\t\t\t\t\t\t\t<span>\n\t\t\t\t\t\t\t\tM\t\t\t\t\t\t\t<\/span>\n\t\t\t\t\t\t<\/h2>\n\t\t\t\t\t\t\t\t\t\t\t\t<ul class=\"az-columns max-1-columns\">\n\t\t\t\t\t\t\t\t\t\t\t\t\t\t\t<li>\n\t\t\t\t\t\t\t\t\t<a href=\"https:\/\/glitherm.com\/fr\/produkt\/methanol-alcool-methylique-9985\/\">\n\t\t\t\t\t\t\t\t\t\tM\u00e9thanol, alcool m\u00e9thylique 99,85 %\t\t\t\t\t\t\t\t\t<\/a>\n\t\t\t\t\t\t\t\t<\/li>\n\t\t\t\t\t\t\t\t\t\t\t\t\t\t\t<li>\n\t\t\t\t\t\t\t\t\t<a href=\"https:\/\/glitherm.com\/fr\/produkt\/monoethanolamine-99\/\">\n\t\t\t\t\t\t\t\t\t\tMono\u00e9thanolamine (MEA) 99%\t\t\t\t\t\t\t\t\t<\/a>\n\t\t\t\t\t\t\t\t<\/li>\n\t\t\t\t\t\t\t\t\t\t\t\t\t<\/ul>\n\n\t\t\t\t\t\t<div class=\"back-to-top\">\n\t\t\t\t\t\t\t<a href=\"#a-z-listing-1\">\n\t\t\t\t\t\t\t\tPowr\u00f3t do pocz\u0105tku\t\t\t\t\t\t\t<\/a>\n\t\t\t\t\t\t<\/div>\n\t\t\t\t\t<\/div>\n\t\t\t\t\t\t\t\t\t\t\t\t\t\t\t\t\t\t\t<div class=\"letter-section\" id=\"a-z-listing-letter-N-1\">\n\t\t\t\t\t\t<h2 class=\"letter-title\">\n\t\t\t\t\t\t\t<span>\n\t\t\t\t\t\t\t\tN\t\t\t\t\t\t\t<\/span>\n\t\t\t\t\t\t<\/h2>\n\t\t\t\t\t\t\t\t\t\t\t\t<ul class=\"az-columns max-1-columns\">\n\t\t\t\t\t\t\t\t\t\t\t\t\t\t\t<li>\n\t\t\t\t\t\t\t\t\t<a href=\"https:\/\/glitherm.com\/fr\/produkt\/nettoyant-pour-freins-glicar\/\">\n\t\t\t\t\t\t\t\t\t\tNettoyant pour freins GLICAR\t\t\t\t\t\t\t\t\t<\/a>\n\t\t\t\t\t\t\t\t<\/li>\n\t\t\t\t\t\t\t\t\t\t\t\t\t<\/ul>\n\n\t\t\t\t\t\t<div class=\"back-to-top\">\n\t\t\t\t\t\t\t<a href=\"#a-z-listing-1\">\n\t\t\t\t\t\t\t\tPowr\u00f3t do pocz\u0105tku\t\t\t\t\t\t\t<\/a>\n\t\t\t\t\t\t<\/div>\n\t\t\t\t\t<\/div>\n\t\t\t\t\t\t\t\t\t\t\t\t\t\t\t\t\t\t\t\t\t\t\t<div class=\"letter-section\" id=\"a-z-listing-letter-P-1\">\n\t\t\t\t\t\t<h2 class=\"letter-title\">\n\t\t\t\t\t\t\t<span>\n\t\t\t\t\t\t\t\tP\t\t\t\t\t\t\t<\/span>\n\t\t\t\t\t\t<\/h2>\n\t\t\t\t\t\t\t\t\t\t\t\t<ul class=\"az-columns max-1-columns\">\n\t\t\t\t\t\t\t\t\t\t\t\t\t\t\t<li>\n\t\t\t\t\t\t\t\t\t<a href=\"https:\/\/glitherm.com\/fr\/produkt\/polychlorure-daluminium-en-solution-aqueuse\/\">\n\t\t\t\t\t\t\t\t\t\tPolychlorure d&rsquo;aluminium en solution aqueuse\t\t\t\t\t\t\t\t\t<\/a>\n\t\t\t\t\t\t\t\t<\/li>\n\t\t\t\t\t\t\t\t\t\t\t\t\t\t\t<li>\n\t\t\t\t\t\t\t\t\t<a href=\"https:\/\/glitherm.com\/fr\/produkt\/polyethylene-glycol-4000-peg-4000\/\">\n\t\t\t\t\t\t\t\t\t\tPoly\u00e9thyl\u00e8ne glycol 4000 (PEG 4000)\t\t\t\t\t\t\t\t\t<\/a>\n\t\t\t\t\t\t\t\t<\/li>\n\t\t\t\t\t\t\t\t\t\t\t\t\t\t\t<li>\n\t\t\t\t\t\t\t\t\t<a href=\"https:\/\/glitherm.com\/fr\/produkt\/propylene-glycol-mpg\/\">\n\t\t\t\t\t\t\t\t\t\tPropyl\u00e8ne glycol (MPG)\t\t\t\t\t\t\t\t\t<\/a>\n\t\t\t\t\t\t\t\t<\/li>\n\t\t\t\t\t\t\t\t\t\t\t\t\t<\/ul>\n\n\t\t\t\t\t\t<div class=\"back-to-top\">\n\t\t\t\t\t\t\t<a href=\"#a-z-listing-1\">\n\t\t\t\t\t\t\t\tPowr\u00f3t do pocz\u0105tku\t\t\t\t\t\t\t<\/a>\n\t\t\t\t\t\t<\/div>\n\t\t\t\t\t<\/div>\n\t\t\t\t\t\t\t\t\t\t\t\t\t\t\t\t\t\t\t\t\t\t\t\t\t\t\t<div class=\"letter-section\" id=\"a-z-listing-letter-S-1\">\n\t\t\t\t\t\t<h2 class=\"letter-title\">\n\t\t\t\t\t\t\t<span>\n\t\t\t\t\t\t\t\tS\t\t\t\t\t\t\t<\/span>\n\t\t\t\t\t\t<\/h2>\n\t\t\t\t\t\t\t\t\t\t\t\t<ul class=\"az-columns max-1-columns\">\n\t\t\t\t\t\t\t\t\t\t\t\t\t\t\t<li>\n\t\t\t\t\t\t\t\t\t<a href=\"https:\/\/glitherm.com\/fr\/produkt\/sles-27\/\">\n\t\t\t\t\t\t\t\t\t\tSLES 27\t\t\t\t\t\t\t\t\t<\/a>\n\t\t\t\t\t\t\t\t<\/li>\n\t\t\t\t\t\t\t\t\t\t\t\t\t\t\t<li>\n\t\t\t\t\t\t\t\t\t<a href=\"https:\/\/glitherm.com\/fr\/produkt\/sles-70\/\">\n\t\t\t\t\t\t\t\t\t\tSLES 70\t\t\t\t\t\t\t\t\t<\/a>\n\t\t\t\t\t\t\t\t<\/li>\n\t\t\t\t\t\t\t\t\t\t\t\t\t<\/ul>\n\n\t\t\t\t\t\t<div class=\"back-to-top\">\n\t\t\t\t\t\t\t<a href=\"#a-z-listing-1\">\n\t\t\t\t\t\t\t\tPowr\u00f3t do pocz\u0105tku\t\t\t\t\t\t\t<\/a>\n\t\t\t\t\t\t<\/div>\n\t\t\t\t\t<\/div>\n\t\t\t\t\t\t\t\t\t\t\t\t\t\t\t\t\t\t\t\t\t\t\t\t\t\t\t\t\t\t\t\t\t\t\t<\/div>\n\t<\/div>\n\t<\/div>\n\n","protected":false},"excerpt":{"rendered":"","protected":false},"author":4,"featured_media":0,"parent":0,"menu_order":0,"comment_status":"closed","ping_status":"closed","template":"","meta":{"footnotes":""},"folder":[],"class_list":["post-21937","page","type-page","status-publish","hentry"],"acf":[],"_links":{"self":[{"href":"https:\/\/glitherm.com\/fr\/wp-json\/wp\/v2\/pages\/21937","targetHints":{"allow":["GET"]}}],"collection":[{"href":"https:\/\/glitherm.com\/fr\/wp-json\/wp\/v2\/pages"}],"about":[{"href":"https:\/\/glitherm.com\/fr\/wp-json\/wp\/v2\/types\/page"}],"author":[{"embeddable":true,"href":"https:\/\/glitherm.com\/fr\/wp-json\/wp\/v2\/users\/4"}],"replies":[{"embeddable":true,"href":"https:\/\/glitherm.com\/fr\/wp-json\/wp\/v2\/comments?post=21937"}],"version-history":[{"count":1,"href":"https:\/\/glitherm.com\/fr\/wp-json\/wp\/v2\/pages\/21937\/revisions"}],"predecessor-version":[{"id":21938,"href":"https:\/\/glitherm.com\/fr\/wp-json\/wp\/v2\/pages\/21937\/revisions\/21938"}],"wp:attachment":[{"href":"https:\/\/glitherm.com\/fr\/wp-json\/wp\/v2\/media?parent=21937"}],"wp:term":[{"taxonomy":"folder","embeddable":true,"href":"https:\/\/glitherm.com\/fr\/wp-json\/wp\/v2\/folder?post=21937"}],"curies":[{"name":"wp","href":"https:\/\/api.w.org\/{rel}","templated":true}]}}