{"id":22003,"date":"2024-09-24T09:20:13","date_gmt":"2024-09-24T07:20:13","guid":{"rendered":"https:\/\/glitherm.com\/devis-rapide\/"},"modified":"2025-12-08T08:35:39","modified_gmt":"2025-12-08T07:35:39","slug":"devis-rapide","status":"publish","type":"page","link":"https:\/\/glitherm.com\/fr\/devis-rapide\/","title":{"rendered":"Devis rapide"},"content":{"rendered":"<div class=\"row\"  id=\"row-1096025775\">\n\n\t<div id=\"col-162193441\" class=\"col medium-6 large-6\"  >\n\t\t\t\t<div class=\"col-inner\"  >\n\t\t\t\n\t\t\t\n<h2>Remplissez le formulaire de devis rapide<\/h2>\n<p>Nous r\u00e9pondrons \u00e0 votre demande dans les plus brefs d\u00e9lais.<br \/>Dans 99 % des cas, nous r\u00e9pondons dans l\u2019heure.<\/p>\n<h2>Ou contactez-nous directement :<\/h2>\n\t<div id=\"text-3253442265\" class=\"text\">\n\t\t\n<p>G\u00e9n\u00e9ral<br \/><a href=\"tel:+48%20533%20798%20833\">+48 533 798 833<\/a><br \/><a href=\"mailto:info@glitherm.com\">info@glitherm.com <\/a> <\/p>\n\t\t\n<style>\n#text-3253442265 {\n  color: rgb(0,0,0);\n}\n#text-3253442265 > * {\n  color: rgb(0,0,0);\n}\n<\/style>\n\t<\/div>\n\t\n<div class=\"is-divider divider clearfix\" style=\"max-width:300px;height:1px;\"><\/div>\n\t<div id=\"text-3014538333\" class=\"text\">\n\t\t\n<p>D\u00e9partement de chimie automobile<br \/><a href=\"tel:+48%20537%20223%20555\">+48 537 223 555<\/a><br \/><a href=\"mailto:dcm@glitherm.com\">dcm@glitherm.com<\/a><\/p>\n\t\t\n<style>\n#text-3014538333 {\n  color: rgb(0,0,0);\n}\n#text-3014538333 > * {\n  color: rgb(0,0,0);\n}\n<\/style>\n\t<\/div>\n\t\n<div class=\"is-divider divider clearfix\" style=\"max-width:300px;height:1px;\"><\/div>\n\t<div id=\"text-3690370284\" class=\"text\">\n\t\t\n<p>D\u00e9partement de chimie industrielle<br \/><a href=\"tel:+48%20510%20709%20510\">+48 510 709 510<\/a><br \/><a href=\"mailto:dcp@glitherm.com\">dcp@glitherm.com<\/a><\/p>\n\t\t\n<style>\n#text-3690370284 {\n  color: rgb(0,0,0);\n}\n#text-3690370284 > * {\n  color: rgb(0,0,0);\n}\n<\/style>\n\t<\/div>\n\t\n<div class=\"is-divider divider clearfix\" style=\"max-width:300px;height:1px;\"><\/div>\n\t<div id=\"text-1316291741\" class=\"text\">\n\t\t\n<p>D\u00e9partement du commerce ext\u00e9rieur<br \/><a href=\"tel:+48%20733%20525%20533\">+48 733 525 533<\/a><br \/><a href=\"tel:+48%20537%20535%20123\">+48 537 535 123<\/a><br \/><a href=\"mailto:dhz@glitherm.com\">dhz@glitherm.com<\/a><\/p>\n\t\t\n<style>\n#text-1316291741 {\n  color: rgb(0, 0, 0);\n}\n#text-1316291741 > * {\n  color: rgb(0, 0, 0);\n}\n<\/style>\n\t<\/div>\n\t\n<div class=\"is-divider divider clearfix\" style=\"max-width:300px;height:1px;\"><\/div>\n\t<div id=\"text-3972329903\" class=\"text\">\n\t\t\n<p>D\u00e9partement des mati\u00e8res premi\u00e8res chimiques<br \/><a href=\"tel:+48%20733%20525%20533\">+48 733 525 533<\/a><br \/><a href=\"mailto:dsc@glitherm.com\">dsc@glitherm.com<\/a><\/p>\n\t\t\n<style>\n#text-3972329903 {\n  color: rgb(0, 0, 0);\n}\n#text-3972329903 > * {\n  color: rgb(0, 0, 0);\n}\n<\/style>\n\t<\/div>\n\t\n\t\t<\/div>\n\t\t\t\t\t<\/div>\n\n\t\n\n\t<div id=\"col-1614109508\" class=\"col medium-6 large-6\"  >\n\t\t\t\t<div class=\"col-inner\"  >\n\t\t\t\n\t\t\t\n<div class=\"container section-title-container kontakt-form\" ><h3 class=\"section-title section-title-normal\"><b><\/b><span class=\"section-title-main\" style=\"color:rgb(0, 0, 0);\">Envoyer une demande<\/span><b><\/b><\/h3><\/div>\n\n<div class=\"wpcf7 no-js\" id=\"wpcf7-f21983-o1\" lang=\"fr-FR\" dir=\"ltr\" data-wpcf7-id=\"21983\">\n<div class=\"screen-reader-response\"><p role=\"status\" aria-live=\"polite\" aria-atomic=\"true\"><\/p> <ul><\/ul><\/div>\n<form action=\"\/fr\/wp-json\/wp\/v2\/pages\/22003#wpcf7-f21983-o1\" method=\"post\" class=\"wpcf7-form init\" aria-label=\"Formulaire de contact\" novalidate=\"novalidate\" data-status=\"init\">\n<fieldset class=\"hidden-fields-container\"><input type=\"hidden\" name=\"_wpcf7\" value=\"21983\" \/><input type=\"hidden\" name=\"_wpcf7_version\" value=\"6.1.3\" \/><input type=\"hidden\" name=\"_wpcf7_locale\" value=\"fr_FR\" \/><input type=\"hidden\" name=\"_wpcf7_unit_tag\" value=\"wpcf7-f21983-o1\" \/><input type=\"hidden\" name=\"_wpcf7_container_post\" value=\"0\" \/><input type=\"hidden\" name=\"_wpcf7_posted_data_hash\" value=\"\" \/>\n<\/fieldset>\n<div class=\"uacf7-form-wrapper-container uacf7-form-21983  \"><h3>Coordonn\u00e9es<\/h3>\n<div class=\"uacf7-row\"><div class=\"uacf7-col-12\"><span class=\"wpcf7-form-control-wrap\" data-name=\"imie_nazwisko\"><input size=\"40\" maxlength=\"400\" class=\"wpcf7-form-control wpcf7-text wpcf7-validates-as-required\" aria-required=\"true\" aria-invalid=\"false\" placeholder=\"Nom \/ Nom de l\u2019entreprise\" value=\"\" type=\"text\" name=\"imie_nazwisko\" \/><\/span><\/div><\/div>\n<div class=\"uacf7-row\"><div class=\"uacf7-col-6\"><span class=\"wpcf7-form-control-wrap\" data-name=\"mail\"><input size=\"40\" maxlength=\"400\" class=\"wpcf7-form-control wpcf7-email wpcf7-validates-as-required wpcf7-text wpcf7-validates-as-email\" aria-required=\"true\" aria-invalid=\"false\" placeholder=\"E-mail\" value=\"\" type=\"email\" name=\"mail\" \/><\/span><\/div><div class=\"uacf7-col-6\"><span class=\"wpcf7-form-control-wrap\" data-name=\"telefon\"><input size=\"40\" maxlength=\"400\" class=\"wpcf7-form-control wpcf7-tel wpcf7-text wpcf7-validates-as-tel\" aria-invalid=\"false\" placeholder=\"T\u00e9l\u00e9phone\" value=\"\" type=\"tel\" name=\"telefon\" \/><\/span><\/div><\/div>\n<h3>Je souhaite obtenir un devis<\/h3>\n<div class=\"uacf7-row\"><div class=\"uacf7-col-6\"><span class=\"wpcf7-form-control-wrap\" data-name=\"produkt\"><input size=\"40\" maxlength=\"400\" class=\"wpcf7-form-control wpcf7-text\" aria-invalid=\"false\" placeholder=\"Nom du produit\" value=\"\" type=\"text\" name=\"produkt\" \/><\/span><\/div><div class=\"uacf7-col-6\"><span class=\"wpcf7-form-control-wrap\" data-name=\"ilosc\"><input class=\"wpcf7-form-control wpcf7-number wpcf7-validates-as-number\" aria-invalid=\"false\" placeholder=\"Quantit\u00e9\" value=\"\" type=\"number\" name=\"ilosc\" \/><\/span><\/div><\/div>\n<div class=\"uacf7-row\"><div class=\"uacf7-col-6\"><span class=\"wpcf7-form-control-wrap\" data-name=\"pojemnik\"><select class=\"wpcf7-form-control wpcf7-select\" aria-invalid=\"false\" name=\"pojemnik\"><option value=\"\">- Type d\u2019emballage \u2013<\/option><option value=\"Bouteille - 1l\">Bouteille - 1l<\/option><option value=\"Bidon - 5l\">Bidon - 5l<\/option><option value=\"Bidon - 20l\">Bidon - 20l<\/option><option value=\"F\u00fbt - 200l\">F\u00fbt - 200l<\/option><option value=\"IBC\/DPPL - 1000L\">IBC\/DPPL - 1000L<\/option><option value=\"Camion-citerne \u2013 jusqu\u2019\u00e0 24 t\">Camion-citerne \u2013 jusqu\u2019\u00e0 24 t<\/option><option value=\"Autre\">Autre<\/option><\/select><\/span><\/div><div class=\"uacf7-col-6\"><span class=\"wpcf7-form-control-wrap\" data-name=\"jednostka\"><select class=\"wpcf7-form-control wpcf7-select\" aria-invalid=\"false\" name=\"jednostka\"><option value=\"\">- Unit\u00e9 -<\/option><option value=\"L (litre)\">L (litre)<\/option><option value=\"kg (kilogramme)\">kg (kilogramme)<\/option><option value=\"pcs (pi\u00e8ce)\">pcs (pi\u00e8ce)<\/option><\/select><\/span><\/div>\n<\/div>\n<h3>Livraison<\/h3>\n<div class=\"uacf7-row\"><div class=\"uacf7-col-6\">Pays de livraison: <span class=\"wpcf7-form-control-wrap\" data-name=\"kraj\"><input size=\"40\" maxlength=\"400\" class=\"wpcf7-form-control wpcf7-text\" aria-invalid=\"false\" value=\"\" type=\"text\" name=\"kraj\" \/><\/span><\/div><div class=\"uacf7-col-6\">Code postal: <span class=\"wpcf7-form-control-wrap\" data-name=\"kod\"><input size=\"40\" maxlength=\"400\" class=\"wpcf7-form-control wpcf7-text\" aria-invalid=\"false\" value=\"\" type=\"text\" name=\"kod\" \/><\/span><\/div><\/div>\n<div class=\"uacf7-row\"><div class=\"uacf7-col-6\">Ville: <span class=\"wpcf7-form-control-wrap\" data-name=\"miejscowosc\"><input size=\"40\" maxlength=\"400\" class=\"wpcf7-form-control wpcf7-text\" aria-invalid=\"false\" value=\"\" type=\"text\" name=\"miejscowosc\" \/><\/span><\/div><div class=\"uacf7-col-6\">Date de livraison: <span class=\"wpcf7-form-control-wrap\" data-name=\"termin\"><input class=\"wpcf7-form-control wpcf7-date wpcf7-validates-as-date\" aria-invalid=\"false\" value=\"\" type=\"date\" name=\"termin\" \/><\/span><\/div><\/div>\n<h3>Remarques<\/h3>\n<span class=\"wpcf7-form-control-wrap\" data-name=\"uwagi\"><textarea cols=\"40\" rows=\"10\" maxlength=\"2000\" class=\"wpcf7-form-control wpcf7-textarea\" aria-invalid=\"false\" placeholder=\"Remarques\" name=\"uwagi\"><\/textarea><\/span>\n<span class=\"wpcf7-form-control-wrap\" data-name=\"przetwarzanie\"><span class=\"wpcf7-form-control wpcf7-acceptance\"><span class=\"wpcf7-list-item\"><label><input type=\"checkbox\" name=\"przetwarzanie\" value=\"1\" aria-invalid=\"false\" \/><span class=\"wpcf7-list-item-label\">Je consens au traitement de mes donn\u00e9es personnelles conform\u00e9ment \u00e0 la <a href=\"\/fr\/privacy-policy\/\" target=\"_blank\">politique de confidentialit\u00e9<\/a>.<\/span><\/label><\/span><\/span><\/span>\n<span class=\"wpcf7-form-control-wrap\" data-name=\"hurtownia\"><span class=\"wpcf7-form-control wpcf7-acceptance\"><span class=\"wpcf7-list-item\"><label><input type=\"checkbox\" name=\"hurtownia\" value=\"1\" aria-invalid=\"false\" \/><span class=\"wpcf7-list-item-label\">Je ne suis pas un consommateur ; je repr\u00e9sente un client institutionnel int\u00e9ress\u00e9 par des achats en gros.<\/span><\/label><\/span><\/span><\/span>\n<input class=\"wpcf7-form-control wpcf7-submit has-spinner\" type=\"submit\" value=\"Envoyer\" \/><\/div><div class=\"wpcf7-response-output\" aria-hidden=\"true\"><\/div>\n<\/form>\n<\/div>\n\n\t\t<\/div>\n\t\t\t\t\t<\/div>\n\n\t\n\n<style>\n#row-1096025775 > .col > .col-inner {\n  padding: 50px 0px 50px 0px;\n}\n<\/style>\n<\/div>\n","protected":false},"excerpt":{"rendered":"","protected":false},"author":4,"featured_media":0,"parent":0,"menu_order":0,"comment_status":"closed","ping_status":"closed","template":"page-blank.php","meta":{"footnotes":""},"folder":[],"class_list":["post-22003","page","type-page","status-publish","hentry"],"acf":[],"_links":{"self":[{"href":"https:\/\/glitherm.com\/fr\/wp-json\/wp\/v2\/pages\/22003","targetHints":{"allow":["GET"]}}],"collection":[{"href":"https:\/\/glitherm.com\/fr\/wp-json\/wp\/v2\/pages"}],"about":[{"href":"https:\/\/glitherm.com\/fr\/wp-json\/wp\/v2\/types\/page"}],"author":[{"embeddable":true,"href":"https:\/\/glitherm.com\/fr\/wp-json\/wp\/v2\/users\/4"}],"replies":[{"embeddable":true,"href":"https:\/\/glitherm.com\/fr\/wp-json\/wp\/v2\/comments?post=22003"}],"version-history":[{"count":3,"href":"https:\/\/glitherm.com\/fr\/wp-json\/wp\/v2\/pages\/22003\/revisions"}],"predecessor-version":[{"id":22007,"href":"https:\/\/glitherm.com\/fr\/wp-json\/wp\/v2\/pages\/22003\/revisions\/22007"}],"wp:attachment":[{"href":"https:\/\/glitherm.com\/fr\/wp-json\/wp\/v2\/media?parent=22003"}],"wp:term":[{"taxonomy":"folder","embeddable":true,"href":"https:\/\/glitherm.com\/fr\/wp-json\/wp\/v2\/folder?post=22003"}],"curies":[{"name":"wp","href":"https:\/\/api.w.org\/{rel}","templated":true}]}}