{"id":1777,"date":"2023-07-24T09:11:36","date_gmt":"2023-07-24T07:11:36","guid":{"rendered":"https:\/\/glitherm.com\/produkt\/wodorotlenek-potasu-platki\/"},"modified":"2023-11-21T11:45:28","modified_gmt":"2023-11-21T10:45:28","slug":"flocons-d-hydroxyde-de-potassium","status":"publish","type":"product","link":"https:\/\/glitherm.com\/fr\/produkt\/flocons-d-hydroxyde-de-potassium\/","title":{"rendered":"Hydroxyde de potassium &#8211; flocons"},"content":{"rendered":"<p><span style=\"font-weight: 400;\">Hydroxyde de potassium, flocons, KOH L&rsquo;un des compos\u00e9s inorganiques les plus simples appartenant au groupe des hydroxydes. C&rsquo;est l&rsquo;une des bases les plus fortes de pH 14. Dans des conditions normales &#8211; \u00e0 temp\u00e9rature ambiante et pression atmosph\u00e9rique &#8211; il se pr\u00e9sente sous la forme de flocons blancs cassants. Le produit a tendance \u00e0 s&rsquo;agglutiner. <\/span><\/p>\n<p><span style=\"font-weight: 400;\">L&rsquo;hydroxyde de potassium se dissout bien dans l&rsquo;eau, mais g\u00e9n\u00e8re des quantit\u00e9s importantes de chaleur. \u00c9galement disponible sur le march\u00e9 sous forme de solutions aqueuses, c&rsquo;est-\u00e0-dire de lessive de potassium. L&rsquo;hydroxyde de potassium est une substance fortement hygroscopique. Il absorbe naturellement l&rsquo;humidit\u00e9 et le dioxyde de carbone de l&rsquo;air. Puis il se transforme spontan\u00e9ment en carbonate de potassium. Par cons\u00e9quent, il est recommand\u00e9 de le stocker dans un emballage herm\u00e9tique et dans des entrep\u00f4ts \u00e0 faible humidit\u00e9 de l&rsquo;air. <\/span><\/p>\n<p><span style=\"font-weight: 400;\">A l&rsquo;\u00e9chelle industrielle, il est obtenu dans le proc\u00e9d\u00e9 d&rsquo;\u00e9lectrolyse d&rsquo;une solution aqueuse de chlorure de potassium.<\/span><\/p>\n<p><span style=\"font-weight: 400;\">L&rsquo;hydroxyde de potassium est utilis\u00e9 dans de nombreuses industries, notamment : les cosm\u00e9tiques, les textiles, l&rsquo;imprimerie, le papier, les plastiques, les meubles et dans les proc\u00e9d\u00e9s de synth\u00e8se chimique en tant que r\u00e9actif.<\/span><\/p>\n<p>La description traduite automatiquement fait foi dans la version polonaise.<\/p>\n","protected":false},"excerpt":{"rendered":"<p><strong>Synonymes<\/strong> : soude potassique, potasse, potasse caustique, soude potassique.<\/p>\n<p><span style=\"font-weight: 400;\"><strong>CAS:<\/strong> 1310-58-3<\/span><\/p>\n<p><span style=\"font-weight: 400;\"><strong>EC:<\/strong> 215-181-3<\/span><\/p>\n<p><span style=\"font-weight: 400;\"><strong>REACH:<\/strong> 01-2119487136-33<\/span><\/p>\n","protected":false},"featured_media":16184,"template":"","meta":[],"product_brand":[],"product_cat":[242,213],"product_tag":[],"class_list":{"0":"post-1777","1":"product","2":"type-product","3":"status-publish","4":"has-post-thumbnail","6":"product_cat-hydroxydes","7":"product_cat-matieres-premieres-chimiques","9":"first","10":"instock","11":"shipping-taxable","12":"product-type-variable"},"acf":[],"_links":{"self":[{"href":"https:\/\/glitherm.com\/fr\/wp-json\/wp\/v2\/product\/1777","targetHints":{"allow":["GET"]}}],"collection":[{"href":"https:\/\/glitherm.com\/fr\/wp-json\/wp\/v2\/product"}],"about":[{"href":"https:\/\/glitherm.com\/fr\/wp-json\/wp\/v2\/types\/product"}],"wp:featuredmedia":[{"embeddable":true,"href":"https:\/\/glitherm.com\/fr\/wp-json\/wp\/v2\/media\/16184"}],"wp:attachment":[{"href":"https:\/\/glitherm.com\/fr\/wp-json\/wp\/v2\/media?parent=1777"}],"wp:term":[{"taxonomy":"product_brand","embeddable":true,"href":"https:\/\/glitherm.com\/fr\/wp-json\/wp\/v2\/product_brand?post=1777"},{"taxonomy":"product_cat","embeddable":true,"href":"https:\/\/glitherm.com\/fr\/wp-json\/wp\/v2\/product_cat?post=1777"},{"taxonomy":"product_tag","embeddable":true,"href":"https:\/\/glitherm.com\/fr\/wp-json\/wp\/v2\/product_tag?post=1777"}],"curies":[{"name":"wp","href":"https:\/\/api.w.org\/{rel}","templated":true}]}}