{"id":1806,"date":"2023-07-21T12:12:53","date_gmt":"2023-07-21T10:12:53","guid":{"rendered":"https:\/\/glitherm.com\/produkt\/polychlorure-daluminium-en-solution-aqueuse\/"},"modified":"2023-10-04T08:56:32","modified_gmt":"2023-10-04T06:56:32","slug":"polychlorure-daluminium-en-solution-aqueuse","status":"publish","type":"product","link":"https:\/\/glitherm.com\/fr\/produkt\/polychlorure-daluminium-en-solution-aqueuse\/","title":{"rendered":"Polychlorure d&rsquo;aluminium en solution aqueuse"},"content":{"rendered":"<p><span style=\"font-weight: 400;\">Chlorure d&rsquo;aluminium, sel inorganique d&rsquo;acide chlorhydrique et d&rsquo;aluminium. A temp\u00e9rature ambiante et pression atmosph\u00e9rique, il forme une poudre blanche \u00e0 jaune. Sous forme d&rsquo;anhydride, il est si fortement hygroscopique que lorsqu&rsquo;il est expos\u00e9 \u00e0 l&rsquo;air, il \u00ab fume \u00bb, absorbant la vapeur d&rsquo;eau de l&rsquo;atmosph\u00e8re.<\/span><\/p>\n<p><span style=\"font-weight: 400;\">Application:<\/span><\/p>\n<p><span style=\"font-weight: 400;\">Le produit est offert sous forme de solution aqueuse. L&rsquo;application de base de la solution aqueuse de polychlorure d&rsquo;aluminium est le traitement de l&rsquo;eau et le traitement des eaux us\u00e9es.<\/span><\/p>\n<p><span style=\"font-weight: 400;\">Le produit est irrempla\u00e7able dans le traitement des eaux industrielles et potables, le traitement des eaux us\u00e9es municipales et industrielles, la production de papier, la pr\u00e9vention du gonflement des boues activ\u00e9es, la production de coagulants d&rsquo;aluminium modifi\u00e9.<\/span><\/p>\n<p><span style=\"font-weight: 400;\">Dosage: <\/span><\/p>\n<p><span style=\"font-weight: 400;\">Le produit ne doit pas \u00eatre dilu\u00e9. Dosage \u00e0 l&rsquo;aide de pompes \u00e0 membrane en mat\u00e9riaux r\u00e9sistants \u00e0 la corrosion. <\/span><\/p>\n<p><span style=\"font-weight: 400;\">Utiliser un \u00e9quipement de protection individuelle adapt\u00e9 au risque, conform\u00e9ment aux directives contenues dans la fiche de donn\u00e9es de s\u00e9curit\u00e9.<\/span><\/p>\n<p><span style=\"font-weight: 400;\">Stockage:<\/span><\/p>\n<p><span style=\"font-weight: 400;\">Stocker le produit dans des r\u00e9cipients herm\u00e9tiquement ferm\u00e9s avec les \u00e9tiquettes d&rsquo;origine. L&rsquo;entrep\u00f4t doit \u00eatre adapt\u00e9 au stockage de produits et mati\u00e8res dangereuses. <\/span><\/p>\n<p><span style=\"font-weight: 400;\">Conserver au dessus de 0\u00b0C. <\/span><\/p>\n<p><span style=\"font-weight: 400;\">Livraisons :<\/span><\/p>\n<p><span style=\"font-weight: 400;\">Le produit est livr\u00e9 en vrac dans des camions-citernes ou dans des conteneurs-palettes IBC.<\/span><\/p>\n<p>La description traduite automatiquement fait foi dans la version polonaise.<\/p>\n","protected":false},"excerpt":{"rendered":"<p><span style=\"font-weight: 400;\"><strong>Synonymes:<\/strong> Chlorure d&rsquo;aluminium, basique; polychlorure d&rsquo;aluminium ; chlorure d&rsquo;aluminium; Coagulant d&rsquo;aluminium.<\/span><\/p>\n<p><span style=\"font-weight: 400;\"><strong>CAS:<\/strong> 1327-41-9<\/span><\/p>\n<p><span style=\"font-weight: 400;\"><strong>EC:<\/strong> 215-477-2<\/span><\/p>\n<p><span style=\"font-weight: 400;\"><strong>REACH:<\/strong> 01-2119531563-43<\/span><\/p>\n<p><strong>Conforme \u00e0 la norme EN 883:2004 type 1.<\/strong><\/p>\n","protected":false},"featured_media":3422,"template":"","meta":[],"product_brand":[],"product_cat":[222,213],"product_tag":[],"class_list":{"0":"post-1806","1":"product","2":"type-product","3":"status-publish","4":"has-post-thumbnail","6":"product_cat-chlorures","7":"product_cat-matieres-premieres-chimiques","9":"first","10":"instock","11":"shipping-taxable","12":"product-type-variable"},"acf":[],"_links":{"self":[{"href":"https:\/\/glitherm.com\/fr\/wp-json\/wp\/v2\/product\/1806","targetHints":{"allow":["GET"]}}],"collection":[{"href":"https:\/\/glitherm.com\/fr\/wp-json\/wp\/v2\/product"}],"about":[{"href":"https:\/\/glitherm.com\/fr\/wp-json\/wp\/v2\/types\/product"}],"wp:featuredmedia":[{"embeddable":true,"href":"https:\/\/glitherm.com\/fr\/wp-json\/wp\/v2\/media\/3422"}],"wp:attachment":[{"href":"https:\/\/glitherm.com\/fr\/wp-json\/wp\/v2\/media?parent=1806"}],"wp:term":[{"taxonomy":"product_brand","embeddable":true,"href":"https:\/\/glitherm.com\/fr\/wp-json\/wp\/v2\/product_brand?post=1806"},{"taxonomy":"product_cat","embeddable":true,"href":"https:\/\/glitherm.com\/fr\/wp-json\/wp\/v2\/product_cat?post=1806"},{"taxonomy":"product_tag","embeddable":true,"href":"https:\/\/glitherm.com\/fr\/wp-json\/wp\/v2\/product_tag?post=1806"}],"curies":[{"name":"wp","href":"https:\/\/api.w.org\/{rel}","templated":true}]}}