{"id":1846,"date":"2023-07-21T11:24:56","date_gmt":"2023-07-21T09:24:56","guid":{"rendered":"https:\/\/glitherm.com\/produkt\/chlorure-de-feriii-en-solution-aqueuse\/"},"modified":"2023-10-04T09:08:36","modified_gmt":"2023-10-04T07:08:36","slug":"ferrique-iii-chlorure-en-solution-aqueuse","status":"publish","type":"product","link":"https:\/\/glitherm.com\/fr\/produkt\/ferrique-iii-chlorure-en-solution-aqueuse\/","title":{"rendered":"Chlorure de fer(III) en solution aqueuse"},"content":{"rendered":"<p><span style=\"font-weight: 400;\">Le chlorure de fer (III) est l&rsquo;un des sels inorganiques du fer (fer et acide chlorhydrique) \u00e0 l&rsquo;\u00e9tat d&rsquo;oxydation III. Dans sa forme pure, c&rsquo;est un solide cristallin avec de fortes propri\u00e9t\u00e9s hygroscopiques. L&rsquo;anhydride se pr\u00e9sente sous la forme d&rsquo;une poudre cristalline verte, mais seulement en lumi\u00e8re r\u00e9fl\u00e9chie en lumi\u00e8re transmise, il a une couleur rouge. Apr\u00e8s conversion en forme hexahydrat\u00e9e, le produit devient jaune-orange.<\/span><\/p>\n<p><span style=\"font-weight: 400;\">En solution aqueuse, il est rapidement hydrolys\u00e9 pour former un liquide acide \u00e9pais rouge-brun.<\/span><\/p>\n<p><span style=\"font-weight: 400;\">Application:<\/span><\/p>\n<p><span style=\"font-weight: 400;\">Le produit propos\u00e9 se pr\u00e9sente sous la forme d&rsquo;une solution aqueuse. La solution aqueuse de chlorure de fer III est utilis\u00e9e dans le traitement industriel de l&rsquo;eau technologique et potable ainsi que dans le traitement des eaux us\u00e9es. Le produit est irrempla\u00e7able dans le traitement des eaux us\u00e9es municipales et industrielles, la pr\u00e9cipitation du phosphore des eaux us\u00e9es, l&rsquo;\u00e9limination du sulfure d&rsquo;hydrog\u00e8ne et le traitement des eaux de process pour l&rsquo;industrie et de l&rsquo;eau potable dans les aqueducs.<\/span><\/p>\n<p><span style=\"font-weight: 400;\">Dosage:<\/span><\/p>\n<p><span style=\"font-weight: 400;\">Le produit doit \u00eatre dos\u00e9 sans dilution \u00e0 l&rsquo;aide de pompes \u00e0 membrane r\u00e9sistantes \u00e0 la corrosion et aux ions chlorure.<\/span><\/p>\n<p><span style=\"font-weight: 400;\">Lors de l&rsquo;utilisation du produit, utiliser un \u00e9quipement de protection individuelle adapt\u00e9 au risque, conform\u00e9ment aux informations contenues dans la fiche de donn\u00e9es de s\u00e9curit\u00e9.<\/span><\/p>\n<p><span style=\"font-weight: 400;\">Stockage:<\/span><\/p>\n<p><span style=\"font-weight: 400;\">Le produit stock\u00e9 conform\u00e9ment aux recommandations du fabricant conserve ses propri\u00e9t\u00e9s pendant au moins un an \u00e0 compter de la date de production. Il est recommand\u00e9 de stocker \u00e0 des temp\u00e9ratures sup\u00e9rieures \u00e0 0\u00b0C.<\/span><\/p>\n<p><span style=\"font-weight: 400;\">Le chlorure de fer en solution aqueuse est un produit qui pr\u00e9sente une menace pour le personnel qui l&rsquo;utilise et pour l&rsquo;environnement naturel, il doit donc \u00eatre stock\u00e9 dans des r\u00e9cipients herm\u00e9tiquement ferm\u00e9s avec les \u00e9tiquettes d&rsquo;origine. L&rsquo;entrep\u00f4t doit \u00eatre adapt\u00e9 pour stocker des mati\u00e8res dangereuses.<\/span><\/p>\n<p><span style=\"font-weight: 400;\">Livraisons :<\/span><\/p>\n<p><span style=\"font-weight: 400;\">Les livraisons sont effectu\u00e9es par camions-citernes ou dans des conteneurs-palettes.<\/span><\/p>\n<p>La description traduite automatiquement fait foi dans la version polonaise.<\/p>\n","protected":false},"excerpt":{"rendered":"<p><strong>Synonymes:<\/strong> Solution de trichlorure de fer ; solution de trichlorofer; solution de chlorure ferrique; floculant de fer.<\/p>\n<p><span style=\"font-weight: 400;\"><strong>CAS:<\/strong> 7705-08-0<\/span><\/p>\n<p><span style=\"font-weight: 400;\"><strong>EC:<\/strong> 231-729-4<\/span><\/p>\n<p><span style=\"font-weight: 400;\"><strong>REACH:<\/strong> 01-2119497998-05<\/span><\/p>\n","protected":false},"featured_media":3430,"template":"","meta":[],"product_brand":[],"product_cat":[222,213],"product_tag":[],"class_list":{"0":"post-1846","1":"product","2":"type-product","3":"status-publish","4":"has-post-thumbnail","6":"product_cat-chlorures","7":"product_cat-matieres-premieres-chimiques","9":"first","10":"instock","11":"shipping-taxable","12":"product-type-variable"},"acf":[],"_links":{"self":[{"href":"https:\/\/glitherm.com\/fr\/wp-json\/wp\/v2\/product\/1846","targetHints":{"allow":["GET"]}}],"collection":[{"href":"https:\/\/glitherm.com\/fr\/wp-json\/wp\/v2\/product"}],"about":[{"href":"https:\/\/glitherm.com\/fr\/wp-json\/wp\/v2\/types\/product"}],"wp:featuredmedia":[{"embeddable":true,"href":"https:\/\/glitherm.com\/fr\/wp-json\/wp\/v2\/media\/3430"}],"wp:attachment":[{"href":"https:\/\/glitherm.com\/fr\/wp-json\/wp\/v2\/media?parent=1846"}],"wp:term":[{"taxonomy":"product_brand","embeddable":true,"href":"https:\/\/glitherm.com\/fr\/wp-json\/wp\/v2\/product_brand?post=1846"},{"taxonomy":"product_cat","embeddable":true,"href":"https:\/\/glitherm.com\/fr\/wp-json\/wp\/v2\/product_cat?post=1846"},{"taxonomy":"product_tag","embeddable":true,"href":"https:\/\/glitherm.com\/fr\/wp-json\/wp\/v2\/product_tag?post=1846"}],"curies":[{"name":"wp","href":"https:\/\/api.w.org\/{rel}","templated":true}]}}