{"id":1853,"date":"2023-07-21T09:23:32","date_gmt":"2023-07-21T07:23:32","guid":{"rendered":"https:\/\/glitherm.com\/produkt\/gelatine-de-porc-comestible-180-bloom-20-mesh\/"},"modified":"2023-11-21T12:20:56","modified_gmt":"2023-11-21T11:20:56","slug":"porc-food-gelatine-180-bloom-20-mesh","status":"publish","type":"product","link":"https:\/\/glitherm.com\/fr\/produkt\/porc-food-gelatine-180-bloom-20-mesh\/","title":{"rendered":"G\u00e9latine de porc comestible 180 Bloom 20 mesh"},"content":{"rendered":"<p><span style=\"font-weight: 400;\">La g\u00e9latine de porc est un produit d&rsquo;origine animale. Le produit est obtenu dans le processus d&rsquo;hydrolyse acide partielle (H2SO4) des liaisons poptidiques de la prot\u00e9ine de collag\u00e8ne des peaux de porc. Le produit n&rsquo;est pas un nanomat\u00e9riau. Pour la production, des produits animaux obtenus \u00e0 partir d&rsquo;animaux au g\u00e9nome inchang\u00e9 sont utilis\u00e9s, gr\u00e2ce auxquels il est totalement exempt d&rsquo;OGM. Le produit ne contient pas d&rsquo;allerg\u00e8nes. Les technologies ionisantes ne sont pas utilis\u00e9es pour fixer le produit, le produit ne pr\u00e9sente pas de risque d&rsquo;ESB\/EST.<\/span><\/p>\n<p><span style=\"font-weight: 400;\">Le produit est emball\u00e9 dans des sacs en papier avec une couche int\u00e9rieure en poly\u00e9thyl\u00e8ne. Les sacs d&rsquo;un poids net de 20 ou 25 kg peuvent \u00eatre remplac\u00e9s par n&rsquo;importe quel emballage de gros choisi par le client.Les sacs sont plac\u00e9s sur une palette en bois et fix\u00e9s avec du film \u00e9tirable.<\/span><\/p>\n<p>La description traduite automatiquement fait foi dans la version polonaise.<\/p>\n","protected":false},"excerpt":{"rendered":"<p><strong>CAS:<\/strong> 9000-70-8<br \/>\n<strong>REACH:<\/strong> L&rsquo;enregistrement des produits alimentaires n&rsquo;est pas obligatoire.<br \/>\n<strong>OGM:<\/strong> sans OGM<br \/>\n<strong>ALLERG\u00c8NES :<\/strong> Ne contient pas d&rsquo;allerg\u00e8nes<br \/>\n<strong>ESB\/EST<\/strong> : Aucun risque d&rsquo;ESB\/EST<br \/>\n<strong>LA DUR\u00c9E DE VALIDIT\u00c9 :<\/strong> 60 mois \u00e0 compter de la date de fabrication<br \/>\n<strong>PAYS D&rsquo;ORIGINE:<\/strong> Pologne<\/p>\n","protected":false},"featured_media":16236,"template":"","meta":[],"product_brand":[],"product_cat":[239,213],"product_tag":[],"class_list":{"0":"post-1853","1":"product","2":"type-product","3":"status-publish","4":"has-post-thumbnail","6":"product_cat-aliments-et-additifs-alimentaires","7":"product_cat-matieres-premieres-chimiques","9":"first","10":"instock","11":"shipping-taxable","12":"product-type-variable"},"acf":[],"_links":{"self":[{"href":"https:\/\/glitherm.com\/fr\/wp-json\/wp\/v2\/product\/1853","targetHints":{"allow":["GET"]}}],"collection":[{"href":"https:\/\/glitherm.com\/fr\/wp-json\/wp\/v2\/product"}],"about":[{"href":"https:\/\/glitherm.com\/fr\/wp-json\/wp\/v2\/types\/product"}],"wp:featuredmedia":[{"embeddable":true,"href":"https:\/\/glitherm.com\/fr\/wp-json\/wp\/v2\/media\/16236"}],"wp:attachment":[{"href":"https:\/\/glitherm.com\/fr\/wp-json\/wp\/v2\/media?parent=1853"}],"wp:term":[{"taxonomy":"product_brand","embeddable":true,"href":"https:\/\/glitherm.com\/fr\/wp-json\/wp\/v2\/product_brand?post=1853"},{"taxonomy":"product_cat","embeddable":true,"href":"https:\/\/glitherm.com\/fr\/wp-json\/wp\/v2\/product_cat?post=1853"},{"taxonomy":"product_tag","embeddable":true,"href":"https:\/\/glitherm.com\/fr\/wp-json\/wp\/v2\/product_tag?post=1853"}],"curies":[{"name":"wp","href":"https:\/\/api.w.org\/{rel}","templated":true}]}}