{"id":1879,"date":"2023-07-20T12:42:25","date_gmt":"2023-07-20T10:42:25","guid":{"rendered":"https:\/\/glitherm.com\/produkt\/methanol-alcool-methylique-9985\/"},"modified":"2023-10-04T09:12:11","modified_gmt":"2023-10-04T07:12:11","slug":"methanol-alcool-methylique-9985","status":"publish","type":"product","link":"https:\/\/glitherm.com\/fr\/produkt\/methanol-alcool-methylique-9985\/","title":{"rendered":"M\u00e9thanol, alcool m\u00e9thylique 99,85 %"},"content":{"rendered":"<p><span style=\"font-weight: 400;\">Le m\u00e9thanol, l&rsquo;alcool m\u00e9thylique, CH3OH est un compos\u00e9 organique, c&rsquo;est le plus simple des alcools aliphatiques. Connu de la science depuis 1661, date \u00e0 laquelle Robert Boyle l&rsquo;a d\u00e9crit pour la premi\u00e8re fois, on lui attribue \u00e9galement la d\u00e9couverte de ce compos\u00e9 hautement toxique pour l&rsquo;homme. Sa consommation ou son absorption par contact avec des a\u00e9rosols ou des vapeurs peut causer de graves dommages au syst\u00e8me nerveux central, la c\u00e9cit\u00e9 et m\u00eame la mort. D\u00e9j\u00e0 une dose de seulement 8 \u00e0 10 grammes pour un humain peut entra\u00eener une c\u00e9cit\u00e9 permanente et irr\u00e9versible, et une dose de 12 \u00e0 20 grammes est consid\u00e9r\u00e9e comme mortelle.<\/span><\/p>\n<p><span style=\"font-weight: 400;\">Jusqu&rsquo;en 1923, le m\u00e9thanol n&rsquo;\u00e9tait produit que par la distillation de d\u00e9composition du bois, actuellement il est obtenu par synth\u00e8se en utilisant l&rsquo;une des deux m\u00e9thodes \u00e0 partir de gaz de synth\u00e8se : la m\u00e9thode ICI ou la m\u00e9thode Lurgi.<\/span><\/p>\n<p><span style=\"font-weight: 400;\">Le m\u00e9thanol est utilis\u00e9 dans l&rsquo;industrie principalement comme solvant organique universel, c&rsquo;est aussi un composant irrempla\u00e7able du processus d&rsquo;obtention du formald\u00e9hyde, du chlorure de m\u00e9thyle et de nombreux colorants.<\/span><\/p>\n<p><span style=\"font-weight: 400;\">De plus, il est utilis\u00e9 \u00e0 grande \u00e9chelle dans les produits pharmaceutiques, la production industrielle de plastiques, les fibres synth\u00e9tiques. De plus, il est utilis\u00e9 \u00e0 grande \u00e9chelle dans les produits pharmaceutiques, la production industrielle de plastiques, les fibres synth\u00e9tiques. \u00c9galement utilis\u00e9 dans les piles \u00e0 combustible DMFC.<\/span><\/p>\n<p><span style=\"font-weight: 400;\">Un fait int\u00e9ressant est qu&rsquo;au d\u00e9but de 2015, dans le chantier naval \u00ab\u00a0Remontowa\u00a0\u00bb \u00e0 Gda\u0144sk, pour la premi\u00e8re fois au monde, les moteurs du navire (Stena Germanica) ont \u00e9t\u00e9 adapt\u00e9s pour \u00eatre aliment\u00e9s au m\u00e9thanol.<\/span><\/p>\n","protected":false},"excerpt":{"rendered":"<p><strong>Synonymes :<\/strong> M\u00e9thanol synth\u00e9tique, Wood Spirit, M\u00e9thyl<\/p>\n<p><span style=\"font-weight: 400;\"><strong>CAS:<\/strong> 67-56-1<\/span><\/p>\n<p><span style=\"font-weight: 400;\"><strong>EC:<\/strong> 200-659-6<\/span><\/p>\n<p><span style=\"font-weight: 400;\"><strong>REACH:<\/strong> 01-2119433307-44<\/span><\/p>\n","protected":false},"featured_media":3438,"template":"","meta":[],"product_brand":[],"product_cat":[216,213],"product_tag":[],"class_list":{"0":"post-1879","1":"product","2":"type-product","3":"status-publish","4":"has-post-thumbnail","6":"product_cat-alcools","7":"product_cat-matieres-premieres-chimiques","9":"first","10":"instock","11":"shipping-taxable","12":"product-type-variable"},"acf":[],"_links":{"self":[{"href":"https:\/\/glitherm.com\/fr\/wp-json\/wp\/v2\/product\/1879","targetHints":{"allow":["GET"]}}],"collection":[{"href":"https:\/\/glitherm.com\/fr\/wp-json\/wp\/v2\/product"}],"about":[{"href":"https:\/\/glitherm.com\/fr\/wp-json\/wp\/v2\/types\/product"}],"wp:featuredmedia":[{"embeddable":true,"href":"https:\/\/glitherm.com\/fr\/wp-json\/wp\/v2\/media\/3438"}],"wp:attachment":[{"href":"https:\/\/glitherm.com\/fr\/wp-json\/wp\/v2\/media?parent=1879"}],"wp:term":[{"taxonomy":"product_brand","embeddable":true,"href":"https:\/\/glitherm.com\/fr\/wp-json\/wp\/v2\/product_brand?post=1879"},{"taxonomy":"product_cat","embeddable":true,"href":"https:\/\/glitherm.com\/fr\/wp-json\/wp\/v2\/product_cat?post=1879"},{"taxonomy":"product_tag","embeddable":true,"href":"https:\/\/glitherm.com\/fr\/wp-json\/wp\/v2\/product_tag?post=1879"}],"curies":[{"name":"wp","href":"https:\/\/api.w.org\/{rel}","templated":true}]}}